{"id":9590,"date":"2016-12-21T16:28:14","date_gmt":"2016-12-21T15:28:14","guid":{"rendered":"http:\/\/limitgamers.com\/?page_id=9590"},"modified":"2020-05-12T14:21:31","modified_gmt":"2020-05-12T12:21:31","slug":"rebajas-de-steam-2016","status":"publish","type":"page","link":"https:\/\/limitgamers.com\/index.php\/que-juego-comprar-en-navidad-sin-gastar-demasiado\/rebajas-de-steam-2016\/","title":{"rendered":"Rebajas Navide\u00f1as de Steam 2016"},"content":{"rendered":"<p>Como cada Navidad, Steam lanza sus ofertas navide\u00f1as arrasando a\u00f1o tras a\u00f1o con unos precios de infarto. Nosotros os traemos algunas de las ofertas m\u00e1s jugosas que os dejamos por orden alfab\u00e9tico y con su enlace a la p\u00e1gina del juego.<\/p>\n<p>Recordaros tambi\u00e9n, no os olvid\u00e9is de votar cada d\u00eda Los Premios de Steam y de explorar vuestra lista dos veces para conseguir hasta 3 cromos por d\u00eda para la insignia.<\/p>\n<ul>\n<li style=\"text-align: center;\"><a href=\"http:\/\/store.steampowered.com\/app\/204450\/\" target=\"_blank\" rel=\"noopener noreferrer\">Call of Juarez Gunslinder<\/a>\u00a0\u00a0\u00a0\u00a0\u00a0\u00a0\u00a0\u00a0\u00a0\u00a0\u00a0\u00a0\u00a0\u00a0\u00a0\u00a0\u00a0\u00a0\u00a0 \u00a0 \u00a0 \u00a0\u00a0 \u00a0\u00a0\u00a0 7.49\u20ac<\/li>\n<li style=\"text-align: center;\"><a href=\"http:\/\/store.steampowered.com\/app\/374320\/\" target=\"_blank\" rel=\"noopener noreferrer\">Dark Souls III<\/a>\u00a0\u00a0\u00a0\u00a0\u00a0\u00a0\u00a0\u00a0\u00a0\u00a0\u00a0\u00a0\u00a0\u00a0\u00a0\u00a0\u00a0\u00a0\u00a0\u00a0\u00a0\u00a0\u00a0\u00a0\u00a0\u00a0\u00a0\u00a0\u00a0\u00a0\u00a0\u00a0\u00a0\u00a0\u00a0\u00a0\u00a0\u00a0 \u00a0 \u00a0 \u00a0 \u00a0 \u00a0 29.99\u20ac<\/li>\n<li style=\"text-align: center;\"><a href=\"http:\/\/store.steampowered.com\/app\/238010\/?snr=1_4_4__138\" target=\"_blank\" rel=\"noopener noreferrer\">Deus Ex: Human Revolution\u00a0\u00a0\u00a0\u00a0\u00a0\u00a0<\/a>\u00a0\u00a0 \u00a0 \u00a0 \u00a0 \u00a0 \u00a0 \u00a0 \u00a0\u00a0\u00a0 4.99\u20ac<\/li>\n<li style=\"text-align: center;\"><a href=\"http:\/\/store.steampowered.com\/app\/337000\/?snr=1_7_15__13\" target=\"_blank\" rel=\"noopener noreferrer\">Deus Ex: Mankind Divided<\/a>\u00a0\u00a0\u00a0 \u00a0 \u00a0 \u00a0 \u00a0 \u00a0 \u00a0 \u00a0 \u00a0\u00a0\u00a0\u00a0\u00a0\u00a0\u00a0 16.49\u20ac<\/li>\n<li style=\"text-align: center;\"><a href=\"http:\/\/store.steampowered.com\/app\/377160\/?snr=1_7_15__13\" target=\"_blank\" rel=\"noopener noreferrer\">Fallout 4<\/a>\u00a0\u00a0\u00a0\u00a0\u00a0\u00a0\u00a0\u00a0 \u00a0 \u00a0 \u00a0 \u00a0 \u00a0 \u00a0 \u00a0 \u00a0 \u00a0 \u00a0 \u00a0 \u00a0 \u00a0 \u00a0 \u00a0 \u00a0 \u00a0 \u00a0 \u00a0 \u00a0 \u00a0 \u00a0 \u00a0 \u00a0\u00a0 19.79\u20ac<\/li>\n<li style=\"text-align: center;\"><a href=\"http:\/\/store.steampowered.com\/app\/220240\/?snr=1_7_15__13\" target=\"_blank\" rel=\"noopener noreferrer\">Far Cry 3\u00a0\u00a0\u00a0\u00a0<\/a>\u00a0\u00a0\u00a0\u00a0\u00a0\u00a0\u00a0\u00a0\u00a0\u00a0\u00a0\u00a0\u00a0\u00a0\u00a0\u00a0\u00a0\u00a0\u00a0\u00a0\u00a0\u00a0\u00a0\u00a0\u00a0\u00a0\u00a0\u00a0\u00a0\u00a0\u00a0\u00a0\u00a0\u00a0\u00a0\u00a0\u00a0\u00a0\u00a0\u00a0\u00a0 \u00a0 \u00a0 \u00a0 \u00a0 \u00a0 \u00a0\u00a0\u00a0 4.99\u20ac<\/li>\n<li style=\"text-align: center;\"><a href=\"http:\/\/store.steampowered.com\/app\/298110\/?snr=1_7_15__13\" target=\"_blank\" rel=\"noopener noreferrer\">Far Cry 4\u00a0\u00a0\u00a0\u00a0\u00a0<\/a>\u00a0\u00a0\u00a0\u00a0\u00a0\u00a0\u00a0\u00a0\u00a0\u00a0\u00a0\u00a0\u00a0\u00a0\u00a0\u00a0\u00a0\u00a0\u00a0\u00a0\u00a0\u00a0 \u00a0 \u00a0 \u00a0 \u00a0 \u00a0 \u00a0\u00a0\u00a0\u00a0\u00a0\u00a0\u00a0\u00a0\u00a0\u00a0\u00a0\u00a0\u00a0\u00a0\u00a0\u00a0\u00a0\u00a0\u00a0 14.99\u20ac<\/li>\n<li style=\"text-align: center;\"><a href=\"http:\/\/store.steampowered.com\/app\/382900\/\" target=\"_blank\" rel=\"noopener noreferrer\">Final Fantasy VI\u00a0<\/a>\u00a0\u00a0\u00a0\u00a0\u00a0\u00a0\u00a0\u00a0\u00a0 \u00a0 \u00a0 \u00a0 \u00a0 \u00a0 \u00a0 \u00a0 \u00a0 \u00a0 \u00a0 \u00a0 \u00a0 \u00a0 \u00a0 \u00a0\u00a0\u00a0\u00a0\u00a0\u00a0\u00a0\u00a0 7.24\u20ac<\/li>\n<li style=\"text-align: center;\"><a href=\"http:\/\/store.steampowered.com\/app\/377840\/\" target=\"_blank\" rel=\"noopener noreferrer\">Final Fantasy IX<\/a>\u00a0\u00a0\u00a0\u00a0\u00a0\u00a0\u00a0\u00a0\u00a0\u00a0\u00a0 \u00a0 \u00a0 \u00a0 \u00a0 \u00a0 \u00a0 \u00a0 \u00a0 \u00a0 \u00a0 \u00a0 \u00a0 \u00a0 \u00a0\u00a0\u00a0\u00a0\u00a0\u00a0\u00a0 10.49\u20ac<\/li>\n<li style=\"text-align: center;\"><a href=\"http:\/\/store.steampowered.com\/sale\/final-fantasy\/?snr=1_4_4__617\" target=\"_blank\" rel=\"noopener noreferrer\">Final Fantasy (Franquicia) descuentos del 50%\u00a0\u00a0\u00a0\u00a0 <\/a><\/li>\n<li style=\"text-align: center;\"><a href=\"http:\/\/store.steampowered.com\/app\/550\/?snr=1_4_4__617\" target=\"_blank\" rel=\"noopener noreferrer\">Left 4 Dead 2\u00a0<\/a>\u00a0\u00a0\u00a0\u00a0\u00a0\u00a0\u00a0\u00a0\u00a0\u00a0\u00a0\u00a0\u00a0\u00a0\u00a0\u00a0\u00a0\u00a0\u00a0\u00a0\u00a0\u00a0\u00a0\u00a0\u00a0\u00a0\u00a0\u00a0 \u00a0 \u00a0 \u00a0 \u00a0 \u00a0 \u00a0 \u00a0 \u00a0 \u00a0 \u00a0 \u00a0 3.99\u20ac<\/li>\n<li style=\"text-align: center;\"><a href=\"http:\/\/store.steampowered.com\/app\/224300\/?snr=1_239_1200__1214\" target=\"_blank\" rel=\"noopener noreferrer\">Legacy of Kain: Defiance\u00a0\u00a0\u00a0\u00a0\u00a0\u00a0\u00a0<\/a>\u00a0\u00a0\u00a0\u00a0\u00a0 \u00a0 \u00a0 \u00a0 \u00a0 \u00a0 \u00a0 \u00a0 \u00a0\u00a0\u00a0\u00a0 1.74\u20ac<\/li>\n<li style=\"text-align: center;\"><a href=\"http:\/\/store.steampowered.com\/sub\/44169\/?snr=1_5_9__403\" target=\"_blank\" rel=\"noopener noreferrer\">Metro Redux Bundle<\/a>\u00a0\u00a0\u00a0\u00a0\u00a0\u00a0\u00a0\u00a0\u00a0\u00a0\u00a0 \u00a0 \u00a0 \u00a0 \u00a0 \u00a0 \u00a0 \u00a0 \u00a0 \u00a0 \u00a0 \u00a0 \u00a0 \u00a0\u00a0 5.99\u20ac<\/li>\n<li style=\"text-align: center;\"><a href=\"http:\/\/store.steampowered.com\/app\/235460\/?snr=1_7_15__13\" target=\"_blank\" rel=\"noopener noreferrer\">Metal Gear Rising: Revengeance\u00a0\u00a0<\/a>\u00a0\u00a0\u00a0\u00a0\u00a0\u00a0\u00a0\u00a0\u00a0\u00a0\u00a0 \u00a0 \u00a0 4.99\u20ac<\/li>\n<li style=\"text-align: center;\"><a href=\"http:\/\/store.steampowered.com\/sub\/132479\/?snr=1_5_9__403\" target=\"_blank\" rel=\"noopener noreferrer\">Metal gear Solid V: The Definitive Experience<\/a>\u00a0 19.49\u20ac<\/li>\n<li style=\"text-align: center;\"><a href=\"http:\/\/store.steampowered.com\/app\/517710\/?snr=1_7_15__13\" target=\"_blank\" rel=\"noopener noreferrer\">Redout: Enchanced Edition<\/a>\u00a0 \u00a0 \u00a0 \u00a0 \u00a0 \u00a0 \u00a0 \u00a0 \u00a0 \u00a0 \u00a0\u00a0\u00a0\u00a0 23.99\u20ac<\/li>\n<li style=\"text-align: center;\"><a href=\"http:\/\/store.steampowered.com\/bundle\/1232\/?snr=1_5_9__403\" target=\"_blank\" rel=\"noopener noreferrer\">Resident Evil 4\/5\/6<\/a>\u00a0\u00a0\u00a0\u00a0\u00a0\u00a0\u00a0\u00a0\u00a0\u00a0\u00a0\u00a0\u00a0 \u00a0 \u00a0 \u00a0 \u00a0 \u00a0 \u00a0 \u00a0 \u00a0 \u00a0 \u00a0\u00a0\u00a0\u00a0\u00a0\u00a0\u00a0\u00a0 6.01\u20ac<\/li>\n<li style=\"text-align: center;\"><a href=\"http:\/\/store.steampowered.com\/app\/34870\/?snr=1_7_15__13\" target=\"_blank\" rel=\"noopener noreferrer\">Sniper: Ghost Warrior 2<\/a>\u00a0\u00a0 \u00a0 \u00a0 \u00a0 \u00a0 \u00a0 \u00a0 \u00a0\u00a0 \u00a0\u00a0\u00a0\u00a0\u00a0\u00a0\u00a0\u00a0\u00a0\u00a0\u00a0\u00a0\u00a0\u00a0 0.99\u20ac<\/li>\n<li style=\"text-align: center;\"><a href=\"http:\/\/store.steampowered.com\/app\/32370\/?snr=1_7_15__13\" target=\"_blank\" rel=\"noopener noreferrer\">Star Wars Knights of the Old Republic<\/a> \u00a0 \u00a0 \u00a0 2.49\u20ac<\/li>\n<li style=\"text-align: center;\"><a href=\"http:\/\/store.steampowered.com\/app\/208580\/?snr=1_7_15__13\" target=\"_blank\" rel=\"noopener noreferrer\">Star Wars Knights of the Old Republic II<\/a>\u00a0 \u00a0 2.49\u20ac<\/li>\n<li style=\"text-align: center;\"><a href=\"http:\/\/store.steampowered.com\/app\/250900\/?snr=1_7_15__13\" target=\"_blank\" rel=\"noopener noreferrer\">The Binding of Isaac: Rebirth\u00a0<\/a> \u00a0 \u00a0 \u00a0 \u00a0 \u00a0\u00a0 \u00a0\u00a0\u00a0\u00a0\u00a0\u00a0\u00a0\u00a0\u00a0\u00a0 7.49\u20ac<\/li>\n<li style=\"text-align: center;\"><a href=\"http:\/\/store.steampowered.com\/sub\/124923\/?snr=1_5_9__403\" target=\"_blank\" rel=\"noopener noreferrer\">The Witcher 3 GOTY<\/a>\u00a0\u00a0\u00a0\u00a0\u00a0\u00a0\u00a0\u00a0\u00a0\u00a0\u00a0\u00a0\u00a0 \u00a0 \u00a0 \u00a0 \u00a0 \u00a0 \u00a0 \u00a0 \u00a0\u00a0 \u00a0\u00a0\u00a0 29.99\u20ac<\/li>\n<li style=\"text-align: center;\"><a href=\"http:\/\/store.steampowered.com\/bundle\/232\/?snr=1_5_9__403\" target=\"_blank\" rel=\"noopener noreferrer\">Valve Complete Pack (19 juegos)<\/a> \u00a0\u00a0\u00a0\u00a0\u00a0\u00a0\u00a0 \u00a0\u00a0\u00a0\u00a0\u00a0 16.33\u20ac<\/li>\n<li style=\"text-align: center;\"><a href=\"http:\/\/store.steampowered.com\/app\/235540\/?snr=1_4_4__137http:\/\/store.steampowered.com\/app\/235540\/?snr=1_4_4__137\" target=\"_blank\" rel=\"noopener noreferrer\">Warhammer: End Times- Vermintide<\/a> \u00a0 \u00a0 \u00a0 \u00a0\u00a0 9.51\u20ac<\/li>\n<li style=\"text-align: center;\"><a href=\"http:\/\/store.steampowered.com\/sale\/xcom\/?snr=1_4_4__617\" target=\"_blank\" rel=\"noopener noreferrer\">Xcom (Franquicia) descuantos entre el 50% y 83%<\/a><\/li>\n<\/ul>\n<p style=\"text-align: center;\">\n","protected":false},"excerpt":{"rendered":"<p>Como cada Navidad, Steam lanza sus ofertas navide\u00f1as arrasando a\u00f1o tras a\u00f1o con unos precios de infarto. Nosotros os traemos algunas de las ofertas m\u00e1s jugosas que os dejamos por orden alfab\u00e9tico y con su enlace a la p\u00e1gina del juego. Recordaros tambi\u00e9n, no os olvid\u00e9is de votar cada d\u00eda Los Premios de Steam y de explorar vuestra lista dos veces para conseguir hasta 3 cromos por d\u00eda para la insignia. Call of Juarez Gunslinder\u00a0\u00a0\u00a0\u00a0\u00a0\u00a0\u00a0\u00a0\u00a0\u00a0\u00a0\u00a0\u00a0\u00a0\u00a0\u00a0\u00a0\u00a0\u00a0 \u00a0 \u00a0 \u00a0\u00a0 \u00a0\u00a0\u00a0 7.49\u20ac Dark Souls III\u00a0\u00a0\u00a0\u00a0\u00a0\u00a0\u00a0\u00a0\u00a0\u00a0\u00a0\u00a0\u00a0\u00a0\u00a0\u00a0\u00a0\u00a0\u00a0\u00a0\u00a0\u00a0\u00a0\u00a0\u00a0\u00a0\u00a0\u00a0\u00a0\u00a0\u00a0\u00a0\u00a0\u00a0\u00a0\u00a0\u00a0\u00a0 \u00a0 \u00a0 \u00a0 \u00a0 \u00a0 29.99\u20ac Deus Ex: Human Revolution\u00a0\u00a0\u00a0\u00a0\u00a0\u00a0\u00a0\u00a0 \u00a0 \u00a0 \u00a0 \u00a0 \u00a0 \u00a0 \u00a0\u00a0\u00a0 4.99\u20ac Deus Ex: Mankind Divided\u00a0\u00a0\u00a0 \u00a0 \u00a0 \u00a0 \u00a0 \u00a0 \u00a0 \u00a0 \u00a0\u00a0\u00a0\u00a0\u00a0\u00a0\u00a0 16.49\u20ac Fallout 4\u00a0\u00a0\u00a0\u00a0\u00a0\u00a0\u00a0\u00a0 \u00a0 \u00a0 \u00a0 \u00a0 \u00a0 \u00a0 \u00a0 \u00a0 \u00a0 \u00a0 \u00a0 \u00a0 \u00a0 \u00a0 \u00a0 \u00a0 \u00a0 \u00a0 \u00a0 \u00a0 \u00a0 \u00a0 \u00a0 \u00a0\u00a0 19.79\u20ac Far Cry 3\u00a0\u00a0\u00a0\u00a0\u00a0\u00a0\u00a0\u00a0\u00a0\u00a0\u00a0\u00a0\u00a0\u00a0\u00a0\u00a0\u00a0\u00a0\u00a0\u00a0\u00a0\u00a0\u00a0\u00a0\u00a0\u00a0\u00a0\u00a0\u00a0\u00a0\u00a0\u00a0\u00a0\u00a0\u00a0\u00a0\u00a0\u00a0\u00a0\u00a0\u00a0\u00a0\u00a0\u00a0\u00a0 \u00a0 \u00a0 \u00a0 \u00a0 \u00a0 \u00a0\u00a0\u00a0 4.99\u20ac Far Cry 4\u00a0\u00a0\u00a0\u00a0\u00a0\u00a0\u00a0\u00a0\u00a0\u00a0\u00a0\u00a0\u00a0\u00a0\u00a0\u00a0\u00a0\u00a0\u00a0\u00a0\u00a0\u00a0\u00a0\u00a0\u00a0\u00a0\u00a0 \u00a0 \u00a0 \u00a0 \u00a0 \u00a0 \u00a0\u00a0\u00a0\u00a0\u00a0\u00a0\u00a0\u00a0\u00a0\u00a0\u00a0\u00a0\u00a0\u00a0\u00a0\u00a0\u00a0\u00a0\u00a0 14.99\u20ac Final Fantasy VI\u00a0\u00a0\u00a0\u00a0\u00a0\u00a0\u00a0\u00a0\u00a0\u00a0 \u00a0 \u00a0 \u00a0 \u00a0 \u00a0 \u00a0 \u00a0 \u00a0 \u00a0 \u00a0 \u00a0 \u00a0 \u00a0 \u00a0 \u00a0\u00a0\u00a0\u00a0\u00a0\u00a0\u00a0\u00a0 7.24\u20ac Final Fantasy IX\u00a0\u00a0\u00a0\u00a0\u00a0\u00a0\u00a0\u00a0\u00a0\u00a0\u00a0 \u00a0 \u00a0 \u00a0 \u00a0 \u00a0 \u00a0 \u00a0 \u00a0 \u00a0 \u00a0 \u00a0 \u00a0 \u00a0 \u00a0\u00a0\u00a0\u00a0\u00a0\u00a0\u00a0 10.49\u20ac Final Fantasy (Franquicia) descuentos del 50%\u00a0\u00a0\u00a0\u00a0 Left 4 Dead 2\u00a0\u00a0\u00a0\u00a0\u00a0\u00a0\u00a0\u00a0\u00a0\u00a0\u00a0\u00a0\u00a0\u00a0\u00a0\u00a0\u00a0\u00a0\u00a0\u00a0\u00a0\u00a0\u00a0\u00a0\u00a0\u00a0\u00a0\u00a0\u00a0 \u00a0 \u00a0 \u00a0 \u00a0 \u00a0 \u00a0 \u00a0 \u00a0 \u00a0 \u00a0 \u00a0 3.99\u20ac Legacy of Kain: Defiance\u00a0\u00a0\u00a0\u00a0\u00a0\u00a0\u00a0\u00a0\u00a0\u00a0\u00a0\u00a0 \u00a0 \u00a0 \u00a0 \u00a0 \u00a0 \u00a0 \u00a0 \u00a0\u00a0\u00a0\u00a0 1.74\u20ac Metro Redux Bundle\u00a0\u00a0\u00a0\u00a0\u00a0\u00a0\u00a0\u00a0\u00a0\u00a0\u00a0 \u00a0 \u00a0 \u00a0 \u00a0 \u00a0 \u00a0 \u00a0 \u00a0 \u00a0 \u00a0 \u00a0 \u00a0 \u00a0\u00a0 5.99\u20ac Metal Gear Rising: Revengeance\u00a0\u00a0\u00a0\u00a0\u00a0\u00a0\u00a0\u00a0\u00a0\u00a0\u00a0\u00a0\u00a0 \u00a0 \u00a0 4.99\u20ac Metal gear Solid V: The Definitive Experience\u00a0 19.49\u20ac Redout: Enchanced Edition\u00a0 \u00a0 \u00a0 \u00a0 \u00a0 \u00a0 \u00a0 \u00a0 \u00a0 \u00a0 \u00a0\u00a0\u00a0\u00a0 23.99\u20ac Resident Evil 4\/5\/6\u00a0\u00a0\u00a0\u00a0\u00a0\u00a0\u00a0\u00a0\u00a0\u00a0\u00a0\u00a0\u00a0 \u00a0 \u00a0 \u00a0 \u00a0 \u00a0 \u00a0 \u00a0 \u00a0 \u00a0 \u00a0\u00a0\u00a0\u00a0\u00a0\u00a0\u00a0\u00a0 6.01\u20ac Sniper: Ghost Warrior 2\u00a0\u00a0 \u00a0 \u00a0 \u00a0 \u00a0 \u00a0 \u00a0 \u00a0\u00a0 \u00a0\u00a0\u00a0\u00a0\u00a0\u00a0\u00a0\u00a0\u00a0\u00a0\u00a0\u00a0\u00a0\u00a0 0.99\u20ac Star Wars Knights of the Old Republic \u00a0 \u00a0 \u00a0 2.49\u20ac Star Wars Knights of the Old Republic II\u00a0 \u00a0 2.49\u20ac The Binding of Isaac: Rebirth\u00a0 \u00a0 \u00a0 \u00a0 \u00a0 \u00a0\u00a0 \u00a0\u00a0\u00a0\u00a0\u00a0\u00a0\u00a0\u00a0\u00a0\u00a0 7.49\u20ac The Witcher 3 GOTY\u00a0\u00a0\u00a0\u00a0\u00a0\u00a0\u00a0\u00a0\u00a0\u00a0\u00a0\u00a0\u00a0 \u00a0 \u00a0 \u00a0 \u00a0 \u00a0 \u00a0 \u00a0 \u00a0\u00a0 \u00a0\u00a0\u00a0 29.99\u20ac Valve Complete Pack (19 juegos) \u00a0\u00a0\u00a0\u00a0\u00a0\u00a0\u00a0 \u00a0\u00a0\u00a0\u00a0\u00a0 16.33\u20ac Warhammer: End Times- Vermintide \u00a0 \u00a0 \u00a0 \u00a0\u00a0 9.51\u20ac Xcom (Franquicia) descuantos entre el 50% y 83%<\/p>\n","protected":false},"author":7,"featured_media":9659,"parent":9504,"menu_order":0,"comment_status":"closed","ping_status":"closed","template":"","meta":{"footnotes":""},"tags":[2761,811,374],"gp_hubs":[36,65],"fecha-lanzamiento":[],"genero":[],"recomendacion-edad":[],"compania":[],"publicado":[],"class_list":{"0":"post-9590","1":"page","2":"type-page","3":"status-publish","4":"has-post-thumbnail","6":"tag-compras","7":"tag-navidad","8":"tag-steam","9":"gp_hubs-hub-pc","10":"gp_hubs-hub-plataformas"},"yoast_head":"<!-- This site is optimized with the Yoast SEO plugin v26.8 - https:\/\/yoast.com\/product\/yoast-seo-wordpress\/ -->\n<title>Rebajas Navide\u00f1as de Steam 2016. Ofertas destacadas.<\/title>\n<meta name=\"description\" content=\"Destacamos juegos que os recomendamos en oferta en estas rebajas navide\u00f1as de Steam.\" \/>\n<meta name=\"robots\" content=\"index, follow, max-snippet:-1, max-image-preview:large, max-video-preview:-1\" \/>\n<link rel=\"canonical\" href=\"https:\/\/limitgamers.com\/index.php\/que-juego-comprar-en-navidad-sin-gastar-demasiado\/rebajas-de-steam-2016\/\" \/>\n<meta property=\"og:locale\" content=\"es_ES\" \/>\n<meta property=\"og:type\" content=\"article\" \/>\n<meta property=\"og:title\" content=\"Rebajas Navide\u00f1as de Steam 2016. Ofertas destacadas.\" \/>\n<meta property=\"og:description\" content=\"Destacamos juegos que os recomendamos en oferta en estas rebajas navide\u00f1as de Steam.\" \/>\n<meta property=\"og:url\" content=\"https:\/\/limitgamers.com\/index.php\/que-juego-comprar-en-navidad-sin-gastar-demasiado\/rebajas-de-steam-2016\/\" \/>\n<meta property=\"og:site_name\" content=\"LIMIT GAMERS\" \/>\n<meta property=\"article:publisher\" content=\"https:\/\/www.facebook.com\/limitgamers\/\" \/>\n<meta property=\"article:modified_time\" content=\"2020-05-12T12:21:31+00:00\" \/>\n<meta property=\"og:image\" content=\"https:\/\/limitgamers.com\/wp-content\/uploads\/2016\/12\/clic_298790.jpg\" \/>\n\t<meta property=\"og:image:width\" content=\"1109\" \/>\n\t<meta property=\"og:image:height\" content=\"605\" \/>\n\t<meta property=\"og:image:type\" content=\"image\/jpeg\" \/>\n<meta name=\"twitter:card\" content=\"summary_large_image\" \/>\n<meta name=\"twitter:site\" content=\"@limit_gamers\" \/>\n<meta name=\"twitter:label1\" content=\"Tiempo de lectura\" \/>\n\t<meta name=\"twitter:data1\" content=\"1 minuto\" \/>\n<script type=\"application\/ld+json\" class=\"yoast-schema-graph\">{\"@context\":\"https:\/\/schema.org\",\"@graph\":[{\"@type\":\"WebPage\",\"@id\":\"https:\/\/limitgamers.com\/index.php\/que-juego-comprar-en-navidad-sin-gastar-demasiado\/rebajas-de-steam-2016\/\",\"url\":\"https:\/\/limitgamers.com\/index.php\/que-juego-comprar-en-navidad-sin-gastar-demasiado\/rebajas-de-steam-2016\/\",\"name\":\"Rebajas Navide\u00f1as de Steam 2016. Ofertas destacadas.\",\"isPartOf\":{\"@id\":\"https:\/\/limitgamers.com\/#website\"},\"primaryImageOfPage\":{\"@id\":\"https:\/\/limitgamers.com\/index.php\/que-juego-comprar-en-navidad-sin-gastar-demasiado\/rebajas-de-steam-2016\/#primaryimage\"},\"image\":{\"@id\":\"https:\/\/limitgamers.com\/index.php\/que-juego-comprar-en-navidad-sin-gastar-demasiado\/rebajas-de-steam-2016\/#primaryimage\"},\"thumbnailUrl\":\"https:\/\/limitgamers.com\/wp-content\/uploads\/2016\/12\/clic_298790.jpg\",\"datePublished\":\"2016-12-21T15:28:14+00:00\",\"dateModified\":\"2020-05-12T12:21:31+00:00\",\"description\":\"Destacamos juegos que os recomendamos en oferta en estas rebajas navide\u00f1as de Steam.\",\"breadcrumb\":{\"@id\":\"https:\/\/limitgamers.com\/index.php\/que-juego-comprar-en-navidad-sin-gastar-demasiado\/rebajas-de-steam-2016\/#breadcrumb\"},\"inLanguage\":\"es\",\"potentialAction\":[{\"@type\":\"ReadAction\",\"target\":[\"https:\/\/limitgamers.com\/index.php\/que-juego-comprar-en-navidad-sin-gastar-demasiado\/rebajas-de-steam-2016\/\"]}]},{\"@type\":\"ImageObject\",\"inLanguage\":\"es\",\"@id\":\"https:\/\/limitgamers.com\/index.php\/que-juego-comprar-en-navidad-sin-gastar-demasiado\/rebajas-de-steam-2016\/#primaryimage\",\"url\":\"https:\/\/limitgamers.com\/wp-content\/uploads\/2016\/12\/clic_298790.jpg\",\"contentUrl\":\"https:\/\/limitgamers.com\/wp-content\/uploads\/2016\/12\/clic_298790.jpg\",\"width\":1109,\"height\":605},{\"@type\":\"BreadcrumbList\",\"@id\":\"https:\/\/limitgamers.com\/index.php\/que-juego-comprar-en-navidad-sin-gastar-demasiado\/rebajas-de-steam-2016\/#breadcrumb\",\"itemListElement\":[{\"@type\":\"ListItem\",\"position\":1,\"name\":\"Portada\",\"item\":\"https:\/\/limitgamers.com\/\"},{\"@type\":\"ListItem\",\"position\":2,\"name\":\"\u00bfQue juego comprar en Navidad?\",\"item\":\"https:\/\/limitgamers.com\/index.php\/que-juego-comprar-en-navidad-sin-gastar-demasiado\/\"},{\"@type\":\"ListItem\",\"position\":3,\"name\":\"Rebajas Navide\u00f1as de Steam 2016\"}]},{\"@type\":\"WebSite\",\"@id\":\"https:\/\/limitgamers.com\/#website\",\"url\":\"https:\/\/limitgamers.com\/\",\"name\":\"LIMIT GAMERS\",\"description\":\"Bienvenido Gamers!\",\"publisher\":{\"@id\":\"https:\/\/limitgamers.com\/#organization\"},\"potentialAction\":[{\"@type\":\"SearchAction\",\"target\":{\"@type\":\"EntryPoint\",\"urlTemplate\":\"https:\/\/limitgamers.com\/?s={search_term_string}\"},\"query-input\":{\"@type\":\"PropertyValueSpecification\",\"valueRequired\":true,\"valueName\":\"search_term_string\"}}],\"inLanguage\":\"es\"},{\"@type\":\"Organization\",\"@id\":\"https:\/\/limitgamers.com\/#organization\",\"name\":\"Limit Gamers\",\"url\":\"https:\/\/limitgamers.com\/\",\"logo\":{\"@type\":\"ImageObject\",\"inLanguage\":\"es\",\"@id\":\"https:\/\/limitgamers.com\/#\/schema\/logo\/image\/\",\"url\":\"https:\/\/limitgamers.com\/wp-content\/uploads\/2016\/02\/limitgamers.jpg\",\"contentUrl\":\"https:\/\/limitgamers.com\/wp-content\/uploads\/2016\/02\/limitgamers.jpg\",\"width\":1712,\"height\":145,\"caption\":\"Limit Gamers\"},\"image\":{\"@id\":\"https:\/\/limitgamers.com\/#\/schema\/logo\/image\/\"},\"sameAs\":[\"https:\/\/www.facebook.com\/limitgamers\/\",\"https:\/\/x.com\/limit_gamers\",\"https:\/\/www.instagram.com\/limit_gamers\/\",\"http:\/\/www.youtube.com\/c\/Limitgamers\"]}]}<\/script>\n<!-- \/ Yoast SEO plugin. -->","yoast_head_json":{"title":"Rebajas Navide\u00f1as de Steam 2016. Ofertas destacadas.","description":"Destacamos juegos que os recomendamos en oferta en estas rebajas navide\u00f1as de Steam.","robots":{"index":"index","follow":"follow","max-snippet":"max-snippet:-1","max-image-preview":"max-image-preview:large","max-video-preview":"max-video-preview:-1"},"canonical":"https:\/\/limitgamers.com\/index.php\/que-juego-comprar-en-navidad-sin-gastar-demasiado\/rebajas-de-steam-2016\/","og_locale":"es_ES","og_type":"article","og_title":"Rebajas Navide\u00f1as de Steam 2016. Ofertas destacadas.","og_description":"Destacamos juegos que os recomendamos en oferta en estas rebajas navide\u00f1as de Steam.","og_url":"https:\/\/limitgamers.com\/index.php\/que-juego-comprar-en-navidad-sin-gastar-demasiado\/rebajas-de-steam-2016\/","og_site_name":"LIMIT GAMERS","article_publisher":"https:\/\/www.facebook.com\/limitgamers\/","article_modified_time":"2020-05-12T12:21:31+00:00","og_image":[{"width":1109,"height":605,"url":"https:\/\/limitgamers.com\/wp-content\/uploads\/2016\/12\/clic_298790.jpg","type":"image\/jpeg"}],"twitter_card":"summary_large_image","twitter_site":"@limit_gamers","twitter_misc":{"Tiempo de lectura":"1 minuto"},"schema":{"@context":"https:\/\/schema.org","@graph":[{"@type":"WebPage","@id":"https:\/\/limitgamers.com\/index.php\/que-juego-comprar-en-navidad-sin-gastar-demasiado\/rebajas-de-steam-2016\/","url":"https:\/\/limitgamers.com\/index.php\/que-juego-comprar-en-navidad-sin-gastar-demasiado\/rebajas-de-steam-2016\/","name":"Rebajas Navide\u00f1as de Steam 2016. Ofertas destacadas.","isPartOf":{"@id":"https:\/\/limitgamers.com\/#website"},"primaryImageOfPage":{"@id":"https:\/\/limitgamers.com\/index.php\/que-juego-comprar-en-navidad-sin-gastar-demasiado\/rebajas-de-steam-2016\/#primaryimage"},"image":{"@id":"https:\/\/limitgamers.com\/index.php\/que-juego-comprar-en-navidad-sin-gastar-demasiado\/rebajas-de-steam-2016\/#primaryimage"},"thumbnailUrl":"https:\/\/limitgamers.com\/wp-content\/uploads\/2016\/12\/clic_298790.jpg","datePublished":"2016-12-21T15:28:14+00:00","dateModified":"2020-05-12T12:21:31+00:00","description":"Destacamos juegos que os recomendamos en oferta en estas rebajas navide\u00f1as de Steam.","breadcrumb":{"@id":"https:\/\/limitgamers.com\/index.php\/que-juego-comprar-en-navidad-sin-gastar-demasiado\/rebajas-de-steam-2016\/#breadcrumb"},"inLanguage":"es","potentialAction":[{"@type":"ReadAction","target":["https:\/\/limitgamers.com\/index.php\/que-juego-comprar-en-navidad-sin-gastar-demasiado\/rebajas-de-steam-2016\/"]}]},{"@type":"ImageObject","inLanguage":"es","@id":"https:\/\/limitgamers.com\/index.php\/que-juego-comprar-en-navidad-sin-gastar-demasiado\/rebajas-de-steam-2016\/#primaryimage","url":"https:\/\/limitgamers.com\/wp-content\/uploads\/2016\/12\/clic_298790.jpg","contentUrl":"https:\/\/limitgamers.com\/wp-content\/uploads\/2016\/12\/clic_298790.jpg","width":1109,"height":605},{"@type":"BreadcrumbList","@id":"https:\/\/limitgamers.com\/index.php\/que-juego-comprar-en-navidad-sin-gastar-demasiado\/rebajas-de-steam-2016\/#breadcrumb","itemListElement":[{"@type":"ListItem","position":1,"name":"Portada","item":"https:\/\/limitgamers.com\/"},{"@type":"ListItem","position":2,"name":"\u00bfQue juego comprar en Navidad?","item":"https:\/\/limitgamers.com\/index.php\/que-juego-comprar-en-navidad-sin-gastar-demasiado\/"},{"@type":"ListItem","position":3,"name":"Rebajas Navide\u00f1as de Steam 2016"}]},{"@type":"WebSite","@id":"https:\/\/limitgamers.com\/#website","url":"https:\/\/limitgamers.com\/","name":"LIMIT GAMERS","description":"Bienvenido Gamers!","publisher":{"@id":"https:\/\/limitgamers.com\/#organization"},"potentialAction":[{"@type":"SearchAction","target":{"@type":"EntryPoint","urlTemplate":"https:\/\/limitgamers.com\/?s={search_term_string}"},"query-input":{"@type":"PropertyValueSpecification","valueRequired":true,"valueName":"search_term_string"}}],"inLanguage":"es"},{"@type":"Organization","@id":"https:\/\/limitgamers.com\/#organization","name":"Limit Gamers","url":"https:\/\/limitgamers.com\/","logo":{"@type":"ImageObject","inLanguage":"es","@id":"https:\/\/limitgamers.com\/#\/schema\/logo\/image\/","url":"https:\/\/limitgamers.com\/wp-content\/uploads\/2016\/02\/limitgamers.jpg","contentUrl":"https:\/\/limitgamers.com\/wp-content\/uploads\/2016\/02\/limitgamers.jpg","width":1712,"height":145,"caption":"Limit Gamers"},"image":{"@id":"https:\/\/limitgamers.com\/#\/schema\/logo\/image\/"},"sameAs":["https:\/\/www.facebook.com\/limitgamers\/","https:\/\/x.com\/limit_gamers","https:\/\/www.instagram.com\/limit_gamers\/","http:\/\/www.youtube.com\/c\/Limitgamers"]}]}},"_links":{"self":[{"href":"https:\/\/limitgamers.com\/index.php\/wp-json\/wp\/v2\/pages\/9590","targetHints":{"allow":["GET"]}}],"collection":[{"href":"https:\/\/limitgamers.com\/index.php\/wp-json\/wp\/v2\/pages"}],"about":[{"href":"https:\/\/limitgamers.com\/index.php\/wp-json\/wp\/v2\/types\/page"}],"author":[{"embeddable":true,"href":"https:\/\/limitgamers.com\/index.php\/wp-json\/wp\/v2\/users\/7"}],"replies":[{"embeddable":true,"href":"https:\/\/limitgamers.com\/index.php\/wp-json\/wp\/v2\/comments?post=9590"}],"version-history":[{"count":0,"href":"https:\/\/limitgamers.com\/index.php\/wp-json\/wp\/v2\/pages\/9590\/revisions"}],"up":[{"embeddable":true,"href":"https:\/\/limitgamers.com\/index.php\/wp-json\/wp\/v2\/pages\/9504"}],"wp:featuredmedia":[{"embeddable":true,"href":"https:\/\/limitgamers.com\/index.php\/wp-json\/wp\/v2\/media\/9659"}],"wp:attachment":[{"href":"https:\/\/limitgamers.com\/index.php\/wp-json\/wp\/v2\/media?parent=9590"}],"wp:term":[{"taxonomy":"post_tag","embeddable":true,"href":"https:\/\/limitgamers.com\/index.php\/wp-json\/wp\/v2\/tags?post=9590"},{"taxonomy":"gp_hubs","embeddable":true,"href":"https:\/\/limitgamers.com\/index.php\/wp-json\/wp\/v2\/gp_hubs?post=9590"},{"taxonomy":"fecha-lanzamiento","embeddable":true,"href":"https:\/\/limitgamers.com\/index.php\/wp-json\/wp\/v2\/fecha-lanzamiento?post=9590"},{"taxonomy":"genero","embeddable":true,"href":"https:\/\/limitgamers.com\/index.php\/wp-json\/wp\/v2\/genero?post=9590"},{"taxonomy":"recomendacion-edad","embeddable":true,"href":"https:\/\/limitgamers.com\/index.php\/wp-json\/wp\/v2\/recomendacion-edad?post=9590"},{"taxonomy":"compania","embeddable":true,"href":"https:\/\/limitgamers.com\/index.php\/wp-json\/wp\/v2\/compania?post=9590"},{"taxonomy":"publicado","embeddable":true,"href":"https:\/\/limitgamers.com\/index.php\/wp-json\/wp\/v2\/publicado?post=9590"}],"curies":[{"name":"wp","href":"https:\/\/api.w.org\/{rel}","templated":true}]}}