{"id":9504,"date":"2016-12-10T16:55:55","date_gmt":"2016-12-10T15:55:55","guid":{"rendered":"http:\/\/limitgamers.com\/?page_id=9504"},"modified":"2020-04-09T15:38:46","modified_gmt":"2020-04-09T13:38:46","slug":"que-juego-comprar-en-navidad-sin-gastar-demasiado","status":"publish","type":"page","link":"https:\/\/limitgamers.com\/index.php\/que-juego-comprar-en-navidad-sin-gastar-demasiado\/","title":{"rendered":"\u00bfQue juego comprar en Navidad?"},"content":{"rendered":"<p>Se acercan las navidades y muchos querr\u00e9is regalarle alg\u00fan juego a alguien o haceros un autoregalo. Pues nosotros queremos ayudaros d\u00e1ndoos una lista clasificada por plataformas con los precios actualmente de juegos que os recomendamos, recordad que se acercan las rebajas de navidad de Steam al igual que otras plataformas y puede que el juego que quer\u00e9is se ponga en oferta. Iremos ampliando las listas seg\u00fan vayamos encontrando\u00a0 ofertas.<\/p>\n<h3 style=\"text-align: center;\"><a href=\"http:\/\/limitgamers.com\/index.php\/que-juego-comprar-en-navidad-sin-gastar-demasiado\/juegos-multiplataforma\/\" target=\"_blank\" rel=\"noopener noreferrer\"><span style=\"font-family: impact,sans-serif;\">JUEGOS MULTIPLATAFORMA<\/span><\/a><\/h3>\n<h3 style=\"text-align: center;\"><a href=\"http:\/\/limitgamers.com\/index.php\/que-juego-comprar-en-navidad-sin-gastar-demasiado\/juegos-de-xboxwindows-10\/\" target=\"_blank\" rel=\"noopener noreferrer\"><span style=\"font-family: impact,sans-serif;\">JUEGOS DE XBOX\/WINDOWS 10<\/span><\/a><\/h3>\n<h3 style=\"text-align: center;\"><a href=\"http:\/\/limitgamers.com\/index.php\/que-juego-comprar-en-navidad-sin-gastar-demasiado\/juegos-de-nintendo\/\" target=\"_blank\" rel=\"noopener noreferrer\"><span style=\"font-family: impact,sans-serif;\">JUEGOS DE NINTENDO<\/span><\/a><\/h3>\n<h3 style=\"text-align: center;\"><a href=\"http:\/\/limitgamers.com\/index.php\/que-juego-comprar-en-navidad-sin-gastar-demasiado\/juegos-de-playstation\/\" target=\"_blank\" rel=\"noopener noreferrer\"><span style=\"font-family: impact,sans-serif;\">JUEGOS DE PLAYSTATION<\/span><\/a><\/h3>\n","protected":false},"excerpt":{"rendered":"<p>Se acercan las navidades y muchos querr\u00e9is regalarle alg\u00fan juego a alguien o haceros un autoregalo. Pues nosotros queremos ayudaros d\u00e1ndoos una lista clasificada por plataformas con los precios actualmente de juegos que os recomendamos, recordad que se acercan las rebajas de navidad de Steam al igual que otras plataformas y puede que el juego que quer\u00e9is se ponga en oferta. Iremos ampliando las listas seg\u00fan vayamos encontrando\u00a0 ofertas. JUEGOS MULTIPLATAFORMA JUEGOS DE XBOX\/WINDOWS 10 JUEGOS DE NINTENDO JUEGOS DE PLAYSTATION<\/p>\n","protected":false},"author":7,"featured_media":9553,"parent":0,"menu_order":0,"comment_status":"open","ping_status":"closed","template":"hub-template.php","meta":{"footnotes":""},"tags":[436,811,133,254,108,109,247,246,164,132],"gp_hubs":[116,36,65,38,51,39,85,659,47,48,49],"fecha-lanzamiento":[],"genero":[],"recomendacion-edad":[],"compania":[],"publicado":[],"class_list":{"0":"post-9504","1":"page","2":"type-page","3":"status-publish","4":"has-post-thumbnail","6":"tag-3ds","7":"tag-navidad","8":"tag-pc","9":"tag-ps-vita","10":"tag-ps3","11":"tag-ps4","12":"tag-wii","13":"tag-wii-u","14":"tag-xbox-360","15":"tag-xbox-one","16":"gp_hubs-3ds","17":"gp_hubs-hub-pc","18":"gp_hubs-hub-plataformas","19":"gp_hubs-hub-ps3","20":"gp_hubs-ps-vita","21":"gp_hubs-hub-ps4","22":"gp_hubs-retro","23":"gp_hubs-visible","24":"gp_hubs-hub-wii","25":"gp_hubs-hub-xbox-360","26":"gp_hubs-hub-xbox-one"},"yoast_head":"<!-- This site is optimized with the Yoast SEO plugin v26.8 - https:\/\/yoast.com\/product\/yoast-seo-wordpress\/ -->\n<title>\u00bfQue juego comprar en cada plataforma? Precios<\/title>\n<meta name=\"description\" content=\"Listado de juegos divididos por diversas plataformas con sus precios tanto digitales como f\u00edsicos y enlaces de compra.\" \/>\n<meta name=\"robots\" content=\"index, follow, max-snippet:-1, max-image-preview:large, max-video-preview:-1\" \/>\n<link rel=\"canonical\" href=\"https:\/\/limitgamers.com\/index.php\/que-juego-comprar-en-navidad-sin-gastar-demasiado\/\" \/>\n<meta property=\"og:locale\" content=\"es_ES\" \/>\n<meta property=\"og:type\" content=\"article\" \/>\n<meta property=\"og:title\" content=\"\u00bfQue juego comprar en cada plataforma? Precios\" \/>\n<meta property=\"og:description\" content=\"Listado de juegos divididos por diversas plataformas con sus precios tanto digitales como f\u00edsicos y enlaces de compra.\" \/>\n<meta property=\"og:url\" content=\"https:\/\/limitgamers.com\/index.php\/que-juego-comprar-en-navidad-sin-gastar-demasiado\/\" \/>\n<meta property=\"og:site_name\" content=\"LIMIT GAMERS\" \/>\n<meta property=\"article:publisher\" content=\"https:\/\/www.facebook.com\/limitgamers\/\" \/>\n<meta property=\"article:modified_time\" content=\"2020-04-09T13:38:46+00:00\" \/>\n<meta property=\"og:image\" content=\"https:\/\/limitgamers.com\/wp-content\/uploads\/2016\/12\/Shutupandtakemygil.png\" \/>\n\t<meta property=\"og:image:width\" content=\"900\" \/>\n\t<meta property=\"og:image:height\" content=\"505\" \/>\n\t<meta property=\"og:image:type\" content=\"image\/png\" \/>\n<meta name=\"twitter:card\" content=\"summary_large_image\" \/>\n<meta name=\"twitter:site\" content=\"@limit_gamers\" \/>\n<script type=\"application\/ld+json\" class=\"yoast-schema-graph\">{\"@context\":\"https:\/\/schema.org\",\"@graph\":[{\"@type\":\"WebPage\",\"@id\":\"https:\/\/limitgamers.com\/index.php\/que-juego-comprar-en-navidad-sin-gastar-demasiado\/\",\"url\":\"https:\/\/limitgamers.com\/index.php\/que-juego-comprar-en-navidad-sin-gastar-demasiado\/\",\"name\":\"\u00bfQue juego comprar en cada plataforma? Precios\",\"isPartOf\":{\"@id\":\"https:\/\/limitgamers.com\/#website\"},\"primaryImageOfPage\":{\"@id\":\"https:\/\/limitgamers.com\/index.php\/que-juego-comprar-en-navidad-sin-gastar-demasiado\/#primaryimage\"},\"image\":{\"@id\":\"https:\/\/limitgamers.com\/index.php\/que-juego-comprar-en-navidad-sin-gastar-demasiado\/#primaryimage\"},\"thumbnailUrl\":\"https:\/\/limitgamers.com\/wp-content\/uploads\/2016\/12\/Shutupandtakemygil.png\",\"datePublished\":\"2016-12-10T15:55:55+00:00\",\"dateModified\":\"2020-04-09T13:38:46+00:00\",\"description\":\"Listado de juegos divididos por diversas plataformas con sus precios tanto digitales como f\u00edsicos y enlaces de compra.\",\"breadcrumb\":{\"@id\":\"https:\/\/limitgamers.com\/index.php\/que-juego-comprar-en-navidad-sin-gastar-demasiado\/#breadcrumb\"},\"inLanguage\":\"es\",\"potentialAction\":[{\"@type\":\"ReadAction\",\"target\":[\"https:\/\/limitgamers.com\/index.php\/que-juego-comprar-en-navidad-sin-gastar-demasiado\/\"]}]},{\"@type\":\"ImageObject\",\"inLanguage\":\"es\",\"@id\":\"https:\/\/limitgamers.com\/index.php\/que-juego-comprar-en-navidad-sin-gastar-demasiado\/#primaryimage\",\"url\":\"https:\/\/limitgamers.com\/wp-content\/uploads\/2016\/12\/Shutupandtakemygil.png\",\"contentUrl\":\"https:\/\/limitgamers.com\/wp-content\/uploads\/2016\/12\/Shutupandtakemygil.png\",\"width\":900,\"height\":505},{\"@type\":\"BreadcrumbList\",\"@id\":\"https:\/\/limitgamers.com\/index.php\/que-juego-comprar-en-navidad-sin-gastar-demasiado\/#breadcrumb\",\"itemListElement\":[{\"@type\":\"ListItem\",\"position\":1,\"name\":\"Portada\",\"item\":\"https:\/\/limitgamers.com\/\"},{\"@type\":\"ListItem\",\"position\":2,\"name\":\"\u00bfQue juego comprar en Navidad?\"}]},{\"@type\":\"WebSite\",\"@id\":\"https:\/\/limitgamers.com\/#website\",\"url\":\"https:\/\/limitgamers.com\/\",\"name\":\"LIMIT GAMERS\",\"description\":\"Bienvenido Gamers!\",\"publisher\":{\"@id\":\"https:\/\/limitgamers.com\/#organization\"},\"potentialAction\":[{\"@type\":\"SearchAction\",\"target\":{\"@type\":\"EntryPoint\",\"urlTemplate\":\"https:\/\/limitgamers.com\/?s={search_term_string}\"},\"query-input\":{\"@type\":\"PropertyValueSpecification\",\"valueRequired\":true,\"valueName\":\"search_term_string\"}}],\"inLanguage\":\"es\"},{\"@type\":\"Organization\",\"@id\":\"https:\/\/limitgamers.com\/#organization\",\"name\":\"Limit Gamers\",\"url\":\"https:\/\/limitgamers.com\/\",\"logo\":{\"@type\":\"ImageObject\",\"inLanguage\":\"es\",\"@id\":\"https:\/\/limitgamers.com\/#\/schema\/logo\/image\/\",\"url\":\"https:\/\/limitgamers.com\/wp-content\/uploads\/2016\/02\/limitgamers.jpg\",\"contentUrl\":\"https:\/\/limitgamers.com\/wp-content\/uploads\/2016\/02\/limitgamers.jpg\",\"width\":1712,\"height\":145,\"caption\":\"Limit Gamers\"},\"image\":{\"@id\":\"https:\/\/limitgamers.com\/#\/schema\/logo\/image\/\"},\"sameAs\":[\"https:\/\/www.facebook.com\/limitgamers\/\",\"https:\/\/x.com\/limit_gamers\",\"https:\/\/www.instagram.com\/limit_gamers\/\",\"http:\/\/www.youtube.com\/c\/Limitgamers\"]}]}<\/script>\n<!-- \/ Yoast SEO plugin. -->","yoast_head_json":{"title":"\u00bfQue juego comprar en cada plataforma? Precios","description":"Listado de juegos divididos por diversas plataformas con sus precios tanto digitales como f\u00edsicos y enlaces de compra.","robots":{"index":"index","follow":"follow","max-snippet":"max-snippet:-1","max-image-preview":"max-image-preview:large","max-video-preview":"max-video-preview:-1"},"canonical":"https:\/\/limitgamers.com\/index.php\/que-juego-comprar-en-navidad-sin-gastar-demasiado\/","og_locale":"es_ES","og_type":"article","og_title":"\u00bfQue juego comprar en cada plataforma? Precios","og_description":"Listado de juegos divididos por diversas plataformas con sus precios tanto digitales como f\u00edsicos y enlaces de compra.","og_url":"https:\/\/limitgamers.com\/index.php\/que-juego-comprar-en-navidad-sin-gastar-demasiado\/","og_site_name":"LIMIT GAMERS","article_publisher":"https:\/\/www.facebook.com\/limitgamers\/","article_modified_time":"2020-04-09T13:38:46+00:00","og_image":[{"width":900,"height":505,"url":"https:\/\/limitgamers.com\/wp-content\/uploads\/2016\/12\/Shutupandtakemygil.png","type":"image\/png"}],"twitter_card":"summary_large_image","twitter_site":"@limit_gamers","schema":{"@context":"https:\/\/schema.org","@graph":[{"@type":"WebPage","@id":"https:\/\/limitgamers.com\/index.php\/que-juego-comprar-en-navidad-sin-gastar-demasiado\/","url":"https:\/\/limitgamers.com\/index.php\/que-juego-comprar-en-navidad-sin-gastar-demasiado\/","name":"\u00bfQue juego comprar en cada plataforma? Precios","isPartOf":{"@id":"https:\/\/limitgamers.com\/#website"},"primaryImageOfPage":{"@id":"https:\/\/limitgamers.com\/index.php\/que-juego-comprar-en-navidad-sin-gastar-demasiado\/#primaryimage"},"image":{"@id":"https:\/\/limitgamers.com\/index.php\/que-juego-comprar-en-navidad-sin-gastar-demasiado\/#primaryimage"},"thumbnailUrl":"https:\/\/limitgamers.com\/wp-content\/uploads\/2016\/12\/Shutupandtakemygil.png","datePublished":"2016-12-10T15:55:55+00:00","dateModified":"2020-04-09T13:38:46+00:00","description":"Listado de juegos divididos por diversas plataformas con sus precios tanto digitales como f\u00edsicos y enlaces de compra.","breadcrumb":{"@id":"https:\/\/limitgamers.com\/index.php\/que-juego-comprar-en-navidad-sin-gastar-demasiado\/#breadcrumb"},"inLanguage":"es","potentialAction":[{"@type":"ReadAction","target":["https:\/\/limitgamers.com\/index.php\/que-juego-comprar-en-navidad-sin-gastar-demasiado\/"]}]},{"@type":"ImageObject","inLanguage":"es","@id":"https:\/\/limitgamers.com\/index.php\/que-juego-comprar-en-navidad-sin-gastar-demasiado\/#primaryimage","url":"https:\/\/limitgamers.com\/wp-content\/uploads\/2016\/12\/Shutupandtakemygil.png","contentUrl":"https:\/\/limitgamers.com\/wp-content\/uploads\/2016\/12\/Shutupandtakemygil.png","width":900,"height":505},{"@type":"BreadcrumbList","@id":"https:\/\/limitgamers.com\/index.php\/que-juego-comprar-en-navidad-sin-gastar-demasiado\/#breadcrumb","itemListElement":[{"@type":"ListItem","position":1,"name":"Portada","item":"https:\/\/limitgamers.com\/"},{"@type":"ListItem","position":2,"name":"\u00bfQue juego comprar en Navidad?"}]},{"@type":"WebSite","@id":"https:\/\/limitgamers.com\/#website","url":"https:\/\/limitgamers.com\/","name":"LIMIT GAMERS","description":"Bienvenido Gamers!","publisher":{"@id":"https:\/\/limitgamers.com\/#organization"},"potentialAction":[{"@type":"SearchAction","target":{"@type":"EntryPoint","urlTemplate":"https:\/\/limitgamers.com\/?s={search_term_string}"},"query-input":{"@type":"PropertyValueSpecification","valueRequired":true,"valueName":"search_term_string"}}],"inLanguage":"es"},{"@type":"Organization","@id":"https:\/\/limitgamers.com\/#organization","name":"Limit Gamers","url":"https:\/\/limitgamers.com\/","logo":{"@type":"ImageObject","inLanguage":"es","@id":"https:\/\/limitgamers.com\/#\/schema\/logo\/image\/","url":"https:\/\/limitgamers.com\/wp-content\/uploads\/2016\/02\/limitgamers.jpg","contentUrl":"https:\/\/limitgamers.com\/wp-content\/uploads\/2016\/02\/limitgamers.jpg","width":1712,"height":145,"caption":"Limit Gamers"},"image":{"@id":"https:\/\/limitgamers.com\/#\/schema\/logo\/image\/"},"sameAs":["https:\/\/www.facebook.com\/limitgamers\/","https:\/\/x.com\/limit_gamers","https:\/\/www.instagram.com\/limit_gamers\/","http:\/\/www.youtube.com\/c\/Limitgamers"]}]}},"_links":{"self":[{"href":"https:\/\/limitgamers.com\/index.php\/wp-json\/wp\/v2\/pages\/9504","targetHints":{"allow":["GET"]}}],"collection":[{"href":"https:\/\/limitgamers.com\/index.php\/wp-json\/wp\/v2\/pages"}],"about":[{"href":"https:\/\/limitgamers.com\/index.php\/wp-json\/wp\/v2\/types\/page"}],"author":[{"embeddable":true,"href":"https:\/\/limitgamers.com\/index.php\/wp-json\/wp\/v2\/users\/7"}],"replies":[{"embeddable":true,"href":"https:\/\/limitgamers.com\/index.php\/wp-json\/wp\/v2\/comments?post=9504"}],"version-history":[{"count":0,"href":"https:\/\/limitgamers.com\/index.php\/wp-json\/wp\/v2\/pages\/9504\/revisions"}],"wp:featuredmedia":[{"embeddable":true,"href":"https:\/\/limitgamers.com\/index.php\/wp-json\/wp\/v2\/media\/9553"}],"wp:attachment":[{"href":"https:\/\/limitgamers.com\/index.php\/wp-json\/wp\/v2\/media?parent=9504"}],"wp:term":[{"taxonomy":"post_tag","embeddable":true,"href":"https:\/\/limitgamers.com\/index.php\/wp-json\/wp\/v2\/tags?post=9504"},{"taxonomy":"gp_hubs","embeddable":true,"href":"https:\/\/limitgamers.com\/index.php\/wp-json\/wp\/v2\/gp_hubs?post=9504"},{"taxonomy":"fecha-lanzamiento","embeddable":true,"href":"https:\/\/limitgamers.com\/index.php\/wp-json\/wp\/v2\/fecha-lanzamiento?post=9504"},{"taxonomy":"genero","embeddable":true,"href":"https:\/\/limitgamers.com\/index.php\/wp-json\/wp\/v2\/genero?post=9504"},{"taxonomy":"recomendacion-edad","embeddable":true,"href":"https:\/\/limitgamers.com\/index.php\/wp-json\/wp\/v2\/recomendacion-edad?post=9504"},{"taxonomy":"compania","embeddable":true,"href":"https:\/\/limitgamers.com\/index.php\/wp-json\/wp\/v2\/compania?post=9504"},{"taxonomy":"publicado","embeddable":true,"href":"https:\/\/limitgamers.com\/index.php\/wp-json\/wp\/v2\/publicado?post=9504"}],"curies":[{"name":"wp","href":"https:\/\/api.w.org\/{rel}","templated":true}]}}