{"id":8740,"date":"2016-10-13T16:52:43","date_gmt":"2016-10-13T14:52:43","guid":{"rendered":"http:\/\/limitgamers.com\/?page_id=8740"},"modified":"2016-10-13T16:56:00","modified_gmt":"2016-10-13T14:56:00","slug":"requisitos","status":"publish","type":"page","link":"https:\/\/limitgamers.com\/index.php\/rise-of-the-tomb-raider\/requisitos\/","title":{"rendered":"Requisitos"},"content":{"rendered":"<div class=\"game_area_sys_req_leftCol\">Estas son los requisitos minimos y recomendados para poder disfrutar de la ultima aventura de Lara Croft, Rise of The Tomb Raider<\/div>\n<p class=\"game_area_sys_req_leftCol\">\n<h2 class=\"game_area_sys_req_leftCol\"><strong>Calidad de optimizaci\u00f3n:<\/strong> 8\/10 (13\/10\/2016)<\/h2>\n<div class=\"game_area_sys_req_leftCol\"><\/div>\n<div class=\"game_area_sys_req_leftCol\"><strong>M\u00cdNIMO:<\/strong><\/p>\n<ul>\n<\/ul>\n<ul class=\"bb_ul\">\n<li><strong>SO:<\/strong> Windows 7 64bit<\/li>\n<li><strong>Procesador:<\/strong> Intel Core i3-2100 or AMD equivalent<\/li>\n<li><strong>Memoria:<\/strong> 6 GB de RAM<\/li>\n<li><strong>Gr\u00e1ficos:<\/strong> NVIDIA GTX 650 2GB or AMD HD7770 2GB<\/li>\n<li><strong>DirectX:<\/strong> Versi\u00f3n 11<\/li>\n<li><strong>Almacenamiento:<\/strong> 25 GB de espacio disponible<\/li>\n<\/ul>\n<\/div>\n<div class=\"game_area_sys_req_rightCol\"><strong>RECOMENDADO:<\/strong><\/p>\n<ul>\n<\/ul>\n<ul class=\"bb_ul\">\n<li><strong>SO:<\/strong> Windows 10 64 bit<\/li>\n<li><strong>Procesador:<\/strong> Intel Core i7-3770K<\/li>\n<li><strong>Memoria:<\/strong> 8 GB de RAM<\/li>\n<li><strong>Gr\u00e1ficos:<\/strong> NVIDIA GTX 980Ti 2560&#215;1440 or NVIDIA GTX 970 1920&#215;1080 or AMD equivalent<\/li>\n<li><strong>DirectX:<\/strong> Versi\u00f3n 11<\/li>\n<li><strong>Almacenamiento:<\/strong> 25 GB de espacio disponible<\/li>\n<\/ul>\n<p><strong>TESTADO EN EL EQUIPO DE PRUEBAS:<\/strong><\/p>\n<ul class=\"bb_ul\">\n<li><strong>SO: Windows 10 64 bit <\/strong><\/li>\n<li><strong>Procesador:\u00a0AMD 8350FX BLACK EDITION (4.5Ghz)<\/strong><\/li>\n<li><strong>Memoria:\u00a016 GB de RAM <\/strong><\/li>\n<li><strong>Gr\u00e1ficos:\u00a0R7 370 4gb<\/strong><\/li>\n<li><strong>DirectX: Versi\u00f3n 12\u00a0<\/strong><\/li>\n<li><strong>Almacenamiento: 25 GB de espacio disponible<\/strong><\/li>\n<li><strong>Resolucion alcanzada: 1920&#215;1080 a 60fps estables en calidad alta<\/strong><\/li>\n<\/ul>\n<p>&nbsp;<\/p>\n<\/div>\n","protected":false},"excerpt":{"rendered":"<p>Estas son los requisitos minimos y recomendados para poder disfrutar de la ultima aventura de Lara Croft, Rise of The Tomb Raider Calidad de optimizaci\u00f3n: 8\/10 (13\/10\/2016) M\u00cdNIMO: SO: Windows 7 64bit Procesador: Intel Core i3-2100 or AMD equivalent Memoria: 6 GB de RAM Gr\u00e1ficos: NVIDIA GTX 650 2GB or AMD HD7770 2GB DirectX: Versi\u00f3n 11 Almacenamiento: 25 GB de espacio disponible RECOMENDADO: SO: Windows 10 64 bit Procesador: Intel Core i7-3770K Memoria: 8 GB de RAM Gr\u00e1ficos: NVIDIA GTX 980Ti 2560&#215;1440 or NVIDIA GTX 970 1920&#215;1080 or AMD equivalent DirectX: Versi\u00f3n 11 Almacenamiento: 25 GB de espacio disponible TESTADO EN EL EQUIPO DE PRUEBAS: SO: Windows 10 64 bit Procesador:\u00a0AMD 8350FX BLACK EDITION (4.5Ghz) Memoria:\u00a016 GB de RAM Gr\u00e1ficos:\u00a0R7 370 4gb DirectX: Versi\u00f3n 12\u00a0 Almacenamiento: 25 GB de espacio disponible Resolucion alcanzada: 1920&#215;1080 a 60fps estables en calidad alta &nbsp;<\/p>\n","protected":false},"author":1,"featured_media":8733,"parent":7906,"menu_order":-4,"comment_status":"open","ping_status":"closed","template":"","meta":{"footnotes":""},"tags":[608,710,734],"gp_hubs":[],"fecha-lanzamiento":[],"genero":[],"recomendacion-edad":[],"compania":[],"publicado":[],"class_list":{"0":"post-8740","1":"page","2":"type-page","3":"status-publish","4":"has-post-thumbnail","6":"tag-lara-croft","7":"tag-requisitos","8":"tag-rise-of-the-tomb-raider"},"yoast_head":"<!-- This site is optimized with the Yoast SEO plugin v26.8 - https:\/\/yoast.com\/product\/yoast-seo-wordpress\/ -->\n<title>REQUISITOS RISE OF THE TOMB RAIDER PARA PC- LIMIT GAMERS<\/title>\n<meta name=\"description\" content=\"TE AYUDAMOS A COMPROBAR SI TU PC ESTA DENTRO DE LOS REQUISITOS MINIMOS Y RECOMENDADOS, ADEMAS A\u00d1ADIMOS NUESTRA EXPERIENCIA CON NUESTROS EQUIPOS DE PRUEBAS.\" \/>\n<meta name=\"robots\" content=\"index, follow, max-snippet:-1, max-image-preview:large, max-video-preview:-1\" \/>\n<link rel=\"canonical\" href=\"https:\/\/limitgamers.com\/index.php\/rise-of-the-tomb-raider\/requisitos\/\" \/>\n<meta property=\"og:locale\" content=\"es_ES\" \/>\n<meta property=\"og:type\" content=\"article\" \/>\n<meta property=\"og:title\" content=\"REQUISITOS RISE OF THE TOMB RAIDER PARA PC- LIMIT GAMERS\" \/>\n<meta property=\"og:description\" content=\"TE AYUDAMOS A COMPROBAR SI TU PC ESTA DENTRO DE LOS REQUISITOS MINIMOS Y RECOMENDADOS, ADEMAS A\u00d1ADIMOS NUESTRA EXPERIENCIA CON NUESTROS EQUIPOS DE PRUEBAS.\" \/>\n<meta property=\"og:url\" content=\"https:\/\/limitgamers.com\/index.php\/rise-of-the-tomb-raider\/requisitos\/\" \/>\n<meta property=\"og:site_name\" content=\"LIMIT GAMERS\" \/>\n<meta property=\"article:publisher\" content=\"https:\/\/www.facebook.com\/limitgamers\/\" \/>\n<meta property=\"article:modified_time\" content=\"2016-10-13T14:56:00+00:00\" \/>\n<meta property=\"og:image\" content=\"https:\/\/limitgamers.com\/wp-content\/uploads\/2016\/10\/original-2.jpg\" \/>\n\t<meta property=\"og:image:width\" content=\"1920\" \/>\n\t<meta property=\"og:image:height\" content=\"1080\" \/>\n\t<meta property=\"og:image:type\" content=\"image\/jpeg\" \/>\n<meta name=\"twitter:card\" content=\"summary_large_image\" \/>\n<meta name=\"twitter:site\" content=\"@limit_gamers\" \/>\n<meta name=\"twitter:label1\" content=\"Tiempo de lectura\" \/>\n\t<meta name=\"twitter:data1\" content=\"1 minuto\" \/>\n<script type=\"application\/ld+json\" class=\"yoast-schema-graph\">{\"@context\":\"https:\/\/schema.org\",\"@graph\":[{\"@type\":\"WebPage\",\"@id\":\"https:\/\/limitgamers.com\/index.php\/rise-of-the-tomb-raider\/requisitos\/\",\"url\":\"https:\/\/limitgamers.com\/index.php\/rise-of-the-tomb-raider\/requisitos\/\",\"name\":\"REQUISITOS RISE OF THE TOMB RAIDER PARA PC- LIMIT GAMERS\",\"isPartOf\":{\"@id\":\"https:\/\/limitgamers.com\/#website\"},\"primaryImageOfPage\":{\"@id\":\"https:\/\/limitgamers.com\/index.php\/rise-of-the-tomb-raider\/requisitos\/#primaryimage\"},\"image\":{\"@id\":\"https:\/\/limitgamers.com\/index.php\/rise-of-the-tomb-raider\/requisitos\/#primaryimage\"},\"thumbnailUrl\":\"https:\/\/limitgamers.com\/wp-content\/uploads\/2016\/10\/original-2.jpg\",\"datePublished\":\"2016-10-13T14:52:43+00:00\",\"dateModified\":\"2016-10-13T14:56:00+00:00\",\"description\":\"TE AYUDAMOS A COMPROBAR SI TU PC ESTA DENTRO DE LOS REQUISITOS MINIMOS Y RECOMENDADOS, ADEMAS A\u00d1ADIMOS NUESTRA EXPERIENCIA CON NUESTROS EQUIPOS DE PRUEBAS.\",\"breadcrumb\":{\"@id\":\"https:\/\/limitgamers.com\/index.php\/rise-of-the-tomb-raider\/requisitos\/#breadcrumb\"},\"inLanguage\":\"es\",\"potentialAction\":[{\"@type\":\"ReadAction\",\"target\":[\"https:\/\/limitgamers.com\/index.php\/rise-of-the-tomb-raider\/requisitos\/\"]}]},{\"@type\":\"ImageObject\",\"inLanguage\":\"es\",\"@id\":\"https:\/\/limitgamers.com\/index.php\/rise-of-the-tomb-raider\/requisitos\/#primaryimage\",\"url\":\"https:\/\/limitgamers.com\/wp-content\/uploads\/2016\/10\/original-2.jpg\",\"contentUrl\":\"https:\/\/limitgamers.com\/wp-content\/uploads\/2016\/10\/original-2.jpg\",\"width\":1920,\"height\":1080},{\"@type\":\"BreadcrumbList\",\"@id\":\"https:\/\/limitgamers.com\/index.php\/rise-of-the-tomb-raider\/requisitos\/#breadcrumb\",\"itemListElement\":[{\"@type\":\"ListItem\",\"position\":1,\"name\":\"Portada\",\"item\":\"https:\/\/limitgamers.com\/\"},{\"@type\":\"ListItem\",\"position\":2,\"name\":\"Rise of The Tomb Raider\",\"item\":\"https:\/\/limitgamers.com\/index.php\/rise-of-the-tomb-raider\/\"},{\"@type\":\"ListItem\",\"position\":3,\"name\":\"Requisitos\"}]},{\"@type\":\"WebSite\",\"@id\":\"https:\/\/limitgamers.com\/#website\",\"url\":\"https:\/\/limitgamers.com\/\",\"name\":\"LIMIT GAMERS\",\"description\":\"Bienvenido Gamers!\",\"publisher\":{\"@id\":\"https:\/\/limitgamers.com\/#organization\"},\"potentialAction\":[{\"@type\":\"SearchAction\",\"target\":{\"@type\":\"EntryPoint\",\"urlTemplate\":\"https:\/\/limitgamers.com\/?s={search_term_string}\"},\"query-input\":{\"@type\":\"PropertyValueSpecification\",\"valueRequired\":true,\"valueName\":\"search_term_string\"}}],\"inLanguage\":\"es\"},{\"@type\":\"Organization\",\"@id\":\"https:\/\/limitgamers.com\/#organization\",\"name\":\"Limit Gamers\",\"url\":\"https:\/\/limitgamers.com\/\",\"logo\":{\"@type\":\"ImageObject\",\"inLanguage\":\"es\",\"@id\":\"https:\/\/limitgamers.com\/#\/schema\/logo\/image\/\",\"url\":\"https:\/\/limitgamers.com\/wp-content\/uploads\/2016\/02\/limitgamers.jpg\",\"contentUrl\":\"https:\/\/limitgamers.com\/wp-content\/uploads\/2016\/02\/limitgamers.jpg\",\"width\":1712,\"height\":145,\"caption\":\"Limit Gamers\"},\"image\":{\"@id\":\"https:\/\/limitgamers.com\/#\/schema\/logo\/image\/\"},\"sameAs\":[\"https:\/\/www.facebook.com\/limitgamers\/\",\"https:\/\/x.com\/limit_gamers\",\"https:\/\/www.instagram.com\/limit_gamers\/\",\"http:\/\/www.youtube.com\/c\/Limitgamers\"]}]}<\/script>\n<!-- \/ Yoast SEO plugin. -->","yoast_head_json":{"title":"REQUISITOS RISE OF THE TOMB RAIDER PARA PC- LIMIT GAMERS","description":"TE AYUDAMOS A COMPROBAR SI TU PC ESTA DENTRO DE LOS REQUISITOS MINIMOS Y RECOMENDADOS, ADEMAS A\u00d1ADIMOS NUESTRA EXPERIENCIA CON NUESTROS EQUIPOS DE PRUEBAS.","robots":{"index":"index","follow":"follow","max-snippet":"max-snippet:-1","max-image-preview":"max-image-preview:large","max-video-preview":"max-video-preview:-1"},"canonical":"https:\/\/limitgamers.com\/index.php\/rise-of-the-tomb-raider\/requisitos\/","og_locale":"es_ES","og_type":"article","og_title":"REQUISITOS RISE OF THE TOMB RAIDER PARA PC- LIMIT GAMERS","og_description":"TE AYUDAMOS A COMPROBAR SI TU PC ESTA DENTRO DE LOS REQUISITOS MINIMOS Y RECOMENDADOS, ADEMAS A\u00d1ADIMOS NUESTRA EXPERIENCIA CON NUESTROS EQUIPOS DE PRUEBAS.","og_url":"https:\/\/limitgamers.com\/index.php\/rise-of-the-tomb-raider\/requisitos\/","og_site_name":"LIMIT GAMERS","article_publisher":"https:\/\/www.facebook.com\/limitgamers\/","article_modified_time":"2016-10-13T14:56:00+00:00","og_image":[{"width":1920,"height":1080,"url":"https:\/\/limitgamers.com\/wp-content\/uploads\/2016\/10\/original-2.jpg","type":"image\/jpeg"}],"twitter_card":"summary_large_image","twitter_site":"@limit_gamers","twitter_misc":{"Tiempo de lectura":"1 minuto"},"schema":{"@context":"https:\/\/schema.org","@graph":[{"@type":"WebPage","@id":"https:\/\/limitgamers.com\/index.php\/rise-of-the-tomb-raider\/requisitos\/","url":"https:\/\/limitgamers.com\/index.php\/rise-of-the-tomb-raider\/requisitos\/","name":"REQUISITOS RISE OF THE TOMB RAIDER PARA PC- LIMIT GAMERS","isPartOf":{"@id":"https:\/\/limitgamers.com\/#website"},"primaryImageOfPage":{"@id":"https:\/\/limitgamers.com\/index.php\/rise-of-the-tomb-raider\/requisitos\/#primaryimage"},"image":{"@id":"https:\/\/limitgamers.com\/index.php\/rise-of-the-tomb-raider\/requisitos\/#primaryimage"},"thumbnailUrl":"https:\/\/limitgamers.com\/wp-content\/uploads\/2016\/10\/original-2.jpg","datePublished":"2016-10-13T14:52:43+00:00","dateModified":"2016-10-13T14:56:00+00:00","description":"TE AYUDAMOS A COMPROBAR SI TU PC ESTA DENTRO DE LOS REQUISITOS MINIMOS Y RECOMENDADOS, ADEMAS A\u00d1ADIMOS NUESTRA EXPERIENCIA CON NUESTROS EQUIPOS DE PRUEBAS.","breadcrumb":{"@id":"https:\/\/limitgamers.com\/index.php\/rise-of-the-tomb-raider\/requisitos\/#breadcrumb"},"inLanguage":"es","potentialAction":[{"@type":"ReadAction","target":["https:\/\/limitgamers.com\/index.php\/rise-of-the-tomb-raider\/requisitos\/"]}]},{"@type":"ImageObject","inLanguage":"es","@id":"https:\/\/limitgamers.com\/index.php\/rise-of-the-tomb-raider\/requisitos\/#primaryimage","url":"https:\/\/limitgamers.com\/wp-content\/uploads\/2016\/10\/original-2.jpg","contentUrl":"https:\/\/limitgamers.com\/wp-content\/uploads\/2016\/10\/original-2.jpg","width":1920,"height":1080},{"@type":"BreadcrumbList","@id":"https:\/\/limitgamers.com\/index.php\/rise-of-the-tomb-raider\/requisitos\/#breadcrumb","itemListElement":[{"@type":"ListItem","position":1,"name":"Portada","item":"https:\/\/limitgamers.com\/"},{"@type":"ListItem","position":2,"name":"Rise of The Tomb Raider","item":"https:\/\/limitgamers.com\/index.php\/rise-of-the-tomb-raider\/"},{"@type":"ListItem","position":3,"name":"Requisitos"}]},{"@type":"WebSite","@id":"https:\/\/limitgamers.com\/#website","url":"https:\/\/limitgamers.com\/","name":"LIMIT GAMERS","description":"Bienvenido Gamers!","publisher":{"@id":"https:\/\/limitgamers.com\/#organization"},"potentialAction":[{"@type":"SearchAction","target":{"@type":"EntryPoint","urlTemplate":"https:\/\/limitgamers.com\/?s={search_term_string}"},"query-input":{"@type":"PropertyValueSpecification","valueRequired":true,"valueName":"search_term_string"}}],"inLanguage":"es"},{"@type":"Organization","@id":"https:\/\/limitgamers.com\/#organization","name":"Limit Gamers","url":"https:\/\/limitgamers.com\/","logo":{"@type":"ImageObject","inLanguage":"es","@id":"https:\/\/limitgamers.com\/#\/schema\/logo\/image\/","url":"https:\/\/limitgamers.com\/wp-content\/uploads\/2016\/02\/limitgamers.jpg","contentUrl":"https:\/\/limitgamers.com\/wp-content\/uploads\/2016\/02\/limitgamers.jpg","width":1712,"height":145,"caption":"Limit Gamers"},"image":{"@id":"https:\/\/limitgamers.com\/#\/schema\/logo\/image\/"},"sameAs":["https:\/\/www.facebook.com\/limitgamers\/","https:\/\/x.com\/limit_gamers","https:\/\/www.instagram.com\/limit_gamers\/","http:\/\/www.youtube.com\/c\/Limitgamers"]}]}},"_links":{"self":[{"href":"https:\/\/limitgamers.com\/index.php\/wp-json\/wp\/v2\/pages\/8740","targetHints":{"allow":["GET"]}}],"collection":[{"href":"https:\/\/limitgamers.com\/index.php\/wp-json\/wp\/v2\/pages"}],"about":[{"href":"https:\/\/limitgamers.com\/index.php\/wp-json\/wp\/v2\/types\/page"}],"author":[{"embeddable":true,"href":"https:\/\/limitgamers.com\/index.php\/wp-json\/wp\/v2\/users\/1"}],"replies":[{"embeddable":true,"href":"https:\/\/limitgamers.com\/index.php\/wp-json\/wp\/v2\/comments?post=8740"}],"version-history":[{"count":0,"href":"https:\/\/limitgamers.com\/index.php\/wp-json\/wp\/v2\/pages\/8740\/revisions"}],"up":[{"embeddable":true,"href":"https:\/\/limitgamers.com\/index.php\/wp-json\/wp\/v2\/pages\/7906"}],"wp:featuredmedia":[{"embeddable":true,"href":"https:\/\/limitgamers.com\/index.php\/wp-json\/wp\/v2\/media\/8733"}],"wp:attachment":[{"href":"https:\/\/limitgamers.com\/index.php\/wp-json\/wp\/v2\/media?parent=8740"}],"wp:term":[{"taxonomy":"post_tag","embeddable":true,"href":"https:\/\/limitgamers.com\/index.php\/wp-json\/wp\/v2\/tags?post=8740"},{"taxonomy":"gp_hubs","embeddable":true,"href":"https:\/\/limitgamers.com\/index.php\/wp-json\/wp\/v2\/gp_hubs?post=8740"},{"taxonomy":"fecha-lanzamiento","embeddable":true,"href":"https:\/\/limitgamers.com\/index.php\/wp-json\/wp\/v2\/fecha-lanzamiento?post=8740"},{"taxonomy":"genero","embeddable":true,"href":"https:\/\/limitgamers.com\/index.php\/wp-json\/wp\/v2\/genero?post=8740"},{"taxonomy":"recomendacion-edad","embeddable":true,"href":"https:\/\/limitgamers.com\/index.php\/wp-json\/wp\/v2\/recomendacion-edad?post=8740"},{"taxonomy":"compania","embeddable":true,"href":"https:\/\/limitgamers.com\/index.php\/wp-json\/wp\/v2\/compania?post=8740"},{"taxonomy":"publicado","embeddable":true,"href":"https:\/\/limitgamers.com\/index.php\/wp-json\/wp\/v2\/publicado?post=8740"}],"curies":[{"name":"wp","href":"https:\/\/api.w.org\/{rel}","templated":true}]}}