{"id":8290,"date":"2016-08-17T22:25:54","date_gmt":"2016-08-17T20:25:54","guid":{"rendered":"http:\/\/limitgamers.com\/index.php\/asterix-obelix\/analisis\/"},"modified":"2016-08-18T23:53:13","modified_gmt":"2016-08-18T21:53:13","slug":"analisis","status":"publish","type":"page","link":"https:\/\/limitgamers.com\/index.php\/asterix\/analisis\/","title":{"rendered":"An\u00e1lisis"},"content":{"rendered":"<p>Ast\u00e9rix es una de esas sagas eternas que todos y todas, m\u00e1s j\u00f3venes o m\u00e1s entraditos en a\u00f1os, recordamos como parte de nuestra infancia. Todos hemos visto alguna vez alg\u00fan comic o el decimonoveno pase (al menos) en la televisi\u00f3n de turno de alguna de sus pel\u00edculas como Ast\u00e9rix y las doce pruebas.<br \/>\nEn el a\u00f1o 1993, un a\u00f1o despu\u00e9s de que Barcelona maravillase al mundo con unos Juegos Ol\u00edmpicos inolvidables, las 16 bit compet\u00edan por un duro mercado en el que sal\u00edan como churros plataformas aprovechando el \u00e9xito de dos sagas m\u00edticas como Super Mario y Sonic. Entre ellos tenemos uno de esos escas\u00edsimos casos en los que un juego de calidad no sali\u00f3 de las fronteras europeas y solo los usuarios del viejo continente pudieron disfrutarlo en sus m\u00e1quinas de 8 y 16 bits.<br \/>\nLa extinta Infogrames, responsable de grandes sagas como Alone in the dark y Driver, dio rienda suelta a su creatividad y la compa\u00f1\u00eda del armadillo arco iris sac\u00f3 un t\u00edtulo que bien pocos recordar\u00e1n. Algunos con m\u00e1s cari\u00f1o como parte de su infancia, otros con menos dada su dificultad y ausencia de puntos de guardado.<br \/>\nLa historia nos sit\u00faa como la recordamos siempre, en una vetusta aldea gala habitada por valientes celtas que siempre vencen a los soldados de un ej\u00e9rcito romano empe\u00f1ado en conquistarlos. En este caso Ob\u00e9lix es secuestrado y nuestro querido bigotudo, ataviado con su gorro con alas blancas, debe recorrer distintos emplazamientos del Viejo Mundo para rescatar a su amigo antes de que el C\u00e9sar lo lance a los leones.<br \/>\nEl juego ofrece un total de 28 niveles distribuidos en 5 mundos y de dificultad creciente, poblados por soldados romanos y bestias: Los bosques franceses, las cumbres helv\u00e9ticas, los templos egipcios, Grecia y Roma son los escenarios en los que nuestro h\u00e9roe desarrolla su aventura.<\/p>\n<div id=\"attachment_8305\" style=\"width: 727px\" class=\"wp-caption aligncenter\"><img loading=\"lazy\" decoding=\"async\" aria-describedby=\"caption-attachment-8305\" class=\"wp-image-8305 \" src=\"http:\/\/limitgamers.com\/wp-content\/uploads\/2016\/08\/001-300x141.jpg\" alt=\"ASTERIX\" width=\"717\" height=\"337\" srcset=\"https:\/\/limitgamers.com\/wp-content\/uploads\/2016\/08\/001-300x141.jpg 300w, https:\/\/limitgamers.com\/wp-content\/uploads\/2016\/08\/001-150x71.jpg 150w, https:\/\/limitgamers.com\/wp-content\/uploads\/2016\/08\/001.jpg 701w\" sizes=\"auto, (max-width: 717px) 100vw, 717px\" \/><p id=\"caption-attachment-8305\" class=\"wp-caption-text\">Aprovecha bien las monedas de oro que encuentres y las vidas ya que son muy escasas. No podr\u00e1s farmearlas para obtener vidas porque no te dar\u00e1n las cuentas.<\/p><\/div>\n<p>La mec\u00e1nica de juego responde a los plataformas de la \u00e9poca, sin complicaciones con un desarrollo de la aventura muy lineal. Quiz\u00e1 sea ese su gran punto d\u00e9bil. El desarrollo de los niveles es sencillo y no contamos tampoco gran n\u00famero objetos que nos permitan combatir a los enemigos m\u00e1s all\u00e1 del pu\u00f1etazo que nuestro h\u00e9roe suelta apretando el bot\u00f3n A del mando. Tan solo encontraremos marmitas rojas que nos har\u00e1n inmunes durante un tiempo limitado (aunque no afectar\u00e1n a los enemigos) y marmitas verdes con las que podremos volar durante unos instantes.<br \/>\nPese a esta limitaci\u00f3n, la aventura cuenta con la aparici\u00f3n estelar de algunos de los grandes secundarios del mundo de Ast\u00e9rix. Asurancet\u00farix el bardo e Id\u00e9fix la mascota de Ob\u00e9lix nos acompa\u00f1ar\u00e1n en el viaje ayud\u00e1ndonos en diversas partes de nuestro trayecto hacia la capital imperial.<br \/>\nAs\u00ed mismo, la variedad de los fondos de los escenarios contrasta con un escaso n\u00famero de enemigos diferentes. Eso s\u00ed, nos falta un gran enemigo final, un enfrentamiento contra C\u00e9sar o alg\u00fan otro jefe que otorgue m\u00e1s cuerpo a la historia en la que la aventura se enclava.<br \/>\nEl apartado t\u00e9cnico s\u00ed cumple de forma solvente para el a\u00f1o en el que est\u00e1bamos. Los sprites son lo suficientemente grandes para el g\u00e9nero y los escenarios est\u00e1n bien detallados y cuidados. Son vistosos y coloridos: bosques, grutas, el Mediterr\u00e1neo y los templos egipcios y grecorromanos. Todo un paseo por los distintos paisajes que en el a\u00f1o 50 D.C. podr\u00edamos observar en las tierras que la gran Roma dominaba.<br \/>\nEn definitiva, un cl\u00e1sico 100% europeo y que no lleg\u00f3 a salir de nuestras tierras. Correcto en el apartado jugable y muy bien en su aspecto t\u00e9cnico tanto visual como sonoro, en especial en su versi\u00f3n para la 16 bits de Nintendo.<\/p>\n<div id=\"attachment_8306\" style=\"width: 598px\" class=\"wp-caption aligncenter\"><img loading=\"lazy\" decoding=\"async\" aria-describedby=\"caption-attachment-8306\" class=\"wp-image-8306 \" src=\"http:\/\/limitgamers.com\/wp-content\/uploads\/2016\/08\/002-300x127.jpg\" alt=\"ASTERIX\" width=\"588\" height=\"249\" srcset=\"https:\/\/limitgamers.com\/wp-content\/uploads\/2016\/08\/002-300x127.jpg 300w, https:\/\/limitgamers.com\/wp-content\/uploads\/2016\/08\/002-150x64.jpg 150w, https:\/\/limitgamers.com\/wp-content\/uploads\/2016\/08\/002.jpg 998w\" sizes=\"auto, (max-width: 588px) 100vw, 588px\" \/><p id=\"caption-attachment-8306\" class=\"wp-caption-text\">Las serpientes, los cuervos, las ara\u00f1as y los soldados romanos nos acompa\u00f1ar\u00e1n casi de principio a fin en nuestra aventura.<\/p><\/div>\n<p>&nbsp;<\/p>\n<blockquote>\n<p style=\"text-align: center;\"><strong>Desarrolladora<\/strong>: Infogrames<\/p>\n<p style=\"text-align: center;\"><strong>Plataformas:<\/strong> \u00a0Master System,NES, GameBoy y Super Nintendo<\/p>\n<p style=\"text-align: center;\">A\u00f1o de lanzamiento: 1993<\/p>\n<\/blockquote>\n<p>&nbsp;<\/p>\n","protected":false},"excerpt":{"rendered":"<p>Ast\u00e9rix es una de esas sagas eternas que todos y todas, m\u00e1s j\u00f3venes o m\u00e1s entraditos en a\u00f1os, recordamos como parte de nuestra infancia. Todos hemos visto alguna vez alg\u00fan comic o el decimonoveno pase (al menos) en la televisi\u00f3n de turno de alguna de sus pel\u00edculas como Ast\u00e9rix y las doce pruebas. En el a\u00f1o 1993, un a\u00f1o despu\u00e9s de que Barcelona maravillase al mundo con unos Juegos Ol\u00edmpicos inolvidables, las 16 bit compet\u00edan por un duro mercado en el que sal\u00edan como churros plataformas aprovechando el \u00e9xito de dos sagas m\u00edticas como Super Mario y Sonic. Entre ellos tenemos uno de esos escas\u00edsimos casos en los que un juego de calidad no sali\u00f3 de las fronteras europeas y solo los usuarios del viejo continente pudieron disfrutarlo en sus m\u00e1quinas de 8 y 16 bits. La extinta Infogrames, responsable de grandes sagas como Alone in the dark y Driver, dio rienda suelta a su creatividad y la compa\u00f1\u00eda del armadillo arco iris sac\u00f3 un t\u00edtulo que bien pocos recordar\u00e1n. Algunos con m\u00e1s cari\u00f1o como parte de su infancia, otros con menos dada su dificultad y ausencia de puntos de guardado. La historia nos sit\u00faa como la recordamos siempre, en una vetusta aldea gala habitada por valientes celtas que siempre vencen a los soldados de un ej\u00e9rcito romano empe\u00f1ado en conquistarlos. En este caso Ob\u00e9lix es secuestrado y nuestro querido bigotudo, ataviado con su gorro con alas blancas, debe recorrer distintos emplazamientos del Viejo Mundo para rescatar a su amigo antes de que el C\u00e9sar lo lance a los leones. El juego ofrece un total de 28 niveles distribuidos en 5 mundos y de dificultad creciente, poblados por soldados romanos y bestias: Los bosques franceses, las cumbres helv\u00e9ticas, los templos egipcios, Grecia y Roma son los escenarios en los que nuestro h\u00e9roe desarrolla su aventura. La mec\u00e1nica de juego responde a los plataformas de la \u00e9poca, sin complicaciones con un desarrollo de la aventura muy lineal. Quiz\u00e1 sea ese su gran punto d\u00e9bil. El desarrollo de los niveles es sencillo y no contamos tampoco gran n\u00famero objetos que nos permitan combatir a los enemigos m\u00e1s all\u00e1 del pu\u00f1etazo que nuestro h\u00e9roe suelta apretando el bot\u00f3n A del mando. Tan solo encontraremos marmitas rojas que nos har\u00e1n inmunes durante un tiempo limitado (aunque no afectar\u00e1n a los enemigos) y marmitas verdes con las que podremos volar durante unos instantes. Pese a esta limitaci\u00f3n, la aventura cuenta con la aparici\u00f3n estelar de algunos de los grandes secundarios del mundo de Ast\u00e9rix. Asurancet\u00farix el bardo e Id\u00e9fix la mascota de Ob\u00e9lix nos acompa\u00f1ar\u00e1n en el viaje ayud\u00e1ndonos en diversas partes de nuestro trayecto hacia la capital imperial. As\u00ed mismo, la variedad de los fondos de los escenarios contrasta con un escaso n\u00famero de enemigos diferentes. Eso s\u00ed, nos falta un gran enemigo final, un enfrentamiento contra C\u00e9sar o alg\u00fan otro jefe que otorgue m\u00e1s cuerpo a la historia en la que la aventura se enclava. El apartado t\u00e9cnico s\u00ed cumple de forma solvente para el a\u00f1o en el que est\u00e1bamos. Los sprites son lo suficientemente grandes para el g\u00e9nero y los escenarios est\u00e1n bien detallados y cuidados. Son vistosos y coloridos: bosques, grutas, el Mediterr\u00e1neo y los templos egipcios y grecorromanos. Todo un paseo por los distintos paisajes que en el a\u00f1o 50 D.C. podr\u00edamos observar en las tierras que la gran Roma dominaba. En definitiva, un cl\u00e1sico 100% europeo y que no lleg\u00f3 a salir de nuestras tierras. Correcto en el apartado jugable y muy bien en su aspecto t\u00e9cnico tanto visual como sonoro, en especial en su versi\u00f3n para la 16 bits de Nintendo. &nbsp; Desarrolladora: Infogrames Plataformas: \u00a0Master System,NES, GameBoy y Super Nintendo A\u00f1o de lanzamiento: 1993 &nbsp;<\/p>\n","protected":false},"author":28,"featured_media":8299,"parent":8289,"menu_order":0,"comment_status":"open","ping_status":"closed","template":"review-template.php","meta":{"footnotes":""},"tags":[],"gp_hubs":[459,65,85],"fecha-lanzamiento":[],"genero":[],"recomendacion-edad":[],"compania":[],"publicado":[],"class_list":{"0":"post-8290","1":"page","2":"type-page","3":"status-publish","4":"has-post-thumbnail","6":"gp_hubs-analisis","7":"gp_hubs-hub-plataformas","8":"gp_hubs-retro"},"yoast_head":"<!-- This site is optimized with the Yoast SEO plugin v26.8 - https:\/\/yoast.com\/product\/yoast-seo-wordpress\/ -->\n<title>AN\u00c1LISIS DE ASTERIX PARA SNES, GB, MSX Y NES - LIMIT GAMERS<\/title>\n<meta name=\"description\" content=\"Ast\u00e9rix es una de esas sagas eternas que todos y todas, m\u00e1s j\u00f3venes o m\u00e1s entraditos en a\u00f1os, recordamos como parte de nuestra infancia. Todo\" \/>\n<meta name=\"robots\" content=\"index, follow, max-snippet:-1, max-image-preview:large, max-video-preview:-1\" \/>\n<link rel=\"canonical\" href=\"https:\/\/limitgamers.com\/index.php\/asterix\/analisis\/\" \/>\n<meta property=\"og:locale\" content=\"es_ES\" \/>\n<meta property=\"og:type\" content=\"article\" \/>\n<meta property=\"og:title\" content=\"AN\u00c1LISIS DE ASTERIX PARA SNES, GB, MSX Y NES - LIMIT GAMERS\" \/>\n<meta property=\"og:description\" content=\"Ast\u00e9rix es una de esas sagas eternas que todos y todas, m\u00e1s j\u00f3venes o m\u00e1s entraditos en a\u00f1os, recordamos como parte de nuestra infancia. Todo\" \/>\n<meta property=\"og:url\" content=\"https:\/\/limitgamers.com\/index.php\/asterix\/analisis\/\" \/>\n<meta property=\"og:site_name\" content=\"LIMIT GAMERS\" \/>\n<meta property=\"article:publisher\" content=\"https:\/\/www.facebook.com\/limitgamers\/\" \/>\n<meta property=\"article:modified_time\" content=\"2016-08-18T21:53:13+00:00\" \/>\n<meta property=\"og:image\" content=\"https:\/\/limitgamers.com\/wp-content\/uploads\/2016\/08\/maxresdefault-1.jpg\" \/>\n\t<meta property=\"og:image:width\" content=\"1280\" \/>\n\t<meta property=\"og:image:height\" content=\"720\" \/>\n\t<meta property=\"og:image:type\" content=\"image\/jpeg\" \/>\n<meta name=\"twitter:card\" content=\"summary_large_image\" \/>\n<meta name=\"twitter:site\" content=\"@limit_gamers\" \/>\n<meta name=\"twitter:label1\" content=\"Tiempo de lectura\" \/>\n\t<meta name=\"twitter:data1\" content=\"4 minutos\" \/>\n<script type=\"application\/ld+json\" class=\"yoast-schema-graph\">{\"@context\":\"https:\/\/schema.org\",\"@graph\":[{\"@type\":\"WebPage\",\"@id\":\"https:\/\/limitgamers.com\/index.php\/asterix\/analisis\/\",\"url\":\"https:\/\/limitgamers.com\/index.php\/asterix\/analisis\/\",\"name\":\"AN\u00c1LISIS DE ASTERIX PARA SNES, GB, MSX Y NES - LIMIT GAMERS\",\"isPartOf\":{\"@id\":\"https:\/\/limitgamers.com\/#website\"},\"primaryImageOfPage\":{\"@id\":\"https:\/\/limitgamers.com\/index.php\/asterix\/analisis\/#primaryimage\"},\"image\":{\"@id\":\"https:\/\/limitgamers.com\/index.php\/asterix\/analisis\/#primaryimage\"},\"thumbnailUrl\":\"https:\/\/limitgamers.com\/wp-content\/uploads\/2016\/08\/maxresdefault-1.jpg\",\"datePublished\":\"2016-08-17T20:25:54+00:00\",\"dateModified\":\"2016-08-18T21:53:13+00:00\",\"description\":\"Ast\u00e9rix es una de esas sagas eternas que todos y todas, m\u00e1s j\u00f3venes o m\u00e1s entraditos en a\u00f1os, recordamos como parte de nuestra infancia. Todo\",\"breadcrumb\":{\"@id\":\"https:\/\/limitgamers.com\/index.php\/asterix\/analisis\/#breadcrumb\"},\"inLanguage\":\"es\",\"potentialAction\":[{\"@type\":\"ReadAction\",\"target\":[\"https:\/\/limitgamers.com\/index.php\/asterix\/analisis\/\"]}]},{\"@type\":\"ImageObject\",\"inLanguage\":\"es\",\"@id\":\"https:\/\/limitgamers.com\/index.php\/asterix\/analisis\/#primaryimage\",\"url\":\"https:\/\/limitgamers.com\/wp-content\/uploads\/2016\/08\/maxresdefault-1.jpg\",\"contentUrl\":\"https:\/\/limitgamers.com\/wp-content\/uploads\/2016\/08\/maxresdefault-1.jpg\",\"width\":1280,\"height\":720},{\"@type\":\"BreadcrumbList\",\"@id\":\"https:\/\/limitgamers.com\/index.php\/asterix\/analisis\/#breadcrumb\",\"itemListElement\":[{\"@type\":\"ListItem\",\"position\":1,\"name\":\"Portada\",\"item\":\"https:\/\/limitgamers.com\/\"},{\"@type\":\"ListItem\",\"position\":2,\"name\":\"Asterix\",\"item\":\"https:\/\/limitgamers.com\/index.php\/asterix\/\"},{\"@type\":\"ListItem\",\"position\":3,\"name\":\"An\u00e1lisis\"}]},{\"@type\":\"WebSite\",\"@id\":\"https:\/\/limitgamers.com\/#website\",\"url\":\"https:\/\/limitgamers.com\/\",\"name\":\"LIMIT GAMERS\",\"description\":\"Bienvenido Gamers!\",\"publisher\":{\"@id\":\"https:\/\/limitgamers.com\/#organization\"},\"potentialAction\":[{\"@type\":\"SearchAction\",\"target\":{\"@type\":\"EntryPoint\",\"urlTemplate\":\"https:\/\/limitgamers.com\/?s={search_term_string}\"},\"query-input\":{\"@type\":\"PropertyValueSpecification\",\"valueRequired\":true,\"valueName\":\"search_term_string\"}}],\"inLanguage\":\"es\"},{\"@type\":\"Organization\",\"@id\":\"https:\/\/limitgamers.com\/#organization\",\"name\":\"Limit Gamers\",\"url\":\"https:\/\/limitgamers.com\/\",\"logo\":{\"@type\":\"ImageObject\",\"inLanguage\":\"es\",\"@id\":\"https:\/\/limitgamers.com\/#\/schema\/logo\/image\/\",\"url\":\"https:\/\/limitgamers.com\/wp-content\/uploads\/2016\/02\/limitgamers.jpg\",\"contentUrl\":\"https:\/\/limitgamers.com\/wp-content\/uploads\/2016\/02\/limitgamers.jpg\",\"width\":1712,\"height\":145,\"caption\":\"Limit Gamers\"},\"image\":{\"@id\":\"https:\/\/limitgamers.com\/#\/schema\/logo\/image\/\"},\"sameAs\":[\"https:\/\/www.facebook.com\/limitgamers\/\",\"https:\/\/x.com\/limit_gamers\",\"https:\/\/www.instagram.com\/limit_gamers\/\",\"http:\/\/www.youtube.com\/c\/Limitgamers\"]}]}<\/script>\n<!-- \/ Yoast SEO plugin. -->","yoast_head_json":{"title":"AN\u00c1LISIS DE ASTERIX PARA SNES, GB, MSX Y NES - LIMIT GAMERS","description":"Ast\u00e9rix es una de esas sagas eternas que todos y todas, m\u00e1s j\u00f3venes o m\u00e1s entraditos en a\u00f1os, recordamos como parte de nuestra infancia. Todo","robots":{"index":"index","follow":"follow","max-snippet":"max-snippet:-1","max-image-preview":"max-image-preview:large","max-video-preview":"max-video-preview:-1"},"canonical":"https:\/\/limitgamers.com\/index.php\/asterix\/analisis\/","og_locale":"es_ES","og_type":"article","og_title":"AN\u00c1LISIS DE ASTERIX PARA SNES, GB, MSX Y NES - LIMIT GAMERS","og_description":"Ast\u00e9rix es una de esas sagas eternas que todos y todas, m\u00e1s j\u00f3venes o m\u00e1s entraditos en a\u00f1os, recordamos como parte de nuestra infancia. Todo","og_url":"https:\/\/limitgamers.com\/index.php\/asterix\/analisis\/","og_site_name":"LIMIT GAMERS","article_publisher":"https:\/\/www.facebook.com\/limitgamers\/","article_modified_time":"2016-08-18T21:53:13+00:00","og_image":[{"width":1280,"height":720,"url":"https:\/\/limitgamers.com\/wp-content\/uploads\/2016\/08\/maxresdefault-1.jpg","type":"image\/jpeg"}],"twitter_card":"summary_large_image","twitter_site":"@limit_gamers","twitter_misc":{"Tiempo de lectura":"4 minutos"},"schema":{"@context":"https:\/\/schema.org","@graph":[{"@type":"WebPage","@id":"https:\/\/limitgamers.com\/index.php\/asterix\/analisis\/","url":"https:\/\/limitgamers.com\/index.php\/asterix\/analisis\/","name":"AN\u00c1LISIS DE ASTERIX PARA SNES, GB, MSX Y NES - LIMIT GAMERS","isPartOf":{"@id":"https:\/\/limitgamers.com\/#website"},"primaryImageOfPage":{"@id":"https:\/\/limitgamers.com\/index.php\/asterix\/analisis\/#primaryimage"},"image":{"@id":"https:\/\/limitgamers.com\/index.php\/asterix\/analisis\/#primaryimage"},"thumbnailUrl":"https:\/\/limitgamers.com\/wp-content\/uploads\/2016\/08\/maxresdefault-1.jpg","datePublished":"2016-08-17T20:25:54+00:00","dateModified":"2016-08-18T21:53:13+00:00","description":"Ast\u00e9rix es una de esas sagas eternas que todos y todas, m\u00e1s j\u00f3venes o m\u00e1s entraditos en a\u00f1os, recordamos como parte de nuestra infancia. Todo","breadcrumb":{"@id":"https:\/\/limitgamers.com\/index.php\/asterix\/analisis\/#breadcrumb"},"inLanguage":"es","potentialAction":[{"@type":"ReadAction","target":["https:\/\/limitgamers.com\/index.php\/asterix\/analisis\/"]}]},{"@type":"ImageObject","inLanguage":"es","@id":"https:\/\/limitgamers.com\/index.php\/asterix\/analisis\/#primaryimage","url":"https:\/\/limitgamers.com\/wp-content\/uploads\/2016\/08\/maxresdefault-1.jpg","contentUrl":"https:\/\/limitgamers.com\/wp-content\/uploads\/2016\/08\/maxresdefault-1.jpg","width":1280,"height":720},{"@type":"BreadcrumbList","@id":"https:\/\/limitgamers.com\/index.php\/asterix\/analisis\/#breadcrumb","itemListElement":[{"@type":"ListItem","position":1,"name":"Portada","item":"https:\/\/limitgamers.com\/"},{"@type":"ListItem","position":2,"name":"Asterix","item":"https:\/\/limitgamers.com\/index.php\/asterix\/"},{"@type":"ListItem","position":3,"name":"An\u00e1lisis"}]},{"@type":"WebSite","@id":"https:\/\/limitgamers.com\/#website","url":"https:\/\/limitgamers.com\/","name":"LIMIT GAMERS","description":"Bienvenido Gamers!","publisher":{"@id":"https:\/\/limitgamers.com\/#organization"},"potentialAction":[{"@type":"SearchAction","target":{"@type":"EntryPoint","urlTemplate":"https:\/\/limitgamers.com\/?s={search_term_string}"},"query-input":{"@type":"PropertyValueSpecification","valueRequired":true,"valueName":"search_term_string"}}],"inLanguage":"es"},{"@type":"Organization","@id":"https:\/\/limitgamers.com\/#organization","name":"Limit Gamers","url":"https:\/\/limitgamers.com\/","logo":{"@type":"ImageObject","inLanguage":"es","@id":"https:\/\/limitgamers.com\/#\/schema\/logo\/image\/","url":"https:\/\/limitgamers.com\/wp-content\/uploads\/2016\/02\/limitgamers.jpg","contentUrl":"https:\/\/limitgamers.com\/wp-content\/uploads\/2016\/02\/limitgamers.jpg","width":1712,"height":145,"caption":"Limit Gamers"},"image":{"@id":"https:\/\/limitgamers.com\/#\/schema\/logo\/image\/"},"sameAs":["https:\/\/www.facebook.com\/limitgamers\/","https:\/\/x.com\/limit_gamers","https:\/\/www.instagram.com\/limit_gamers\/","http:\/\/www.youtube.com\/c\/Limitgamers"]}]}},"_links":{"self":[{"href":"https:\/\/limitgamers.com\/index.php\/wp-json\/wp\/v2\/pages\/8290","targetHints":{"allow":["GET"]}}],"collection":[{"href":"https:\/\/limitgamers.com\/index.php\/wp-json\/wp\/v2\/pages"}],"about":[{"href":"https:\/\/limitgamers.com\/index.php\/wp-json\/wp\/v2\/types\/page"}],"author":[{"embeddable":true,"href":"https:\/\/limitgamers.com\/index.php\/wp-json\/wp\/v2\/users\/28"}],"replies":[{"embeddable":true,"href":"https:\/\/limitgamers.com\/index.php\/wp-json\/wp\/v2\/comments?post=8290"}],"version-history":[{"count":0,"href":"https:\/\/limitgamers.com\/index.php\/wp-json\/wp\/v2\/pages\/8290\/revisions"}],"up":[{"embeddable":true,"href":"https:\/\/limitgamers.com\/index.php\/wp-json\/wp\/v2\/pages\/8289"}],"wp:featuredmedia":[{"embeddable":true,"href":"https:\/\/limitgamers.com\/index.php\/wp-json\/wp\/v2\/media\/8299"}],"wp:attachment":[{"href":"https:\/\/limitgamers.com\/index.php\/wp-json\/wp\/v2\/media?parent=8290"}],"wp:term":[{"taxonomy":"post_tag","embeddable":true,"href":"https:\/\/limitgamers.com\/index.php\/wp-json\/wp\/v2\/tags?post=8290"},{"taxonomy":"gp_hubs","embeddable":true,"href":"https:\/\/limitgamers.com\/index.php\/wp-json\/wp\/v2\/gp_hubs?post=8290"},{"taxonomy":"fecha-lanzamiento","embeddable":true,"href":"https:\/\/limitgamers.com\/index.php\/wp-json\/wp\/v2\/fecha-lanzamiento?post=8290"},{"taxonomy":"genero","embeddable":true,"href":"https:\/\/limitgamers.com\/index.php\/wp-json\/wp\/v2\/genero?post=8290"},{"taxonomy":"recomendacion-edad","embeddable":true,"href":"https:\/\/limitgamers.com\/index.php\/wp-json\/wp\/v2\/recomendacion-edad?post=8290"},{"taxonomy":"compania","embeddable":true,"href":"https:\/\/limitgamers.com\/index.php\/wp-json\/wp\/v2\/compania?post=8290"},{"taxonomy":"publicado","embeddable":true,"href":"https:\/\/limitgamers.com\/index.php\/wp-json\/wp\/v2\/publicado?post=8290"}],"curies":[{"name":"wp","href":"https:\/\/api.w.org\/{rel}","templated":true}]}}