{"id":7466,"date":"2016-06-25T00:05:06","date_gmt":"2016-06-24T22:05:06","guid":{"rendered":"http:\/\/limitgamers.com\/?page_id=7466"},"modified":"2016-06-29T01:22:03","modified_gmt":"2016-06-28T23:22:03","slug":"arcade-game-series-2","status":"publish","type":"page","link":"https:\/\/limitgamers.com\/index.php\/arcade-game-series-2\/","title":{"rendered":"Arcade Game Series"},"content":{"rendered":"","protected":false},"excerpt":{"rendered":"","protected":false},"author":1,"featured_media":7467,"parent":0,"menu_order":0,"comment_status":"closed","ping_status":"closed","template":"hub-template.php","meta":{"footnotes":""},"tags":[],"gp_hubs":[36,65,39,85,49],"fecha-lanzamiento":[319],"genero":[545],"recomendacion-edad":[230],"compania":[546],"publicado":[547],"class_list":{"0":"post-7466","1":"page","2":"type-page","3":"status-publish","4":"has-post-thumbnail","6":"gp_hubs-hub-pc","7":"gp_hubs-hub-plataformas","8":"gp_hubs-hub-ps4","9":"gp_hubs-retro","10":"gp_hubs-hub-xbox-one","11":"fecha-lanzamiento-319","12":"genero-arcade","13":"recomendacion-edad-230","14":"compania-bandai-namco-studio-inc","15":"publicado-bandai-namco-entertainment"},"yoast_head":"<!-- This site is optimized with the Yoast SEO plugin v26.8 - https:\/\/yoast.com\/product\/yoast-seo-wordpress\/ -->\n<title>FICHA ARCADE GAME SERIES<\/title>\n<meta name=\"description\" content=\"Llega Arcade Game Series, una colecci\u00f3n de los cl\u00e1sicos de Atari 2600 donde incluye los juegos Pac-Man, Ms. Pac-Man, Galaga y DigDug. Una fant\u00e1stica\" \/>\n<meta name=\"robots\" content=\"index, follow, max-snippet:-1, max-image-preview:large, max-video-preview:-1\" \/>\n<link rel=\"canonical\" href=\"https:\/\/limitgamers.com\/index.php\/arcade-game-series-2\/\" \/>\n<meta property=\"og:locale\" content=\"es_ES\" \/>\n<meta property=\"og:type\" content=\"article\" \/>\n<meta property=\"og:title\" content=\"FICHA ARCADE GAME SERIES\" \/>\n<meta property=\"og:description\" content=\"Llega Arcade Game Series, una colecci\u00f3n de los cl\u00e1sicos de Atari 2600 donde incluye los juegos Pac-Man, Ms. Pac-Man, Galaga y DigDug. Una fant\u00e1stica\" \/>\n<meta property=\"og:url\" content=\"https:\/\/limitgamers.com\/index.php\/arcade-game-series-2\/\" \/>\n<meta property=\"og:site_name\" content=\"LIMIT GAMERS\" \/>\n<meta property=\"article:publisher\" content=\"https:\/\/www.facebook.com\/limitgamers\/\" \/>\n<meta property=\"article:modified_time\" content=\"2016-06-28T23:22:03+00:00\" \/>\n<meta property=\"og:image\" content=\"https:\/\/limitgamers.com\/wp-content\/uploads\/2016\/06\/PREVIEW_SCREENSHOT1_114336.jpg\" \/>\n\t<meta property=\"og:image:width\" content=\"1280\" \/>\n\t<meta property=\"og:image:height\" content=\"720\" \/>\n\t<meta property=\"og:image:type\" content=\"image\/jpeg\" \/>\n<meta name=\"twitter:card\" content=\"summary_large_image\" \/>\n<meta name=\"twitter:site\" content=\"@limit_gamers\" \/>\n<script type=\"application\/ld+json\" class=\"yoast-schema-graph\">{\"@context\":\"https:\/\/schema.org\",\"@graph\":[{\"@type\":\"WebPage\",\"@id\":\"https:\/\/limitgamers.com\/index.php\/arcade-game-series-2\/\",\"url\":\"https:\/\/limitgamers.com\/index.php\/arcade-game-series-2\/\",\"name\":\"FICHA ARCADE GAME SERIES\",\"isPartOf\":{\"@id\":\"https:\/\/limitgamers.com\/#website\"},\"primaryImageOfPage\":{\"@id\":\"https:\/\/limitgamers.com\/index.php\/arcade-game-series-2\/#primaryimage\"},\"image\":{\"@id\":\"https:\/\/limitgamers.com\/index.php\/arcade-game-series-2\/#primaryimage\"},\"thumbnailUrl\":\"https:\/\/limitgamers.com\/wp-content\/uploads\/2016\/06\/PREVIEW_SCREENSHOT1_114336.jpg\",\"datePublished\":\"2016-06-24T22:05:06+00:00\",\"dateModified\":\"2016-06-28T23:22:03+00:00\",\"description\":\"Llega Arcade Game Series, una colecci\u00f3n de los cl\u00e1sicos de Atari 2600 donde incluye los juegos Pac-Man, Ms. Pac-Man, Galaga y DigDug. Una fant\u00e1stica\",\"breadcrumb\":{\"@id\":\"https:\/\/limitgamers.com\/index.php\/arcade-game-series-2\/#breadcrumb\"},\"inLanguage\":\"es\",\"potentialAction\":[{\"@type\":\"ReadAction\",\"target\":[\"https:\/\/limitgamers.com\/index.php\/arcade-game-series-2\/\"]}]},{\"@type\":\"ImageObject\",\"inLanguage\":\"es\",\"@id\":\"https:\/\/limitgamers.com\/index.php\/arcade-game-series-2\/#primaryimage\",\"url\":\"https:\/\/limitgamers.com\/wp-content\/uploads\/2016\/06\/PREVIEW_SCREENSHOT1_114336.jpg\",\"contentUrl\":\"https:\/\/limitgamers.com\/wp-content\/uploads\/2016\/06\/PREVIEW_SCREENSHOT1_114336.jpg\",\"width\":1280,\"height\":720},{\"@type\":\"BreadcrumbList\",\"@id\":\"https:\/\/limitgamers.com\/index.php\/arcade-game-series-2\/#breadcrumb\",\"itemListElement\":[{\"@type\":\"ListItem\",\"position\":1,\"name\":\"Portada\",\"item\":\"https:\/\/limitgamers.com\/\"},{\"@type\":\"ListItem\",\"position\":2,\"name\":\"Arcade Game Series\"}]},{\"@type\":\"WebSite\",\"@id\":\"https:\/\/limitgamers.com\/#website\",\"url\":\"https:\/\/limitgamers.com\/\",\"name\":\"LIMIT GAMERS\",\"description\":\"Bienvenido Gamers!\",\"publisher\":{\"@id\":\"https:\/\/limitgamers.com\/#organization\"},\"potentialAction\":[{\"@type\":\"SearchAction\",\"target\":{\"@type\":\"EntryPoint\",\"urlTemplate\":\"https:\/\/limitgamers.com\/?s={search_term_string}\"},\"query-input\":{\"@type\":\"PropertyValueSpecification\",\"valueRequired\":true,\"valueName\":\"search_term_string\"}}],\"inLanguage\":\"es\"},{\"@type\":\"Organization\",\"@id\":\"https:\/\/limitgamers.com\/#organization\",\"name\":\"Limit Gamers\",\"url\":\"https:\/\/limitgamers.com\/\",\"logo\":{\"@type\":\"ImageObject\",\"inLanguage\":\"es\",\"@id\":\"https:\/\/limitgamers.com\/#\/schema\/logo\/image\/\",\"url\":\"https:\/\/limitgamers.com\/wp-content\/uploads\/2016\/02\/limitgamers.jpg\",\"contentUrl\":\"https:\/\/limitgamers.com\/wp-content\/uploads\/2016\/02\/limitgamers.jpg\",\"width\":1712,\"height\":145,\"caption\":\"Limit Gamers\"},\"image\":{\"@id\":\"https:\/\/limitgamers.com\/#\/schema\/logo\/image\/\"},\"sameAs\":[\"https:\/\/www.facebook.com\/limitgamers\/\",\"https:\/\/x.com\/limit_gamers\",\"https:\/\/www.instagram.com\/limit_gamers\/\",\"http:\/\/www.youtube.com\/c\/Limitgamers\"]}]}<\/script>\n<!-- \/ Yoast SEO plugin. -->","yoast_head_json":{"title":"FICHA ARCADE GAME SERIES","description":"Llega Arcade Game Series, una colecci\u00f3n de los cl\u00e1sicos de Atari 2600 donde incluye los juegos Pac-Man, Ms. Pac-Man, Galaga y DigDug. Una fant\u00e1stica","robots":{"index":"index","follow":"follow","max-snippet":"max-snippet:-1","max-image-preview":"max-image-preview:large","max-video-preview":"max-video-preview:-1"},"canonical":"https:\/\/limitgamers.com\/index.php\/arcade-game-series-2\/","og_locale":"es_ES","og_type":"article","og_title":"FICHA ARCADE GAME SERIES","og_description":"Llega Arcade Game Series, una colecci\u00f3n de los cl\u00e1sicos de Atari 2600 donde incluye los juegos Pac-Man, Ms. Pac-Man, Galaga y DigDug. Una fant\u00e1stica","og_url":"https:\/\/limitgamers.com\/index.php\/arcade-game-series-2\/","og_site_name":"LIMIT GAMERS","article_publisher":"https:\/\/www.facebook.com\/limitgamers\/","article_modified_time":"2016-06-28T23:22:03+00:00","og_image":[{"width":1280,"height":720,"url":"https:\/\/limitgamers.com\/wp-content\/uploads\/2016\/06\/PREVIEW_SCREENSHOT1_114336.jpg","type":"image\/jpeg"}],"twitter_card":"summary_large_image","twitter_site":"@limit_gamers","schema":{"@context":"https:\/\/schema.org","@graph":[{"@type":"WebPage","@id":"https:\/\/limitgamers.com\/index.php\/arcade-game-series-2\/","url":"https:\/\/limitgamers.com\/index.php\/arcade-game-series-2\/","name":"FICHA ARCADE GAME SERIES","isPartOf":{"@id":"https:\/\/limitgamers.com\/#website"},"primaryImageOfPage":{"@id":"https:\/\/limitgamers.com\/index.php\/arcade-game-series-2\/#primaryimage"},"image":{"@id":"https:\/\/limitgamers.com\/index.php\/arcade-game-series-2\/#primaryimage"},"thumbnailUrl":"https:\/\/limitgamers.com\/wp-content\/uploads\/2016\/06\/PREVIEW_SCREENSHOT1_114336.jpg","datePublished":"2016-06-24T22:05:06+00:00","dateModified":"2016-06-28T23:22:03+00:00","description":"Llega Arcade Game Series, una colecci\u00f3n de los cl\u00e1sicos de Atari 2600 donde incluye los juegos Pac-Man, Ms. Pac-Man, Galaga y DigDug. Una fant\u00e1stica","breadcrumb":{"@id":"https:\/\/limitgamers.com\/index.php\/arcade-game-series-2\/#breadcrumb"},"inLanguage":"es","potentialAction":[{"@type":"ReadAction","target":["https:\/\/limitgamers.com\/index.php\/arcade-game-series-2\/"]}]},{"@type":"ImageObject","inLanguage":"es","@id":"https:\/\/limitgamers.com\/index.php\/arcade-game-series-2\/#primaryimage","url":"https:\/\/limitgamers.com\/wp-content\/uploads\/2016\/06\/PREVIEW_SCREENSHOT1_114336.jpg","contentUrl":"https:\/\/limitgamers.com\/wp-content\/uploads\/2016\/06\/PREVIEW_SCREENSHOT1_114336.jpg","width":1280,"height":720},{"@type":"BreadcrumbList","@id":"https:\/\/limitgamers.com\/index.php\/arcade-game-series-2\/#breadcrumb","itemListElement":[{"@type":"ListItem","position":1,"name":"Portada","item":"https:\/\/limitgamers.com\/"},{"@type":"ListItem","position":2,"name":"Arcade Game Series"}]},{"@type":"WebSite","@id":"https:\/\/limitgamers.com\/#website","url":"https:\/\/limitgamers.com\/","name":"LIMIT GAMERS","description":"Bienvenido Gamers!","publisher":{"@id":"https:\/\/limitgamers.com\/#organization"},"potentialAction":[{"@type":"SearchAction","target":{"@type":"EntryPoint","urlTemplate":"https:\/\/limitgamers.com\/?s={search_term_string}"},"query-input":{"@type":"PropertyValueSpecification","valueRequired":true,"valueName":"search_term_string"}}],"inLanguage":"es"},{"@type":"Organization","@id":"https:\/\/limitgamers.com\/#organization","name":"Limit Gamers","url":"https:\/\/limitgamers.com\/","logo":{"@type":"ImageObject","inLanguage":"es","@id":"https:\/\/limitgamers.com\/#\/schema\/logo\/image\/","url":"https:\/\/limitgamers.com\/wp-content\/uploads\/2016\/02\/limitgamers.jpg","contentUrl":"https:\/\/limitgamers.com\/wp-content\/uploads\/2016\/02\/limitgamers.jpg","width":1712,"height":145,"caption":"Limit Gamers"},"image":{"@id":"https:\/\/limitgamers.com\/#\/schema\/logo\/image\/"},"sameAs":["https:\/\/www.facebook.com\/limitgamers\/","https:\/\/x.com\/limit_gamers","https:\/\/www.instagram.com\/limit_gamers\/","http:\/\/www.youtube.com\/c\/Limitgamers"]}]}},"_links":{"self":[{"href":"https:\/\/limitgamers.com\/index.php\/wp-json\/wp\/v2\/pages\/7466","targetHints":{"allow":["GET"]}}],"collection":[{"href":"https:\/\/limitgamers.com\/index.php\/wp-json\/wp\/v2\/pages"}],"about":[{"href":"https:\/\/limitgamers.com\/index.php\/wp-json\/wp\/v2\/types\/page"}],"author":[{"embeddable":true,"href":"https:\/\/limitgamers.com\/index.php\/wp-json\/wp\/v2\/users\/1"}],"replies":[{"embeddable":true,"href":"https:\/\/limitgamers.com\/index.php\/wp-json\/wp\/v2\/comments?post=7466"}],"version-history":[{"count":0,"href":"https:\/\/limitgamers.com\/index.php\/wp-json\/wp\/v2\/pages\/7466\/revisions"}],"wp:featuredmedia":[{"embeddable":true,"href":"https:\/\/limitgamers.com\/index.php\/wp-json\/wp\/v2\/media\/7467"}],"wp:attachment":[{"href":"https:\/\/limitgamers.com\/index.php\/wp-json\/wp\/v2\/media?parent=7466"}],"wp:term":[{"taxonomy":"post_tag","embeddable":true,"href":"https:\/\/limitgamers.com\/index.php\/wp-json\/wp\/v2\/tags?post=7466"},{"taxonomy":"gp_hubs","embeddable":true,"href":"https:\/\/limitgamers.com\/index.php\/wp-json\/wp\/v2\/gp_hubs?post=7466"},{"taxonomy":"fecha-lanzamiento","embeddable":true,"href":"https:\/\/limitgamers.com\/index.php\/wp-json\/wp\/v2\/fecha-lanzamiento?post=7466"},{"taxonomy":"genero","embeddable":true,"href":"https:\/\/limitgamers.com\/index.php\/wp-json\/wp\/v2\/genero?post=7466"},{"taxonomy":"recomendacion-edad","embeddable":true,"href":"https:\/\/limitgamers.com\/index.php\/wp-json\/wp\/v2\/recomendacion-edad?post=7466"},{"taxonomy":"compania","embeddable":true,"href":"https:\/\/limitgamers.com\/index.php\/wp-json\/wp\/v2\/compania?post=7466"},{"taxonomy":"publicado","embeddable":true,"href":"https:\/\/limitgamers.com\/index.php\/wp-json\/wp\/v2\/publicado?post=7466"}],"curies":[{"name":"wp","href":"https:\/\/api.w.org\/{rel}","templated":true}]}}