{"id":5869,"date":"2016-04-25T01:06:58","date_gmt":"2016-04-24T23:06:58","guid":{"rendered":"http:\/\/limitgamers.com\/?page_id=5869"},"modified":"2016-04-25T01:09:41","modified_gmt":"2016-04-24T23:09:41","slug":"estreno-pelicula-ratchet-clank","status":"publish","type":"page","link":"https:\/\/limitgamers.com\/index.php\/estreno-pelicula-ratchet-clank\/","title":{"rendered":"Estreno Pelicula Ratchet &#038; Clank el 29 de Abril"},"content":{"rendered":"<p>La pel\u00edcula basada en el aclamado videojuego de Insomniac Games, Ratchet &amp; Clank, se estrenara este viernes en los cines,\u00a0nos contara\u00a0la historia de la pareja formada por Ratchet (el ultimo de su especie)y el robot Clank en la lucha contra el villano Chairman Drek, en donde este ultimo intentara\u00a0destruir los planetas de la galaxia Soana y nuestros h\u00e9roes intentaran detenerlo,mientrasdescubren la importancia de su amistad, no faltara los situaciones c\u00f3micas presentes en el videojuego que naci\u00f3 en los antiguos circuitos de nuestra querida PlayStation 2, una pel\u00edcula apta\u00a0tanto para los peques de la caso como los mas mayores.<\/p>\n<p>Mientras tanto os dejamos el trailer oficial para ir abriendo boca:<\/p>\n\n<div data-mode=\"normal\" data-provider=\"iframe\" id=\"arve-iframe-httpswwwyoutubecomembed55hi1e4spqy\" style=\"max-width:560px;\" class=\"arve\">\n\t<div class=\"arve-inner\">\n\t\t<div class=\"arve-embed arve-embed--has-aspect-ratio\">\n\t\t\t<div class=\"arve-ar\" style=\"padding-top:56.250000%\"><\/div>\n\t\t\t<iframe allow=\"accelerometer &apos;none&apos;;autoplay &apos;none&apos;;bluetooth &apos;none&apos;;browsing-topics &apos;none&apos;;camera &apos;none&apos;;clipboard-read &apos;none&apos;;clipboard-write;display-capture &apos;none&apos;;encrypted-media &apos;none&apos;;gamepad &apos;none&apos;;geolocation &apos;none&apos;;gyroscope &apos;none&apos;;hid &apos;none&apos;;identity-credentials-get &apos;none&apos;;idle-detection &apos;none&apos;;keyboard-map &apos;none&apos;;local-fonts;magnetometer &apos;none&apos;;microphone &apos;none&apos;;midi &apos;none&apos;;otp-credentials &apos;none&apos;;payment &apos;none&apos;;picture-in-picture;publickey-credentials-create &apos;none&apos;;publickey-credentials-get &apos;none&apos;;screen-wake-lock &apos;none&apos;;serial &apos;none&apos;;summarizer &apos;none&apos;;sync-xhr;usb &apos;none&apos;;web-share;window-management &apos;none&apos;;xr-spatial-tracking &apos;none&apos;;\" allowfullscreen=\"\" class=\"arve-iframe fitvidsignore\" credentialless data-arve=\"arve-iframe-httpswwwyoutubecomembed55hi1e4spqy\" data-lenis-prevent=\"\" data-src-no-ap=\"https:\/\/www.youtube.com\/embed\/55hI1e4spqY\" frameborder=\"0\" height=\"315\" loading=\"lazy\" name=\"\" referrerpolicy=\"no-referrer\" sandbox=\"allow-scripts allow-same-origin allow-presentation allow-popups allow-popups-to-escape-sandbox\" scrolling=\"no\" src=\"https:\/\/www.youtube.com\/embed\/55hI1e4spqY\" title=\"\" width=\"560\"><\/iframe>\n\t\t\t\n\t\t<\/div>\n\t\t\n\t<\/div>\n\t\n\t\n\t<script type=\"application\/ld+json\">{\"@context\":\"http:\\\/\\\/schema.org\\\/\",\"@id\":\"https:\\\/\\\/limitgamers.com\\\/index.php\\\/estreno-pelicula-ratchet-clank\\\/#arve-iframe-httpswwwyoutubecomembed55hi1e4spqy\",\"type\":\"VideoObject\",\"embedURL\":\"https:\\\/\\\/www.youtube.com\\\/embed\\\/55hI1e4spqY\"}<\/script>\n\t\n<\/div>\n<p>&nbsp;<\/p>\n","protected":false},"excerpt":{"rendered":"<p>La pel\u00edcula basada en el aclamado videojuego de Insomniac Games, Ratchet &amp; Clank, se estrenara este viernes en los cines,\u00a0nos contara\u00a0la historia de la pareja formada por Ratchet (el ultimo de su especie)y el robot Clank en la lucha contra el villano Chairman Drek, en donde este ultimo intentara\u00a0destruir los planetas de la galaxia Soana y nuestros h\u00e9roes intentaran detenerlo,mientrasdescubren la importancia de su amistad, no faltara los situaciones c\u00f3micas presentes en el videojuego que naci\u00f3 en los antiguos circuitos de nuestra querida PlayStation 2, una pel\u00edcula apta\u00a0tanto para los peques de la caso como los mas mayores. Mientras tanto os dejamos el trailer oficial para ir abriendo boca: &nbsp;<\/p>\n","protected":false},"author":1,"featured_media":5870,"parent":0,"menu_order":0,"comment_status":"open","ping_status":"closed","template":"news-template.php","meta":{"footnotes":""},"tags":[305],"gp_hubs":[],"fecha-lanzamiento":[],"genero":[],"recomendacion-edad":[],"compania":[],"publicado":[],"class_list":{"0":"post-5869","1":"page","2":"type-page","3":"status-publish","4":"has-post-thumbnail","6":"tag-ratchet-clank"},"yoast_head":"<!-- This site is optimized with the Yoast SEO plugin v26.8 - https:\/\/yoast.com\/product\/yoast-seo-wordpress\/ -->\n<title>Estreno Pelicula Ratchet &amp; Clank el 29 de Abril &#8211; LIMIT GAMERS<\/title>\n<meta name=\"robots\" content=\"index, follow, max-snippet:-1, max-image-preview:large, max-video-preview:-1\" \/>\n<link rel=\"canonical\" href=\"https:\/\/limitgamers.com\/index.php\/estreno-pelicula-ratchet-clank\/\" \/>\n<meta property=\"og:locale\" content=\"es_ES\" \/>\n<meta property=\"og:type\" content=\"article\" \/>\n<meta property=\"og:title\" content=\"Estreno Pelicula Ratchet &amp; Clank el 29 de Abril &#8211; LIMIT GAMERS\" \/>\n<meta property=\"og:description\" content=\"La pel\u00edcula basada en el aclamado videojuego de Insomniac Games, Ratchet &amp; Clank, se estrenara este viernes en los cines,\u00a0nos contara\u00a0la historia de la pareja formada por Ratchet (el ultimo de su especie)y el robot Clank en la lucha contra el villano Chairman Drek, en donde este ultimo intentara\u00a0destruir los planetas de la galaxia Soana y nuestros h\u00e9roes intentaran detenerlo,mientrasdescubren la importancia de su amistad, no faltara los situaciones c\u00f3micas presentes en el videojuego que naci\u00f3 en los antiguos circuitos de nuestra querida PlayStation 2, una pel\u00edcula apta\u00a0tanto para los peques de la caso como los mas mayores. Mientras tanto os dejamos el trailer oficial para ir abriendo boca: &nbsp;\" \/>\n<meta property=\"og:url\" content=\"https:\/\/limitgamers.com\/index.php\/estreno-pelicula-ratchet-clank\/\" \/>\n<meta property=\"og:site_name\" content=\"LIMIT GAMERS\" \/>\n<meta property=\"article:publisher\" content=\"https:\/\/www.facebook.com\/limitgamers\/\" \/>\n<meta property=\"article:modified_time\" content=\"2016-04-24T23:09:41+00:00\" \/>\n<meta property=\"og:image\" content=\"https:\/\/limitgamers.com\/wp-content\/uploads\/2016\/04\/Poster-Ratchet-Clank-La-Pelicula.jpg\" \/>\n\t<meta property=\"og:image:width\" content=\"886\" \/>\n\t<meta property=\"og:image:height\" content=\"1285\" \/>\n\t<meta property=\"og:image:type\" content=\"image\/jpeg\" \/>\n<meta name=\"twitter:card\" content=\"summary_large_image\" \/>\n<meta name=\"twitter:site\" content=\"@limit_gamers\" \/>\n<meta name=\"twitter:label1\" content=\"Tiempo de lectura\" \/>\n\t<meta name=\"twitter:data1\" content=\"1 minuto\" \/>\n<script type=\"application\/ld+json\" class=\"yoast-schema-graph\">{\"@context\":\"https:\/\/schema.org\",\"@graph\":[{\"@type\":\"WebPage\",\"@id\":\"https:\/\/limitgamers.com\/index.php\/estreno-pelicula-ratchet-clank\/\",\"url\":\"https:\/\/limitgamers.com\/index.php\/estreno-pelicula-ratchet-clank\/\",\"name\":\"Estreno Pelicula Ratchet & Clank el 29 de Abril &#8211; LIMIT GAMERS\",\"isPartOf\":{\"@id\":\"https:\/\/limitgamers.com\/#website\"},\"primaryImageOfPage\":{\"@id\":\"https:\/\/limitgamers.com\/index.php\/estreno-pelicula-ratchet-clank\/#primaryimage\"},\"image\":{\"@id\":\"https:\/\/limitgamers.com\/index.php\/estreno-pelicula-ratchet-clank\/#primaryimage\"},\"thumbnailUrl\":\"https:\/\/limitgamers.com\/wp-content\/uploads\/2016\/04\/Poster-Ratchet-Clank-La-Pelicula.jpg\",\"datePublished\":\"2016-04-24T23:06:58+00:00\",\"dateModified\":\"2016-04-24T23:09:41+00:00\",\"breadcrumb\":{\"@id\":\"https:\/\/limitgamers.com\/index.php\/estreno-pelicula-ratchet-clank\/#breadcrumb\"},\"inLanguage\":\"es\",\"potentialAction\":[{\"@type\":\"ReadAction\",\"target\":[\"https:\/\/limitgamers.com\/index.php\/estreno-pelicula-ratchet-clank\/\"]}]},{\"@type\":\"ImageObject\",\"inLanguage\":\"es\",\"@id\":\"https:\/\/limitgamers.com\/index.php\/estreno-pelicula-ratchet-clank\/#primaryimage\",\"url\":\"https:\/\/limitgamers.com\/wp-content\/uploads\/2016\/04\/Poster-Ratchet-Clank-La-Pelicula.jpg\",\"contentUrl\":\"https:\/\/limitgamers.com\/wp-content\/uploads\/2016\/04\/Poster-Ratchet-Clank-La-Pelicula.jpg\",\"width\":886,\"height\":1285},{\"@type\":\"BreadcrumbList\",\"@id\":\"https:\/\/limitgamers.com\/index.php\/estreno-pelicula-ratchet-clank\/#breadcrumb\",\"itemListElement\":[{\"@type\":\"ListItem\",\"position\":1,\"name\":\"Portada\",\"item\":\"https:\/\/limitgamers.com\/\"},{\"@type\":\"ListItem\",\"position\":2,\"name\":\"Estreno Pelicula Ratchet &#038; Clank el 29 de Abril\"}]},{\"@type\":\"WebSite\",\"@id\":\"https:\/\/limitgamers.com\/#website\",\"url\":\"https:\/\/limitgamers.com\/\",\"name\":\"LIMIT GAMERS\",\"description\":\"Bienvenido Gamers!\",\"publisher\":{\"@id\":\"https:\/\/limitgamers.com\/#organization\"},\"potentialAction\":[{\"@type\":\"SearchAction\",\"target\":{\"@type\":\"EntryPoint\",\"urlTemplate\":\"https:\/\/limitgamers.com\/?s={search_term_string}\"},\"query-input\":{\"@type\":\"PropertyValueSpecification\",\"valueRequired\":true,\"valueName\":\"search_term_string\"}}],\"inLanguage\":\"es\"},{\"@type\":\"Organization\",\"@id\":\"https:\/\/limitgamers.com\/#organization\",\"name\":\"Limit Gamers\",\"url\":\"https:\/\/limitgamers.com\/\",\"logo\":{\"@type\":\"ImageObject\",\"inLanguage\":\"es\",\"@id\":\"https:\/\/limitgamers.com\/#\/schema\/logo\/image\/\",\"url\":\"https:\/\/limitgamers.com\/wp-content\/uploads\/2016\/02\/limitgamers.jpg\",\"contentUrl\":\"https:\/\/limitgamers.com\/wp-content\/uploads\/2016\/02\/limitgamers.jpg\",\"width\":1712,\"height\":145,\"caption\":\"Limit Gamers\"},\"image\":{\"@id\":\"https:\/\/limitgamers.com\/#\/schema\/logo\/image\/\"},\"sameAs\":[\"https:\/\/www.facebook.com\/limitgamers\/\",\"https:\/\/x.com\/limit_gamers\",\"https:\/\/www.instagram.com\/limit_gamers\/\",\"http:\/\/www.youtube.com\/c\/Limitgamers\"]}]}<\/script>\n<!-- \/ Yoast SEO plugin. -->","yoast_head_json":{"title":"Estreno Pelicula Ratchet & Clank el 29 de Abril &#8211; LIMIT GAMERS","robots":{"index":"index","follow":"follow","max-snippet":"max-snippet:-1","max-image-preview":"max-image-preview:large","max-video-preview":"max-video-preview:-1"},"canonical":"https:\/\/limitgamers.com\/index.php\/estreno-pelicula-ratchet-clank\/","og_locale":"es_ES","og_type":"article","og_title":"Estreno Pelicula Ratchet & Clank el 29 de Abril &#8211; LIMIT GAMERS","og_description":"La pel\u00edcula basada en el aclamado videojuego de Insomniac Games, Ratchet &amp; Clank, se estrenara este viernes en los cines,\u00a0nos contara\u00a0la historia de la pareja formada por Ratchet (el ultimo de su especie)y el robot Clank en la lucha contra el villano Chairman Drek, en donde este ultimo intentara\u00a0destruir los planetas de la galaxia Soana y nuestros h\u00e9roes intentaran detenerlo,mientrasdescubren la importancia de su amistad, no faltara los situaciones c\u00f3micas presentes en el videojuego que naci\u00f3 en los antiguos circuitos de nuestra querida PlayStation 2, una pel\u00edcula apta\u00a0tanto para los peques de la caso como los mas mayores. Mientras tanto os dejamos el trailer oficial para ir abriendo boca: &nbsp;","og_url":"https:\/\/limitgamers.com\/index.php\/estreno-pelicula-ratchet-clank\/","og_site_name":"LIMIT GAMERS","article_publisher":"https:\/\/www.facebook.com\/limitgamers\/","article_modified_time":"2016-04-24T23:09:41+00:00","og_image":[{"width":886,"height":1285,"url":"https:\/\/limitgamers.com\/wp-content\/uploads\/2016\/04\/Poster-Ratchet-Clank-La-Pelicula.jpg","type":"image\/jpeg"}],"twitter_card":"summary_large_image","twitter_site":"@limit_gamers","twitter_misc":{"Tiempo de lectura":"1 minuto"},"schema":{"@context":"https:\/\/schema.org","@graph":[{"@type":"WebPage","@id":"https:\/\/limitgamers.com\/index.php\/estreno-pelicula-ratchet-clank\/","url":"https:\/\/limitgamers.com\/index.php\/estreno-pelicula-ratchet-clank\/","name":"Estreno Pelicula Ratchet & Clank el 29 de Abril &#8211; LIMIT GAMERS","isPartOf":{"@id":"https:\/\/limitgamers.com\/#website"},"primaryImageOfPage":{"@id":"https:\/\/limitgamers.com\/index.php\/estreno-pelicula-ratchet-clank\/#primaryimage"},"image":{"@id":"https:\/\/limitgamers.com\/index.php\/estreno-pelicula-ratchet-clank\/#primaryimage"},"thumbnailUrl":"https:\/\/limitgamers.com\/wp-content\/uploads\/2016\/04\/Poster-Ratchet-Clank-La-Pelicula.jpg","datePublished":"2016-04-24T23:06:58+00:00","dateModified":"2016-04-24T23:09:41+00:00","breadcrumb":{"@id":"https:\/\/limitgamers.com\/index.php\/estreno-pelicula-ratchet-clank\/#breadcrumb"},"inLanguage":"es","potentialAction":[{"@type":"ReadAction","target":["https:\/\/limitgamers.com\/index.php\/estreno-pelicula-ratchet-clank\/"]}]},{"@type":"ImageObject","inLanguage":"es","@id":"https:\/\/limitgamers.com\/index.php\/estreno-pelicula-ratchet-clank\/#primaryimage","url":"https:\/\/limitgamers.com\/wp-content\/uploads\/2016\/04\/Poster-Ratchet-Clank-La-Pelicula.jpg","contentUrl":"https:\/\/limitgamers.com\/wp-content\/uploads\/2016\/04\/Poster-Ratchet-Clank-La-Pelicula.jpg","width":886,"height":1285},{"@type":"BreadcrumbList","@id":"https:\/\/limitgamers.com\/index.php\/estreno-pelicula-ratchet-clank\/#breadcrumb","itemListElement":[{"@type":"ListItem","position":1,"name":"Portada","item":"https:\/\/limitgamers.com\/"},{"@type":"ListItem","position":2,"name":"Estreno Pelicula Ratchet &#038; Clank el 29 de Abril"}]},{"@type":"WebSite","@id":"https:\/\/limitgamers.com\/#website","url":"https:\/\/limitgamers.com\/","name":"LIMIT GAMERS","description":"Bienvenido Gamers!","publisher":{"@id":"https:\/\/limitgamers.com\/#organization"},"potentialAction":[{"@type":"SearchAction","target":{"@type":"EntryPoint","urlTemplate":"https:\/\/limitgamers.com\/?s={search_term_string}"},"query-input":{"@type":"PropertyValueSpecification","valueRequired":true,"valueName":"search_term_string"}}],"inLanguage":"es"},{"@type":"Organization","@id":"https:\/\/limitgamers.com\/#organization","name":"Limit Gamers","url":"https:\/\/limitgamers.com\/","logo":{"@type":"ImageObject","inLanguage":"es","@id":"https:\/\/limitgamers.com\/#\/schema\/logo\/image\/","url":"https:\/\/limitgamers.com\/wp-content\/uploads\/2016\/02\/limitgamers.jpg","contentUrl":"https:\/\/limitgamers.com\/wp-content\/uploads\/2016\/02\/limitgamers.jpg","width":1712,"height":145,"caption":"Limit Gamers"},"image":{"@id":"https:\/\/limitgamers.com\/#\/schema\/logo\/image\/"},"sameAs":["https:\/\/www.facebook.com\/limitgamers\/","https:\/\/x.com\/limit_gamers","https:\/\/www.instagram.com\/limit_gamers\/","http:\/\/www.youtube.com\/c\/Limitgamers"]}]}},"_links":{"self":[{"href":"https:\/\/limitgamers.com\/index.php\/wp-json\/wp\/v2\/pages\/5869","targetHints":{"allow":["GET"]}}],"collection":[{"href":"https:\/\/limitgamers.com\/index.php\/wp-json\/wp\/v2\/pages"}],"about":[{"href":"https:\/\/limitgamers.com\/index.php\/wp-json\/wp\/v2\/types\/page"}],"author":[{"embeddable":true,"href":"https:\/\/limitgamers.com\/index.php\/wp-json\/wp\/v2\/users\/1"}],"replies":[{"embeddable":true,"href":"https:\/\/limitgamers.com\/index.php\/wp-json\/wp\/v2\/comments?post=5869"}],"version-history":[{"count":0,"href":"https:\/\/limitgamers.com\/index.php\/wp-json\/wp\/v2\/pages\/5869\/revisions"}],"wp:featuredmedia":[{"embeddable":true,"href":"https:\/\/limitgamers.com\/index.php\/wp-json\/wp\/v2\/media\/5870"}],"wp:attachment":[{"href":"https:\/\/limitgamers.com\/index.php\/wp-json\/wp\/v2\/media?parent=5869"}],"wp:term":[{"taxonomy":"post_tag","embeddable":true,"href":"https:\/\/limitgamers.com\/index.php\/wp-json\/wp\/v2\/tags?post=5869"},{"taxonomy":"gp_hubs","embeddable":true,"href":"https:\/\/limitgamers.com\/index.php\/wp-json\/wp\/v2\/gp_hubs?post=5869"},{"taxonomy":"fecha-lanzamiento","embeddable":true,"href":"https:\/\/limitgamers.com\/index.php\/wp-json\/wp\/v2\/fecha-lanzamiento?post=5869"},{"taxonomy":"genero","embeddable":true,"href":"https:\/\/limitgamers.com\/index.php\/wp-json\/wp\/v2\/genero?post=5869"},{"taxonomy":"recomendacion-edad","embeddable":true,"href":"https:\/\/limitgamers.com\/index.php\/wp-json\/wp\/v2\/recomendacion-edad?post=5869"},{"taxonomy":"compania","embeddable":true,"href":"https:\/\/limitgamers.com\/index.php\/wp-json\/wp\/v2\/compania?post=5869"},{"taxonomy":"publicado","embeddable":true,"href":"https:\/\/limitgamers.com\/index.php\/wp-json\/wp\/v2\/publicado?post=5869"}],"curies":[{"name":"wp","href":"https:\/\/api.w.org\/{rel}","templated":true}]}}