{"id":5461,"date":"2016-04-01T02:38:39","date_gmt":"2016-04-01T00:38:39","guid":{"rendered":"http:\/\/limitgamers.com\/?page_id=5461"},"modified":"2016-04-03T02:15:29","modified_gmt":"2016-04-03T00:15:29","slug":"5461-2","status":"publish","type":"page","link":"https:\/\/limitgamers.com\/index.php\/5461-2\/","title":{"rendered":"An\u00e1lisis:  Final Fantasy XV Brotherhood"},"content":{"rendered":"<p>Analizamos el primer capitulo del anime de Final Fantasy XV Brotherhood, con el hype por las nubes, es una manera de ir poniendo la miel en los labios a la insaciable comunidad de fans.<\/p>\n<p>Antes de empezar, recalcar que dar\u00e9 mi opini\u00f3n en base a lo que es, un anime, sin tener en cuenta el juego ya que ni sali\u00f3 y servir\u00e1 de precuela para este.<\/p>\n<p>El t\u00edtulo de este primer cap\u00edtulo es \u201cAntes de la tormenta\u201d con una duraci\u00f3n de 12 minutos. En sus primeros minutos vemos en un sue\u00f1o de Noctis como fue salvado al borde de la muerte cuando era peque\u00f1o. Al despertar, lo vemos viajando en coche con otras 3 personas que nos presentan superficialmente.<\/p>\n<p>Si algo no le falta al cap\u00edtulo es acci\u00f3n, por lo menos teniendo en cuenta su duraci\u00f3n, pr\u00e1cticamente la mitad son combates.<\/p>\n<p>En este cap\u00edtulo se hechan en falta varias cosas, que no por ello son negativas, depende de como se vayan desarrollando en siguientes cap\u00edtulos; no se explica nada del mundo en el que se desarrolla la historia, todo queda a la imaginaci\u00f3n y suposiciones del espectador por las conversaciones que mantienen; los poderes de los protagonistas ni dicen ni insin\u00faan de que proceden, si son m\u00e1gicos&#8230;.; no deja claro que clase de relaci\u00f3n hay entre los protagonistas. Como ya he dicho esto no tiene por que ser algo negativo dependiendo de como contin\u00faen los siguientes, sin embargo si podr\u00edan haber renunciado un poco a la acci\u00f3n para aclarar un poco al menos los personajes y crear empat\u00eda hacia ellos.<\/p>\n<p>Si quer\u00e9is ver el cap\u00edtulo lo ten\u00e9is en nuestro <a href=\"http:\/\/limitgamers.com\/index.php\/especial-final-fantasy-xv\/\" target=\"_blank\">especial de Final Fantasy XV<\/a>, y pod\u00e9is seguirlos todos en el <a href=\"https:\/\/www.youtube.com\/channel\/UCQSuIHSbDFH6Enz3AXeUHaA\" target=\"_blank\">canal oficial del juego en youtube.<\/a><\/p>\n","protected":false},"excerpt":{"rendered":"<p>Analizamos el primer capitulo del anime de Final Fantasy XV Brotherhood, con el hype por las nubes, es una manera de ir poniendo la miel en los labios a la insaciable comunidad de fans. Antes de empezar, recalcar que dar\u00e9 mi opini\u00f3n en base a lo que es, un anime, sin tener en cuenta el juego ya que ni sali\u00f3 y servir\u00e1 de precuela para este. El t\u00edtulo de este primer cap\u00edtulo es \u201cAntes de la tormenta\u201d con una duraci\u00f3n de 12 minutos. En sus primeros minutos vemos en un sue\u00f1o de Noctis como fue salvado al borde de la muerte cuando era peque\u00f1o. Al despertar, lo vemos viajando en coche con otras 3 personas que nos presentan superficialmente. Si algo no le falta al cap\u00edtulo es acci\u00f3n, por lo menos teniendo en cuenta su duraci\u00f3n, pr\u00e1cticamente la mitad son combates. En este cap\u00edtulo se hechan en falta varias cosas, que no por ello son negativas, depende de como se vayan desarrollando en siguientes cap\u00edtulos; no se explica nada del mundo en el que se desarrolla la historia, todo queda a la imaginaci\u00f3n y suposiciones del espectador por las conversaciones que mantienen; los poderes de los protagonistas ni dicen ni insin\u00faan de que proceden, si son m\u00e1gicos&#8230;.; no deja claro que clase de relaci\u00f3n hay entre los protagonistas. Como ya he dicho esto no tiene por que ser algo negativo dependiendo de como contin\u00faen los siguientes, sin embargo si podr\u00edan haber renunciado un poco a la acci\u00f3n para aclarar un poco al menos los personajes y crear empat\u00eda hacia ellos. Si quer\u00e9is ver el cap\u00edtulo lo ten\u00e9is en nuestro especial de Final Fantasy XV, y pod\u00e9is seguirlos todos en el canal oficial del juego en youtube.<\/p>\n","protected":false},"author":7,"featured_media":5462,"parent":0,"menu_order":0,"comment_status":"open","ping_status":"closed","template":"review-template.php","meta":{"footnotes":""},"tags":[196,195],"gp_hubs":[123],"fecha-lanzamiento":[],"genero":[],"recomendacion-edad":[],"compania":[],"publicado":[],"class_list":{"0":"post-5461","1":"page","2":"type-page","3":"status-publish","4":"has-post-thumbnail","6":"tag-anime","7":"tag-final-fantasy-xv","8":"gp_hubs-videos"},"yoast_head":"<!-- This site is optimized with the Yoast SEO plugin v26.8 - https:\/\/yoast.com\/product\/yoast-seo-wordpress\/ -->\n<title>Final Fantasy XV Brotherhood an\u00e1lisis 1\u00aacap\u00edtulo, Limitgamers.com<\/title>\n<meta name=\"description\" content=\"Analizamos el primer cap\u00edtulo del anime de Final Fantasy XV Brotherhood, todos nuestras impresiones despues tras el evento Uncovered de Square Enix.\" \/>\n<meta name=\"robots\" content=\"index, follow, max-snippet:-1, max-image-preview:large, max-video-preview:-1\" \/>\n<link rel=\"canonical\" href=\"https:\/\/limitgamers.com\/index.php\/5461-2\/\" \/>\n<meta property=\"og:locale\" content=\"es_ES\" \/>\n<meta property=\"og:type\" content=\"article\" \/>\n<meta property=\"og:title\" content=\"Final Fantasy XV Brotherhood an\u00e1lisis 1\u00aacap\u00edtulo, Limitgamers.com\" \/>\n<meta property=\"og:description\" content=\"Analizamos el primer cap\u00edtulo del anime de Final Fantasy XV Brotherhood, todos nuestras impresiones despues tras el evento Uncovered de Square Enix.\" \/>\n<meta property=\"og:url\" content=\"https:\/\/limitgamers.com\/index.php\/5461-2\/\" \/>\n<meta property=\"og:site_name\" content=\"LIMIT GAMERS\" \/>\n<meta property=\"article:publisher\" content=\"https:\/\/www.facebook.com\/limitgamers\/\" \/>\n<meta property=\"article:modified_time\" content=\"2016-04-03T00:15:29+00:00\" \/>\n<meta property=\"og:image\" content=\"https:\/\/limitgamers.com\/wp-content\/uploads\/2016\/04\/final-fantasy-15-brotherhood-anime-series-announce_utpt.640.jpg\" \/>\n\t<meta property=\"og:image:width\" content=\"600\" \/>\n\t<meta property=\"og:image:height\" content=\"334\" \/>\n\t<meta property=\"og:image:type\" content=\"image\/jpeg\" \/>\n<meta name=\"twitter:card\" content=\"summary_large_image\" \/>\n<meta name=\"twitter:site\" content=\"@limit_gamers\" \/>\n<meta name=\"twitter:label1\" content=\"Tiempo de lectura\" \/>\n\t<meta name=\"twitter:data1\" content=\"2 minutos\" \/>\n<script type=\"application\/ld+json\" class=\"yoast-schema-graph\">{\"@context\":\"https:\/\/schema.org\",\"@graph\":[{\"@type\":\"WebPage\",\"@id\":\"https:\/\/limitgamers.com\/index.php\/5461-2\/\",\"url\":\"https:\/\/limitgamers.com\/index.php\/5461-2\/\",\"name\":\"Final Fantasy XV Brotherhood an\u00e1lisis 1\u00aacap\u00edtulo, Limitgamers.com\",\"isPartOf\":{\"@id\":\"https:\/\/limitgamers.com\/#website\"},\"primaryImageOfPage\":{\"@id\":\"https:\/\/limitgamers.com\/index.php\/5461-2\/#primaryimage\"},\"image\":{\"@id\":\"https:\/\/limitgamers.com\/index.php\/5461-2\/#primaryimage\"},\"thumbnailUrl\":\"https:\/\/limitgamers.com\/wp-content\/uploads\/2016\/04\/final-fantasy-15-brotherhood-anime-series-announce_utpt.640.jpg\",\"datePublished\":\"2016-04-01T00:38:39+00:00\",\"dateModified\":\"2016-04-03T00:15:29+00:00\",\"description\":\"Analizamos el primer cap\u00edtulo del anime de Final Fantasy XV Brotherhood, todos nuestras impresiones despues tras el evento Uncovered de Square Enix.\",\"breadcrumb\":{\"@id\":\"https:\/\/limitgamers.com\/index.php\/5461-2\/#breadcrumb\"},\"inLanguage\":\"es\",\"potentialAction\":[{\"@type\":\"ReadAction\",\"target\":[\"https:\/\/limitgamers.com\/index.php\/5461-2\/\"]}]},{\"@type\":\"ImageObject\",\"inLanguage\":\"es\",\"@id\":\"https:\/\/limitgamers.com\/index.php\/5461-2\/#primaryimage\",\"url\":\"https:\/\/limitgamers.com\/wp-content\/uploads\/2016\/04\/final-fantasy-15-brotherhood-anime-series-announce_utpt.640.jpg\",\"contentUrl\":\"https:\/\/limitgamers.com\/wp-content\/uploads\/2016\/04\/final-fantasy-15-brotherhood-anime-series-announce_utpt.640.jpg\",\"width\":600,\"height\":334},{\"@type\":\"BreadcrumbList\",\"@id\":\"https:\/\/limitgamers.com\/index.php\/5461-2\/#breadcrumb\",\"itemListElement\":[{\"@type\":\"ListItem\",\"position\":1,\"name\":\"Portada\",\"item\":\"https:\/\/limitgamers.com\/\"},{\"@type\":\"ListItem\",\"position\":2,\"name\":\"An\u00e1lisis: Final Fantasy XV Brotherhood\"}]},{\"@type\":\"WebSite\",\"@id\":\"https:\/\/limitgamers.com\/#website\",\"url\":\"https:\/\/limitgamers.com\/\",\"name\":\"LIMIT GAMERS\",\"description\":\"Bienvenido Gamers!\",\"publisher\":{\"@id\":\"https:\/\/limitgamers.com\/#organization\"},\"potentialAction\":[{\"@type\":\"SearchAction\",\"target\":{\"@type\":\"EntryPoint\",\"urlTemplate\":\"https:\/\/limitgamers.com\/?s={search_term_string}\"},\"query-input\":{\"@type\":\"PropertyValueSpecification\",\"valueRequired\":true,\"valueName\":\"search_term_string\"}}],\"inLanguage\":\"es\"},{\"@type\":\"Organization\",\"@id\":\"https:\/\/limitgamers.com\/#organization\",\"name\":\"Limit Gamers\",\"url\":\"https:\/\/limitgamers.com\/\",\"logo\":{\"@type\":\"ImageObject\",\"inLanguage\":\"es\",\"@id\":\"https:\/\/limitgamers.com\/#\/schema\/logo\/image\/\",\"url\":\"https:\/\/limitgamers.com\/wp-content\/uploads\/2016\/02\/limitgamers.jpg\",\"contentUrl\":\"https:\/\/limitgamers.com\/wp-content\/uploads\/2016\/02\/limitgamers.jpg\",\"width\":1712,\"height\":145,\"caption\":\"Limit Gamers\"},\"image\":{\"@id\":\"https:\/\/limitgamers.com\/#\/schema\/logo\/image\/\"},\"sameAs\":[\"https:\/\/www.facebook.com\/limitgamers\/\",\"https:\/\/x.com\/limit_gamers\",\"https:\/\/www.instagram.com\/limit_gamers\/\",\"http:\/\/www.youtube.com\/c\/Limitgamers\"]}]}<\/script>\n<!-- \/ Yoast SEO plugin. -->","yoast_head_json":{"title":"Final Fantasy XV Brotherhood an\u00e1lisis 1\u00aacap\u00edtulo, Limitgamers.com","description":"Analizamos el primer cap\u00edtulo del anime de Final Fantasy XV Brotherhood, todos nuestras impresiones despues tras el evento Uncovered de Square Enix.","robots":{"index":"index","follow":"follow","max-snippet":"max-snippet:-1","max-image-preview":"max-image-preview:large","max-video-preview":"max-video-preview:-1"},"canonical":"https:\/\/limitgamers.com\/index.php\/5461-2\/","og_locale":"es_ES","og_type":"article","og_title":"Final Fantasy XV Brotherhood an\u00e1lisis 1\u00aacap\u00edtulo, Limitgamers.com","og_description":"Analizamos el primer cap\u00edtulo del anime de Final Fantasy XV Brotherhood, todos nuestras impresiones despues tras el evento Uncovered de Square Enix.","og_url":"https:\/\/limitgamers.com\/index.php\/5461-2\/","og_site_name":"LIMIT GAMERS","article_publisher":"https:\/\/www.facebook.com\/limitgamers\/","article_modified_time":"2016-04-03T00:15:29+00:00","og_image":[{"width":600,"height":334,"url":"https:\/\/limitgamers.com\/wp-content\/uploads\/2016\/04\/final-fantasy-15-brotherhood-anime-series-announce_utpt.640.jpg","type":"image\/jpeg"}],"twitter_card":"summary_large_image","twitter_site":"@limit_gamers","twitter_misc":{"Tiempo de lectura":"2 minutos"},"schema":{"@context":"https:\/\/schema.org","@graph":[{"@type":"WebPage","@id":"https:\/\/limitgamers.com\/index.php\/5461-2\/","url":"https:\/\/limitgamers.com\/index.php\/5461-2\/","name":"Final Fantasy XV Brotherhood an\u00e1lisis 1\u00aacap\u00edtulo, Limitgamers.com","isPartOf":{"@id":"https:\/\/limitgamers.com\/#website"},"primaryImageOfPage":{"@id":"https:\/\/limitgamers.com\/index.php\/5461-2\/#primaryimage"},"image":{"@id":"https:\/\/limitgamers.com\/index.php\/5461-2\/#primaryimage"},"thumbnailUrl":"https:\/\/limitgamers.com\/wp-content\/uploads\/2016\/04\/final-fantasy-15-brotherhood-anime-series-announce_utpt.640.jpg","datePublished":"2016-04-01T00:38:39+00:00","dateModified":"2016-04-03T00:15:29+00:00","description":"Analizamos el primer cap\u00edtulo del anime de Final Fantasy XV Brotherhood, todos nuestras impresiones despues tras el evento Uncovered de Square Enix.","breadcrumb":{"@id":"https:\/\/limitgamers.com\/index.php\/5461-2\/#breadcrumb"},"inLanguage":"es","potentialAction":[{"@type":"ReadAction","target":["https:\/\/limitgamers.com\/index.php\/5461-2\/"]}]},{"@type":"ImageObject","inLanguage":"es","@id":"https:\/\/limitgamers.com\/index.php\/5461-2\/#primaryimage","url":"https:\/\/limitgamers.com\/wp-content\/uploads\/2016\/04\/final-fantasy-15-brotherhood-anime-series-announce_utpt.640.jpg","contentUrl":"https:\/\/limitgamers.com\/wp-content\/uploads\/2016\/04\/final-fantasy-15-brotherhood-anime-series-announce_utpt.640.jpg","width":600,"height":334},{"@type":"BreadcrumbList","@id":"https:\/\/limitgamers.com\/index.php\/5461-2\/#breadcrumb","itemListElement":[{"@type":"ListItem","position":1,"name":"Portada","item":"https:\/\/limitgamers.com\/"},{"@type":"ListItem","position":2,"name":"An\u00e1lisis: Final Fantasy XV Brotherhood"}]},{"@type":"WebSite","@id":"https:\/\/limitgamers.com\/#website","url":"https:\/\/limitgamers.com\/","name":"LIMIT GAMERS","description":"Bienvenido Gamers!","publisher":{"@id":"https:\/\/limitgamers.com\/#organization"},"potentialAction":[{"@type":"SearchAction","target":{"@type":"EntryPoint","urlTemplate":"https:\/\/limitgamers.com\/?s={search_term_string}"},"query-input":{"@type":"PropertyValueSpecification","valueRequired":true,"valueName":"search_term_string"}}],"inLanguage":"es"},{"@type":"Organization","@id":"https:\/\/limitgamers.com\/#organization","name":"Limit Gamers","url":"https:\/\/limitgamers.com\/","logo":{"@type":"ImageObject","inLanguage":"es","@id":"https:\/\/limitgamers.com\/#\/schema\/logo\/image\/","url":"https:\/\/limitgamers.com\/wp-content\/uploads\/2016\/02\/limitgamers.jpg","contentUrl":"https:\/\/limitgamers.com\/wp-content\/uploads\/2016\/02\/limitgamers.jpg","width":1712,"height":145,"caption":"Limit Gamers"},"image":{"@id":"https:\/\/limitgamers.com\/#\/schema\/logo\/image\/"},"sameAs":["https:\/\/www.facebook.com\/limitgamers\/","https:\/\/x.com\/limit_gamers","https:\/\/www.instagram.com\/limit_gamers\/","http:\/\/www.youtube.com\/c\/Limitgamers"]}]}},"_links":{"self":[{"href":"https:\/\/limitgamers.com\/index.php\/wp-json\/wp\/v2\/pages\/5461","targetHints":{"allow":["GET"]}}],"collection":[{"href":"https:\/\/limitgamers.com\/index.php\/wp-json\/wp\/v2\/pages"}],"about":[{"href":"https:\/\/limitgamers.com\/index.php\/wp-json\/wp\/v2\/types\/page"}],"author":[{"embeddable":true,"href":"https:\/\/limitgamers.com\/index.php\/wp-json\/wp\/v2\/users\/7"}],"replies":[{"embeddable":true,"href":"https:\/\/limitgamers.com\/index.php\/wp-json\/wp\/v2\/comments?post=5461"}],"version-history":[{"count":0,"href":"https:\/\/limitgamers.com\/index.php\/wp-json\/wp\/v2\/pages\/5461\/revisions"}],"wp:featuredmedia":[{"embeddable":true,"href":"https:\/\/limitgamers.com\/index.php\/wp-json\/wp\/v2\/media\/5462"}],"wp:attachment":[{"href":"https:\/\/limitgamers.com\/index.php\/wp-json\/wp\/v2\/media?parent=5461"}],"wp:term":[{"taxonomy":"post_tag","embeddable":true,"href":"https:\/\/limitgamers.com\/index.php\/wp-json\/wp\/v2\/tags?post=5461"},{"taxonomy":"gp_hubs","embeddable":true,"href":"https:\/\/limitgamers.com\/index.php\/wp-json\/wp\/v2\/gp_hubs?post=5461"},{"taxonomy":"fecha-lanzamiento","embeddable":true,"href":"https:\/\/limitgamers.com\/index.php\/wp-json\/wp\/v2\/fecha-lanzamiento?post=5461"},{"taxonomy":"genero","embeddable":true,"href":"https:\/\/limitgamers.com\/index.php\/wp-json\/wp\/v2\/genero?post=5461"},{"taxonomy":"recomendacion-edad","embeddable":true,"href":"https:\/\/limitgamers.com\/index.php\/wp-json\/wp\/v2\/recomendacion-edad?post=5461"},{"taxonomy":"compania","embeddable":true,"href":"https:\/\/limitgamers.com\/index.php\/wp-json\/wp\/v2\/compania?post=5461"},{"taxonomy":"publicado","embeddable":true,"href":"https:\/\/limitgamers.com\/index.php\/wp-json\/wp\/v2\/publicado?post=5461"}],"curies":[{"name":"wp","href":"https:\/\/api.w.org\/{rel}","templated":true}]}}