{"id":5454,"date":"2016-03-31T23:01:00","date_gmt":"2016-03-31T21:01:00","guid":{"rendered":"http:\/\/limitgamers.com\/?page_id=5454"},"modified":"2016-03-31T23:03:26","modified_gmt":"2016-03-31T21:03:26","slug":"rumores-la-nueva-playstation-4-5-4k","status":"publish","type":"page","link":"https:\/\/limitgamers.com\/index.php\/rumores-la-nueva-playstation-4-5-4k\/","title":{"rendered":"Rumores sobre la nueva PlayStation 4.5 o 4K"},"content":{"rendered":"<p>&nbsp;<\/p>\n<p>Muchos son los rumores sobre que <i><b>Sony <\/b><\/i>est\u00e1 trabajando en una nueva versi\u00f3n de <i><b>PlayStation 4<\/b><\/i>, conocida com\u00fanmente como <i><b>PlayStation 4.5 o PlayStation 4K, digo, <\/b><\/i>com\u00fanmente<i><b> <\/b><\/i>ya que <i><b>Sony <\/b><\/i>no se ha pronunciado al respecto, todo lo que se sabe es por filtraciones y rumores ni confirmados ni desmentidos. Imaginamos que <i><b>Sony <\/b><\/i>esperar\u00e1 al E3 en junio para dar alguna noticia oficial y dar su fecha de salida, que en principio ser\u00eda antes que el PlayStation VR que saldr\u00e1 en octubre.<\/p>\n<p><a href=\"http:\/\/limitgamers.com\/wp-content\/uploads\/2016\/03\/q60-3-1.jpg\" data-rel=\"prettyPhoto\" rel=\"attachment wp-att-5455\"><img loading=\"lazy\" decoding=\"async\" class=\" wp-image-5455 aligncenter\" src=\"http:\/\/limitgamers.com\/wp-content\/uploads\/2016\/03\/q60-3-1-300x169.jpg\" alt=\"q60 (3)\" width=\"579\" height=\"326\" srcset=\"https:\/\/limitgamers.com\/wp-content\/uploads\/2016\/03\/q60-3-1-300x169.jpg 300w, https:\/\/limitgamers.com\/wp-content\/uploads\/2016\/03\/q60-3-1-768x432.jpg 768w, https:\/\/limitgamers.com\/wp-content\/uploads\/2016\/03\/q60-3-1-1024x576.jpg 1024w, https:\/\/limitgamers.com\/wp-content\/uploads\/2016\/03\/q60-3-1.jpg 1920w\" sizes=\"auto, (max-width: 579px) 100vw, 579px\" \/><\/a><\/p>\n<p>La nueva <i><b>PS4 <\/b><\/i>ofrecer\u00eda mejoras significativas con respecto a la actual, esto supondr\u00eda una consola preparada para el estreno de <i><b>PlayStation<\/b><\/i> <i><b>VR <\/b><\/i>que reproducir\u00eda los juegos en 4K (la actual <i><b>PS4 <\/b><\/i>solo reproduce a 4k fotos) gracias a una GPU m\u00e1s potente.<\/p>\n<p>Aunque compartir\u00edan el mismo cat\u00e1logo de juegos, la nueva versi\u00f3n aparte de ofrecer mayor resoluci\u00f3n, tambi\u00e9n permitir\u00eda mayor fluidez en los actuales y futuros juegos que exigen mucho a la actual <i><b>PS4, <\/b><\/i>adem\u00e1s la mayor potencia evitar\u00eda sobrecalentamiento por forzarla demasiado.<\/p>\n<p>Todo esto es muy bonito, pero no nos olvidemos que para disfrutarlo tendremos que volver a pasar por caja para disfrutas de estas nuevas caracter\u00edsticas, algo que a alguno de los 10 millones de usuarios de <i><b>PS4 <\/b><\/i>puede no hacerle demasiada gracia, pero no olvidemos que se trata de rumores y podr\u00eda tratarse de una <i><b>PS4 Slim <\/b><\/i>como ya hicieron con sus predecesoras.<\/p>\n<p>\u00bfVosotros que opin\u00e1is, acertar\u00eda <i><b>Sony <\/b><\/i>sacando una <i><b>PS4K <\/b><\/i>o deber\u00edan sacar una <i><b>PS4 Slim <\/b><\/i>y esperar <i><b>PS5 <\/b><\/i>para incorporar el 4K?<\/p>\n","protected":false},"excerpt":{"rendered":"<p>&nbsp; Muchos son los rumores sobre que Sony est\u00e1 trabajando en una nueva versi\u00f3n de PlayStation 4, conocida com\u00fanmente como PlayStation 4.5 o PlayStation 4K, digo, com\u00fanmente ya que Sony no se ha pronunciado al respecto, todo lo que se sabe es por filtraciones y rumores ni confirmados ni desmentidos. Imaginamos que Sony esperar\u00e1 al E3 en junio para dar alguna noticia oficial y dar su fecha de salida, que en principio ser\u00eda antes que el PlayStation VR que saldr\u00e1 en octubre. La nueva PS4 ofrecer\u00eda mejoras significativas con respecto a la actual, esto supondr\u00eda una consola preparada para el estreno de PlayStation VR que reproducir\u00eda los juegos en 4K (la actual PS4 solo reproduce a 4k fotos) gracias a una GPU m\u00e1s potente. Aunque compartir\u00edan el mismo cat\u00e1logo de juegos, la nueva versi\u00f3n aparte de ofrecer mayor resoluci\u00f3n, tambi\u00e9n permitir\u00eda mayor fluidez en los actuales y futuros juegos que exigen mucho a la actual PS4, adem\u00e1s la mayor potencia evitar\u00eda sobrecalentamiento por forzarla demasiado. Todo esto es muy bonito, pero no nos olvidemos que para disfrutarlo tendremos que volver a pasar por caja para disfrutas de estas nuevas caracter\u00edsticas, algo que a alguno de los 10 millones de usuarios de PS4 puede no hacerle demasiada gracia, pero no olvidemos que se trata de rumores y podr\u00eda tratarse de una PS4 Slim como ya hicieron con sus predecesoras. \u00bfVosotros que opin\u00e1is, acertar\u00eda Sony sacando una PS4K o deber\u00edan sacar una PS4 Slim y esperar PS5 para incorporar el 4K?<\/p>\n","protected":false},"author":7,"featured_media":5455,"parent":0,"menu_order":0,"comment_status":"open","ping_status":"closed","template":"news-template.php","meta":{"footnotes":""},"tags":[193,109],"gp_hubs":[86,39],"fecha-lanzamiento":[],"genero":[],"recomendacion-edad":[],"compania":[],"publicado":[],"class_list":{"0":"post-5454","1":"page","2":"type-page","3":"status-publish","4":"has-post-thumbnail","6":"tag-hardware","7":"tag-ps4","8":"gp_hubs-hardware","9":"gp_hubs-hub-ps4"},"yoast_head":"<!-- This site is optimized with the Yoast SEO plugin v26.8 - https:\/\/yoast.com\/product\/yoast-seo-wordpress\/ -->\n<title>Rumores sobre la nueva PlayStation 4.5 o 4K, Limitgamers.com<\/title>\n<meta name=\"description\" content=\"Todos los rumores que circulan sobre la nueva versi\u00f3n que estar\u00eda preparando Sony de PlayStation 4, juegos en resoluci\u00f3n 4K, potencia, cat\u00e1logo de juegos...\" \/>\n<meta name=\"robots\" content=\"index, follow, max-snippet:-1, max-image-preview:large, max-video-preview:-1\" \/>\n<link rel=\"canonical\" href=\"https:\/\/limitgamers.com\/index.php\/rumores-la-nueva-playstation-4-5-4k\/\" \/>\n<meta property=\"og:locale\" content=\"es_ES\" \/>\n<meta property=\"og:type\" content=\"article\" \/>\n<meta property=\"og:title\" content=\"Rumores sobre la nueva PlayStation 4.5 o 4K, Limitgamers.com\" \/>\n<meta property=\"og:description\" content=\"Todos los rumores que circulan sobre la nueva versi\u00f3n que estar\u00eda preparando Sony de PlayStation 4, juegos en resoluci\u00f3n 4K, potencia, cat\u00e1logo de juegos...\" \/>\n<meta property=\"og:url\" content=\"https:\/\/limitgamers.com\/index.php\/rumores-la-nueva-playstation-4-5-4k\/\" \/>\n<meta property=\"og:site_name\" content=\"LIMIT GAMERS\" \/>\n<meta property=\"article:publisher\" content=\"https:\/\/www.facebook.com\/limitgamers\/\" \/>\n<meta property=\"article:modified_time\" content=\"2016-03-31T21:03:26+00:00\" \/>\n<meta property=\"og:image\" content=\"https:\/\/limitgamers.com\/wp-content\/uploads\/2016\/03\/q60-3-1.jpg\" \/>\n\t<meta property=\"og:image:width\" content=\"1920\" \/>\n\t<meta property=\"og:image:height\" content=\"1080\" \/>\n\t<meta property=\"og:image:type\" content=\"image\/jpeg\" \/>\n<meta name=\"twitter:card\" content=\"summary_large_image\" \/>\n<meta name=\"twitter:site\" content=\"@limit_gamers\" \/>\n<meta name=\"twitter:label1\" content=\"Tiempo de lectura\" \/>\n\t<meta name=\"twitter:data1\" content=\"1 minuto\" \/>\n<script type=\"application\/ld+json\" class=\"yoast-schema-graph\">{\"@context\":\"https:\/\/schema.org\",\"@graph\":[{\"@type\":\"WebPage\",\"@id\":\"https:\/\/limitgamers.com\/index.php\/rumores-la-nueva-playstation-4-5-4k\/\",\"url\":\"https:\/\/limitgamers.com\/index.php\/rumores-la-nueva-playstation-4-5-4k\/\",\"name\":\"Rumores sobre la nueva PlayStation 4.5 o 4K, Limitgamers.com\",\"isPartOf\":{\"@id\":\"https:\/\/limitgamers.com\/#website\"},\"primaryImageOfPage\":{\"@id\":\"https:\/\/limitgamers.com\/index.php\/rumores-la-nueva-playstation-4-5-4k\/#primaryimage\"},\"image\":{\"@id\":\"https:\/\/limitgamers.com\/index.php\/rumores-la-nueva-playstation-4-5-4k\/#primaryimage\"},\"thumbnailUrl\":\"https:\/\/limitgamers.com\/wp-content\/uploads\/2016\/03\/q60-3-1.jpg\",\"datePublished\":\"2016-03-31T21:01:00+00:00\",\"dateModified\":\"2016-03-31T21:03:26+00:00\",\"description\":\"Todos los rumores que circulan sobre la nueva versi\u00f3n que estar\u00eda preparando Sony de PlayStation 4, juegos en resoluci\u00f3n 4K, potencia, cat\u00e1logo de juegos...\",\"breadcrumb\":{\"@id\":\"https:\/\/limitgamers.com\/index.php\/rumores-la-nueva-playstation-4-5-4k\/#breadcrumb\"},\"inLanguage\":\"es\",\"potentialAction\":[{\"@type\":\"ReadAction\",\"target\":[\"https:\/\/limitgamers.com\/index.php\/rumores-la-nueva-playstation-4-5-4k\/\"]}]},{\"@type\":\"ImageObject\",\"inLanguage\":\"es\",\"@id\":\"https:\/\/limitgamers.com\/index.php\/rumores-la-nueva-playstation-4-5-4k\/#primaryimage\",\"url\":\"https:\/\/limitgamers.com\/wp-content\/uploads\/2016\/03\/q60-3-1.jpg\",\"contentUrl\":\"https:\/\/limitgamers.com\/wp-content\/uploads\/2016\/03\/q60-3-1.jpg\",\"width\":1920,\"height\":1080},{\"@type\":\"BreadcrumbList\",\"@id\":\"https:\/\/limitgamers.com\/index.php\/rumores-la-nueva-playstation-4-5-4k\/#breadcrumb\",\"itemListElement\":[{\"@type\":\"ListItem\",\"position\":1,\"name\":\"Portada\",\"item\":\"https:\/\/limitgamers.com\/\"},{\"@type\":\"ListItem\",\"position\":2,\"name\":\"Rumores sobre la nueva PlayStation 4.5 o 4K\"}]},{\"@type\":\"WebSite\",\"@id\":\"https:\/\/limitgamers.com\/#website\",\"url\":\"https:\/\/limitgamers.com\/\",\"name\":\"LIMIT GAMERS\",\"description\":\"Bienvenido Gamers!\",\"publisher\":{\"@id\":\"https:\/\/limitgamers.com\/#organization\"},\"potentialAction\":[{\"@type\":\"SearchAction\",\"target\":{\"@type\":\"EntryPoint\",\"urlTemplate\":\"https:\/\/limitgamers.com\/?s={search_term_string}\"},\"query-input\":{\"@type\":\"PropertyValueSpecification\",\"valueRequired\":true,\"valueName\":\"search_term_string\"}}],\"inLanguage\":\"es\"},{\"@type\":\"Organization\",\"@id\":\"https:\/\/limitgamers.com\/#organization\",\"name\":\"Limit Gamers\",\"url\":\"https:\/\/limitgamers.com\/\",\"logo\":{\"@type\":\"ImageObject\",\"inLanguage\":\"es\",\"@id\":\"https:\/\/limitgamers.com\/#\/schema\/logo\/image\/\",\"url\":\"https:\/\/limitgamers.com\/wp-content\/uploads\/2016\/02\/limitgamers.jpg\",\"contentUrl\":\"https:\/\/limitgamers.com\/wp-content\/uploads\/2016\/02\/limitgamers.jpg\",\"width\":1712,\"height\":145,\"caption\":\"Limit Gamers\"},\"image\":{\"@id\":\"https:\/\/limitgamers.com\/#\/schema\/logo\/image\/\"},\"sameAs\":[\"https:\/\/www.facebook.com\/limitgamers\/\",\"https:\/\/x.com\/limit_gamers\",\"https:\/\/www.instagram.com\/limit_gamers\/\",\"http:\/\/www.youtube.com\/c\/Limitgamers\"]}]}<\/script>\n<!-- \/ Yoast SEO plugin. -->","yoast_head_json":{"title":"Rumores sobre la nueva PlayStation 4.5 o 4K, Limitgamers.com","description":"Todos los rumores que circulan sobre la nueva versi\u00f3n que estar\u00eda preparando Sony de PlayStation 4, juegos en resoluci\u00f3n 4K, potencia, cat\u00e1logo de juegos...","robots":{"index":"index","follow":"follow","max-snippet":"max-snippet:-1","max-image-preview":"max-image-preview:large","max-video-preview":"max-video-preview:-1"},"canonical":"https:\/\/limitgamers.com\/index.php\/rumores-la-nueva-playstation-4-5-4k\/","og_locale":"es_ES","og_type":"article","og_title":"Rumores sobre la nueva PlayStation 4.5 o 4K, Limitgamers.com","og_description":"Todos los rumores que circulan sobre la nueva versi\u00f3n que estar\u00eda preparando Sony de PlayStation 4, juegos en resoluci\u00f3n 4K, potencia, cat\u00e1logo de juegos...","og_url":"https:\/\/limitgamers.com\/index.php\/rumores-la-nueva-playstation-4-5-4k\/","og_site_name":"LIMIT GAMERS","article_publisher":"https:\/\/www.facebook.com\/limitgamers\/","article_modified_time":"2016-03-31T21:03:26+00:00","og_image":[{"width":1920,"height":1080,"url":"https:\/\/limitgamers.com\/wp-content\/uploads\/2016\/03\/q60-3-1.jpg","type":"image\/jpeg"}],"twitter_card":"summary_large_image","twitter_site":"@limit_gamers","twitter_misc":{"Tiempo de lectura":"1 minuto"},"schema":{"@context":"https:\/\/schema.org","@graph":[{"@type":"WebPage","@id":"https:\/\/limitgamers.com\/index.php\/rumores-la-nueva-playstation-4-5-4k\/","url":"https:\/\/limitgamers.com\/index.php\/rumores-la-nueva-playstation-4-5-4k\/","name":"Rumores sobre la nueva PlayStation 4.5 o 4K, Limitgamers.com","isPartOf":{"@id":"https:\/\/limitgamers.com\/#website"},"primaryImageOfPage":{"@id":"https:\/\/limitgamers.com\/index.php\/rumores-la-nueva-playstation-4-5-4k\/#primaryimage"},"image":{"@id":"https:\/\/limitgamers.com\/index.php\/rumores-la-nueva-playstation-4-5-4k\/#primaryimage"},"thumbnailUrl":"https:\/\/limitgamers.com\/wp-content\/uploads\/2016\/03\/q60-3-1.jpg","datePublished":"2016-03-31T21:01:00+00:00","dateModified":"2016-03-31T21:03:26+00:00","description":"Todos los rumores que circulan sobre la nueva versi\u00f3n que estar\u00eda preparando Sony de PlayStation 4, juegos en resoluci\u00f3n 4K, potencia, cat\u00e1logo de juegos...","breadcrumb":{"@id":"https:\/\/limitgamers.com\/index.php\/rumores-la-nueva-playstation-4-5-4k\/#breadcrumb"},"inLanguage":"es","potentialAction":[{"@type":"ReadAction","target":["https:\/\/limitgamers.com\/index.php\/rumores-la-nueva-playstation-4-5-4k\/"]}]},{"@type":"ImageObject","inLanguage":"es","@id":"https:\/\/limitgamers.com\/index.php\/rumores-la-nueva-playstation-4-5-4k\/#primaryimage","url":"https:\/\/limitgamers.com\/wp-content\/uploads\/2016\/03\/q60-3-1.jpg","contentUrl":"https:\/\/limitgamers.com\/wp-content\/uploads\/2016\/03\/q60-3-1.jpg","width":1920,"height":1080},{"@type":"BreadcrumbList","@id":"https:\/\/limitgamers.com\/index.php\/rumores-la-nueva-playstation-4-5-4k\/#breadcrumb","itemListElement":[{"@type":"ListItem","position":1,"name":"Portada","item":"https:\/\/limitgamers.com\/"},{"@type":"ListItem","position":2,"name":"Rumores sobre la nueva PlayStation 4.5 o 4K"}]},{"@type":"WebSite","@id":"https:\/\/limitgamers.com\/#website","url":"https:\/\/limitgamers.com\/","name":"LIMIT GAMERS","description":"Bienvenido Gamers!","publisher":{"@id":"https:\/\/limitgamers.com\/#organization"},"potentialAction":[{"@type":"SearchAction","target":{"@type":"EntryPoint","urlTemplate":"https:\/\/limitgamers.com\/?s={search_term_string}"},"query-input":{"@type":"PropertyValueSpecification","valueRequired":true,"valueName":"search_term_string"}}],"inLanguage":"es"},{"@type":"Organization","@id":"https:\/\/limitgamers.com\/#organization","name":"Limit Gamers","url":"https:\/\/limitgamers.com\/","logo":{"@type":"ImageObject","inLanguage":"es","@id":"https:\/\/limitgamers.com\/#\/schema\/logo\/image\/","url":"https:\/\/limitgamers.com\/wp-content\/uploads\/2016\/02\/limitgamers.jpg","contentUrl":"https:\/\/limitgamers.com\/wp-content\/uploads\/2016\/02\/limitgamers.jpg","width":1712,"height":145,"caption":"Limit Gamers"},"image":{"@id":"https:\/\/limitgamers.com\/#\/schema\/logo\/image\/"},"sameAs":["https:\/\/www.facebook.com\/limitgamers\/","https:\/\/x.com\/limit_gamers","https:\/\/www.instagram.com\/limit_gamers\/","http:\/\/www.youtube.com\/c\/Limitgamers"]}]}},"_links":{"self":[{"href":"https:\/\/limitgamers.com\/index.php\/wp-json\/wp\/v2\/pages\/5454","targetHints":{"allow":["GET"]}}],"collection":[{"href":"https:\/\/limitgamers.com\/index.php\/wp-json\/wp\/v2\/pages"}],"about":[{"href":"https:\/\/limitgamers.com\/index.php\/wp-json\/wp\/v2\/types\/page"}],"author":[{"embeddable":true,"href":"https:\/\/limitgamers.com\/index.php\/wp-json\/wp\/v2\/users\/7"}],"replies":[{"embeddable":true,"href":"https:\/\/limitgamers.com\/index.php\/wp-json\/wp\/v2\/comments?post=5454"}],"version-history":[{"count":0,"href":"https:\/\/limitgamers.com\/index.php\/wp-json\/wp\/v2\/pages\/5454\/revisions"}],"wp:featuredmedia":[{"embeddable":true,"href":"https:\/\/limitgamers.com\/index.php\/wp-json\/wp\/v2\/media\/5455"}],"wp:attachment":[{"href":"https:\/\/limitgamers.com\/index.php\/wp-json\/wp\/v2\/media?parent=5454"}],"wp:term":[{"taxonomy":"post_tag","embeddable":true,"href":"https:\/\/limitgamers.com\/index.php\/wp-json\/wp\/v2\/tags?post=5454"},{"taxonomy":"gp_hubs","embeddable":true,"href":"https:\/\/limitgamers.com\/index.php\/wp-json\/wp\/v2\/gp_hubs?post=5454"},{"taxonomy":"fecha-lanzamiento","embeddable":true,"href":"https:\/\/limitgamers.com\/index.php\/wp-json\/wp\/v2\/fecha-lanzamiento?post=5454"},{"taxonomy":"genero","embeddable":true,"href":"https:\/\/limitgamers.com\/index.php\/wp-json\/wp\/v2\/genero?post=5454"},{"taxonomy":"recomendacion-edad","embeddable":true,"href":"https:\/\/limitgamers.com\/index.php\/wp-json\/wp\/v2\/recomendacion-edad?post=5454"},{"taxonomy":"compania","embeddable":true,"href":"https:\/\/limitgamers.com\/index.php\/wp-json\/wp\/v2\/compania?post=5454"},{"taxonomy":"publicado","embeddable":true,"href":"https:\/\/limitgamers.com\/index.php\/wp-json\/wp\/v2\/publicado?post=5454"}],"curies":[{"name":"wp","href":"https:\/\/api.w.org\/{rel}","templated":true}]}}