{"id":5333,"date":"2016-04-26T22:13:38","date_gmt":"2016-04-26T20:13:38","guid":{"rendered":"http:\/\/limitgamers.com\/index.php\/star-wars-battlefront-2\/review\/"},"modified":"2016-06-04T22:41:10","modified_gmt":"2016-06-04T20:41:10","slug":"review-2","status":"publish","type":"page","link":"https:\/\/limitgamers.com\/index.php\/ratchet-clank-ps4\/review-2\/","title":{"rendered":"Review"},"content":{"rendered":"<p>Hola Gamers, desde el pasado 20 de abril ya tenemos disponible el nuevo <em><strong>Ratchet &amp; Clank<\/strong><\/em> con gui\u00f1os a su futura pel\u00edcula de la cu\u00e1l pod\u00e9is <a href=\"http:\/\/limitgamers.com\/index.php\/estreno-pelicula-ratchet-clank\/\" target=\"_blank\">informaros\u00a0aqu\u00ed<\/a>. Mucho ha llovido desde que sali\u00f3 el primer t\u00edtulo para <em><strong>PS2<\/strong><\/em> en 2002, y dese 2004 desde el \u00faltimo para la consola de sobremesa de <em><strong>Sony<\/strong><\/em>, sin contar la remasterizaci\u00f3n en 2012 de la trilog\u00eda para <em><strong>PS3<\/strong><\/em> y <em><strong>PS Vita<\/strong><\/em>. La Saga exclusiva de consolas de <em><strong>Sony<\/strong><\/em>, es desarrollada por <em><strong>Insomniac Games<\/strong><\/em> y distribuida por <em><strong>Sony Computer Entertaiment<\/strong><\/em>, da un reinicio con el nuevo <em><strong>Ratchet &amp; Clank<\/strong><\/em> para <em><strong>PS4.<\/strong><\/em><\/p>\n<div id=\"attachment_5907\" style=\"width: 672px\" class=\"wp-caption aligncenter\"><a href=\"http:\/\/limitgamers.com\/wp-content\/uploads\/2016\/04\/q30-4.jpg\" data-rel=\"prettyPhoto\"><img loading=\"lazy\" decoding=\"async\" aria-describedby=\"caption-attachment-5907\" class=\"wp-image-5907\" src=\"http:\/\/limitgamers.com\/wp-content\/uploads\/2016\/04\/q30-4-300x169.jpg\" alt=\"q30\" width=\"662\" height=\"373\" srcset=\"https:\/\/limitgamers.com\/wp-content\/uploads\/2016\/04\/q30-4-300x169.jpg 300w, https:\/\/limitgamers.com\/wp-content\/uploads\/2016\/04\/q30-4-768x432.jpg 768w, https:\/\/limitgamers.com\/wp-content\/uploads\/2016\/04\/q30-4-1024x576.jpg 1024w, https:\/\/limitgamers.com\/wp-content\/uploads\/2016\/04\/q30-4.jpg 1920w\" sizes=\"auto, (max-width: 662px) 100vw, 662px\" \/><\/a><p id=\"caption-attachment-5907\" class=\"wp-caption-text\">Ratchet en plena batalla<\/p><\/div>\n<p>Debo reconocer que nunca me acab\u00e9 ninguno de los anteriores, si jugu\u00e9 a alguno pero por circunstancias nunca me hice con ninguno de sus t\u00edtulos, sin embargo, como me gust\u00f3 lo que prob\u00e9, me llam\u00f3 la atenci\u00f3n este nuevo <em><strong>Ratchet<\/strong><\/em>, y me pareci\u00f3 muy interesante que de salida costase 35 \u20ac en versi\u00f3n digital, pocos juegos de renombre salen a estos precios. Nada m\u00e1s empezar a jugarlo me atrap\u00f3 con sus gracias y su estilo al m\u00e1s puro estilo de pel\u00edculas de<em><strong> Pixar<\/strong><\/em>, sin quitar importancia a la historia, y cuando empec\u00e9 a controlar a <em><strong>Ratchet<\/strong><\/em>, la jugabilidad f\u00e1cil de controlar y sin fallos me ofreci\u00f3 mucha diversi\u00f3n, a pesar de no innovar poco, algo que me parece acertado en este caso, es un t\u00edtulo que engancha y divierte que por el precio del producto os recomiendo.<\/p>\n<p align=\"CENTER\"><em><strong>Argumento<\/strong><\/em><\/p>\n<p align=\"LEFT\">La historia, narrada por el \u201ch\u00e9roe\u201d de los <em><strong>Rangers<\/strong><\/em>, <em><strong>Qwark<\/strong><\/em>, nos pone en la piel de <em><strong>Ratchet<\/strong><\/em>, un <em><strong>lombax<\/strong><\/em> que trabaja de mec\u00e1nico en el planeta <b><i>Veldin<\/i><\/b>\u00a0y sue\u00f1a con unirse a los <em><strong>Rangers<\/strong><\/em> para vivir aventuras, sin embargo es rechazado a pesar de superar las pruebas. Todo cambia cuando <em><strong>Clank<\/strong><\/em>, un robot del ejercito del presidente <em><strong>Drek<\/strong><\/em>, deserta e intenta llegar a <em><strong>Novalis<\/strong><\/em>, donde se encuentra la base de los <em><strong>Rangers<\/strong><\/em>,pero se estrella en<em><strong> Veldin<\/strong><\/em>, all\u00ed es rescatado por <em><strong>Ratchet<\/strong><\/em> y nos cuenta que el presidente <em><strong>Drek<\/strong><\/em>, planea destruir planetas para utilizar los recursos para fabricar sus propios planetas y lucrarse. A partir de aqu\u00ed comienza nuestro periplo para detener al villano.<\/p>\n<div id=\"attachment_5909\" style=\"width: 606px\" class=\"wp-caption aligncenter\"><a href=\"http:\/\/limitgamers.com\/wp-content\/uploads\/2016\/04\/q80-7.jpg\" data-rel=\"prettyPhoto\"><img loading=\"lazy\" decoding=\"async\" aria-describedby=\"caption-attachment-5909\" class=\"wp-image-5909\" src=\"http:\/\/limitgamers.com\/wp-content\/uploads\/2016\/04\/q80-7-300x169.jpg\" alt=\"q80\" width=\"596\" height=\"336\" srcset=\"https:\/\/limitgamers.com\/wp-content\/uploads\/2016\/04\/q80-7-300x169.jpg 300w, https:\/\/limitgamers.com\/wp-content\/uploads\/2016\/04\/q80-7.jpg 615w\" sizes=\"auto, (max-width: 596px) 100vw, 596px\" \/><\/a><p id=\"caption-attachment-5909\" class=\"wp-caption-text\">El capit\u00e1n Qwark<\/p><\/div>\n<p align=\"CENTER\"><em><strong>Jugabilidad<\/strong><\/em><\/p>\n<p align=\"LEFT\">La jugabilidad ofrecida est\u00e1 mejorada con respecto a sus predecesores con nuevas mec\u00e1nicas, sigue siendo un juego en tercera persona, aportando adem\u00e1s un armamento superior al primero, incluyendo armas de posteriores entregas y otras que veremos por primera vez, contaremos tambi\u00e9n con accesorios como la h\u00e9lice de <em><strong>Clank<\/strong><\/em>, que nos permite planear para cubrir mayores distancias, todo el equipamiento es mejorable, ofreciendo bonificaciones por completar ciertas secuencias de mejora.<\/p>\n<p align=\"LEFT\">Las misiones a pie, no se limitan a avanzar derribando enemigos, ofrecen mucho plataformeo del bueno adem\u00e1s de minijuegos, si fall\u00e1is, no os preocup\u00e9is, abundan los puntos de control, tambi\u00e9n hay misiones donde pilotaremos nuestra nave para cumplir objetivos como derribar otras naves o acabar con soldados enemigos.<\/p>\n<div id=\"attachment_5906\" style=\"width: 717px\" class=\"wp-caption aligncenter\"><a href=\"http:\/\/limitgamers.com\/wp-content\/uploads\/2016\/04\/q30-1-1.jpg\" data-rel=\"prettyPhoto\"><img loading=\"lazy\" decoding=\"async\" aria-describedby=\"caption-attachment-5906\" class=\"wp-image-5906\" src=\"http:\/\/limitgamers.com\/wp-content\/uploads\/2016\/04\/q30-1-1-300x169.jpg\" alt=\"q30 (1)\" width=\"707\" height=\"398\" srcset=\"https:\/\/limitgamers.com\/wp-content\/uploads\/2016\/04\/q30-1-1-300x169.jpg 300w, https:\/\/limitgamers.com\/wp-content\/uploads\/2016\/04\/q30-1-1-768x432.jpg 768w, https:\/\/limitgamers.com\/wp-content\/uploads\/2016\/04\/q30-1-1-1024x576.jpg 1024w, https:\/\/limitgamers.com\/wp-content\/uploads\/2016\/04\/q30-1-1.jpg 1920w\" sizes=\"auto, (max-width: 707px) 100vw, 707px\" \/><\/a><p id=\"caption-attachment-5906\" class=\"wp-caption-text\">Controlando nuestra nave para repeler a los invasores<\/p><\/div>\n<p align=\"LEFT\">Una jugabilidad muy din\u00e1mica que ofrece much\u00edsima diversi\u00f3n, todo mientras Qwark va contando nuestros pasos en funci\u00f3n de nuestras acciones.<\/p>\n<p align=\"LEFT\">Durante las misiones, tendremos un objetivo principal, y nos ir\u00e1n dando secundarios con los que conseguiremos diversos objetos que har\u00e1n m\u00e1s liviana nuestra aventura.<\/p>\n<p align=\"LEFT\">Como ya os adelant\u00e9, la pega es que no disponga de modo multijugador, ni online ni offline.<\/p>\n<p align=\"LEFT\">Quien sabe en futuras entregas.<\/p>\n<p align=\"CENTER\"><em><strong>Gr\u00e1ficos<\/strong><\/em><\/p>\n<p align=\"LEFT\">Al jugarlo se siente como si estubieramos controlando una pel\u00edcula, con unos efectos luminosos muy buenos y un detalle en los personajes digno de las nuevas generaciones, \u00bfalguna vez os fijasteis en una car\u00e1tula de un juego, y os quedasteis con como el juego intenta imitar esa calidad lo mejor que puede? Pues <em><strong>Ratchet &amp; Clank<\/strong><\/em> lo consigue con creces.<\/p>\n<div id=\"attachment_5908\" style=\"width: 615px\" class=\"wp-caption aligncenter\"><a href=\"http:\/\/limitgamers.com\/wp-content\/uploads\/2016\/04\/q60-12.jpg\" data-rel=\"prettyPhoto\"><img loading=\"lazy\" decoding=\"async\" aria-describedby=\"caption-attachment-5908\" class=\"wp-image-5908\" src=\"http:\/\/limitgamers.com\/wp-content\/uploads\/2016\/04\/q60-12-300x169.jpg\" alt=\"q60\" width=\"605\" height=\"341\" srcset=\"https:\/\/limitgamers.com\/wp-content\/uploads\/2016\/04\/q60-12-300x169.jpg 300w, https:\/\/limitgamers.com\/wp-content\/uploads\/2016\/04\/q60-12-768x432.jpg 768w, https:\/\/limitgamers.com\/wp-content\/uploads\/2016\/04\/q60-12-1024x576.jpg 1024w, https:\/\/limitgamers.com\/wp-content\/uploads\/2016\/04\/q60-12.jpg 1920w\" sizes=\"auto, (max-width: 605px) 100vw, 605px\" \/><\/a><p id=\"caption-attachment-5908\" class=\"wp-caption-text\">Tanto los escenarios como los efectos de luces son asombrosos<\/p><\/div>\n<p align=\"CENTER\"><em><strong>Sonido<\/strong><\/em><\/p>\n<p align=\"LEFT\">La banda sonora es la que cab\u00eda esperar, digna del t\u00edtulo, junto a unos doblajes totalmente traducidos, tanto texto como voces, de forma brillante al espa\u00f1ol, tanto latino como de Espa\u00f1a, os sacar\u00e1n m\u00e1s de una sonrisa.<\/p>\n<p align=\"LEFT\">En definitiva, no puedo hacer otra cosa que no sea recomend\u00e1roslo, la diversi\u00f3n que ofrece, junto con su calidad, al precio al que est\u00e1, deber\u00eda ser un ejemplo a tomar para otras compa\u00f1\u00edas, <em><strong>Insomniac Games<\/strong><\/em>, os hab\u00e9is ganado mi respeto.<\/p>\n","protected":false},"excerpt":{"rendered":"<p>Hola Gamers, desde el pasado 20 de abril ya tenemos disponible el nuevo Ratchet &amp; Clank con gui\u00f1os a su futura pel\u00edcula de la cu\u00e1l pod\u00e9is informaros\u00a0aqu\u00ed. Mucho ha llovido desde que sali\u00f3 el primer t\u00edtulo para PS2 en 2002, y dese 2004 desde el \u00faltimo para la consola de sobremesa de Sony, sin contar la remasterizaci\u00f3n en 2012 de la trilog\u00eda para PS3 y PS Vita. La Saga exclusiva de consolas de Sony, es desarrollada por Insomniac Games y distribuida por Sony Computer Entertaiment, da un reinicio con el nuevo Ratchet &amp; Clank para PS4. Debo reconocer que nunca me acab\u00e9 ninguno de los anteriores, si jugu\u00e9 a alguno pero por circunstancias nunca me hice con ninguno de sus t\u00edtulos, sin embargo, como me gust\u00f3 lo que prob\u00e9, me llam\u00f3 la atenci\u00f3n este nuevo Ratchet, y me pareci\u00f3 muy interesante que de salida costase 35 \u20ac en versi\u00f3n digital, pocos juegos de renombre salen a estos precios. Nada m\u00e1s empezar a jugarlo me atrap\u00f3 con sus gracias y su estilo al m\u00e1s puro estilo de pel\u00edculas de Pixar, sin quitar importancia a la historia, y cuando empec\u00e9 a controlar a Ratchet, la jugabilidad f\u00e1cil de controlar y sin fallos me ofreci\u00f3 mucha diversi\u00f3n, a pesar de no innovar poco, algo que me parece acertado en este caso, es un t\u00edtulo que engancha y divierte que por el precio del producto os recomiendo. Argumento La historia, narrada por el \u201ch\u00e9roe\u201d de los Rangers, Qwark, nos pone en la piel de Ratchet, un lombax que trabaja de mec\u00e1nico en el planeta Veldin\u00a0y sue\u00f1a con unirse a los Rangers para vivir aventuras, sin embargo es rechazado a pesar de superar las pruebas. Todo cambia cuando Clank, un robot del ejercito del presidente Drek, deserta e intenta llegar a Novalis, donde se encuentra la base de los Rangers,pero se estrella en Veldin, all\u00ed es rescatado por Ratchet y nos cuenta que el presidente Drek, planea destruir planetas para utilizar los recursos para fabricar sus propios planetas y lucrarse. A partir de aqu\u00ed comienza nuestro periplo para detener al villano. Jugabilidad La jugabilidad ofrecida est\u00e1 mejorada con respecto a sus predecesores con nuevas mec\u00e1nicas, sigue siendo un juego en tercera persona, aportando adem\u00e1s un armamento superior al primero, incluyendo armas de posteriores entregas y otras que veremos por primera vez, contaremos tambi\u00e9n con accesorios como la h\u00e9lice de Clank, que nos permite planear para cubrir mayores distancias, todo el equipamiento es mejorable, ofreciendo bonificaciones por completar ciertas secuencias de mejora. Las misiones a pie, no se limitan a avanzar derribando enemigos, ofrecen mucho plataformeo del bueno adem\u00e1s de minijuegos, si fall\u00e1is, no os preocup\u00e9is, abundan los puntos de control, tambi\u00e9n hay misiones donde pilotaremos nuestra nave para cumplir objetivos como derribar otras naves o acabar con soldados enemigos. Una jugabilidad muy din\u00e1mica que ofrece much\u00edsima diversi\u00f3n, todo mientras Qwark va contando nuestros pasos en funci\u00f3n de nuestras acciones. Durante las misiones, tendremos un objetivo principal, y nos ir\u00e1n dando secundarios con los que conseguiremos diversos objetos que har\u00e1n m\u00e1s liviana nuestra aventura. Como ya os adelant\u00e9, la pega es que no disponga de modo multijugador, ni online ni offline. Quien sabe en futuras entregas. Gr\u00e1ficos Al jugarlo se siente como si estubieramos controlando una pel\u00edcula, con unos efectos luminosos muy buenos y un detalle en los personajes digno de las nuevas generaciones, \u00bfalguna vez os fijasteis en una car\u00e1tula de un juego, y os quedasteis con como el juego intenta imitar esa calidad lo mejor que puede? Pues Ratchet &amp; Clank lo consigue con creces. Sonido La banda sonora es la que cab\u00eda esperar, digna del t\u00edtulo, junto a unos doblajes totalmente traducidos, tanto texto como voces, de forma brillante al espa\u00f1ol, tanto latino como de Espa\u00f1a, os sacar\u00e1n m\u00e1s de una sonrisa. En definitiva, no puedo hacer otra cosa que no sea recomend\u00e1roslo, la diversi\u00f3n que ofrece, junto con su calidad, al precio al que est\u00e1, deber\u00eda ser un ejemplo a tomar para otras compa\u00f1\u00edas, Insomniac Games, os hab\u00e9is ganado mi respeto.<\/p>\n","protected":false},"author":7,"featured_media":5905,"parent":5897,"menu_order":-1,"comment_status":"open","ping_status":"closed","template":"review-template.php","meta":{"footnotes":""},"tags":[324,109,325],"gp_hubs":[459],"fecha-lanzamiento":[],"genero":[],"recomendacion-edad":[],"compania":[],"publicado":[],"class_list":{"0":"post-5333","1":"page","2":"type-page","3":"status-publish","4":"has-post-thumbnail","6":"tag-insomniac-games","7":"tag-ps4","8":"tag-sony-computer-entertaiment","9":"gp_hubs-analisis"},"yoast_head":"<!-- This site is optimized with the Yoast SEO plugin v26.8 - https:\/\/yoast.com\/product\/yoast-seo-wordpress\/ -->\n<title>Ratchet &amp; Clank analisis, review. Limitgamers.com<\/title>\n<meta name=\"description\" content=\"Clank, un bot del ejercito de Drek, deserta e intenta llegar a Novalis,,pero se estrella en Veldin, all\u00ed es rescatado por Ratchet\" \/>\n<meta name=\"robots\" content=\"index, follow, max-snippet:-1, max-image-preview:large, max-video-preview:-1\" \/>\n<link rel=\"canonical\" href=\"https:\/\/limitgamers.com\/index.php\/ratchet-clank-ps4\/review-2\/\" \/>\n<meta property=\"og:locale\" content=\"es_ES\" \/>\n<meta property=\"og:type\" content=\"article\" \/>\n<meta property=\"og:title\" content=\"Ratchet &amp; Clank analisis, review. Limitgamers.com\" \/>\n<meta property=\"og:description\" content=\"Clank, un bot del ejercito de Drek, deserta e intenta llegar a Novalis,,pero se estrella en Veldin, all\u00ed es rescatado por Ratchet\" \/>\n<meta property=\"og:url\" content=\"https:\/\/limitgamers.com\/index.php\/ratchet-clank-ps4\/review-2\/\" \/>\n<meta property=\"og:site_name\" content=\"LIMIT GAMERS\" \/>\n<meta property=\"article:publisher\" content=\"https:\/\/www.facebook.com\/limitgamers\/\" \/>\n<meta property=\"article:modified_time\" content=\"2016-06-04T20:41:10+00:00\" \/>\n<meta property=\"og:image\" content=\"https:\/\/limitgamers.com\/wp-content\/uploads\/2016\/04\/q25-3.jpg\" \/>\n\t<meta property=\"og:image:width\" content=\"1920\" \/>\n\t<meta property=\"og:image:height\" content=\"1080\" \/>\n\t<meta property=\"og:image:type\" content=\"image\/jpeg\" \/>\n<meta name=\"twitter:card\" content=\"summary_large_image\" \/>\n<meta name=\"twitter:site\" content=\"@limit_gamers\" \/>\n<meta name=\"twitter:label1\" content=\"Tiempo de lectura\" \/>\n\t<meta name=\"twitter:data1\" content=\"4 minutos\" \/>\n<script type=\"application\/ld+json\" class=\"yoast-schema-graph\">{\"@context\":\"https:\/\/schema.org\",\"@graph\":[{\"@type\":\"WebPage\",\"@id\":\"https:\/\/limitgamers.com\/index.php\/ratchet-clank-ps4\/review-2\/\",\"url\":\"https:\/\/limitgamers.com\/index.php\/ratchet-clank-ps4\/review-2\/\",\"name\":\"Ratchet & Clank analisis, review. Limitgamers.com\",\"isPartOf\":{\"@id\":\"https:\/\/limitgamers.com\/#website\"},\"primaryImageOfPage\":{\"@id\":\"https:\/\/limitgamers.com\/index.php\/ratchet-clank-ps4\/review-2\/#primaryimage\"},\"image\":{\"@id\":\"https:\/\/limitgamers.com\/index.php\/ratchet-clank-ps4\/review-2\/#primaryimage\"},\"thumbnailUrl\":\"https:\/\/limitgamers.com\/wp-content\/uploads\/2016\/04\/q25-3.jpg\",\"datePublished\":\"2016-04-26T20:13:38+00:00\",\"dateModified\":\"2016-06-04T20:41:10+00:00\",\"description\":\"Clank, un bot del ejercito de Drek, deserta e intenta llegar a Novalis,,pero se estrella en Veldin, all\u00ed es rescatado por Ratchet\",\"breadcrumb\":{\"@id\":\"https:\/\/limitgamers.com\/index.php\/ratchet-clank-ps4\/review-2\/#breadcrumb\"},\"inLanguage\":\"es\",\"potentialAction\":[{\"@type\":\"ReadAction\",\"target\":[\"https:\/\/limitgamers.com\/index.php\/ratchet-clank-ps4\/review-2\/\"]}]},{\"@type\":\"ImageObject\",\"inLanguage\":\"es\",\"@id\":\"https:\/\/limitgamers.com\/index.php\/ratchet-clank-ps4\/review-2\/#primaryimage\",\"url\":\"https:\/\/limitgamers.com\/wp-content\/uploads\/2016\/04\/q25-3.jpg\",\"contentUrl\":\"https:\/\/limitgamers.com\/wp-content\/uploads\/2016\/04\/q25-3.jpg\",\"width\":1920,\"height\":1080,\"caption\":\"Ratchet & Clank\"},{\"@type\":\"BreadcrumbList\",\"@id\":\"https:\/\/limitgamers.com\/index.php\/ratchet-clank-ps4\/review-2\/#breadcrumb\",\"itemListElement\":[{\"@type\":\"ListItem\",\"position\":1,\"name\":\"Portada\",\"item\":\"https:\/\/limitgamers.com\/\"},{\"@type\":\"ListItem\",\"position\":2,\"name\":\"Ratchet &#038; Clank (PS4)\",\"item\":\"https:\/\/limitgamers.com\/index.php\/ratchet-clank-ps4\/\"},{\"@type\":\"ListItem\",\"position\":3,\"name\":\"Review\"}]},{\"@type\":\"WebSite\",\"@id\":\"https:\/\/limitgamers.com\/#website\",\"url\":\"https:\/\/limitgamers.com\/\",\"name\":\"LIMIT GAMERS\",\"description\":\"Bienvenido Gamers!\",\"publisher\":{\"@id\":\"https:\/\/limitgamers.com\/#organization\"},\"potentialAction\":[{\"@type\":\"SearchAction\",\"target\":{\"@type\":\"EntryPoint\",\"urlTemplate\":\"https:\/\/limitgamers.com\/?s={search_term_string}\"},\"query-input\":{\"@type\":\"PropertyValueSpecification\",\"valueRequired\":true,\"valueName\":\"search_term_string\"}}],\"inLanguage\":\"es\"},{\"@type\":\"Organization\",\"@id\":\"https:\/\/limitgamers.com\/#organization\",\"name\":\"Limit Gamers\",\"url\":\"https:\/\/limitgamers.com\/\",\"logo\":{\"@type\":\"ImageObject\",\"inLanguage\":\"es\",\"@id\":\"https:\/\/limitgamers.com\/#\/schema\/logo\/image\/\",\"url\":\"https:\/\/limitgamers.com\/wp-content\/uploads\/2016\/02\/limitgamers.jpg\",\"contentUrl\":\"https:\/\/limitgamers.com\/wp-content\/uploads\/2016\/02\/limitgamers.jpg\",\"width\":1712,\"height\":145,\"caption\":\"Limit Gamers\"},\"image\":{\"@id\":\"https:\/\/limitgamers.com\/#\/schema\/logo\/image\/\"},\"sameAs\":[\"https:\/\/www.facebook.com\/limitgamers\/\",\"https:\/\/x.com\/limit_gamers\",\"https:\/\/www.instagram.com\/limit_gamers\/\",\"http:\/\/www.youtube.com\/c\/Limitgamers\"]}]}<\/script>\n<!-- \/ Yoast SEO plugin. -->","yoast_head_json":{"title":"Ratchet & Clank analisis, review. Limitgamers.com","description":"Clank, un bot del ejercito de Drek, deserta e intenta llegar a Novalis,,pero se estrella en Veldin, all\u00ed es rescatado por Ratchet","robots":{"index":"index","follow":"follow","max-snippet":"max-snippet:-1","max-image-preview":"max-image-preview:large","max-video-preview":"max-video-preview:-1"},"canonical":"https:\/\/limitgamers.com\/index.php\/ratchet-clank-ps4\/review-2\/","og_locale":"es_ES","og_type":"article","og_title":"Ratchet & Clank analisis, review. Limitgamers.com","og_description":"Clank, un bot del ejercito de Drek, deserta e intenta llegar a Novalis,,pero se estrella en Veldin, all\u00ed es rescatado por Ratchet","og_url":"https:\/\/limitgamers.com\/index.php\/ratchet-clank-ps4\/review-2\/","og_site_name":"LIMIT GAMERS","article_publisher":"https:\/\/www.facebook.com\/limitgamers\/","article_modified_time":"2016-06-04T20:41:10+00:00","og_image":[{"width":1920,"height":1080,"url":"https:\/\/limitgamers.com\/wp-content\/uploads\/2016\/04\/q25-3.jpg","type":"image\/jpeg"}],"twitter_card":"summary_large_image","twitter_site":"@limit_gamers","twitter_misc":{"Tiempo de lectura":"4 minutos"},"schema":{"@context":"https:\/\/schema.org","@graph":[{"@type":"WebPage","@id":"https:\/\/limitgamers.com\/index.php\/ratchet-clank-ps4\/review-2\/","url":"https:\/\/limitgamers.com\/index.php\/ratchet-clank-ps4\/review-2\/","name":"Ratchet & Clank analisis, review. Limitgamers.com","isPartOf":{"@id":"https:\/\/limitgamers.com\/#website"},"primaryImageOfPage":{"@id":"https:\/\/limitgamers.com\/index.php\/ratchet-clank-ps4\/review-2\/#primaryimage"},"image":{"@id":"https:\/\/limitgamers.com\/index.php\/ratchet-clank-ps4\/review-2\/#primaryimage"},"thumbnailUrl":"https:\/\/limitgamers.com\/wp-content\/uploads\/2016\/04\/q25-3.jpg","datePublished":"2016-04-26T20:13:38+00:00","dateModified":"2016-06-04T20:41:10+00:00","description":"Clank, un bot del ejercito de Drek, deserta e intenta llegar a Novalis,,pero se estrella en Veldin, all\u00ed es rescatado por Ratchet","breadcrumb":{"@id":"https:\/\/limitgamers.com\/index.php\/ratchet-clank-ps4\/review-2\/#breadcrumb"},"inLanguage":"es","potentialAction":[{"@type":"ReadAction","target":["https:\/\/limitgamers.com\/index.php\/ratchet-clank-ps4\/review-2\/"]}]},{"@type":"ImageObject","inLanguage":"es","@id":"https:\/\/limitgamers.com\/index.php\/ratchet-clank-ps4\/review-2\/#primaryimage","url":"https:\/\/limitgamers.com\/wp-content\/uploads\/2016\/04\/q25-3.jpg","contentUrl":"https:\/\/limitgamers.com\/wp-content\/uploads\/2016\/04\/q25-3.jpg","width":1920,"height":1080,"caption":"Ratchet & Clank"},{"@type":"BreadcrumbList","@id":"https:\/\/limitgamers.com\/index.php\/ratchet-clank-ps4\/review-2\/#breadcrumb","itemListElement":[{"@type":"ListItem","position":1,"name":"Portada","item":"https:\/\/limitgamers.com\/"},{"@type":"ListItem","position":2,"name":"Ratchet &#038; Clank (PS4)","item":"https:\/\/limitgamers.com\/index.php\/ratchet-clank-ps4\/"},{"@type":"ListItem","position":3,"name":"Review"}]},{"@type":"WebSite","@id":"https:\/\/limitgamers.com\/#website","url":"https:\/\/limitgamers.com\/","name":"LIMIT GAMERS","description":"Bienvenido Gamers!","publisher":{"@id":"https:\/\/limitgamers.com\/#organization"},"potentialAction":[{"@type":"SearchAction","target":{"@type":"EntryPoint","urlTemplate":"https:\/\/limitgamers.com\/?s={search_term_string}"},"query-input":{"@type":"PropertyValueSpecification","valueRequired":true,"valueName":"search_term_string"}}],"inLanguage":"es"},{"@type":"Organization","@id":"https:\/\/limitgamers.com\/#organization","name":"Limit Gamers","url":"https:\/\/limitgamers.com\/","logo":{"@type":"ImageObject","inLanguage":"es","@id":"https:\/\/limitgamers.com\/#\/schema\/logo\/image\/","url":"https:\/\/limitgamers.com\/wp-content\/uploads\/2016\/02\/limitgamers.jpg","contentUrl":"https:\/\/limitgamers.com\/wp-content\/uploads\/2016\/02\/limitgamers.jpg","width":1712,"height":145,"caption":"Limit Gamers"},"image":{"@id":"https:\/\/limitgamers.com\/#\/schema\/logo\/image\/"},"sameAs":["https:\/\/www.facebook.com\/limitgamers\/","https:\/\/x.com\/limit_gamers","https:\/\/www.instagram.com\/limit_gamers\/","http:\/\/www.youtube.com\/c\/Limitgamers"]}]}},"_links":{"self":[{"href":"https:\/\/limitgamers.com\/index.php\/wp-json\/wp\/v2\/pages\/5333","targetHints":{"allow":["GET"]}}],"collection":[{"href":"https:\/\/limitgamers.com\/index.php\/wp-json\/wp\/v2\/pages"}],"about":[{"href":"https:\/\/limitgamers.com\/index.php\/wp-json\/wp\/v2\/types\/page"}],"author":[{"embeddable":true,"href":"https:\/\/limitgamers.com\/index.php\/wp-json\/wp\/v2\/users\/7"}],"replies":[{"embeddable":true,"href":"https:\/\/limitgamers.com\/index.php\/wp-json\/wp\/v2\/comments?post=5333"}],"version-history":[{"count":0,"href":"https:\/\/limitgamers.com\/index.php\/wp-json\/wp\/v2\/pages\/5333\/revisions"}],"up":[{"embeddable":true,"href":"https:\/\/limitgamers.com\/index.php\/wp-json\/wp\/v2\/pages\/5897"}],"wp:featuredmedia":[{"embeddable":true,"href":"https:\/\/limitgamers.com\/index.php\/wp-json\/wp\/v2\/media\/5905"}],"wp:attachment":[{"href":"https:\/\/limitgamers.com\/index.php\/wp-json\/wp\/v2\/media?parent=5333"}],"wp:term":[{"taxonomy":"post_tag","embeddable":true,"href":"https:\/\/limitgamers.com\/index.php\/wp-json\/wp\/v2\/tags?post=5333"},{"taxonomy":"gp_hubs","embeddable":true,"href":"https:\/\/limitgamers.com\/index.php\/wp-json\/wp\/v2\/gp_hubs?post=5333"},{"taxonomy":"fecha-lanzamiento","embeddable":true,"href":"https:\/\/limitgamers.com\/index.php\/wp-json\/wp\/v2\/fecha-lanzamiento?post=5333"},{"taxonomy":"genero","embeddable":true,"href":"https:\/\/limitgamers.com\/index.php\/wp-json\/wp\/v2\/genero?post=5333"},{"taxonomy":"recomendacion-edad","embeddable":true,"href":"https:\/\/limitgamers.com\/index.php\/wp-json\/wp\/v2\/recomendacion-edad?post=5333"},{"taxonomy":"compania","embeddable":true,"href":"https:\/\/limitgamers.com\/index.php\/wp-json\/wp\/v2\/compania?post=5333"},{"taxonomy":"publicado","embeddable":true,"href":"https:\/\/limitgamers.com\/index.php\/wp-json\/wp\/v2\/publicado?post=5333"}],"curies":[{"name":"wp","href":"https:\/\/api.w.org\/{rel}","templated":true}]}}