{"id":4686,"date":"2016-03-08T00:52:05","date_gmt":"2016-03-07T23:52:05","guid":{"rendered":"http:\/\/limitgamers.com\/?page_id=4686"},"modified":"2016-03-09T00:00:04","modified_gmt":"2016-03-08T23:00:04","slug":"uncharted-4-desenlace-del-ladron-sufre-nuevo-retraso","status":"publish","type":"page","link":"https:\/\/limitgamers.com\/index.php\/uncharted-4-desenlace-del-ladron-sufre-nuevo-retraso\/","title":{"rendered":"UNCHARTED 4: EL DESENLACE DEL LADR\u00d3N SE RETRASA UN POCO M\u00c1S"},"content":{"rendered":"<p>El titulo Uncharted 4 se retrasa dos semanas (hasta el 10 de Mayo) su fecha de lanzamiento seg\u00fan las propias palabras del comunicado ofrecido por Sony:<\/p>\n<blockquote><p><i>\u201cEn un esfuerzo por satisfacer la gran demanda en todo el mundo y para asegurar que todos los jugadores tengan la oportunidad de jugar al t\u00edtulo desde el primer d\u00eda, hemos decidido posponer el lanzamiento de Uncharted 4 El Desenlace del Ladr\u00f3n dos semana y as\u00ed tener un tiempo de fabricaci\u00f3n adicional\u201d.<\/i><\/p><\/blockquote>\n<p>Naugty dog y Sony quieren asegurar la gran demanda de reservas que esta teniendo el titulo en cuesti\u00f3n, y no dejar a ning\u00fan Gamer sin su juego. Cabe destacar que es unos de los lanzamientos estrella de este 2016.<\/p>\n<p>Ademas este fin de semana, se ha podido probar la beta multijugador, en la PS Store, donde ha tenido gran \u00e9xito y buenas criticas.<\/p>\n<p>Para ir calentando motores aqu\u00ed os dejamos el ultimo trailer del modo historia en espa\u00f1ol:<\/p>\n<p><iframe loading=\"lazy\" src=\"https:\/\/www.youtube.com\/embed\/34GJ9ZMAKqA\" width=\"560\" height=\"315\" frameborder=\"0\" allowfullscreen=\"allowfullscreen\"><\/iframe><\/p>\n<p>&nbsp;<\/p>\n","protected":false},"excerpt":{"rendered":"<p>El titulo Uncharted 4 se retrasa dos semanas (hasta el 10 de Mayo) su fecha de lanzamiento seg\u00fan las propias palabras del comunicado ofrecido por Sony: \u201cEn un esfuerzo por satisfacer la gran demanda en todo el mundo y para asegurar que todos los jugadores tengan la oportunidad de jugar al t\u00edtulo desde el primer d\u00eda, hemos decidido posponer el lanzamiento de Uncharted 4 El Desenlace del Ladr\u00f3n dos semana y as\u00ed tener un tiempo de fabricaci\u00f3n adicional\u201d. Naugty dog y Sony quieren asegurar la gran demanda de reservas que esta teniendo el titulo en cuesti\u00f3n, y no dejar a ning\u00fan Gamer sin su juego. Cabe destacar que es unos de los lanzamientos estrella de este 2016. Ademas este fin de semana, se ha podido probar la beta multijugador, en la PS Store, donde ha tenido gran \u00e9xito y buenas criticas. Para ir calentando motores aqu\u00ed os dejamos el ultimo trailer del modo historia en espa\u00f1ol: &nbsp;<\/p>\n","protected":false},"author":1,"featured_media":4687,"parent":0,"menu_order":0,"comment_status":"open","ping_status":"closed","template":"news-template.php","meta":{"footnotes":""},"tags":[110,109,117],"gp_hubs":[39],"fecha-lanzamiento":[],"genero":[],"recomendacion-edad":[],"compania":[],"publicado":[],"class_list":{"0":"post-4686","1":"page","2":"type-page","3":"status-publish","4":"has-post-thumbnail","6":"tag-naughty-dog","7":"tag-ps4","8":"tag-uncharted","9":"gp_hubs-hub-ps4"},"yoast_head":"<!-- This site is optimized with the Yoast SEO plugin v26.8 - https:\/\/yoast.com\/product\/yoast-seo-wordpress\/ -->\n<title>Nuevo retraso en el lanzamiento de Uncharted 4 para ps4<\/title>\n<meta name=\"description\" content=\"\u201cEn un esfuerzo por satisfacer la gran demanda en todo el mundo y para asegurar que todos los jugadores tengan la oportunidad de jugar al t\u00edtulo desde el...\" \/>\n<meta name=\"robots\" content=\"index, follow, max-snippet:-1, max-image-preview:large, max-video-preview:-1\" \/>\n<link rel=\"canonical\" href=\"https:\/\/limitgamers.com\/index.php\/uncharted-4-desenlace-del-ladron-sufre-nuevo-retraso\/\" \/>\n<meta property=\"og:locale\" content=\"es_ES\" \/>\n<meta property=\"og:type\" content=\"article\" \/>\n<meta property=\"og:title\" content=\"Nuevo retraso en el lanzamiento de Uncharted 4 para ps4\" \/>\n<meta property=\"og:description\" content=\"\u201cEn un esfuerzo por satisfacer la gran demanda en todo el mundo y para asegurar que todos los jugadores tengan la oportunidad de jugar al t\u00edtulo desde el...\" \/>\n<meta property=\"og:url\" content=\"https:\/\/limitgamers.com\/index.php\/uncharted-4-desenlace-del-ladron-sufre-nuevo-retraso\/\" \/>\n<meta property=\"og:site_name\" content=\"LIMIT GAMERS\" \/>\n<meta property=\"article:publisher\" content=\"https:\/\/www.facebook.com\/limitgamers\/\" \/>\n<meta property=\"article:modified_time\" content=\"2016-03-08T23:00:04+00:00\" \/>\n<meta property=\"og:image\" content=\"https:\/\/limitgamers.com\/wp-content\/uploads\/2016\/03\/uncharted-4-world-premiere-new-character.jpg\" \/>\n\t<meta property=\"og:image:width\" content=\"1080\" \/>\n\t<meta property=\"og:image:height\" content=\"600\" \/>\n\t<meta property=\"og:image:type\" content=\"image\/jpeg\" \/>\n<meta name=\"twitter:card\" content=\"summary_large_image\" \/>\n<meta name=\"twitter:site\" content=\"@limit_gamers\" \/>\n<meta name=\"twitter:label1\" content=\"Tiempo de lectura\" \/>\n\t<meta name=\"twitter:data1\" content=\"1 minuto\" \/>\n<script type=\"application\/ld+json\" class=\"yoast-schema-graph\">{\"@context\":\"https:\/\/schema.org\",\"@graph\":[{\"@type\":\"WebPage\",\"@id\":\"https:\/\/limitgamers.com\/index.php\/uncharted-4-desenlace-del-ladron-sufre-nuevo-retraso\/\",\"url\":\"https:\/\/limitgamers.com\/index.php\/uncharted-4-desenlace-del-ladron-sufre-nuevo-retraso\/\",\"name\":\"Nuevo retraso en el lanzamiento de Uncharted 4 para ps4\",\"isPartOf\":{\"@id\":\"https:\/\/limitgamers.com\/#website\"},\"primaryImageOfPage\":{\"@id\":\"https:\/\/limitgamers.com\/index.php\/uncharted-4-desenlace-del-ladron-sufre-nuevo-retraso\/#primaryimage\"},\"image\":{\"@id\":\"https:\/\/limitgamers.com\/index.php\/uncharted-4-desenlace-del-ladron-sufre-nuevo-retraso\/#primaryimage\"},\"thumbnailUrl\":\"https:\/\/limitgamers.com\/wp-content\/uploads\/2016\/03\/uncharted-4-world-premiere-new-character.jpg\",\"datePublished\":\"2016-03-07T23:52:05+00:00\",\"dateModified\":\"2016-03-08T23:00:04+00:00\",\"description\":\"\u201cEn un esfuerzo por satisfacer la gran demanda en todo el mundo y para asegurar que todos los jugadores tengan la oportunidad de jugar al t\u00edtulo desde el...\",\"breadcrumb\":{\"@id\":\"https:\/\/limitgamers.com\/index.php\/uncharted-4-desenlace-del-ladron-sufre-nuevo-retraso\/#breadcrumb\"},\"inLanguage\":\"es\",\"potentialAction\":[{\"@type\":\"ReadAction\",\"target\":[\"https:\/\/limitgamers.com\/index.php\/uncharted-4-desenlace-del-ladron-sufre-nuevo-retraso\/\"]}]},{\"@type\":\"ImageObject\",\"inLanguage\":\"es\",\"@id\":\"https:\/\/limitgamers.com\/index.php\/uncharted-4-desenlace-del-ladron-sufre-nuevo-retraso\/#primaryimage\",\"url\":\"https:\/\/limitgamers.com\/wp-content\/uploads\/2016\/03\/uncharted-4-world-premiere-new-character.jpg\",\"contentUrl\":\"https:\/\/limitgamers.com\/wp-content\/uploads\/2016\/03\/uncharted-4-world-premiere-new-character.jpg\",\"width\":1080,\"height\":600},{\"@type\":\"BreadcrumbList\",\"@id\":\"https:\/\/limitgamers.com\/index.php\/uncharted-4-desenlace-del-ladron-sufre-nuevo-retraso\/#breadcrumb\",\"itemListElement\":[{\"@type\":\"ListItem\",\"position\":1,\"name\":\"Portada\",\"item\":\"https:\/\/limitgamers.com\/\"},{\"@type\":\"ListItem\",\"position\":2,\"name\":\"UNCHARTED 4: EL DESENLACE DEL LADR\u00d3N SE RETRASA UN POCO M\u00c1S\"}]},{\"@type\":\"WebSite\",\"@id\":\"https:\/\/limitgamers.com\/#website\",\"url\":\"https:\/\/limitgamers.com\/\",\"name\":\"LIMIT GAMERS\",\"description\":\"Bienvenido Gamers!\",\"publisher\":{\"@id\":\"https:\/\/limitgamers.com\/#organization\"},\"potentialAction\":[{\"@type\":\"SearchAction\",\"target\":{\"@type\":\"EntryPoint\",\"urlTemplate\":\"https:\/\/limitgamers.com\/?s={search_term_string}\"},\"query-input\":{\"@type\":\"PropertyValueSpecification\",\"valueRequired\":true,\"valueName\":\"search_term_string\"}}],\"inLanguage\":\"es\"},{\"@type\":\"Organization\",\"@id\":\"https:\/\/limitgamers.com\/#organization\",\"name\":\"Limit Gamers\",\"url\":\"https:\/\/limitgamers.com\/\",\"logo\":{\"@type\":\"ImageObject\",\"inLanguage\":\"es\",\"@id\":\"https:\/\/limitgamers.com\/#\/schema\/logo\/image\/\",\"url\":\"https:\/\/limitgamers.com\/wp-content\/uploads\/2016\/02\/limitgamers.jpg\",\"contentUrl\":\"https:\/\/limitgamers.com\/wp-content\/uploads\/2016\/02\/limitgamers.jpg\",\"width\":1712,\"height\":145,\"caption\":\"Limit Gamers\"},\"image\":{\"@id\":\"https:\/\/limitgamers.com\/#\/schema\/logo\/image\/\"},\"sameAs\":[\"https:\/\/www.facebook.com\/limitgamers\/\",\"https:\/\/x.com\/limit_gamers\",\"https:\/\/www.instagram.com\/limit_gamers\/\",\"http:\/\/www.youtube.com\/c\/Limitgamers\"]}]}<\/script>\n<!-- \/ Yoast SEO plugin. -->","yoast_head_json":{"title":"Nuevo retraso en el lanzamiento de Uncharted 4 para ps4","description":"\u201cEn un esfuerzo por satisfacer la gran demanda en todo el mundo y para asegurar que todos los jugadores tengan la oportunidad de jugar al t\u00edtulo desde el...","robots":{"index":"index","follow":"follow","max-snippet":"max-snippet:-1","max-image-preview":"max-image-preview:large","max-video-preview":"max-video-preview:-1"},"canonical":"https:\/\/limitgamers.com\/index.php\/uncharted-4-desenlace-del-ladron-sufre-nuevo-retraso\/","og_locale":"es_ES","og_type":"article","og_title":"Nuevo retraso en el lanzamiento de Uncharted 4 para ps4","og_description":"\u201cEn un esfuerzo por satisfacer la gran demanda en todo el mundo y para asegurar que todos los jugadores tengan la oportunidad de jugar al t\u00edtulo desde el...","og_url":"https:\/\/limitgamers.com\/index.php\/uncharted-4-desenlace-del-ladron-sufre-nuevo-retraso\/","og_site_name":"LIMIT GAMERS","article_publisher":"https:\/\/www.facebook.com\/limitgamers\/","article_modified_time":"2016-03-08T23:00:04+00:00","og_image":[{"width":1080,"height":600,"url":"https:\/\/limitgamers.com\/wp-content\/uploads\/2016\/03\/uncharted-4-world-premiere-new-character.jpg","type":"image\/jpeg"}],"twitter_card":"summary_large_image","twitter_site":"@limit_gamers","twitter_misc":{"Tiempo de lectura":"1 minuto"},"schema":{"@context":"https:\/\/schema.org","@graph":[{"@type":"WebPage","@id":"https:\/\/limitgamers.com\/index.php\/uncharted-4-desenlace-del-ladron-sufre-nuevo-retraso\/","url":"https:\/\/limitgamers.com\/index.php\/uncharted-4-desenlace-del-ladron-sufre-nuevo-retraso\/","name":"Nuevo retraso en el lanzamiento de Uncharted 4 para ps4","isPartOf":{"@id":"https:\/\/limitgamers.com\/#website"},"primaryImageOfPage":{"@id":"https:\/\/limitgamers.com\/index.php\/uncharted-4-desenlace-del-ladron-sufre-nuevo-retraso\/#primaryimage"},"image":{"@id":"https:\/\/limitgamers.com\/index.php\/uncharted-4-desenlace-del-ladron-sufre-nuevo-retraso\/#primaryimage"},"thumbnailUrl":"https:\/\/limitgamers.com\/wp-content\/uploads\/2016\/03\/uncharted-4-world-premiere-new-character.jpg","datePublished":"2016-03-07T23:52:05+00:00","dateModified":"2016-03-08T23:00:04+00:00","description":"\u201cEn un esfuerzo por satisfacer la gran demanda en todo el mundo y para asegurar que todos los jugadores tengan la oportunidad de jugar al t\u00edtulo desde el...","breadcrumb":{"@id":"https:\/\/limitgamers.com\/index.php\/uncharted-4-desenlace-del-ladron-sufre-nuevo-retraso\/#breadcrumb"},"inLanguage":"es","potentialAction":[{"@type":"ReadAction","target":["https:\/\/limitgamers.com\/index.php\/uncharted-4-desenlace-del-ladron-sufre-nuevo-retraso\/"]}]},{"@type":"ImageObject","inLanguage":"es","@id":"https:\/\/limitgamers.com\/index.php\/uncharted-4-desenlace-del-ladron-sufre-nuevo-retraso\/#primaryimage","url":"https:\/\/limitgamers.com\/wp-content\/uploads\/2016\/03\/uncharted-4-world-premiere-new-character.jpg","contentUrl":"https:\/\/limitgamers.com\/wp-content\/uploads\/2016\/03\/uncharted-4-world-premiere-new-character.jpg","width":1080,"height":600},{"@type":"BreadcrumbList","@id":"https:\/\/limitgamers.com\/index.php\/uncharted-4-desenlace-del-ladron-sufre-nuevo-retraso\/#breadcrumb","itemListElement":[{"@type":"ListItem","position":1,"name":"Portada","item":"https:\/\/limitgamers.com\/"},{"@type":"ListItem","position":2,"name":"UNCHARTED 4: EL DESENLACE DEL LADR\u00d3N SE RETRASA UN POCO M\u00c1S"}]},{"@type":"WebSite","@id":"https:\/\/limitgamers.com\/#website","url":"https:\/\/limitgamers.com\/","name":"LIMIT GAMERS","description":"Bienvenido Gamers!","publisher":{"@id":"https:\/\/limitgamers.com\/#organization"},"potentialAction":[{"@type":"SearchAction","target":{"@type":"EntryPoint","urlTemplate":"https:\/\/limitgamers.com\/?s={search_term_string}"},"query-input":{"@type":"PropertyValueSpecification","valueRequired":true,"valueName":"search_term_string"}}],"inLanguage":"es"},{"@type":"Organization","@id":"https:\/\/limitgamers.com\/#organization","name":"Limit Gamers","url":"https:\/\/limitgamers.com\/","logo":{"@type":"ImageObject","inLanguage":"es","@id":"https:\/\/limitgamers.com\/#\/schema\/logo\/image\/","url":"https:\/\/limitgamers.com\/wp-content\/uploads\/2016\/02\/limitgamers.jpg","contentUrl":"https:\/\/limitgamers.com\/wp-content\/uploads\/2016\/02\/limitgamers.jpg","width":1712,"height":145,"caption":"Limit Gamers"},"image":{"@id":"https:\/\/limitgamers.com\/#\/schema\/logo\/image\/"},"sameAs":["https:\/\/www.facebook.com\/limitgamers\/","https:\/\/x.com\/limit_gamers","https:\/\/www.instagram.com\/limit_gamers\/","http:\/\/www.youtube.com\/c\/Limitgamers"]}]}},"_links":{"self":[{"href":"https:\/\/limitgamers.com\/index.php\/wp-json\/wp\/v2\/pages\/4686","targetHints":{"allow":["GET"]}}],"collection":[{"href":"https:\/\/limitgamers.com\/index.php\/wp-json\/wp\/v2\/pages"}],"about":[{"href":"https:\/\/limitgamers.com\/index.php\/wp-json\/wp\/v2\/types\/page"}],"author":[{"embeddable":true,"href":"https:\/\/limitgamers.com\/index.php\/wp-json\/wp\/v2\/users\/1"}],"replies":[{"embeddable":true,"href":"https:\/\/limitgamers.com\/index.php\/wp-json\/wp\/v2\/comments?post=4686"}],"version-history":[{"count":0,"href":"https:\/\/limitgamers.com\/index.php\/wp-json\/wp\/v2\/pages\/4686\/revisions"}],"wp:featuredmedia":[{"embeddable":true,"href":"https:\/\/limitgamers.com\/index.php\/wp-json\/wp\/v2\/media\/4687"}],"wp:attachment":[{"href":"https:\/\/limitgamers.com\/index.php\/wp-json\/wp\/v2\/media?parent=4686"}],"wp:term":[{"taxonomy":"post_tag","embeddable":true,"href":"https:\/\/limitgamers.com\/index.php\/wp-json\/wp\/v2\/tags?post=4686"},{"taxonomy":"gp_hubs","embeddable":true,"href":"https:\/\/limitgamers.com\/index.php\/wp-json\/wp\/v2\/gp_hubs?post=4686"},{"taxonomy":"fecha-lanzamiento","embeddable":true,"href":"https:\/\/limitgamers.com\/index.php\/wp-json\/wp\/v2\/fecha-lanzamiento?post=4686"},{"taxonomy":"genero","embeddable":true,"href":"https:\/\/limitgamers.com\/index.php\/wp-json\/wp\/v2\/genero?post=4686"},{"taxonomy":"recomendacion-edad","embeddable":true,"href":"https:\/\/limitgamers.com\/index.php\/wp-json\/wp\/v2\/recomendacion-edad?post=4686"},{"taxonomy":"compania","embeddable":true,"href":"https:\/\/limitgamers.com\/index.php\/wp-json\/wp\/v2\/compania?post=4686"},{"taxonomy":"publicado","embeddable":true,"href":"https:\/\/limitgamers.com\/index.php\/wp-json\/wp\/v2\/publicado?post=4686"}],"curies":[{"name":"wp","href":"https:\/\/api.w.org\/{rel}","templated":true}]}}