{"id":1923,"date":"2014-01-05T12:23:26","date_gmt":"2014-01-05T11:23:26","guid":{"rendered":"http:\/\/vivacity.wpengine.com\/?page_id=1923"},"modified":"2018-01-24T01:33:25","modified_gmt":"2018-01-24T00:33:25","slug":"about-us","status":"publish","type":"page","link":"https:\/\/limitgamers.com\/index.php\/about-us\/","title":{"rendered":"Sobre nosotros"},"content":{"rendered":"<p>[vc_row full_width=\u00bbstretch_row\u00bb css=\u00bb.vc_custom_1424455342090{padding-top: 60px !important;padding-bottom: 60px !important;}\u00bb][vc_column width=\u00bb1\/3&#8243;][vc_text_separator title=\u00bbSOBRE LIMIT GAMERS\u00bb title_align=\u00bbseparator_align_left\u00bb][vc_column_text margins=\u00bb 0 0 35px 0&#8243;]<em>\u00abBienvenidos Gamers<\/em>\u00bb es nuestro lema, damos bienvenida a cualquiera tipo de Gamer; Hardcore, Casual, PCeros&#8230;. Limit Gamers es una pagina Web \/ Blog\u00a0creado por\u00a0Gamers, no somos <em><strong>Fanboy<\/strong> <\/em>de ninguna marca, ni de ninguna plataforma.<\/p>\n<p>Valoramos sobre todo la originalidad, la diversi\u00f3n, no nos importa que corra a 480p como a 4K. Buscamos historias que nos atrapen, multijugadores donde perder\u00e1s la noci\u00f3n del tiempo, o una idea original que marque nuestra retinas.<\/p>\n<p>Bienvenido a Limit Gamers, Gamer!!![\/vc_column_text][\/vc_column][vc_column width=\u00bb2\/3&#8243;][vc_text_separator title=\u00bbNuestro Credo\u00bb title_align=\u00bbseparator_align_left\u00bb][vc_progress_bar values=\u00bb%5B%7B%22label%22%3A%22Originalidad%22%2C%22value%22%3A%22100%22%7D%2C%7B%22label%22%3A%22Entretenimiento%22%2C%22value%22%3A%2290%22%7D%2C%7B%22label%22%3A%22Jugabilidad%22%2C%22value%22%3A%2270%22%7D%2C%7B%22label%22%3A%22Argumento%22%2C%22value%22%3A%2270%22%7D%2C%7B%22label%22%3A%22Duraci%C3%B3n%22%2C%22value%22%3A%2260%22%7D%2C%7B%22label%22%3A%22Graficos%22%2C%22value%22%3A%2250%22%7D%5D\u00bb bgcolor=\u00bbcustom\u00bb custombgcolor=\u00bb#f84103&#8243; textcolor=\u00bb#ffffff\u00bb title=\u00bbComo valoramos cada Juego\u00bb units=\u00bb%\u00bb][\/vc_column][\/vc_row][vc_row full_width=\u00bbstretch_row\u00bb css=\u00bb.vc_custom_1424455443188{margin-bottom: 0px !important;padding-top: 100px !important;padding-bottom: 100px !important;background-color: #caedff !important;}\u00bb][vc_column][vc_column_text margins=\u00bb30&#8243;]<\/p>\n<h1 style=\"text-align: center; margin-bottom: 60px;\">Quienes somos<\/h1>\n<p>[\/vc_column_text][team][team_member image_url=\u00bb8286&#8243; name=\u00bbLimlocuras\u00bb position=\u00bbWebmaster\u00bb]Webmaster de Limit Gamers, Gamer desde la epoca de 16bits,\u00a0echa de menos la originalidad y historias de la epoca 16\/32bits. Ama la tecnolog\u00eda, y se considera un amante de todo lo relacionado con el pa\u00eds del sol naciente.<\/p>\n<p><a href=\"https:\/\/www.facebook.com\/DjLimGZ\">@limlocuras<\/a>[\/team_member][team_member image_url=\u00bb5051&#8243; name=\u00bbAcha\u00bb position=\u00bbAdministrador\u00bb description=\u00bbUniquely disseminate extensive innovation whereas proactive testing procedures. Continually supply real-time testing procedures without visionary schemas. Proactively engage enterprise-wide.\u00bb]Uno de los tres administradores de Limit Gamers. Gamer Hardcore, devora todo tipo de t\u00edtulos, amante de un buen FF7 o de un Zelda, no es capaz de no emocionarse recordando titulos de otras epocas.<\/p>\n<p><a href=\"https:\/\/www.facebook.com\/juan.a.gil.77?fref=ts\" target=\"_blank\" rel=\"noopener noreferrer\">@acha<\/a>[\/team_member][team_member image_url=\u00bb5053&#8243; name=\u00bbSerto19&#8243; position=\u00bbAdministrador\u00bb description=\u00bbProfessionally expedite 2.0 supply chains and intuitive e-tailers. Progressively pursue granular quality vectors before enterprise methods of empowerment. Energistically.\u00bb]El mas joven del grupo, pero el mas alto&#8230; Especialista en las tripas de todo tipo de Gadget electr\u00f3nico, amante de realismo sobre todo, y de un buen juego en primera persona, en ratos libres\u00a0rozara cada piano del circuito en juegos de conducci\u00f3n y no se puede resistir a un buen plataformas.<\/p>\n<p><a href=\"https:\/\/www.facebook.com\/manuel.sanchezserto?fref=ts\" target=\"_blank\" rel=\"noopener noreferrer\">@serto19<\/a>[\/team_member][team_member image_url=\u00bb8297&#8243; name=\u00bbDiego Perry\u00bb position=\u00bbRedactor \u00ab]Cada d\u00eda me levanto y cuando vuelvo de un largo d\u00eda de trabajo, puedo imaginarme siendo el h\u00e9roe, el villano y revivir mil y una aventuras. Puedo ser uno y puedo ser todos. Hoy soy Solid Snake, ma\u00f1ana Samus y pasado ma\u00f1ana Toad.[\/team_member][team_member image_url=\u00bb11416&#8243; name=\u00bbDavid Sheep\u00bb position=\u00bbAdministrador \/ Dise\u00f1o\u00bb link=\u00bbhttps:\/\/www.youtube.com\/channel\/UC5R1XmfmBtolzqomyMHdb-g\u00bb link_target=\u00bb_blank\u00bb]Gamer de nacimiento y apasionado del dibujo, el ultimo en unirse al grupo de Limit Gamers, el cual lo puedes ver en los Limit Talks de nuestro canal de Youtube[\/team_member][\/team][\/vc_column][\/vc_row]<\/p>\n","protected":false},"excerpt":{"rendered":"<p>[vc_row full_width=\u00bbstretch_row\u00bb css=\u00bb.vc_custom_1424455342090{padding-top: 60px !important;padding-bottom: 60px !important;}\u00bb][vc_column width=\u00bb1\/3&#8243;][vc_text_separator title=\u00bbSOBRE LIMIT GAMERS\u00bb title_align=\u00bbseparator_align_left\u00bb][vc_column_text margins=\u00bb 0 0 35px 0&#8243;]\u00abBienvenidos Gamers\u00bb es nuestro lema, damos bienvenida a cualquiera tipo de Gamer; Hardcore, Casual, PCeros&#8230;. Limit Gamers es una pagina Web \/ Blog\u00a0creado por\u00a0Gamers, no somos Fanboy de ninguna marca, ni de ninguna plataforma. Valoramos sobre todo la originalidad, la diversi\u00f3n, no nos importa que corra a 480p como a 4K. Buscamos historias que nos atrapen, multijugadores donde perder\u00e1s la noci\u00f3n del tiempo, o una idea original que marque nuestra retinas. Bienvenido a Limit Gamers, Gamer!!![\/vc_column_text][\/vc_column][vc_column width=\u00bb2\/3&#8243;][vc_text_separator title=\u00bbNuestro Credo\u00bb title_align=\u00bbseparator_align_left\u00bb][vc_progress_bar values=\u00bb%5B%7B%22label%22%3A%22Originalidad%22%2C%22value%22%3A%22100%22%7D%2C%7B%22label%22%3A%22Entretenimiento%22%2C%22value%22%3A%2290%22%7D%2C%7B%22label%22%3A%22Jugabilidad%22%2C%22value%22%3A%2270%22%7D%2C%7B%22label%22%3A%22Argumento%22%2C%22value%22%3A%2270%22%7D%2C%7B%22label%22%3A%22Duraci%C3%B3n%22%2C%22value%22%3A%2260%22%7D%2C%7B%22label%22%3A%22Graficos%22%2C%22value%22%3A%2250%22%7D%5D\u00bb bgcolor=\u00bbcustom\u00bb custombgcolor=\u00bb#f84103&#8243; textcolor=\u00bb#ffffff\u00bb title=\u00bbComo valoramos cada Juego\u00bb units=\u00bb%\u00bb][\/vc_column][\/vc_row][vc_row full_width=\u00bbstretch_row\u00bb css=\u00bb.vc_custom_1424455443188{margin-bottom: 0px !important;padding-top: 100px !important;padding-bottom: 100px !important;background-color: #caedff !important;}\u00bb][vc_column][vc_column_text margins=\u00bb30&#8243;] Quienes somos [\/vc_column_text][team][team_member image_url=\u00bb8286&#8243; name=\u00bbLimlocuras\u00bb position=\u00bbWebmaster\u00bb]Webmaster de Limit Gamers, Gamer desde la epoca de 16bits,\u00a0echa de menos la originalidad y historias de la epoca 16\/32bits. Ama la tecnolog\u00eda, y se considera un amante de todo lo relacionado con el pa\u00eds del sol naciente. @limlocuras[\/team_member][team_member image_url=\u00bb5051&#8243; name=\u00bbAcha\u00bb position=\u00bbAdministrador\u00bb description=\u00bbUniquely disseminate extensive innovation whereas proactive testing procedures. Continually supply real-time testing procedures without visionary schemas. Proactively engage enterprise-wide.\u00bb]Uno de los tres administradores de Limit Gamers. Gamer Hardcore, devora todo tipo de t\u00edtulos, amante de un buen FF7 o de un Zelda, no es capaz de no emocionarse recordando titulos de otras epocas. @acha[\/team_member][team_member image_url=\u00bb5053&#8243; name=\u00bbSerto19&#8243; position=\u00bbAdministrador\u00bb description=\u00bbProfessionally expedite 2.0 supply chains and intuitive e-tailers. Progressively pursue granular quality vectors before enterprise methods of empowerment. Energistically.\u00bb]El mas joven del grupo, pero el mas alto&#8230; Especialista en las tripas de todo tipo de Gadget electr\u00f3nico, amante de realismo sobre todo, y de un buen juego en primera persona, en ratos libres\u00a0rozara cada piano del circuito en juegos de conducci\u00f3n y no se puede resistir a un buen plataformas. @serto19[\/team_member][team_member image_url=\u00bb8297&#8243; name=\u00bbDiego Perry\u00bb position=\u00bbRedactor \u00ab]Cada d\u00eda me levanto y cuando vuelvo de un largo d\u00eda de trabajo, puedo imaginarme siendo el h\u00e9roe, el villano y revivir mil y una aventuras. Puedo ser uno y puedo ser todos. Hoy soy Solid Snake, ma\u00f1ana Samus y pasado ma\u00f1ana Toad.[\/team_member][team_member image_url=\u00bb11416&#8243; name=\u00bbDavid Sheep\u00bb position=\u00bbAdministrador \/ Dise\u00f1o\u00bb link=\u00bbhttps:\/\/www.youtube.com\/channel\/UC5R1XmfmBtolzqomyMHdb-g\u00bb link_target=\u00bb_blank\u00bb]Gamer de nacimiento y apasionado del dibujo, el ultimo en unirse al grupo de Limit Gamers, el cual lo puedes ver en los Limit Talks de nuestro canal de Youtube[\/team_member][\/team][\/vc_column][\/vc_row]<\/p>\n","protected":false},"author":1,"featured_media":0,"parent":0,"menu_order":0,"comment_status":"open","ping_status":"closed","template":"","meta":{"footnotes":""},"tags":[],"gp_hubs":[],"fecha-lanzamiento":[],"genero":[],"recomendacion-edad":[],"compania":[],"publicado":[],"class_list":["post-1923","page","type-page","status-publish"],"yoast_head":"<!-- This site is optimized with the Yoast SEO plugin v26.8 - https:\/\/yoast.com\/product\/yoast-seo-wordpress\/ -->\n<title>Sobre nosotros &#8211; LIMIT GAMERS<\/title>\n<meta name=\"description\" content=\"Aqui estan las personas que hacen posible que limitgamers.com funcione\" \/>\n<meta name=\"robots\" content=\"index, follow, max-snippet:-1, max-image-preview:large, max-video-preview:-1\" \/>\n<link rel=\"canonical\" href=\"https:\/\/limitgamers.com\/index.php\/about-us\/\" \/>\n<meta property=\"og:locale\" content=\"es_ES\" \/>\n<meta property=\"og:type\" content=\"article\" \/>\n<meta property=\"og:title\" content=\"Sobre nosotros &#8211; LIMIT GAMERS\" \/>\n<meta property=\"og:description\" content=\"Aqui estan las personas que hacen posible que limitgamers.com funcione\" \/>\n<meta property=\"og:url\" content=\"https:\/\/limitgamers.com\/index.php\/about-us\/\" \/>\n<meta property=\"og:site_name\" content=\"LIMIT GAMERS\" \/>\n<meta property=\"article:publisher\" content=\"https:\/\/www.facebook.com\/limitgamers\/\" \/>\n<meta property=\"article:modified_time\" content=\"2018-01-24T00:33:25+00:00\" \/>\n<meta name=\"twitter:card\" content=\"summary_large_image\" \/>\n<meta name=\"twitter:site\" content=\"@limit_gamers\" \/>\n<meta name=\"twitter:label1\" content=\"Tiempo de lectura\" \/>\n\t<meta name=\"twitter:data1\" content=\"3 minutos\" \/>\n<script type=\"application\/ld+json\" class=\"yoast-schema-graph\">{\"@context\":\"https:\/\/schema.org\",\"@graph\":[{\"@type\":\"WebPage\",\"@id\":\"https:\/\/limitgamers.com\/index.php\/about-us\/\",\"url\":\"https:\/\/limitgamers.com\/index.php\/about-us\/\",\"name\":\"Sobre nosotros &#8211; LIMIT GAMERS\",\"isPartOf\":{\"@id\":\"https:\/\/limitgamers.com\/#website\"},\"datePublished\":\"2014-01-05T11:23:26+00:00\",\"dateModified\":\"2018-01-24T00:33:25+00:00\",\"description\":\"Aqui estan las personas que hacen posible que limitgamers.com funcione\",\"breadcrumb\":{\"@id\":\"https:\/\/limitgamers.com\/index.php\/about-us\/#breadcrumb\"},\"inLanguage\":\"es\",\"potentialAction\":[{\"@type\":\"ReadAction\",\"target\":[\"https:\/\/limitgamers.com\/index.php\/about-us\/\"]}]},{\"@type\":\"BreadcrumbList\",\"@id\":\"https:\/\/limitgamers.com\/index.php\/about-us\/#breadcrumb\",\"itemListElement\":[{\"@type\":\"ListItem\",\"position\":1,\"name\":\"Portada\",\"item\":\"https:\/\/limitgamers.com\/\"},{\"@type\":\"ListItem\",\"position\":2,\"name\":\"Sobre nosotros\"}]},{\"@type\":\"WebSite\",\"@id\":\"https:\/\/limitgamers.com\/#website\",\"url\":\"https:\/\/limitgamers.com\/\",\"name\":\"LIMIT GAMERS\",\"description\":\"Bienvenido Gamers!\",\"publisher\":{\"@id\":\"https:\/\/limitgamers.com\/#organization\"},\"potentialAction\":[{\"@type\":\"SearchAction\",\"target\":{\"@type\":\"EntryPoint\",\"urlTemplate\":\"https:\/\/limitgamers.com\/?s={search_term_string}\"},\"query-input\":{\"@type\":\"PropertyValueSpecification\",\"valueRequired\":true,\"valueName\":\"search_term_string\"}}],\"inLanguage\":\"es\"},{\"@type\":\"Organization\",\"@id\":\"https:\/\/limitgamers.com\/#organization\",\"name\":\"Limit Gamers\",\"url\":\"https:\/\/limitgamers.com\/\",\"logo\":{\"@type\":\"ImageObject\",\"inLanguage\":\"es\",\"@id\":\"https:\/\/limitgamers.com\/#\/schema\/logo\/image\/\",\"url\":\"https:\/\/limitgamers.com\/wp-content\/uploads\/2016\/02\/limitgamers.jpg\",\"contentUrl\":\"https:\/\/limitgamers.com\/wp-content\/uploads\/2016\/02\/limitgamers.jpg\",\"width\":1712,\"height\":145,\"caption\":\"Limit Gamers\"},\"image\":{\"@id\":\"https:\/\/limitgamers.com\/#\/schema\/logo\/image\/\"},\"sameAs\":[\"https:\/\/www.facebook.com\/limitgamers\/\",\"https:\/\/x.com\/limit_gamers\",\"https:\/\/www.instagram.com\/limit_gamers\/\",\"http:\/\/www.youtube.com\/c\/Limitgamers\"]}]}<\/script>\n<!-- \/ Yoast SEO plugin. -->","yoast_head_json":{"title":"Sobre nosotros &#8211; LIMIT GAMERS","description":"Aqui estan las personas que hacen posible que limitgamers.com funcione","robots":{"index":"index","follow":"follow","max-snippet":"max-snippet:-1","max-image-preview":"max-image-preview:large","max-video-preview":"max-video-preview:-1"},"canonical":"https:\/\/limitgamers.com\/index.php\/about-us\/","og_locale":"es_ES","og_type":"article","og_title":"Sobre nosotros &#8211; LIMIT GAMERS","og_description":"Aqui estan las personas que hacen posible que limitgamers.com funcione","og_url":"https:\/\/limitgamers.com\/index.php\/about-us\/","og_site_name":"LIMIT GAMERS","article_publisher":"https:\/\/www.facebook.com\/limitgamers\/","article_modified_time":"2018-01-24T00:33:25+00:00","twitter_card":"summary_large_image","twitter_site":"@limit_gamers","twitter_misc":{"Tiempo de lectura":"3 minutos"},"schema":{"@context":"https:\/\/schema.org","@graph":[{"@type":"WebPage","@id":"https:\/\/limitgamers.com\/index.php\/about-us\/","url":"https:\/\/limitgamers.com\/index.php\/about-us\/","name":"Sobre nosotros &#8211; LIMIT GAMERS","isPartOf":{"@id":"https:\/\/limitgamers.com\/#website"},"datePublished":"2014-01-05T11:23:26+00:00","dateModified":"2018-01-24T00:33:25+00:00","description":"Aqui estan las personas que hacen posible que limitgamers.com funcione","breadcrumb":{"@id":"https:\/\/limitgamers.com\/index.php\/about-us\/#breadcrumb"},"inLanguage":"es","potentialAction":[{"@type":"ReadAction","target":["https:\/\/limitgamers.com\/index.php\/about-us\/"]}]},{"@type":"BreadcrumbList","@id":"https:\/\/limitgamers.com\/index.php\/about-us\/#breadcrumb","itemListElement":[{"@type":"ListItem","position":1,"name":"Portada","item":"https:\/\/limitgamers.com\/"},{"@type":"ListItem","position":2,"name":"Sobre nosotros"}]},{"@type":"WebSite","@id":"https:\/\/limitgamers.com\/#website","url":"https:\/\/limitgamers.com\/","name":"LIMIT GAMERS","description":"Bienvenido Gamers!","publisher":{"@id":"https:\/\/limitgamers.com\/#organization"},"potentialAction":[{"@type":"SearchAction","target":{"@type":"EntryPoint","urlTemplate":"https:\/\/limitgamers.com\/?s={search_term_string}"},"query-input":{"@type":"PropertyValueSpecification","valueRequired":true,"valueName":"search_term_string"}}],"inLanguage":"es"},{"@type":"Organization","@id":"https:\/\/limitgamers.com\/#organization","name":"Limit Gamers","url":"https:\/\/limitgamers.com\/","logo":{"@type":"ImageObject","inLanguage":"es","@id":"https:\/\/limitgamers.com\/#\/schema\/logo\/image\/","url":"https:\/\/limitgamers.com\/wp-content\/uploads\/2016\/02\/limitgamers.jpg","contentUrl":"https:\/\/limitgamers.com\/wp-content\/uploads\/2016\/02\/limitgamers.jpg","width":1712,"height":145,"caption":"Limit Gamers"},"image":{"@id":"https:\/\/limitgamers.com\/#\/schema\/logo\/image\/"},"sameAs":["https:\/\/www.facebook.com\/limitgamers\/","https:\/\/x.com\/limit_gamers","https:\/\/www.instagram.com\/limit_gamers\/","http:\/\/www.youtube.com\/c\/Limitgamers"]}]}},"_links":{"self":[{"href":"https:\/\/limitgamers.com\/index.php\/wp-json\/wp\/v2\/pages\/1923","targetHints":{"allow":["GET"]}}],"collection":[{"href":"https:\/\/limitgamers.com\/index.php\/wp-json\/wp\/v2\/pages"}],"about":[{"href":"https:\/\/limitgamers.com\/index.php\/wp-json\/wp\/v2\/types\/page"}],"author":[{"embeddable":true,"href":"https:\/\/limitgamers.com\/index.php\/wp-json\/wp\/v2\/users\/1"}],"replies":[{"embeddable":true,"href":"https:\/\/limitgamers.com\/index.php\/wp-json\/wp\/v2\/comments?post=1923"}],"version-history":[{"count":0,"href":"https:\/\/limitgamers.com\/index.php\/wp-json\/wp\/v2\/pages\/1923\/revisions"}],"wp:attachment":[{"href":"https:\/\/limitgamers.com\/index.php\/wp-json\/wp\/v2\/media?parent=1923"}],"wp:term":[{"taxonomy":"post_tag","embeddable":true,"href":"https:\/\/limitgamers.com\/index.php\/wp-json\/wp\/v2\/tags?post=1923"},{"taxonomy":"gp_hubs","embeddable":true,"href":"https:\/\/limitgamers.com\/index.php\/wp-json\/wp\/v2\/gp_hubs?post=1923"},{"taxonomy":"fecha-lanzamiento","embeddable":true,"href":"https:\/\/limitgamers.com\/index.php\/wp-json\/wp\/v2\/fecha-lanzamiento?post=1923"},{"taxonomy":"genero","embeddable":true,"href":"https:\/\/limitgamers.com\/index.php\/wp-json\/wp\/v2\/genero?post=1923"},{"taxonomy":"recomendacion-edad","embeddable":true,"href":"https:\/\/limitgamers.com\/index.php\/wp-json\/wp\/v2\/recomendacion-edad?post=1923"},{"taxonomy":"compania","embeddable":true,"href":"https:\/\/limitgamers.com\/index.php\/wp-json\/wp\/v2\/compania?post=1923"},{"taxonomy":"publicado","embeddable":true,"href":"https:\/\/limitgamers.com\/index.php\/wp-json\/wp\/v2\/publicado?post=1923"}],"curies":[{"name":"wp","href":"https:\/\/api.w.org\/{rel}","templated":true}]}}