{"id":14822,"date":"2019-02-02T21:37:15","date_gmt":"2019-02-02T20:37:15","guid":{"rendered":"https:\/\/limitgamers.com\/?page_id=14822"},"modified":"2019-02-02T21:37:15","modified_gmt":"2019-02-02T20:37:15","slug":"requisitos","status":"publish","type":"page","link":"https:\/\/limitgamers.com\/index.php\/ride-3\/requisitos\/","title":{"rendered":"Requisitos"},"content":{"rendered":"<table border=\"4\" width=\"1233\">\n<tbody>\n<tr>\n<td>\n<h2>REQUISITOS DEL SISTEMA<\/h2>\n<div class=\"sysreq_contents\"><\/div>\n<\/td>\n<\/tr>\n<tr>\n<td><strong>M\u00cdNIMO:<\/strong><\/td>\n<\/tr>\n<tr>\n<td>\n<ul class=\"bb_ul\">\n<li>Requiere un procesador y un sistema operativo de 64 bits<\/li>\n<li><strong>SO:<\/strong>\u00a0Windows 7 64-Bit or later<\/li>\n<li><strong>Procesador:<\/strong>\u00a0Intel Core i5-2500,\u00a0AMD FX-8100 or equivalent<\/li>\n<li><strong>Memoria:<\/strong>\u00a08 GB de RAM<\/li>\n<li><strong>Gr\u00e1ficos:<\/strong>\u00a0NVIDIA GeForce GTX 1050 with 2 GB VRAM or more \/ AMD Radeon HD 7950 with 2 GB VRAM or more<\/li>\n<li><strong>DirectX:<\/strong>\u00a0Versi\u00f3n 11<\/li>\n<li><strong>Almacenamiento:<\/strong>\u00a023 GB de espacio disponible<\/li>\n<li><strong>Tarjeta de sonido:<\/strong>\u00a0DirectX compatible<\/li>\n<li><strong>Notas adicionales:<\/strong>\u00a0*Laptop versions of graphics cards may work but are not officially supported<\/li>\n<\/ul>\n<\/td>\n<\/tr>\n<tr>\n<td><strong>RECOMENDADO:<\/strong><\/td>\n<\/tr>\n<tr>\n<td>\n<ul class=\"bb_ul\">\n<li>Requiere un procesador y un sistema operativo de 64 bits<\/li>\n<li><strong>SO:<\/strong>\u00a0Windows 7 64-Bit or later<\/li>\n<li><strong>Procesador:<\/strong>\u00a0Intel Core\u00a0i7-2600, AMD FX-8350\u00a0or equivalent<\/li>\n<li><strong>Memoria:<\/strong>\u00a016 GB de RAM<\/li>\n<li><strong>Gr\u00e1ficos:<\/strong>\u00a0NVIDIA GeForce GTX 1060 with 3 GB VRAM or more | AMD Radeon R9 380 with 4 GB VRAM or more<\/li>\n<li><strong>DirectX:<\/strong>\u00a0Versi\u00f3n 11<\/li>\n<li><strong>Almacenamiento:<\/strong>\u00a023 GB de espacio disponible<\/li>\n<li><strong>Tarjeta de sonido:<\/strong>\u00a0DirectX compatible<\/li>\n<li><strong>Notas adicionales:<\/strong>\u00a0*Laptop versions of graphics cards may work but are not officially supported.<\/li>\n<\/ul>\n<\/td>\n<\/tr>\n<tr>\n<td><\/td>\n<\/tr>\n<tr>\n<td>\n<h4><strong>NUESTRO EQUIPO:<\/strong><\/h4>\n<\/td>\n<\/tr>\n<tr>\n<td>\n<ul>\n<li><strong>SO:<\/strong>\u00a0Windows 10 PRO 64bit<\/li>\n<li><strong>Procesador:<\/strong>\u00a0AMD FX8350 Black Edition @4.3Ghz + refrigeraci\u00f3n liquida Corsair H80i<\/li>\n<li><strong>Memoria:<\/strong>\u00a016GB de RAM DDR3<\/li>\n<li><strong>Gr\u00e1ficos:<\/strong>\u00a0NVIDIA GeForce GTX 1060 6Gb Asus Dual OC<\/li>\n<li><strong>DirectX:<\/strong>\u00a0Versi\u00f3n 11<\/li>\n<li><strong>Red:<\/strong>\u00a010Mb\/s<\/li>\n<li><strong>Almacenamiento:<\/strong>\u00a050 GB de espacio disponible<\/li>\n<li><strong>Tarjeta de sonido:<\/strong>\u00a0DirectX\u00ae 11 supported<\/li>\n<\/ul>\n<\/td>\n<\/tr>\n<tr>\n<td>\n<h4>RENDIMIENTO CON NUESTRO EQUIPO<\/h4>\n<p>&nbsp;<\/td>\n<\/tr>\n<tr>\n<td>\n<ul>\n<li><strong>Resoluci\u00f3n:\u00a0<\/strong>1980\u00d71080<\/li>\n<li><strong>Configuraci\u00f3n predeterminada:\u00a0 <\/strong>LA MAS ALTA<\/li>\n<li><strong>Tasa refresco imagen (m\u00ednimo \/ media \/ m\u00e1ximo): 60<\/strong>\/60\/60<\/li>\n<li><strong>Temperatura Ambiente: <\/strong>25\u00ba<\/li>\n<li><strong>Temperatura GPU (Max): <\/strong>60\u00ba<\/li>\n<li><strong>Carga GPU (Max): <\/strong>75%<\/li>\n<li><strong>Temperatura CPU (Max): <\/strong>50\u00ba<\/li>\n<li><strong>Carga CPU (Max): <\/strong>55%<\/li>\n<\/ul>\n<ul>\n<li><strong>Resoluci\u00f3n: <\/strong>3840\u00d72160<\/li>\n<li><strong>Configuraci\u00f3n predeterminada:\u00a0 <\/strong>LA MAS ALTA<\/li>\n<li><strong>Tasa refresco imagen (m\u00ednimo \/ media \/ m\u00e1ximo): 25<\/strong>\/30\/41<\/li>\n<li><strong>Temperatura Ambiente: <\/strong>25\u00ba<\/li>\n<li><strong>Temperatura GPU (Max): <\/strong>60\u00ba<\/li>\n<li><strong>Carga GPU (Max): <\/strong>99%<\/li>\n<li><strong>Temperatura CPU (Max): <\/strong>50\u00ba<\/li>\n<li><strong>Carga CPU (Max): <\/strong>80%<\/li>\n<\/ul>\n<\/td>\n<\/tr>\n<tr>\n<td>\n<h4>COMPATIBILIDAD MANDO<\/h4>\n<\/td>\n<\/tr>\n<tr>\n<td>\n<ul>\n<li><strong>DUAL SHOCK 3:\u00a0<\/strong>Compatible mediante Steam \/ no nativo<\/li>\n<li><strong>DUAL SHOCK 4:\u00a0<\/strong>Compatible mediante Steam \/ no nativo<\/li>\n<li><strong>XBOX ONE:\u00a0<\/strong>Compatibilidad nativa* <strong>RECOMENDADO<\/strong><\/li>\n<li><strong>XBOX 360:\u00a0<\/strong>Compatibilidad nativa*<\/li>\n<li><strong>STEAM CONTROLLER:\u00a0<\/strong>Compatibilidad nativa* (errores de desconexion)<\/li>\n<li><strong>SWITCH PRO CONTROLLER:\u00a0<\/strong>Compatible mediante Steam \/ no nativo<\/li>\n<\/ul>\n<p>&nbsp;<\/p>\n<p>&nbsp;<\/p>\n<p><strong>*Compatibilidad nativa<\/strong>: Controles dise\u00f1ados para el mando, aparecen indicativos de los botones en el juego;\u00a0<strong>Compatible mediante Steam \/ no nativo:\u00a0<\/strong>Posibilidad de controlar en juego mediante la aplicaci\u00f3n de mapeo de Steam, en cambio\u00a0 los controles apareceran los clasicos \u201cABXY\u201d en vez de los propios de Sony;\u00a0<strong>No compatible:\u00a0<\/strong>Su uso no es compatible, en cambio pueden ser usados por programas de terceros no oficiales de Steam, los desarrolladores o el fabricante del mando.<\/p>\n<p><strong>Si tienes dudas o nos quieres hacer llegar comentarios, experiencias propias u otro tema relacionado con su compatibilidad con PC no dudes en dejarnos un mensaje mas abajo en los comentarios<\/strong><\/td>\n<\/tr>\n<\/tbody>\n<\/table>\n","protected":false},"excerpt":{"rendered":"<p>REQUISITOS DEL SISTEMA M\u00cdNIMO: Requiere un procesador y un sistema operativo de 64 bits SO:\u00a0Windows 7 64-Bit or later Procesador:\u00a0Intel Core i5-2500,\u00a0AMD FX-8100 or equivalent Memoria:\u00a08 GB de RAM Gr\u00e1ficos:\u00a0NVIDIA GeForce GTX 1050 with 2 GB VRAM or more \/ AMD Radeon HD 7950 with 2 GB VRAM or more DirectX:\u00a0Versi\u00f3n 11 Almacenamiento:\u00a023 GB de espacio disponible Tarjeta de sonido:\u00a0DirectX compatible Notas adicionales:\u00a0*Laptop versions of graphics cards may work but are not officially supported RECOMENDADO: Requiere un procesador y un sistema operativo de 64 bits SO:\u00a0Windows 7 64-Bit or later Procesador:\u00a0Intel Core\u00a0i7-2600, AMD FX-8350\u00a0or equivalent Memoria:\u00a016 GB de RAM Gr\u00e1ficos:\u00a0NVIDIA GeForce GTX 1060 with 3 GB VRAM or more | AMD Radeon R9 380 with 4 GB VRAM or more DirectX:\u00a0Versi\u00f3n 11 Almacenamiento:\u00a023 GB de espacio disponible Tarjeta de sonido:\u00a0DirectX compatible Notas adicionales:\u00a0*Laptop versions of graphics cards may work but are not officially supported. NUESTRO EQUIPO: SO:\u00a0Windows 10 PRO 64bit Procesador:\u00a0AMD FX8350 Black Edition @4.3Ghz + refrigeraci\u00f3n liquida Corsair H80i Memoria:\u00a016GB de RAM DDR3 Gr\u00e1ficos:\u00a0NVIDIA GeForce GTX 1060 6Gb Asus Dual OC DirectX:\u00a0Versi\u00f3n 11 Red:\u00a010Mb\/s Almacenamiento:\u00a050 GB de espacio disponible Tarjeta de sonido:\u00a0DirectX\u00ae 11 supported RENDIMIENTO CON NUESTRO EQUIPO &nbsp; Resoluci\u00f3n:\u00a01980\u00d71080 Configuraci\u00f3n predeterminada:\u00a0 LA MAS ALTA Tasa refresco imagen (m\u00ednimo \/ media \/ m\u00e1ximo): 60\/60\/60 Temperatura Ambiente: 25\u00ba Temperatura GPU (Max): 60\u00ba Carga GPU (Max): 75% Temperatura CPU (Max): 50\u00ba Carga CPU (Max): 55% Resoluci\u00f3n: 3840\u00d72160 Configuraci\u00f3n predeterminada:\u00a0 LA MAS ALTA Tasa refresco imagen (m\u00ednimo \/ media \/ m\u00e1ximo): 25\/30\/41 Temperatura Ambiente: 25\u00ba Temperatura GPU (Max): 60\u00ba Carga GPU (Max): 99% Temperatura CPU (Max): 50\u00ba Carga CPU (Max): 80% COMPATIBILIDAD MANDO DUAL SHOCK 3:\u00a0Compatible mediante Steam \/ no nativo DUAL SHOCK 4:\u00a0Compatible mediante Steam \/ no nativo XBOX ONE:\u00a0Compatibilidad nativa* RECOMENDADO XBOX 360:\u00a0Compatibilidad nativa* STEAM CONTROLLER:\u00a0Compatibilidad nativa* (errores de desconexion) SWITCH PRO CONTROLLER:\u00a0Compatible mediante Steam \/ no nativo &nbsp; &nbsp; *Compatibilidad nativa: Controles dise\u00f1ados para el mando, aparecen indicativos de los botones en el juego;\u00a0Compatible mediante Steam \/ no nativo:\u00a0Posibilidad de controlar en juego mediante la aplicaci\u00f3n de mapeo de Steam, en cambio\u00a0 los controles apareceran los clasicos \u201cABXY\u201d en vez de los propios de Sony;\u00a0No compatible:\u00a0Su uso no es compatible, en cambio pueden ser usados por programas de terceros no oficiales de Steam, los desarrolladores o el fabricante del mando. Si tienes dudas o nos quieres hacer llegar comentarios, experiencias propias u otro tema relacionado con su compatibilidad con PC no dudes en dejarnos un mensaje mas abajo en los comentarios<\/p>\n","protected":false},"author":1,"featured_media":14813,"parent":14808,"menu_order":0,"comment_status":"closed","ping_status":"closed","template":"","meta":{"footnotes":""},"tags":[133,710,2682,374],"gp_hubs":[36,1472],"fecha-lanzamiento":[],"genero":[],"recomendacion-edad":[],"compania":[],"publicado":[],"class_list":{"0":"post-14822","1":"page","2":"type-page","3":"status-publish","4":"has-post-thumbnail","6":"tag-pc","7":"tag-requisitos","8":"tag-ride-3","9":"tag-steam","10":"gp_hubs-hub-pc","11":"gp_hubs-requisitos"},"yoast_head":"<!-- This site is optimized with the Yoast SEO plugin v26.8 - https:\/\/yoast.com\/product\/yoast-seo-wordpress\/ -->\n<title>Requisitos RIDE 3 PARA PC -STEAM- &#8211; LIMIT GAMERS<\/title>\n<meta name=\"description\" content=\"Los requisitos recomendados y minimos para disfrutar de RIDE en tu PC, ademas te mostramos los resuiltados obtenidos por nuestro equipo de pruebas\" \/>\n<meta name=\"robots\" content=\"index, follow, max-snippet:-1, max-image-preview:large, max-video-preview:-1\" \/>\n<link rel=\"canonical\" href=\"https:\/\/limitgamers.com\/index.php\/ride-3\/requisitos\/\" \/>\n<meta property=\"og:locale\" content=\"es_ES\" \/>\n<meta property=\"og:type\" content=\"article\" \/>\n<meta property=\"og:title\" content=\"Requisitos RIDE 3 PARA PC -STEAM- &#8211; LIMIT GAMERS\" \/>\n<meta property=\"og:description\" content=\"Los requisitos recomendados y minimos para disfrutar de RIDE en tu PC, ademas te mostramos los resuiltados obtenidos por nuestro equipo de pruebas\" \/>\n<meta property=\"og:url\" content=\"https:\/\/limitgamers.com\/index.php\/ride-3\/requisitos\/\" \/>\n<meta property=\"og:site_name\" content=\"LIMIT GAMERS\" \/>\n<meta property=\"article:publisher\" content=\"https:\/\/www.facebook.com\/limitgamers\/\" \/>\n<meta property=\"og:image\" content=\"https:\/\/limitgamers.com\/wp-content\/uploads\/2019\/02\/ride-3-button-1-1526675096514.jpg\" \/>\n\t<meta property=\"og:image:width\" content=\"960\" \/>\n\t<meta property=\"og:image:height\" content=\"960\" \/>\n\t<meta property=\"og:image:type\" content=\"image\/jpeg\" \/>\n<meta name=\"twitter:card\" content=\"summary_large_image\" \/>\n<meta name=\"twitter:site\" content=\"@limit_gamers\" \/>\n<meta name=\"twitter:label1\" content=\"Tiempo de lectura\" \/>\n\t<meta name=\"twitter:data1\" content=\"2 minutos\" \/>\n<script type=\"application\/ld+json\" class=\"yoast-schema-graph\">{\"@context\":\"https:\/\/schema.org\",\"@graph\":[{\"@type\":\"WebPage\",\"@id\":\"https:\/\/limitgamers.com\/index.php\/ride-3\/requisitos\/\",\"url\":\"https:\/\/limitgamers.com\/index.php\/ride-3\/requisitos\/\",\"name\":\"Requisitos RIDE 3 PARA PC -STEAM- &#8211; LIMIT GAMERS\",\"isPartOf\":{\"@id\":\"https:\/\/limitgamers.com\/#website\"},\"primaryImageOfPage\":{\"@id\":\"https:\/\/limitgamers.com\/index.php\/ride-3\/requisitos\/#primaryimage\"},\"image\":{\"@id\":\"https:\/\/limitgamers.com\/index.php\/ride-3\/requisitos\/#primaryimage\"},\"thumbnailUrl\":\"https:\/\/limitgamers.com\/wp-content\/uploads\/2019\/02\/ride-3-button-1-1526675096514.jpg\",\"datePublished\":\"2019-02-02T20:37:15+00:00\",\"description\":\"Los requisitos recomendados y minimos para disfrutar de RIDE en tu PC, ademas te mostramos los resuiltados obtenidos por nuestro equipo de pruebas\",\"breadcrumb\":{\"@id\":\"https:\/\/limitgamers.com\/index.php\/ride-3\/requisitos\/#breadcrumb\"},\"inLanguage\":\"es\",\"potentialAction\":[{\"@type\":\"ReadAction\",\"target\":[\"https:\/\/limitgamers.com\/index.php\/ride-3\/requisitos\/\"]}]},{\"@type\":\"ImageObject\",\"inLanguage\":\"es\",\"@id\":\"https:\/\/limitgamers.com\/index.php\/ride-3\/requisitos\/#primaryimage\",\"url\":\"https:\/\/limitgamers.com\/wp-content\/uploads\/2019\/02\/ride-3-button-1-1526675096514.jpg\",\"contentUrl\":\"https:\/\/limitgamers.com\/wp-content\/uploads\/2019\/02\/ride-3-button-1-1526675096514.jpg\",\"width\":960,\"height\":960,\"caption\":\"RIDE 3\"},{\"@type\":\"BreadcrumbList\",\"@id\":\"https:\/\/limitgamers.com\/index.php\/ride-3\/requisitos\/#breadcrumb\",\"itemListElement\":[{\"@type\":\"ListItem\",\"position\":1,\"name\":\"Portada\",\"item\":\"https:\/\/limitgamers.com\/\"},{\"@type\":\"ListItem\",\"position\":2,\"name\":\"RIDE 3\",\"item\":\"https:\/\/limitgamers.com\/index.php\/ride-3\/\"},{\"@type\":\"ListItem\",\"position\":3,\"name\":\"Requisitos\"}]},{\"@type\":\"WebSite\",\"@id\":\"https:\/\/limitgamers.com\/#website\",\"url\":\"https:\/\/limitgamers.com\/\",\"name\":\"LIMIT GAMERS\",\"description\":\"Bienvenido Gamers!\",\"publisher\":{\"@id\":\"https:\/\/limitgamers.com\/#organization\"},\"potentialAction\":[{\"@type\":\"SearchAction\",\"target\":{\"@type\":\"EntryPoint\",\"urlTemplate\":\"https:\/\/limitgamers.com\/?s={search_term_string}\"},\"query-input\":{\"@type\":\"PropertyValueSpecification\",\"valueRequired\":true,\"valueName\":\"search_term_string\"}}],\"inLanguage\":\"es\"},{\"@type\":\"Organization\",\"@id\":\"https:\/\/limitgamers.com\/#organization\",\"name\":\"Limit Gamers\",\"url\":\"https:\/\/limitgamers.com\/\",\"logo\":{\"@type\":\"ImageObject\",\"inLanguage\":\"es\",\"@id\":\"https:\/\/limitgamers.com\/#\/schema\/logo\/image\/\",\"url\":\"https:\/\/limitgamers.com\/wp-content\/uploads\/2016\/02\/limitgamers.jpg\",\"contentUrl\":\"https:\/\/limitgamers.com\/wp-content\/uploads\/2016\/02\/limitgamers.jpg\",\"width\":1712,\"height\":145,\"caption\":\"Limit Gamers\"},\"image\":{\"@id\":\"https:\/\/limitgamers.com\/#\/schema\/logo\/image\/\"},\"sameAs\":[\"https:\/\/www.facebook.com\/limitgamers\/\",\"https:\/\/x.com\/limit_gamers\",\"https:\/\/www.instagram.com\/limit_gamers\/\",\"http:\/\/www.youtube.com\/c\/Limitgamers\"]}]}<\/script>\n<!-- \/ Yoast SEO plugin. -->","yoast_head_json":{"title":"Requisitos RIDE 3 PARA PC -STEAM- &#8211; LIMIT GAMERS","description":"Los requisitos recomendados y minimos para disfrutar de RIDE en tu PC, ademas te mostramos los resuiltados obtenidos por nuestro equipo de pruebas","robots":{"index":"index","follow":"follow","max-snippet":"max-snippet:-1","max-image-preview":"max-image-preview:large","max-video-preview":"max-video-preview:-1"},"canonical":"https:\/\/limitgamers.com\/index.php\/ride-3\/requisitos\/","og_locale":"es_ES","og_type":"article","og_title":"Requisitos RIDE 3 PARA PC -STEAM- &#8211; LIMIT GAMERS","og_description":"Los requisitos recomendados y minimos para disfrutar de RIDE en tu PC, ademas te mostramos los resuiltados obtenidos por nuestro equipo de pruebas","og_url":"https:\/\/limitgamers.com\/index.php\/ride-3\/requisitos\/","og_site_name":"LIMIT GAMERS","article_publisher":"https:\/\/www.facebook.com\/limitgamers\/","og_image":[{"width":960,"height":960,"url":"https:\/\/limitgamers.com\/wp-content\/uploads\/2019\/02\/ride-3-button-1-1526675096514.jpg","type":"image\/jpeg"}],"twitter_card":"summary_large_image","twitter_site":"@limit_gamers","twitter_misc":{"Tiempo de lectura":"2 minutos"},"schema":{"@context":"https:\/\/schema.org","@graph":[{"@type":"WebPage","@id":"https:\/\/limitgamers.com\/index.php\/ride-3\/requisitos\/","url":"https:\/\/limitgamers.com\/index.php\/ride-3\/requisitos\/","name":"Requisitos RIDE 3 PARA PC -STEAM- &#8211; LIMIT GAMERS","isPartOf":{"@id":"https:\/\/limitgamers.com\/#website"},"primaryImageOfPage":{"@id":"https:\/\/limitgamers.com\/index.php\/ride-3\/requisitos\/#primaryimage"},"image":{"@id":"https:\/\/limitgamers.com\/index.php\/ride-3\/requisitos\/#primaryimage"},"thumbnailUrl":"https:\/\/limitgamers.com\/wp-content\/uploads\/2019\/02\/ride-3-button-1-1526675096514.jpg","datePublished":"2019-02-02T20:37:15+00:00","description":"Los requisitos recomendados y minimos para disfrutar de RIDE en tu PC, ademas te mostramos los resuiltados obtenidos por nuestro equipo de pruebas","breadcrumb":{"@id":"https:\/\/limitgamers.com\/index.php\/ride-3\/requisitos\/#breadcrumb"},"inLanguage":"es","potentialAction":[{"@type":"ReadAction","target":["https:\/\/limitgamers.com\/index.php\/ride-3\/requisitos\/"]}]},{"@type":"ImageObject","inLanguage":"es","@id":"https:\/\/limitgamers.com\/index.php\/ride-3\/requisitos\/#primaryimage","url":"https:\/\/limitgamers.com\/wp-content\/uploads\/2019\/02\/ride-3-button-1-1526675096514.jpg","contentUrl":"https:\/\/limitgamers.com\/wp-content\/uploads\/2019\/02\/ride-3-button-1-1526675096514.jpg","width":960,"height":960,"caption":"RIDE 3"},{"@type":"BreadcrumbList","@id":"https:\/\/limitgamers.com\/index.php\/ride-3\/requisitos\/#breadcrumb","itemListElement":[{"@type":"ListItem","position":1,"name":"Portada","item":"https:\/\/limitgamers.com\/"},{"@type":"ListItem","position":2,"name":"RIDE 3","item":"https:\/\/limitgamers.com\/index.php\/ride-3\/"},{"@type":"ListItem","position":3,"name":"Requisitos"}]},{"@type":"WebSite","@id":"https:\/\/limitgamers.com\/#website","url":"https:\/\/limitgamers.com\/","name":"LIMIT GAMERS","description":"Bienvenido Gamers!","publisher":{"@id":"https:\/\/limitgamers.com\/#organization"},"potentialAction":[{"@type":"SearchAction","target":{"@type":"EntryPoint","urlTemplate":"https:\/\/limitgamers.com\/?s={search_term_string}"},"query-input":{"@type":"PropertyValueSpecification","valueRequired":true,"valueName":"search_term_string"}}],"inLanguage":"es"},{"@type":"Organization","@id":"https:\/\/limitgamers.com\/#organization","name":"Limit Gamers","url":"https:\/\/limitgamers.com\/","logo":{"@type":"ImageObject","inLanguage":"es","@id":"https:\/\/limitgamers.com\/#\/schema\/logo\/image\/","url":"https:\/\/limitgamers.com\/wp-content\/uploads\/2016\/02\/limitgamers.jpg","contentUrl":"https:\/\/limitgamers.com\/wp-content\/uploads\/2016\/02\/limitgamers.jpg","width":1712,"height":145,"caption":"Limit Gamers"},"image":{"@id":"https:\/\/limitgamers.com\/#\/schema\/logo\/image\/"},"sameAs":["https:\/\/www.facebook.com\/limitgamers\/","https:\/\/x.com\/limit_gamers","https:\/\/www.instagram.com\/limit_gamers\/","http:\/\/www.youtube.com\/c\/Limitgamers"]}]}},"_links":{"self":[{"href":"https:\/\/limitgamers.com\/index.php\/wp-json\/wp\/v2\/pages\/14822","targetHints":{"allow":["GET"]}}],"collection":[{"href":"https:\/\/limitgamers.com\/index.php\/wp-json\/wp\/v2\/pages"}],"about":[{"href":"https:\/\/limitgamers.com\/index.php\/wp-json\/wp\/v2\/types\/page"}],"author":[{"embeddable":true,"href":"https:\/\/limitgamers.com\/index.php\/wp-json\/wp\/v2\/users\/1"}],"replies":[{"embeddable":true,"href":"https:\/\/limitgamers.com\/index.php\/wp-json\/wp\/v2\/comments?post=14822"}],"version-history":[{"count":0,"href":"https:\/\/limitgamers.com\/index.php\/wp-json\/wp\/v2\/pages\/14822\/revisions"}],"up":[{"embeddable":true,"href":"https:\/\/limitgamers.com\/index.php\/wp-json\/wp\/v2\/pages\/14808"}],"wp:featuredmedia":[{"embeddable":true,"href":"https:\/\/limitgamers.com\/index.php\/wp-json\/wp\/v2\/media\/14813"}],"wp:attachment":[{"href":"https:\/\/limitgamers.com\/index.php\/wp-json\/wp\/v2\/media?parent=14822"}],"wp:term":[{"taxonomy":"post_tag","embeddable":true,"href":"https:\/\/limitgamers.com\/index.php\/wp-json\/wp\/v2\/tags?post=14822"},{"taxonomy":"gp_hubs","embeddable":true,"href":"https:\/\/limitgamers.com\/index.php\/wp-json\/wp\/v2\/gp_hubs?post=14822"},{"taxonomy":"fecha-lanzamiento","embeddable":true,"href":"https:\/\/limitgamers.com\/index.php\/wp-json\/wp\/v2\/fecha-lanzamiento?post=14822"},{"taxonomy":"genero","embeddable":true,"href":"https:\/\/limitgamers.com\/index.php\/wp-json\/wp\/v2\/genero?post=14822"},{"taxonomy":"recomendacion-edad","embeddable":true,"href":"https:\/\/limitgamers.com\/index.php\/wp-json\/wp\/v2\/recomendacion-edad?post=14822"},{"taxonomy":"compania","embeddable":true,"href":"https:\/\/limitgamers.com\/index.php\/wp-json\/wp\/v2\/compania?post=14822"},{"taxonomy":"publicado","embeddable":true,"href":"https:\/\/limitgamers.com\/index.php\/wp-json\/wp\/v2\/publicado?post=14822"}],"curies":[{"name":"wp","href":"https:\/\/api.w.org\/{rel}","templated":true}]}}