{"id":13607,"date":"2017-11-15T08:20:32","date_gmt":"2017-11-15T07:20:32","guid":{"rendered":"http:\/\/limitgamers.com\/?page_id=13607"},"modified":"2017-11-15T08:22:45","modified_gmt":"2017-11-15T07:22:45","slug":"analisis","status":"publish","type":"page","link":"https:\/\/limitgamers.com\/index.php\/baja-edge-of-control-hd\/analisis\/","title":{"rendered":"An\u00e1lisis"},"content":{"rendered":"<p><strong>BAJA Edge of Control HD,<\/strong> es el remaster del titulo original creado por <strong>2XL Games<\/strong>\u00a0hace casi una d\u00e9cada en <strong>PS3 y Xbox 360<\/strong>, no es que fuera el superventas del momento, ni tampoco ped\u00edamos este remake para la actual generaci\u00f3n, pero bueno ya que este hecho, bienvenido sea. Con esto no quiero decir que debamos pasar de \u00e9l, es interesante que en esta industria la variedad sea el principal objetivo, todo juego tiene su p\u00fablico, y aunque mi relaci\u00f3n con el original fuera a penas unas cuantas horas, me dejo buen sabor de boca, record\u00e1ndome a esos juegos arcades que llenaban estanter\u00edas de las tiendas en la \u00e9poca 32bits, que a pesar de no ofrecer nada especial, entreten\u00eda un rato, sobre todo en multijugador a pantalla partida.<\/p>\n<p><a href=\"http:\/\/limitgamers.com\/wp-content\/uploads\/2017\/11\/BAJA-Edge-of-Control-1.jpg\" data-rel=\"prettyPhoto\"><img loading=\"lazy\" decoding=\"async\" class=\"size-full wp-image-13608 aligncenter\" src=\"http:\/\/limitgamers.com\/wp-content\/uploads\/2017\/11\/BAJA-Edge-of-Control-1.jpg\" alt=\"BAJA Edge of Control (1)\" width=\"1920\" height=\"1080\" \/><\/a><\/p>\n<h3>MULTIJUGADOR<\/h3>\n<p>\u00bfos parece bien que empiece con este punto? Sin duda es lo que m\u00e1s me ha gustado y me gusta de este t\u00edtulo, y no me refiero al online que lo trataremos m\u00e1s adelante, sino a su modo a pantalla partida para 4 jugadores. En una \u00e9poca donde la relaci\u00f3n con nuestros \u00abcompis\u00bb de partida se limita a un cable y un router, es muy bueno recibir t\u00edtulos como este, donde poder reunirte un fin de semana en casa con tus colegas y disfrutar de unos \u00abrefrescos\u00bb, algo de picar y una buena sesi\u00f3n de piques como hemos hecho todos en tiempos remotos.<\/p>\n<p>Todo el potencial del juego se disfruta con su formato arcade, sus circuitos traicioneros, sus atajos&#8230; son todos ingredientes perfectos para el disfrute en compa\u00f1\u00eda, seamos serios, t\u00edtulos tipo Gran Turismo estaba bien para jugar con los amigos, pero no hab\u00eda nada mejor que un V-Rally, ir de primero y chocar contra esa piedra formado por un pu\u00f1ado de pixeles&#8230; Adem\u00e1s no hay mejor rival que el controlado por tu amigo el torpe.<\/p>\n<div id=\"attachment_13609\" style=\"width: 1930px\" class=\"wp-caption aligncenter\"><a href=\"http:\/\/limitgamers.com\/wp-content\/uploads\/2017\/11\/BAJA-Edge-of-Control-4.jpg\" data-rel=\"prettyPhoto\"><img loading=\"lazy\" decoding=\"async\" aria-describedby=\"caption-attachment-13609\" class=\"wp-image-13609 size-full\" src=\"http:\/\/limitgamers.com\/wp-content\/uploads\/2017\/11\/BAJA-Edge-of-Control-4.jpg\" alt=\"\" width=\"1920\" height=\"1080\" \/><\/a><p id=\"caption-attachment-13609\" class=\"wp-caption-text\">Las subidas son una de las disciplinas mas espectaculares<\/p><\/div>\n<p>No siempre tendremos con quien jugar al menos localmente, y como en el original, tendremos opci\u00f3n de medirnos en el online, que cumple con partidas estables y divertidas para un m\u00e1ximo de 16 jugadores simult\u00e1neos, y sorprendentemente me he encontrado el 90% de las ocasiones con servidores llenos, al menos en la versi\u00f3n que hemos usado para este an\u00e1lisis (PC, Steam)<\/p>\n<h3>\u00bfHIGH DEFINITION?<\/h3>\n<p>Usar la coletilla HD en este juego me parece un poco abusivo, el original ya era HD quiz\u00e1s llegaba escasamente a los 720p ,pero\u00a0 no estamos ante un t\u00edtulo de la \u00e9poca PS2 donde los d\u00e9biles euroconectores no daban m\u00e1s de s\u00ed y nos ten\u00edamos que conformar con unos escasos 480p anal\u00f3gicos, interferencias incluidas&#8230; Es cierto que se ha mejorado las texturas o la tase de refresco, pero arrastra efectos o problemas de la versi\u00f3n original, como el efecto del polvo, la iluminaci\u00f3n o las f\u00edsicas de colisi\u00f3n. Aun as\u00ed a pesar de sus limitaciones se disfruta perfectamente, gracias a los dise\u00f1os correctos de los veh\u00edculos o la variedad de circuitos, est\u00e9s \u00faltimos ha visto aumentado la distancia de dibujado, y se muestran mucho m\u00e1s s\u00f3lidos y realistas que en el original.<img loading=\"lazy\" decoding=\"async\" class=\"size-full wp-image-13610 aligncenter\" src=\"http:\/\/limitgamers.com\/wp-content\/uploads\/2017\/11\/BAJA-Edge-of-Control-13.jpg\" alt=\"\" width=\"1920\" height=\"1080\" \/><\/p>\n<p>&nbsp;<\/p>\n<h3>GASOLINA PARA RATO<\/h3>\n<p>No solo del multijugador uno vive \u00bfno?\u00bf&#8230;no?, bueno \u00faltimamente parece que hay quien s\u00ed&#8230; Pero este no es el caso, dispone de infinidad de modos y opciones para un solo jugador\u00a0 Sus m\u00e1s de 160 veh\u00edculos son m\u00e1s que suficientes, clasificados en 8 clases, no veremos mucha diferencia entre ellos al menos en la misma clase donde en par\u00e1metros no var\u00edan unos de otros, los veh\u00edculos a pesar de ser ficticios, est\u00e1n basados en modelos reales.<\/p>\n<div id=\"attachment_13611\" style=\"width: 1930px\" class=\"wp-caption aligncenter\"><a href=\"http:\/\/limitgamers.com\/wp-content\/uploads\/2017\/11\/BAJA-Edge-of-Control-3.jpg\" data-rel=\"prettyPhoto\"><img loading=\"lazy\" decoding=\"async\" aria-describedby=\"caption-attachment-13611\" class=\"wp-image-13611 size-full\" src=\"http:\/\/limitgamers.com\/wp-content\/uploads\/2017\/11\/BAJA-Edge-of-Control-3.jpg\" alt=\"\" width=\"1920\" height=\"1080\" \/><\/a><p id=\"caption-attachment-13611\" class=\"wp-caption-text\">Algunos dise\u00f1os son aut\u00e9nticos, estoy seguro que este te suena&#8230;<\/p><\/div>\n<p>El modo Baja recreara la famosa competici\u00f3n, donde tendremos que batirnos en ligas e ir subiendo posiciones en el ranking mundial, no faltaran las cl\u00e1sicas mejoras desbloqueables, los patrocinadores o los eventos especiales.<\/p>\n<p>Las modalidades a los que nos podemos enfrentar son variados, diferentes entre s\u00ed, pero con un objetivo claro: ser divertidos, desde carreras cl\u00e1sicas a subidas por verdaderas paredes donde priorizara la tracci\u00f3n a la potencia.<a href=\"http:\/\/limitgamers.com\/wp-content\/uploads\/2017\/11\/BAJA-Edge-of-Control-11.jpg\" data-rel=\"prettyPhoto\"><img loading=\"lazy\" decoding=\"async\" class=\"size-full wp-image-13613 aligncenter\" src=\"http:\/\/limitgamers.com\/wp-content\/uploads\/2017\/11\/BAJA-Edge-of-Control-11.jpg\" alt=\"BAJA Edge of Control (11)\" width=\"1920\" height=\"1080\" \/><\/a><\/p>\n<p>Podremos alternar entre un control m\u00e1s arcade o uno m\u00e1s de simulaci\u00f3n, ambos se diferencian bastante entre s\u00ed, este \u00faltimo es el m\u00e1s dif\u00edcil de controlar, y aun as\u00ed no llega a ser un simulador realista, m\u00e1s bien nos limita el control arcade, y el veh\u00edculo tiende a moverse m\u00e1s o frenar menos. En mi caso el control por defecto es arcade, para simulaci\u00f3n\u00a0 hay t\u00edtulos mucho mejor preparados que este, adem\u00e1s perder la gracias de arcade no entra en mis expectativas con este juego.<\/p>\n<p>EL RUGIR DE LO SALVAJE<\/p>\n<p>No es que estamos ante un alarde t\u00e9cnico soberbio, en lo referente al sonido, los efectos cumplen pero sin destacar, y a nivel musical encontraremos una playlist que mezclara temas \u201cmade in U.S.A\u00bb\u00a0 y otros con un corte mas latino, en lineas generales es cumplidora. El sonido de los motores, no es una maravilla, sonando todos de una manera muy similar entre ellos.<\/p>\n<blockquote>\n<h3 style=\"text-align: center;\">CONCLUSI\u00d3N<\/h3>\n<p>No es para todo el mundo, si buscas opciones realistas o calidad t\u00e9cnica suprema, busca en otro lado, si por el contrario quieres un arcade divertido que podr\u00e1s sacar a relucir en tus reuniones con los colegas, este es el t\u00edtulo que buscas, pantalla partida hasta 4 jugadores o 16 en online. Sus opciones para jugar en solitario son enormes, aunque abusar varias horas de \u00e9l puede resultar mon\u00f3tono a la larga. Cumple, pero la pregunta es \u00bfera necesario este \u00abremaster\u00bb? No lo creo, quiz\u00e1s es el primer paso para&#8230; \u00bfdesarrollar una hipot\u00e9tica secuela?.<\/p><\/blockquote>\n","protected":false},"excerpt":{"rendered":"<p>BAJA Edge of Control HD, es el remaster del titulo original creado por 2XL Games\u00a0hace casi una d\u00e9cada en PS3 y Xbox 360, no es que fuera el superventas del momento, ni tampoco ped\u00edamos este remake para la actual generaci\u00f3n, pero bueno ya que este hecho, bienvenido sea. Con esto no quiero decir que debamos pasar de \u00e9l, es interesante que en esta industria la variedad sea el principal objetivo, todo juego tiene su p\u00fablico, y aunque mi relaci\u00f3n con el original fuera a penas unas cuantas horas, me dejo buen sabor de boca, record\u00e1ndome a esos juegos arcades que llenaban estanter\u00edas de las tiendas en la \u00e9poca 32bits, que a pesar de no ofrecer nada especial, entreten\u00eda un rato, sobre todo en multijugador a pantalla partida. MULTIJUGADOR \u00bfos parece bien que empiece con este punto? Sin duda es lo que m\u00e1s me ha gustado y me gusta de este t\u00edtulo, y no me refiero al online que lo trataremos m\u00e1s adelante, sino a su modo a pantalla partida para 4 jugadores. En una \u00e9poca donde la relaci\u00f3n con nuestros \u00abcompis\u00bb de partida se limita a un cable y un router, es muy bueno recibir t\u00edtulos como este, donde poder reunirte un fin de semana en casa con tus colegas y disfrutar de unos \u00abrefrescos\u00bb, algo de picar y una buena sesi\u00f3n de piques como hemos hecho todos en tiempos remotos. Todo el potencial del juego se disfruta con su formato arcade, sus circuitos traicioneros, sus atajos&#8230; son todos ingredientes perfectos para el disfrute en compa\u00f1\u00eda, seamos serios, t\u00edtulos tipo Gran Turismo estaba bien para jugar con los amigos, pero no hab\u00eda nada mejor que un V-Rally, ir de primero y chocar contra esa piedra formado por un pu\u00f1ado de pixeles&#8230; Adem\u00e1s no hay mejor rival que el controlado por tu amigo el torpe. No siempre tendremos con quien jugar al menos localmente, y como en el original, tendremos opci\u00f3n de medirnos en el online, que cumple con partidas estables y divertidas para un m\u00e1ximo de 16 jugadores simult\u00e1neos, y sorprendentemente me he encontrado el 90% de las ocasiones con servidores llenos, al menos en la versi\u00f3n que hemos usado para este an\u00e1lisis (PC, Steam) \u00bfHIGH DEFINITION? Usar la coletilla HD en este juego me parece un poco abusivo, el original ya era HD quiz\u00e1s llegaba escasamente a los 720p ,pero\u00a0 no estamos ante un t\u00edtulo de la \u00e9poca PS2 donde los d\u00e9biles euroconectores no daban m\u00e1s de s\u00ed y nos ten\u00edamos que conformar con unos escasos 480p anal\u00f3gicos, interferencias incluidas&#8230; Es cierto que se ha mejorado las texturas o la tase de refresco, pero arrastra efectos o problemas de la versi\u00f3n original, como el efecto del polvo, la iluminaci\u00f3n o las f\u00edsicas de colisi\u00f3n. Aun as\u00ed a pesar de sus limitaciones se disfruta perfectamente, gracias a los dise\u00f1os correctos de los veh\u00edculos o la variedad de circuitos, est\u00e9s \u00faltimos ha visto aumentado la distancia de dibujado, y se muestran mucho m\u00e1s s\u00f3lidos y realistas que en el original. &nbsp; GASOLINA PARA RATO No solo del multijugador uno vive \u00bfno?\u00bf&#8230;no?, bueno \u00faltimamente parece que hay quien s\u00ed&#8230; Pero este no es el caso, dispone de infinidad de modos y opciones para un solo jugador\u00a0 Sus m\u00e1s de 160 veh\u00edculos son m\u00e1s que suficientes, clasificados en 8 clases, no veremos mucha diferencia entre ellos al menos en la misma clase donde en par\u00e1metros no var\u00edan unos de otros, los veh\u00edculos a pesar de ser ficticios, est\u00e1n basados en modelos reales. El modo Baja recreara la famosa competici\u00f3n, donde tendremos que batirnos en ligas e ir subiendo posiciones en el ranking mundial, no faltaran las cl\u00e1sicas mejoras desbloqueables, los patrocinadores o los eventos especiales. Las modalidades a los que nos podemos enfrentar son variados, diferentes entre s\u00ed, pero con un objetivo claro: ser divertidos, desde carreras cl\u00e1sicas a subidas por verdaderas paredes donde priorizara la tracci\u00f3n a la potencia. Podremos alternar entre un control m\u00e1s arcade o uno m\u00e1s de simulaci\u00f3n, ambos se diferencian bastante entre s\u00ed, este \u00faltimo es el m\u00e1s dif\u00edcil de controlar, y aun as\u00ed no llega a ser un simulador realista, m\u00e1s bien nos limita el control arcade, y el veh\u00edculo tiende a moverse m\u00e1s o frenar menos. En mi caso el control por defecto es arcade, para simulaci\u00f3n\u00a0 hay t\u00edtulos mucho mejor preparados que este, adem\u00e1s perder la gracias de arcade no entra en mis expectativas con este juego. EL RUGIR DE LO SALVAJE No es que estamos ante un alarde t\u00e9cnico soberbio, en lo referente al sonido, los efectos cumplen pero sin destacar, y a nivel musical encontraremos una playlist que mezclara temas \u201cmade in U.S.A\u00bb\u00a0 y otros con un corte mas latino, en lineas generales es cumplidora. El sonido de los motores, no es una maravilla, sonando todos de una manera muy similar entre ellos. CONCLUSI\u00d3N No es para todo el mundo, si buscas opciones realistas o calidad t\u00e9cnica suprema, busca en otro lado, si por el contrario quieres un arcade divertido que podr\u00e1s sacar a relucir en tus reuniones con los colegas, este es el t\u00edtulo que buscas, pantalla partida hasta 4 jugadores o 16 en online. Sus opciones para jugar en solitario son enormes, aunque abusar varias horas de \u00e9l puede resultar mon\u00f3tono a la larga. Cumple, pero la pregunta es \u00bfera necesario este \u00abremaster\u00bb? No lo creo, quiz\u00e1s es el primer paso para&#8230; \u00bfdesarrollar una hipot\u00e9tica secuela?.<\/p>\n","protected":false},"author":1,"featured_media":13604,"parent":13598,"menu_order":-3,"comment_status":"open","ping_status":"closed","template":"review-template.php","meta":{"footnotes":""},"tags":[1503,1502,133,359,374,1102,132],"gp_hubs":[459,36,65,39,49],"fecha-lanzamiento":[],"genero":[],"recomendacion-edad":[],"compania":[],"publicado":[],"class_list":{"0":"post-13607","1":"page","2":"type-page","3":"status-publish","4":"has-post-thumbnail","6":"tag-2xl-games","7":"tag-baja-edge-of-control-hd","8":"tag-pc","9":"tag-playstation-4","10":"tag-steam","11":"tag-thq-nordic","12":"tag-xbox-one","13":"gp_hubs-analisis","14":"gp_hubs-hub-pc","15":"gp_hubs-hub-plataformas","16":"gp_hubs-hub-ps4","17":"gp_hubs-hub-xbox-one"},"yoast_head":"<!-- This site is optimized with the Yoast SEO plugin v26.8 - https:\/\/yoast.com\/product\/yoast-seo-wordpress\/ -->\n<title>AN\u00c1LISIS DE BAJA Edge of Control HD \u2502 PC \u2502PS4 \u2502 XBOX ONE<\/title>\n<meta name=\"description\" content=\"Analizamos BAJA Edge of Control HD, el remastered del original que debuto en la anterior generaci\u00f3n hace casi 10 a\u00f1os, todoterrenos, polvo, saltos y diversi\" \/>\n<meta name=\"robots\" content=\"index, follow, max-snippet:-1, max-image-preview:large, max-video-preview:-1\" \/>\n<link rel=\"canonical\" href=\"https:\/\/limitgamers.com\/index.php\/baja-edge-of-control-hd\/analisis\/\" \/>\n<meta property=\"og:locale\" content=\"es_ES\" \/>\n<meta property=\"og:type\" content=\"article\" \/>\n<meta property=\"og:title\" content=\"AN\u00c1LISIS DE BAJA Edge of Control HD \u2502 PC \u2502PS4 \u2502 XBOX ONE\" \/>\n<meta property=\"og:description\" content=\"Analizamos BAJA Edge of Control HD, el remastered del original que debuto en la anterior generaci\u00f3n hace casi 10 a\u00f1os, todoterrenos, polvo, saltos y diversi\" \/>\n<meta property=\"og:url\" content=\"https:\/\/limitgamers.com\/index.php\/baja-edge-of-control-hd\/analisis\/\" \/>\n<meta property=\"og:site_name\" content=\"LIMIT GAMERS\" \/>\n<meta property=\"article:publisher\" content=\"https:\/\/www.facebook.com\/limitgamers\/\" \/>\n<meta property=\"article:modified_time\" content=\"2017-11-15T07:22:45+00:00\" \/>\n<meta property=\"og:image\" content=\"https:\/\/limitgamers.com\/wp-content\/uploads\/2017\/11\/baja_header_0.jpg\" \/>\n\t<meta property=\"og:image:width\" content=\"1920\" \/>\n\t<meta property=\"og:image:height\" content=\"600\" \/>\n\t<meta property=\"og:image:type\" content=\"image\/jpeg\" \/>\n<meta name=\"twitter:card\" content=\"summary_large_image\" \/>\n<meta name=\"twitter:site\" content=\"@limit_gamers\" \/>\n<meta name=\"twitter:label1\" content=\"Tiempo de lectura\" \/>\n\t<meta name=\"twitter:data1\" content=\"5 minutos\" \/>\n<script type=\"application\/ld+json\" class=\"yoast-schema-graph\">{\"@context\":\"https:\/\/schema.org\",\"@graph\":[{\"@type\":\"WebPage\",\"@id\":\"https:\/\/limitgamers.com\/index.php\/baja-edge-of-control-hd\/analisis\/\",\"url\":\"https:\/\/limitgamers.com\/index.php\/baja-edge-of-control-hd\/analisis\/\",\"name\":\"AN\u00c1LISIS DE BAJA Edge of Control HD \u2502 PC \u2502PS4 \u2502 XBOX ONE\",\"isPartOf\":{\"@id\":\"https:\/\/limitgamers.com\/#website\"},\"primaryImageOfPage\":{\"@id\":\"https:\/\/limitgamers.com\/index.php\/baja-edge-of-control-hd\/analisis\/#primaryimage\"},\"image\":{\"@id\":\"https:\/\/limitgamers.com\/index.php\/baja-edge-of-control-hd\/analisis\/#primaryimage\"},\"thumbnailUrl\":\"https:\/\/limitgamers.com\/wp-content\/uploads\/2017\/11\/baja_header_0.jpg\",\"datePublished\":\"2017-11-15T07:20:32+00:00\",\"dateModified\":\"2017-11-15T07:22:45+00:00\",\"description\":\"Analizamos BAJA Edge of Control HD, el remastered del original que debuto en la anterior generaci\u00f3n hace casi 10 a\u00f1os, todoterrenos, polvo, saltos y diversi\",\"breadcrumb\":{\"@id\":\"https:\/\/limitgamers.com\/index.php\/baja-edge-of-control-hd\/analisis\/#breadcrumb\"},\"inLanguage\":\"es\",\"potentialAction\":[{\"@type\":\"ReadAction\",\"target\":[\"https:\/\/limitgamers.com\/index.php\/baja-edge-of-control-hd\/analisis\/\"]}]},{\"@type\":\"ImageObject\",\"inLanguage\":\"es\",\"@id\":\"https:\/\/limitgamers.com\/index.php\/baja-edge-of-control-hd\/analisis\/#primaryimage\",\"url\":\"https:\/\/limitgamers.com\/wp-content\/uploads\/2017\/11\/baja_header_0.jpg\",\"contentUrl\":\"https:\/\/limitgamers.com\/wp-content\/uploads\/2017\/11\/baja_header_0.jpg\",\"width\":1920,\"height\":600,\"caption\":\"BAJA Edge of Control HD\"},{\"@type\":\"BreadcrumbList\",\"@id\":\"https:\/\/limitgamers.com\/index.php\/baja-edge-of-control-hd\/analisis\/#breadcrumb\",\"itemListElement\":[{\"@type\":\"ListItem\",\"position\":1,\"name\":\"Portada\",\"item\":\"https:\/\/limitgamers.com\/\"},{\"@type\":\"ListItem\",\"position\":2,\"name\":\"BAJA Edge of Control HD\",\"item\":\"https:\/\/limitgamers.com\/index.php\/baja-edge-of-control-hd\/\"},{\"@type\":\"ListItem\",\"position\":3,\"name\":\"An\u00e1lisis\"}]},{\"@type\":\"WebSite\",\"@id\":\"https:\/\/limitgamers.com\/#website\",\"url\":\"https:\/\/limitgamers.com\/\",\"name\":\"LIMIT GAMERS\",\"description\":\"Bienvenido Gamers!\",\"publisher\":{\"@id\":\"https:\/\/limitgamers.com\/#organization\"},\"potentialAction\":[{\"@type\":\"SearchAction\",\"target\":{\"@type\":\"EntryPoint\",\"urlTemplate\":\"https:\/\/limitgamers.com\/?s={search_term_string}\"},\"query-input\":{\"@type\":\"PropertyValueSpecification\",\"valueRequired\":true,\"valueName\":\"search_term_string\"}}],\"inLanguage\":\"es\"},{\"@type\":\"Organization\",\"@id\":\"https:\/\/limitgamers.com\/#organization\",\"name\":\"Limit Gamers\",\"url\":\"https:\/\/limitgamers.com\/\",\"logo\":{\"@type\":\"ImageObject\",\"inLanguage\":\"es\",\"@id\":\"https:\/\/limitgamers.com\/#\/schema\/logo\/image\/\",\"url\":\"https:\/\/limitgamers.com\/wp-content\/uploads\/2016\/02\/limitgamers.jpg\",\"contentUrl\":\"https:\/\/limitgamers.com\/wp-content\/uploads\/2016\/02\/limitgamers.jpg\",\"width\":1712,\"height\":145,\"caption\":\"Limit Gamers\"},\"image\":{\"@id\":\"https:\/\/limitgamers.com\/#\/schema\/logo\/image\/\"},\"sameAs\":[\"https:\/\/www.facebook.com\/limitgamers\/\",\"https:\/\/x.com\/limit_gamers\",\"https:\/\/www.instagram.com\/limit_gamers\/\",\"http:\/\/www.youtube.com\/c\/Limitgamers\"]}]}<\/script>\n<!-- \/ Yoast SEO plugin. -->","yoast_head_json":{"title":"AN\u00c1LISIS DE BAJA Edge of Control HD \u2502 PC \u2502PS4 \u2502 XBOX ONE","description":"Analizamos BAJA Edge of Control HD, el remastered del original que debuto en la anterior generaci\u00f3n hace casi 10 a\u00f1os, todoterrenos, polvo, saltos y diversi","robots":{"index":"index","follow":"follow","max-snippet":"max-snippet:-1","max-image-preview":"max-image-preview:large","max-video-preview":"max-video-preview:-1"},"canonical":"https:\/\/limitgamers.com\/index.php\/baja-edge-of-control-hd\/analisis\/","og_locale":"es_ES","og_type":"article","og_title":"AN\u00c1LISIS DE BAJA Edge of Control HD \u2502 PC \u2502PS4 \u2502 XBOX ONE","og_description":"Analizamos BAJA Edge of Control HD, el remastered del original que debuto en la anterior generaci\u00f3n hace casi 10 a\u00f1os, todoterrenos, polvo, saltos y diversi","og_url":"https:\/\/limitgamers.com\/index.php\/baja-edge-of-control-hd\/analisis\/","og_site_name":"LIMIT GAMERS","article_publisher":"https:\/\/www.facebook.com\/limitgamers\/","article_modified_time":"2017-11-15T07:22:45+00:00","og_image":[{"width":1920,"height":600,"url":"https:\/\/limitgamers.com\/wp-content\/uploads\/2017\/11\/baja_header_0.jpg","type":"image\/jpeg"}],"twitter_card":"summary_large_image","twitter_site":"@limit_gamers","twitter_misc":{"Tiempo de lectura":"5 minutos"},"schema":{"@context":"https:\/\/schema.org","@graph":[{"@type":"WebPage","@id":"https:\/\/limitgamers.com\/index.php\/baja-edge-of-control-hd\/analisis\/","url":"https:\/\/limitgamers.com\/index.php\/baja-edge-of-control-hd\/analisis\/","name":"AN\u00c1LISIS DE BAJA Edge of Control HD \u2502 PC \u2502PS4 \u2502 XBOX ONE","isPartOf":{"@id":"https:\/\/limitgamers.com\/#website"},"primaryImageOfPage":{"@id":"https:\/\/limitgamers.com\/index.php\/baja-edge-of-control-hd\/analisis\/#primaryimage"},"image":{"@id":"https:\/\/limitgamers.com\/index.php\/baja-edge-of-control-hd\/analisis\/#primaryimage"},"thumbnailUrl":"https:\/\/limitgamers.com\/wp-content\/uploads\/2017\/11\/baja_header_0.jpg","datePublished":"2017-11-15T07:20:32+00:00","dateModified":"2017-11-15T07:22:45+00:00","description":"Analizamos BAJA Edge of Control HD, el remastered del original que debuto en la anterior generaci\u00f3n hace casi 10 a\u00f1os, todoterrenos, polvo, saltos y diversi","breadcrumb":{"@id":"https:\/\/limitgamers.com\/index.php\/baja-edge-of-control-hd\/analisis\/#breadcrumb"},"inLanguage":"es","potentialAction":[{"@type":"ReadAction","target":["https:\/\/limitgamers.com\/index.php\/baja-edge-of-control-hd\/analisis\/"]}]},{"@type":"ImageObject","inLanguage":"es","@id":"https:\/\/limitgamers.com\/index.php\/baja-edge-of-control-hd\/analisis\/#primaryimage","url":"https:\/\/limitgamers.com\/wp-content\/uploads\/2017\/11\/baja_header_0.jpg","contentUrl":"https:\/\/limitgamers.com\/wp-content\/uploads\/2017\/11\/baja_header_0.jpg","width":1920,"height":600,"caption":"BAJA Edge of Control HD"},{"@type":"BreadcrumbList","@id":"https:\/\/limitgamers.com\/index.php\/baja-edge-of-control-hd\/analisis\/#breadcrumb","itemListElement":[{"@type":"ListItem","position":1,"name":"Portada","item":"https:\/\/limitgamers.com\/"},{"@type":"ListItem","position":2,"name":"BAJA Edge of Control HD","item":"https:\/\/limitgamers.com\/index.php\/baja-edge-of-control-hd\/"},{"@type":"ListItem","position":3,"name":"An\u00e1lisis"}]},{"@type":"WebSite","@id":"https:\/\/limitgamers.com\/#website","url":"https:\/\/limitgamers.com\/","name":"LIMIT GAMERS","description":"Bienvenido Gamers!","publisher":{"@id":"https:\/\/limitgamers.com\/#organization"},"potentialAction":[{"@type":"SearchAction","target":{"@type":"EntryPoint","urlTemplate":"https:\/\/limitgamers.com\/?s={search_term_string}"},"query-input":{"@type":"PropertyValueSpecification","valueRequired":true,"valueName":"search_term_string"}}],"inLanguage":"es"},{"@type":"Organization","@id":"https:\/\/limitgamers.com\/#organization","name":"Limit Gamers","url":"https:\/\/limitgamers.com\/","logo":{"@type":"ImageObject","inLanguage":"es","@id":"https:\/\/limitgamers.com\/#\/schema\/logo\/image\/","url":"https:\/\/limitgamers.com\/wp-content\/uploads\/2016\/02\/limitgamers.jpg","contentUrl":"https:\/\/limitgamers.com\/wp-content\/uploads\/2016\/02\/limitgamers.jpg","width":1712,"height":145,"caption":"Limit Gamers"},"image":{"@id":"https:\/\/limitgamers.com\/#\/schema\/logo\/image\/"},"sameAs":["https:\/\/www.facebook.com\/limitgamers\/","https:\/\/x.com\/limit_gamers","https:\/\/www.instagram.com\/limit_gamers\/","http:\/\/www.youtube.com\/c\/Limitgamers"]}]}},"_links":{"self":[{"href":"https:\/\/limitgamers.com\/index.php\/wp-json\/wp\/v2\/pages\/13607","targetHints":{"allow":["GET"]}}],"collection":[{"href":"https:\/\/limitgamers.com\/index.php\/wp-json\/wp\/v2\/pages"}],"about":[{"href":"https:\/\/limitgamers.com\/index.php\/wp-json\/wp\/v2\/types\/page"}],"author":[{"embeddable":true,"href":"https:\/\/limitgamers.com\/index.php\/wp-json\/wp\/v2\/users\/1"}],"replies":[{"embeddable":true,"href":"https:\/\/limitgamers.com\/index.php\/wp-json\/wp\/v2\/comments?post=13607"}],"version-history":[{"count":0,"href":"https:\/\/limitgamers.com\/index.php\/wp-json\/wp\/v2\/pages\/13607\/revisions"}],"up":[{"embeddable":true,"href":"https:\/\/limitgamers.com\/index.php\/wp-json\/wp\/v2\/pages\/13598"}],"wp:featuredmedia":[{"embeddable":true,"href":"https:\/\/limitgamers.com\/index.php\/wp-json\/wp\/v2\/media\/13604"}],"wp:attachment":[{"href":"https:\/\/limitgamers.com\/index.php\/wp-json\/wp\/v2\/media?parent=13607"}],"wp:term":[{"taxonomy":"post_tag","embeddable":true,"href":"https:\/\/limitgamers.com\/index.php\/wp-json\/wp\/v2\/tags?post=13607"},{"taxonomy":"gp_hubs","embeddable":true,"href":"https:\/\/limitgamers.com\/index.php\/wp-json\/wp\/v2\/gp_hubs?post=13607"},{"taxonomy":"fecha-lanzamiento","embeddable":true,"href":"https:\/\/limitgamers.com\/index.php\/wp-json\/wp\/v2\/fecha-lanzamiento?post=13607"},{"taxonomy":"genero","embeddable":true,"href":"https:\/\/limitgamers.com\/index.php\/wp-json\/wp\/v2\/genero?post=13607"},{"taxonomy":"recomendacion-edad","embeddable":true,"href":"https:\/\/limitgamers.com\/index.php\/wp-json\/wp\/v2\/recomendacion-edad?post=13607"},{"taxonomy":"compania","embeddable":true,"href":"https:\/\/limitgamers.com\/index.php\/wp-json\/wp\/v2\/compania?post=13607"},{"taxonomy":"publicado","embeddable":true,"href":"https:\/\/limitgamers.com\/index.php\/wp-json\/wp\/v2\/publicado?post=13607"}],"curies":[{"name":"wp","href":"https:\/\/api.w.org\/{rel}","templated":true}]}}