{"id":12497,"date":"2017-07-03T23:24:13","date_gmt":"2017-07-03T21:24:13","guid":{"rendered":"http:\/\/limitgamers.com\/?page_id=12497"},"modified":"2017-07-03T23:25:17","modified_gmt":"2017-07-03T21:25:17","slug":"avance","status":"publish","type":"page","link":"https:\/\/limitgamers.com\/index.php\/aven-colony\/avance\/","title":{"rendered":"Avance"},"content":{"rendered":"<p>Desde los tiempos m\u00e1s remotos, el ser humano ha so\u00f1ado viajar a las lejanas estrellas que contemplaban en el cielo nocturno, hemos avanzado mucho en est\u00e9s \u00faltimos a\u00f1os, pero el pelda\u00f1o m\u00e1s importante a\u00fan no se ha dado: colonizar otros planetas.<\/p>\n<div id=\"attachment_12499\" style=\"width: 1930px\" class=\"wp-caption aligncenter\"><a href=\"http:\/\/limitgamers.com\/wp-content\/uploads\/2017\/07\/Desktop-06.22.2017-00.28.42.jpg\" data-rel=\"prettyPhoto\"><img loading=\"lazy\" decoding=\"async\" aria-describedby=\"caption-attachment-12499\" class=\"wp-image-12499 size-full\" src=\"http:\/\/limitgamers.com\/wp-content\/uploads\/2017\/07\/Desktop-06.22.2017-00.28.42.jpg\" alt=\"\" width=\"1920\" height=\"1080\" srcset=\"https:\/\/limitgamers.com\/wp-content\/uploads\/2017\/07\/Desktop-06.22.2017-00.28.42.jpg 1920w, https:\/\/limitgamers.com\/wp-content\/uploads\/2017\/07\/Desktop-06.22.2017-00.28.42-30x17.jpg 30w\" sizes=\"auto, (max-width: 1920px) 100vw, 1920px\" \/><\/a><p id=\"caption-attachment-12499\" class=\"wp-caption-text\">Nuestros superiores no paran de darnos trabajo&#8230;.<\/p><\/div>\n<p>y tendremos que prepararnos para las adversidades que encontraremos en los diferentes parajes, desde crudos inviernos a especies alien\u00edgenas que nos quieren destruir.<\/p>\n<div id=\"attachment_12501\" style=\"width: 1930px\" class=\"wp-caption aligncenter\"><a href=\"http:\/\/limitgamers.com\/wp-content\/uploads\/2017\/07\/Aven-Colony-06.28.2017-00.04.17.jpg\" data-rel=\"prettyPhoto\"><img loading=\"lazy\" decoding=\"async\" aria-describedby=\"caption-attachment-12501\" class=\"wp-image-12501 size-full\" src=\"http:\/\/limitgamers.com\/wp-content\/uploads\/2017\/07\/Aven-Colony-06.28.2017-00.04.17.jpg\" alt=\"\" width=\"1920\" height=\"1080\" srcset=\"https:\/\/limitgamers.com\/wp-content\/uploads\/2017\/07\/Aven-Colony-06.28.2017-00.04.17.jpg 1920w, https:\/\/limitgamers.com\/wp-content\/uploads\/2017\/07\/Aven-Colony-06.28.2017-00.04.17-30x17.jpg 30w\" sizes=\"auto, (max-width: 1920px) 100vw, 1920px\" \/><\/a><p id=\"caption-attachment-12501\" class=\"wp-caption-text\">Los alienigenas no nos pondr\u00e1n la cosa f\u00e1cil&#8230;.<\/p><\/div>\n<p><strong>Mothership Entertainment,<\/strong> son los cabecillas al centro de este proyecto tildado de indie, son novatos quiz\u00e1s para nuestros o\u00eddos, pero despu\u00e9s de unas horas de juego, descubres que la pasi\u00f3n que le han puesto al t\u00edtulo es merecedora de nuestros halagos, a pesar de no aportar nada nuevo al cada vez m\u00e1s querido genero del City Buider, sus intenciones son claras, \u201cregalarnos\u201d diversi\u00f3n directa, sin complicaciones de men\u00fas, submen\u00fas y submen\u00fas de submen\u00fas. Toda la interfaz del juego se mueve de manera fluida, es decir, con unas horas de juego, no habr\u00e1 secreto que no conozcamos de sus posibilidades, ofreciendo de esta manera poder desarrollar nuestra colonia de la manera m\u00e1s eficiente.<\/p>\n<div id=\"attachment_12500\" style=\"width: 1930px\" class=\"wp-caption aligncenter\"><a href=\"http:\/\/limitgamers.com\/wp-content\/uploads\/2017\/07\/Desktop-06.22.2017-01.24.41.jpg\" data-rel=\"prettyPhoto\"><img loading=\"lazy\" decoding=\"async\" aria-describedby=\"caption-attachment-12500\" class=\"wp-image-12500 size-full\" src=\"http:\/\/limitgamers.com\/wp-content\/uploads\/2017\/07\/Desktop-06.22.2017-01.24.41.jpg\" alt=\"\" width=\"1920\" height=\"1080\" srcset=\"https:\/\/limitgamers.com\/wp-content\/uploads\/2017\/07\/Desktop-06.22.2017-01.24.41.jpg 1920w, https:\/\/limitgamers.com\/wp-content\/uploads\/2017\/07\/Desktop-06.22.2017-01.24.41-30x17.jpg 30w\" sizes=\"auto, (max-width: 1920px) 100vw, 1920px\" \/><\/a><p id=\"caption-attachment-12500\" class=\"wp-caption-text\">Desarrollar una colonia autosuficiente es nuestro objetivo<\/p><\/div>\n<p>De momento el tiempo que llevamos invertido nos est\u00e1 dejando un buen sabor de boca, su toqueteo con las pol\u00edticas sociales y de empleo, su gesti\u00f3n de los recursos t\u00edpicos como agua, electricidad, comida o aire o sus opciones de defensa ante ataques alien\u00edgenas nos han enamorado, haciendo que perdamos la noci\u00f3n del tiempo mientras estamos sumergidos en nuestra labor de \u201cpionero\u201d. Hemos completado las 4 primeras colonias (dos de ellas a modo de tutorial), y nos pinta bien entretenido el resto de los niveles, si sigue con los detalles caracter\u00edsticos de cada zona, el cual tendremos que adaptarnos a cada localizaci\u00f3n.<\/p>\n<p>Su calidad gr\u00e1fica, bastante detallado, hace aparici\u00f3n de alg\u00fan que otro fallo o ralentizaci\u00f3n, aunque en las \u00faltimas actualizaciones que hemos recibido, este detalle se ha ido puliendo, de tal manera que las ultimas partidas, no hemos notado la presencia de estos errores t\u00e9cnicos, como contrapartida, hemos detectado alg\u00fan que otro problema de optimizaci\u00f3n, aunque como en el anterior punto, esto se podr\u00e1 solucionar antes del lanzamiento oficial.<\/p>\n<p>El pr\u00f3ximo <strong>25 de julio<\/strong>, Aven Colony llega a <strong>PC, PlayStation 4 y Xbox One<\/strong>, donde en las consolas de sobremesa tendr\u00e1n una interfaz m\u00e1s propicia para jugar con mando.<\/p>\n<blockquote>\n<h3>PRIMERA IMPRESI\u00d3N<\/h3>\n<p>De momento nuestro primer contacto con el planeta Aven Prime ha sido satisfactoria, el cual se nota la pasi\u00f3n puesta en su desarrollo, tanto a nivel art\u00edstico como a nivel de sencillez en sus men\u00fas, pero sin restar la ingente cantidad de opciones que nos tiene acostumbrados est\u00e9s t\u00edtulos. No te pierdas nuestro an\u00e1lisis d\u00edas antes del lanzamiento oficial, para conocer de primera mano si los chicos de Mothership Entertainment, colonizan los corazones de los jugadores.<\/p><\/blockquote>\n","protected":false},"excerpt":{"rendered":"<p>Desde los tiempos m\u00e1s remotos, el ser humano ha so\u00f1ado viajar a las lejanas estrellas que contemplaban en el cielo nocturno, hemos avanzado mucho en est\u00e9s \u00faltimos a\u00f1os, pero el pelda\u00f1o m\u00e1s importante a\u00fan no se ha dado: colonizar otros planetas. y tendremos que prepararnos para las adversidades que encontraremos en los diferentes parajes, desde crudos inviernos a especies alien\u00edgenas que nos quieren destruir. Mothership Entertainment, son los cabecillas al centro de este proyecto tildado de indie, son novatos quiz\u00e1s para nuestros o\u00eddos, pero despu\u00e9s de unas horas de juego, descubres que la pasi\u00f3n que le han puesto al t\u00edtulo es merecedora de nuestros halagos, a pesar de no aportar nada nuevo al cada vez m\u00e1s querido genero del City Buider, sus intenciones son claras, \u201cregalarnos\u201d diversi\u00f3n directa, sin complicaciones de men\u00fas, submen\u00fas y submen\u00fas de submen\u00fas. Toda la interfaz del juego se mueve de manera fluida, es decir, con unas horas de juego, no habr\u00e1 secreto que no conozcamos de sus posibilidades, ofreciendo de esta manera poder desarrollar nuestra colonia de la manera m\u00e1s eficiente. De momento el tiempo que llevamos invertido nos est\u00e1 dejando un buen sabor de boca, su toqueteo con las pol\u00edticas sociales y de empleo, su gesti\u00f3n de los recursos t\u00edpicos como agua, electricidad, comida o aire o sus opciones de defensa ante ataques alien\u00edgenas nos han enamorado, haciendo que perdamos la noci\u00f3n del tiempo mientras estamos sumergidos en nuestra labor de \u201cpionero\u201d. Hemos completado las 4 primeras colonias (dos de ellas a modo de tutorial), y nos pinta bien entretenido el resto de los niveles, si sigue con los detalles caracter\u00edsticos de cada zona, el cual tendremos que adaptarnos a cada localizaci\u00f3n. Su calidad gr\u00e1fica, bastante detallado, hace aparici\u00f3n de alg\u00fan que otro fallo o ralentizaci\u00f3n, aunque en las \u00faltimas actualizaciones que hemos recibido, este detalle se ha ido puliendo, de tal manera que las ultimas partidas, no hemos notado la presencia de estos errores t\u00e9cnicos, como contrapartida, hemos detectado alg\u00fan que otro problema de optimizaci\u00f3n, aunque como en el anterior punto, esto se podr\u00e1 solucionar antes del lanzamiento oficial. El pr\u00f3ximo 25 de julio, Aven Colony llega a PC, PlayStation 4 y Xbox One, donde en las consolas de sobremesa tendr\u00e1n una interfaz m\u00e1s propicia para jugar con mando. PRIMERA IMPRESI\u00d3N De momento nuestro primer contacto con el planeta Aven Prime ha sido satisfactoria, el cual se nota la pasi\u00f3n puesta en su desarrollo, tanto a nivel art\u00edstico como a nivel de sencillez en sus men\u00fas, pero sin restar la ingente cantidad de opciones que nos tiene acostumbrados est\u00e9s t\u00edtulos. No te pierdas nuestro an\u00e1lisis d\u00edas antes del lanzamiento oficial, para conocer de primera mano si los chicos de Mothership Entertainment, colonizan los corazones de los jugadores.<\/p>\n","protected":false},"author":1,"featured_media":12481,"parent":12475,"menu_order":0,"comment_status":"closed","ping_status":"closed","template":"","meta":{"footnotes":""},"tags":[1320,1321,133,359,374,132],"gp_hubs":[36,65,39,659,49],"fecha-lanzamiento":[],"genero":[],"recomendacion-edad":[],"compania":[],"publicado":[],"class_list":{"0":"post-12497","1":"page","2":"type-page","3":"status-publish","4":"has-post-thumbnail","6":"tag-aven-colony","7":"tag-mothership-entertainment","8":"tag-pc","9":"tag-playstation-4","10":"tag-steam","11":"tag-xbox-one","12":"gp_hubs-hub-pc","13":"gp_hubs-hub-plataformas","14":"gp_hubs-hub-ps4","15":"gp_hubs-visible","16":"gp_hubs-hub-xbox-one"},"yoast_head":"<!-- This site is optimized with the Yoast SEO plugin v26.8 - https:\/\/yoast.com\/product\/yoast-seo-wordpress\/ -->\n<title>AVANCE DE AVEN COLONY \u2502PS4\u2502XBOX ONE\u2502PC &quot;COLONIZANDO&quot;<\/title>\n<meta name=\"description\" content=\"En Aven Colony, tendremos la oportunidad de viajar a un planeta nuevo, Aven Prime, y desarrollar nuestra comunidad de colonos, pero la tarea no es tan senc\" \/>\n<meta name=\"robots\" content=\"index, follow, max-snippet:-1, max-image-preview:large, max-video-preview:-1\" \/>\n<link rel=\"canonical\" href=\"https:\/\/limitgamers.com\/index.php\/aven-colony\/avance\/\" \/>\n<meta property=\"og:locale\" content=\"es_ES\" \/>\n<meta property=\"og:type\" content=\"article\" \/>\n<meta property=\"og:title\" content=\"AVANCE DE AVEN COLONY \u2502PS4\u2502XBOX ONE\u2502PC &quot;COLONIZANDO&quot;\" \/>\n<meta property=\"og:description\" content=\"En Aven Colony, tendremos la oportunidad de viajar a un planeta nuevo, Aven Prime, y desarrollar nuestra comunidad de colonos, pero la tarea no es tan senc\" \/>\n<meta property=\"og:url\" content=\"https:\/\/limitgamers.com\/index.php\/aven-colony\/avance\/\" \/>\n<meta property=\"og:site_name\" content=\"LIMIT GAMERS\" \/>\n<meta property=\"article:publisher\" content=\"https:\/\/www.facebook.com\/limitgamers\/\" \/>\n<meta property=\"article:modified_time\" content=\"2017-07-03T21:25:17+00:00\" \/>\n<meta property=\"og:image\" content=\"https:\/\/limitgamers.com\/wp-content\/uploads\/2017\/06\/Desktop-06.22.2017-00.16.jpg\" \/>\n\t<meta property=\"og:image:width\" content=\"1920\" \/>\n\t<meta property=\"og:image:height\" content=\"1080\" \/>\n\t<meta property=\"og:image:type\" content=\"image\/jpeg\" \/>\n<meta name=\"twitter:card\" content=\"summary_large_image\" \/>\n<meta name=\"twitter:site\" content=\"@limit_gamers\" \/>\n<meta name=\"twitter:label1\" content=\"Tiempo de lectura\" \/>\n\t<meta name=\"twitter:data1\" content=\"3 minutos\" \/>\n<script type=\"application\/ld+json\" class=\"yoast-schema-graph\">{\"@context\":\"https:\/\/schema.org\",\"@graph\":[{\"@type\":\"WebPage\",\"@id\":\"https:\/\/limitgamers.com\/index.php\/aven-colony\/avance\/\",\"url\":\"https:\/\/limitgamers.com\/index.php\/aven-colony\/avance\/\",\"name\":\"AVANCE DE AVEN COLONY \u2502PS4\u2502XBOX ONE\u2502PC \\\"COLONIZANDO\\\"\",\"isPartOf\":{\"@id\":\"https:\/\/limitgamers.com\/#website\"},\"primaryImageOfPage\":{\"@id\":\"https:\/\/limitgamers.com\/index.php\/aven-colony\/avance\/#primaryimage\"},\"image\":{\"@id\":\"https:\/\/limitgamers.com\/index.php\/aven-colony\/avance\/#primaryimage\"},\"thumbnailUrl\":\"https:\/\/limitgamers.com\/wp-content\/uploads\/2017\/06\/Desktop-06.22.2017-00.16.jpg\",\"datePublished\":\"2017-07-03T21:24:13+00:00\",\"dateModified\":\"2017-07-03T21:25:17+00:00\",\"description\":\"En Aven Colony, tendremos la oportunidad de viajar a un planeta nuevo, Aven Prime, y desarrollar nuestra comunidad de colonos, pero la tarea no es tan senc\",\"breadcrumb\":{\"@id\":\"https:\/\/limitgamers.com\/index.php\/aven-colony\/avance\/#breadcrumb\"},\"inLanguage\":\"es\",\"potentialAction\":[{\"@type\":\"ReadAction\",\"target\":[\"https:\/\/limitgamers.com\/index.php\/aven-colony\/avance\/\"]}]},{\"@type\":\"ImageObject\",\"inLanguage\":\"es\",\"@id\":\"https:\/\/limitgamers.com\/index.php\/aven-colony\/avance\/#primaryimage\",\"url\":\"https:\/\/limitgamers.com\/wp-content\/uploads\/2017\/06\/Desktop-06.22.2017-00.16.jpg\",\"contentUrl\":\"https:\/\/limitgamers.com\/wp-content\/uploads\/2017\/06\/Desktop-06.22.2017-00.16.jpg\",\"width\":1920,\"height\":1080,\"caption\":\"Aven colony\"},{\"@type\":\"BreadcrumbList\",\"@id\":\"https:\/\/limitgamers.com\/index.php\/aven-colony\/avance\/#breadcrumb\",\"itemListElement\":[{\"@type\":\"ListItem\",\"position\":1,\"name\":\"Portada\",\"item\":\"https:\/\/limitgamers.com\/\"},{\"@type\":\"ListItem\",\"position\":2,\"name\":\"Aven Colony\",\"item\":\"https:\/\/limitgamers.com\/index.php\/aven-colony\/\"},{\"@type\":\"ListItem\",\"position\":3,\"name\":\"Avance\"}]},{\"@type\":\"WebSite\",\"@id\":\"https:\/\/limitgamers.com\/#website\",\"url\":\"https:\/\/limitgamers.com\/\",\"name\":\"LIMIT GAMERS\",\"description\":\"Bienvenido Gamers!\",\"publisher\":{\"@id\":\"https:\/\/limitgamers.com\/#organization\"},\"potentialAction\":[{\"@type\":\"SearchAction\",\"target\":{\"@type\":\"EntryPoint\",\"urlTemplate\":\"https:\/\/limitgamers.com\/?s={search_term_string}\"},\"query-input\":{\"@type\":\"PropertyValueSpecification\",\"valueRequired\":true,\"valueName\":\"search_term_string\"}}],\"inLanguage\":\"es\"},{\"@type\":\"Organization\",\"@id\":\"https:\/\/limitgamers.com\/#organization\",\"name\":\"Limit Gamers\",\"url\":\"https:\/\/limitgamers.com\/\",\"logo\":{\"@type\":\"ImageObject\",\"inLanguage\":\"es\",\"@id\":\"https:\/\/limitgamers.com\/#\/schema\/logo\/image\/\",\"url\":\"https:\/\/limitgamers.com\/wp-content\/uploads\/2016\/02\/limitgamers.jpg\",\"contentUrl\":\"https:\/\/limitgamers.com\/wp-content\/uploads\/2016\/02\/limitgamers.jpg\",\"width\":1712,\"height\":145,\"caption\":\"Limit Gamers\"},\"image\":{\"@id\":\"https:\/\/limitgamers.com\/#\/schema\/logo\/image\/\"},\"sameAs\":[\"https:\/\/www.facebook.com\/limitgamers\/\",\"https:\/\/x.com\/limit_gamers\",\"https:\/\/www.instagram.com\/limit_gamers\/\",\"http:\/\/www.youtube.com\/c\/Limitgamers\"]}]}<\/script>\n<!-- \/ Yoast SEO plugin. -->","yoast_head_json":{"title":"AVANCE DE AVEN COLONY \u2502PS4\u2502XBOX ONE\u2502PC \"COLONIZANDO\"","description":"En Aven Colony, tendremos la oportunidad de viajar a un planeta nuevo, Aven Prime, y desarrollar nuestra comunidad de colonos, pero la tarea no es tan senc","robots":{"index":"index","follow":"follow","max-snippet":"max-snippet:-1","max-image-preview":"max-image-preview:large","max-video-preview":"max-video-preview:-1"},"canonical":"https:\/\/limitgamers.com\/index.php\/aven-colony\/avance\/","og_locale":"es_ES","og_type":"article","og_title":"AVANCE DE AVEN COLONY \u2502PS4\u2502XBOX ONE\u2502PC \"COLONIZANDO\"","og_description":"En Aven Colony, tendremos la oportunidad de viajar a un planeta nuevo, Aven Prime, y desarrollar nuestra comunidad de colonos, pero la tarea no es tan senc","og_url":"https:\/\/limitgamers.com\/index.php\/aven-colony\/avance\/","og_site_name":"LIMIT GAMERS","article_publisher":"https:\/\/www.facebook.com\/limitgamers\/","article_modified_time":"2017-07-03T21:25:17+00:00","og_image":[{"width":1920,"height":1080,"url":"https:\/\/limitgamers.com\/wp-content\/uploads\/2017\/06\/Desktop-06.22.2017-00.16.jpg","type":"image\/jpeg"}],"twitter_card":"summary_large_image","twitter_site":"@limit_gamers","twitter_misc":{"Tiempo de lectura":"3 minutos"},"schema":{"@context":"https:\/\/schema.org","@graph":[{"@type":"WebPage","@id":"https:\/\/limitgamers.com\/index.php\/aven-colony\/avance\/","url":"https:\/\/limitgamers.com\/index.php\/aven-colony\/avance\/","name":"AVANCE DE AVEN COLONY \u2502PS4\u2502XBOX ONE\u2502PC \"COLONIZANDO\"","isPartOf":{"@id":"https:\/\/limitgamers.com\/#website"},"primaryImageOfPage":{"@id":"https:\/\/limitgamers.com\/index.php\/aven-colony\/avance\/#primaryimage"},"image":{"@id":"https:\/\/limitgamers.com\/index.php\/aven-colony\/avance\/#primaryimage"},"thumbnailUrl":"https:\/\/limitgamers.com\/wp-content\/uploads\/2017\/06\/Desktop-06.22.2017-00.16.jpg","datePublished":"2017-07-03T21:24:13+00:00","dateModified":"2017-07-03T21:25:17+00:00","description":"En Aven Colony, tendremos la oportunidad de viajar a un planeta nuevo, Aven Prime, y desarrollar nuestra comunidad de colonos, pero la tarea no es tan senc","breadcrumb":{"@id":"https:\/\/limitgamers.com\/index.php\/aven-colony\/avance\/#breadcrumb"},"inLanguage":"es","potentialAction":[{"@type":"ReadAction","target":["https:\/\/limitgamers.com\/index.php\/aven-colony\/avance\/"]}]},{"@type":"ImageObject","inLanguage":"es","@id":"https:\/\/limitgamers.com\/index.php\/aven-colony\/avance\/#primaryimage","url":"https:\/\/limitgamers.com\/wp-content\/uploads\/2017\/06\/Desktop-06.22.2017-00.16.jpg","contentUrl":"https:\/\/limitgamers.com\/wp-content\/uploads\/2017\/06\/Desktop-06.22.2017-00.16.jpg","width":1920,"height":1080,"caption":"Aven colony"},{"@type":"BreadcrumbList","@id":"https:\/\/limitgamers.com\/index.php\/aven-colony\/avance\/#breadcrumb","itemListElement":[{"@type":"ListItem","position":1,"name":"Portada","item":"https:\/\/limitgamers.com\/"},{"@type":"ListItem","position":2,"name":"Aven Colony","item":"https:\/\/limitgamers.com\/index.php\/aven-colony\/"},{"@type":"ListItem","position":3,"name":"Avance"}]},{"@type":"WebSite","@id":"https:\/\/limitgamers.com\/#website","url":"https:\/\/limitgamers.com\/","name":"LIMIT GAMERS","description":"Bienvenido Gamers!","publisher":{"@id":"https:\/\/limitgamers.com\/#organization"},"potentialAction":[{"@type":"SearchAction","target":{"@type":"EntryPoint","urlTemplate":"https:\/\/limitgamers.com\/?s={search_term_string}"},"query-input":{"@type":"PropertyValueSpecification","valueRequired":true,"valueName":"search_term_string"}}],"inLanguage":"es"},{"@type":"Organization","@id":"https:\/\/limitgamers.com\/#organization","name":"Limit Gamers","url":"https:\/\/limitgamers.com\/","logo":{"@type":"ImageObject","inLanguage":"es","@id":"https:\/\/limitgamers.com\/#\/schema\/logo\/image\/","url":"https:\/\/limitgamers.com\/wp-content\/uploads\/2016\/02\/limitgamers.jpg","contentUrl":"https:\/\/limitgamers.com\/wp-content\/uploads\/2016\/02\/limitgamers.jpg","width":1712,"height":145,"caption":"Limit Gamers"},"image":{"@id":"https:\/\/limitgamers.com\/#\/schema\/logo\/image\/"},"sameAs":["https:\/\/www.facebook.com\/limitgamers\/","https:\/\/x.com\/limit_gamers","https:\/\/www.instagram.com\/limit_gamers\/","http:\/\/www.youtube.com\/c\/Limitgamers"]}]}},"_links":{"self":[{"href":"https:\/\/limitgamers.com\/index.php\/wp-json\/wp\/v2\/pages\/12497","targetHints":{"allow":["GET"]}}],"collection":[{"href":"https:\/\/limitgamers.com\/index.php\/wp-json\/wp\/v2\/pages"}],"about":[{"href":"https:\/\/limitgamers.com\/index.php\/wp-json\/wp\/v2\/types\/page"}],"author":[{"embeddable":true,"href":"https:\/\/limitgamers.com\/index.php\/wp-json\/wp\/v2\/users\/1"}],"replies":[{"embeddable":true,"href":"https:\/\/limitgamers.com\/index.php\/wp-json\/wp\/v2\/comments?post=12497"}],"version-history":[{"count":0,"href":"https:\/\/limitgamers.com\/index.php\/wp-json\/wp\/v2\/pages\/12497\/revisions"}],"up":[{"embeddable":true,"href":"https:\/\/limitgamers.com\/index.php\/wp-json\/wp\/v2\/pages\/12475"}],"wp:featuredmedia":[{"embeddable":true,"href":"https:\/\/limitgamers.com\/index.php\/wp-json\/wp\/v2\/media\/12481"}],"wp:attachment":[{"href":"https:\/\/limitgamers.com\/index.php\/wp-json\/wp\/v2\/media?parent=12497"}],"wp:term":[{"taxonomy":"post_tag","embeddable":true,"href":"https:\/\/limitgamers.com\/index.php\/wp-json\/wp\/v2\/tags?post=12497"},{"taxonomy":"gp_hubs","embeddable":true,"href":"https:\/\/limitgamers.com\/index.php\/wp-json\/wp\/v2\/gp_hubs?post=12497"},{"taxonomy":"fecha-lanzamiento","embeddable":true,"href":"https:\/\/limitgamers.com\/index.php\/wp-json\/wp\/v2\/fecha-lanzamiento?post=12497"},{"taxonomy":"genero","embeddable":true,"href":"https:\/\/limitgamers.com\/index.php\/wp-json\/wp\/v2\/genero?post=12497"},{"taxonomy":"recomendacion-edad","embeddable":true,"href":"https:\/\/limitgamers.com\/index.php\/wp-json\/wp\/v2\/recomendacion-edad?post=12497"},{"taxonomy":"compania","embeddable":true,"href":"https:\/\/limitgamers.com\/index.php\/wp-json\/wp\/v2\/compania?post=12497"},{"taxonomy":"publicado","embeddable":true,"href":"https:\/\/limitgamers.com\/index.php\/wp-json\/wp\/v2\/publicado?post=12497"}],"curies":[{"name":"wp","href":"https:\/\/api.w.org\/{rel}","templated":true}]}}