{"id":10961,"date":"2017-03-18T15:43:15","date_gmt":"2017-03-18T14:43:15","guid":{"rendered":"http:\/\/limitgamers.com\/index.php\/2dark\/analisis\/"},"modified":"2017-03-18T18:47:42","modified_gmt":"2017-03-18T17:47:42","slug":"analisis","status":"publish","type":"page","link":"https:\/\/limitgamers.com\/index.php\/2dark\/analisis\/","title":{"rendered":"An\u00e1lisis"},"content":{"rendered":"<p class=\"western\"><strong><span lang=\"\">2Dark<\/span><\/strong><span lang=\"\">, el t\u00edtulo del creador de la famosa saga <\/span><strong><span lang=\"\">Alone in the Dark<\/span><\/strong><span lang=\"\">, obra de <\/span><strong><span lang=\"\">Fr\u00e9d\u00e9rick Raynal,<\/span><\/strong><span lang=\"\"> con un peque\u00f1o estudio. Debo confesaros que no soy seguidor de la saga <\/span><strong><span lang=\"\">Alone in the Dark<\/span><\/strong><span lang=\"\">, solo jugu\u00e9 a una de las entregas y ni me acuerdo de cual era, sin embargo me hab\u00eda gustado, no segu\u00ed simplemente por que no cuadr\u00f3. Ahora en su propio estudio nos trae <\/span><strong><span lang=\"\">2Dark<\/span><\/strong><span lang=\"\">, un juego indie clasificado como <\/span><strong><span lang=\"\">terror<\/span><\/strong><span lang=\"\"> y mucho gore, desde luego gore tiene por un tubo, pero para los amantes del terror, no lo he encontrado por ning\u00fan lado, no digo que el juego sea malo, me ha gustado y os lo recomiendo, solo que la clasificaci\u00f3n <\/span><strong><span lang=\"\">\u00abterror\u00bb<\/span><\/strong><span lang=\"\">, no cuadra con <\/span><strong><span lang=\"\">2Dark<\/span><\/strong><span lang=\"\">.<\/span><\/p>\n<p class=\"western\"><strong>Antes de entrar en materia, muchas gracias a Badland Games por mandarnos una copia para el an\u00e1lisis, y a vosotros, usuarios interesados en el t\u00edtulo, os pido perd\u00f3n por no poder traeros antes el an\u00e1lisis, mi intenci\u00f3n era tenerlo listo el d\u00eda de salida de sus ediciones f\u00edsicas, pero con las horas que ten\u00eda jugadas no lo consider\u00e9 oportuno.<\/strong><\/p>\n<p class=\"western\" align=\"CENTER\"><strong><span style=\"font-size: x-large;\"><img loading=\"lazy\" decoding=\"async\" class=\"alignnone size-full wp-image-10976\" src=\"http:\/\/limitgamers.com\/wp-content\/uploads\/2017\/03\/Desktop-03.16.2017-21.57.00.03-FILEminimizer.jpg\" alt=\"\" width=\"1365\" height=\"768\" srcset=\"https:\/\/limitgamers.com\/wp-content\/uploads\/2017\/03\/Desktop-03.16.2017-21.57.00.03-FILEminimizer.jpg 1365w, https:\/\/limitgamers.com\/wp-content\/uploads\/2017\/03\/Desktop-03.16.2017-21.57.00.03-FILEminimizer-30x17.jpg 30w\" sizes=\"auto, (max-width: 1365px) 100vw, 1365px\" \/><\/span><\/strong><\/p>\n<p class=\"western\" align=\"CENTER\"><strong><span style=\"font-size: x-large;\">UNA HISTORIA DE VENGANZA Y SALVACI\u00d3N<\/span><\/strong><\/p>\n<p class=\"western\">La historia se desarrolla en <strong>Gloomywood<\/strong>, una ciudad en la que hay constantes casos de ni\u00f1os desaparecidos. Nuestro protagonista, el detective <strong>Smith<\/strong>, lo comprueba de primera mano cuando matan a su mujer y secuestran a sus hijos delante suya sin poder hacer nada, algo que lo atormentar\u00e1 durante los posteriores a\u00f1os pensando en que a\u00fan puede rescatar a sus hijos, que tienen que seguir vivos. Durante 7 largos a\u00f1os estos pensamientos rondan su cabeza una y otra vez, hasta que finalmente decide dedicarse al 100% a ello, deja su trabajo y empieza a dedicarse m\u00e1s afondo a investigar a la mafia que secuestra ni\u00f1os, todo con la esperanza de encontrar a sus hijos, a la vez que rescata a otros ni\u00f1os de paso.<\/p>\n<p class=\"western\" align=\"CENTER\"><strong><span style=\"font-size: x-large;\"><img loading=\"lazy\" decoding=\"async\" class=\"alignnone size-full wp-image-10980\" src=\"http:\/\/limitgamers.com\/wp-content\/uploads\/2017\/03\/Desktop-03.18.2017-18.07.03.12-FILEminimizer.jpg\" alt=\"\" width=\"1365\" height=\"768\" srcset=\"https:\/\/limitgamers.com\/wp-content\/uploads\/2017\/03\/Desktop-03.18.2017-18.07.03.12-FILEminimizer.jpg 1365w, https:\/\/limitgamers.com\/wp-content\/uploads\/2017\/03\/Desktop-03.18.2017-18.07.03.12-FILEminimizer-30x17.jpg 30w\" sizes=\"auto, (max-width: 1365px) 100vw, 1365px\" \/><\/span><\/strong><\/p>\n<p class=\"western\" align=\"CENTER\"><strong><span style=\"font-size: x-large;\">NI MAGYVER CONSEGUIR\u00cdA TANTO CON UN CARAMELO<\/span><\/strong><\/p>\n<p class=\"western\">As\u00ed es, los caramelos, una de las mec\u00e1nicas principales del juego, con ellos podemos atraer a los ni\u00f1os amedrentados para rescatarlos, lanzarlos para llamar la atenci\u00f3n de los enemigos, activar palancas a distancia o incluso pasar ol\u00edmpicamente de ellos y el juego sigue manteniendo su estilo, <strong>pocos juegos aprovechan tan bien el sigilo<\/strong>, aunque no sea tu \u00fanica opci\u00f3n. No eres ning\u00fan <strong>Chuck Norris<\/strong> de la vida entrando a tiros para acabar con los malos, tienes armas de fuego con las que los derrotas f\u00e1cilmente, pero la munici\u00f3n no abunda por eso cobra tanta importancia el sigilo, aprovecha la oscuridad, atrae a los enemigos a sus propias trampas, pillalos desprevenidos con un golpe certero por la espalda, hasta el enemigo m\u00e1s d\u00e9bil es tan fuerte como tu, o m\u00e1s si vas de cara. Hasta podemos ir col\u00e1ndonos sin eliminar a los enemigos, nuestro objetivo solo es el de rescatar a los ni\u00f1os y obtener pruebas, tu decides como hacerlo.<\/p>\n<p class=\"western\">Lo que m\u00e1s me llamo la atenci\u00f3n es que siempre tenemos m\u00e1s de una opci\u00f3n para hacer las cosas, muchas veces puedes disfrazarte para infiltrarte, o manipular ciertas zonas para que se centren en otros puntos y te dejen v\u00eda libre. Explora todas las posibilidades para lograr tu objetivo.<\/p>\n<p class=\"western\"><img loading=\"lazy\" decoding=\"async\" class=\"size-full wp-image-10975 aligncenter\" src=\"http:\/\/limitgamers.com\/wp-content\/uploads\/2017\/03\/Desktop-03.16.2017-21.51.56.02-FILEminimizer.jpg\" alt=\"\" width=\"1365\" height=\"768\" srcset=\"https:\/\/limitgamers.com\/wp-content\/uploads\/2017\/03\/Desktop-03.16.2017-21.51.56.02-FILEminimizer.jpg 1365w, https:\/\/limitgamers.com\/wp-content\/uploads\/2017\/03\/Desktop-03.16.2017-21.51.56.02-FILEminimizer-30x17.jpg 30w\" sizes=\"auto, (max-width: 1365px) 100vw, 1365px\" \/><\/p>\n<p class=\"western\">El inventario es algo que no termina de sentirse c\u00f3modo, bueno, normalmente si, pero cuando necesitamos cambiar r\u00e1pido de arma o objeto es cuando tenemos problemas. Tenemos el inventario principal y dos ruedas de elecci\u00f3n, una de objetos y otra de armas, el juego no se para cuando abrimos las ruedas pero no podemos movernos mientras est\u00e9n abiertas, de aqu\u00ed que cuando necesitamos velocidad, no la tenemos. Morir\u00e1s muchas, pero muchas veces, ya sea por los enemigos o por alguna de las innumerables trampas, pero <strong>cargar la partida se hace en el momento<\/strong>, no hay pantalla de carga, simplemente le damos a cargar y ya estamos jugando otro vez, cabe destacar tambi\u00e9n que no podemos tener varias partidas guardadas por sea caso, o cargas la que tienes o reinicias el nivel.<\/p>\n<p class=\"western\" align=\"CENTER\"><strong><span style=\"font-size: x-large;\"><img loading=\"lazy\" decoding=\"async\" class=\"size-full wp-image-10977 aligncenter\" src=\"http:\/\/limitgamers.com\/wp-content\/uploads\/2017\/03\/Desktop-03.18.2017-17.08.37.07-FILEminimizer.jpg\" alt=\"\" width=\"1365\" height=\"768\" srcset=\"https:\/\/limitgamers.com\/wp-content\/uploads\/2017\/03\/Desktop-03.18.2017-17.08.37.07-FILEminimizer.jpg 1365w, https:\/\/limitgamers.com\/wp-content\/uploads\/2017\/03\/Desktop-03.18.2017-17.08.37.07-FILEminimizer-30x17.jpg 30w\" sizes=\"auto, (max-width: 1365px) 100vw, 1365px\" \/>LA BELLEZA DEL PIXEL<\/span><\/strong><\/p>\n<p class=\"western\">El estilo pixelado le sienta de maravilla al t\u00edtulo, el ambiente opresivo se transmite perfectamente con un nivel art\u00edstico notable y que permite unas escenas muy gore, aunque a veces no se distingue bien alg\u00fan objeto en el escenario, pero este estilo ayuda a la ambientaci\u00f3n que de otra manera provocar\u00edan la ira de muchos que no saben lo que significa un <strong><span style=\"color: #ff0000;\">+18.<br \/>\n<\/span><\/strong><\/p>\n<p class=\"western\" align=\"CENTER\"><strong><span style=\"font-size: x-large;\"><img loading=\"lazy\" decoding=\"async\" class=\"alignnone size-full wp-image-10974\" src=\"http:\/\/limitgamers.com\/wp-content\/uploads\/2017\/03\/Desktop-03.16.2017-21.46.03.01-FILEminimizer.jpg\" alt=\"\" width=\"1365\" height=\"768\" srcset=\"https:\/\/limitgamers.com\/wp-content\/uploads\/2017\/03\/Desktop-03.16.2017-21.46.03.01-FILEminimizer.jpg 1365w, https:\/\/limitgamers.com\/wp-content\/uploads\/2017\/03\/Desktop-03.16.2017-21.46.03.01-FILEminimizer-30x17.jpg 30w\" sizes=\"auto, (max-width: 1365px) 100vw, 1365px\" \/><\/span><\/strong><\/p>\n<p class=\"western\" align=\"CENTER\"><strong><span style=\"font-size: x-large;\">M\u00daSICA<\/span><\/strong><\/p>\n<p class=\"western\">La banda sonora es uno de los puntos fuertes de <strong>2Dark<\/strong>, ambienta a la perfecci\u00f3n tanto el momento del juego como los propios escenarios, adem\u00e1s de transmitir esa tristeza que debe de sentir un padre que perdi\u00f3 a su mujer y secuestraron a sus hijos.<\/p>\n<p class=\"western\" align=\"CENTER\"><strong><span style=\"font-size: x-large;\">DEFINITIVAMENTE SI<\/span><\/strong><\/p>\n<p class=\"western\"><img loading=\"lazy\" decoding=\"async\" class=\"size-full wp-image-10978 aligncenter\" src=\"http:\/\/limitgamers.com\/wp-content\/uploads\/2017\/03\/Desktop-03.18.2017-17.33.29.09-FILEminimizer.jpg\" alt=\"\" width=\"1365\" height=\"768\" srcset=\"https:\/\/limitgamers.com\/wp-content\/uploads\/2017\/03\/Desktop-03.18.2017-17.33.29.09-FILEminimizer.jpg 1365w, https:\/\/limitgamers.com\/wp-content\/uploads\/2017\/03\/Desktop-03.18.2017-17.33.29.09-FILEminimizer-30x17.jpg 30w\" sizes=\"auto, (max-width: 1365px) 100vw, 1365px\" \/><\/p>\n<p class=\"western\">Por que juega muy bien con el con sus puntos fuertes que son el sigilo, la ambientaci\u00f3n gore&#8230; le falta pulir algunos aspectos como lo del inventario, algo tosco, pero definitivamente os lo recomiendo.<\/p>\n<p class=\"western\">\n","protected":false},"excerpt":{"rendered":"<p>2Dark, el t\u00edtulo del creador de la famosa saga Alone in the Dark, obra de Fr\u00e9d\u00e9rick Raynal, con un peque\u00f1o estudio. Debo confesaros que no soy seguidor de la saga Alone in the Dark, solo jugu\u00e9 a una de las entregas y ni me acuerdo de cual era, sin embargo me hab\u00eda gustado, no segu\u00ed simplemente por que no cuadr\u00f3. Ahora en su propio estudio nos trae 2Dark, un juego indie clasificado como terror y mucho gore, desde luego gore tiene por un tubo, pero para los amantes del terror, no lo he encontrado por ning\u00fan lado, no digo que el juego sea malo, me ha gustado y os lo recomiendo, solo que la clasificaci\u00f3n \u00abterror\u00bb, no cuadra con 2Dark. Antes de entrar en materia, muchas gracias a Badland Games por mandarnos una copia para el an\u00e1lisis, y a vosotros, usuarios interesados en el t\u00edtulo, os pido perd\u00f3n por no poder traeros antes el an\u00e1lisis, mi intenci\u00f3n era tenerlo listo el d\u00eda de salida de sus ediciones f\u00edsicas, pero con las horas que ten\u00eda jugadas no lo consider\u00e9 oportuno. UNA HISTORIA DE VENGANZA Y SALVACI\u00d3N La historia se desarrolla en Gloomywood, una ciudad en la que hay constantes casos de ni\u00f1os desaparecidos. Nuestro protagonista, el detective Smith, lo comprueba de primera mano cuando matan a su mujer y secuestran a sus hijos delante suya sin poder hacer nada, algo que lo atormentar\u00e1 durante los posteriores a\u00f1os pensando en que a\u00fan puede rescatar a sus hijos, que tienen que seguir vivos. Durante 7 largos a\u00f1os estos pensamientos rondan su cabeza una y otra vez, hasta que finalmente decide dedicarse al 100% a ello, deja su trabajo y empieza a dedicarse m\u00e1s afondo a investigar a la mafia que secuestra ni\u00f1os, todo con la esperanza de encontrar a sus hijos, a la vez que rescata a otros ni\u00f1os de paso. NI MAGYVER CONSEGUIR\u00cdA TANTO CON UN CARAMELO As\u00ed es, los caramelos, una de las mec\u00e1nicas principales del juego, con ellos podemos atraer a los ni\u00f1os amedrentados para rescatarlos, lanzarlos para llamar la atenci\u00f3n de los enemigos, activar palancas a distancia o incluso pasar ol\u00edmpicamente de ellos y el juego sigue manteniendo su estilo, pocos juegos aprovechan tan bien el sigilo, aunque no sea tu \u00fanica opci\u00f3n. No eres ning\u00fan Chuck Norris de la vida entrando a tiros para acabar con los malos, tienes armas de fuego con las que los derrotas f\u00e1cilmente, pero la munici\u00f3n no abunda por eso cobra tanta importancia el sigilo, aprovecha la oscuridad, atrae a los enemigos a sus propias trampas, pillalos desprevenidos con un golpe certero por la espalda, hasta el enemigo m\u00e1s d\u00e9bil es tan fuerte como tu, o m\u00e1s si vas de cara. Hasta podemos ir col\u00e1ndonos sin eliminar a los enemigos, nuestro objetivo solo es el de rescatar a los ni\u00f1os y obtener pruebas, tu decides como hacerlo. Lo que m\u00e1s me llamo la atenci\u00f3n es que siempre tenemos m\u00e1s de una opci\u00f3n para hacer las cosas, muchas veces puedes disfrazarte para infiltrarte, o manipular ciertas zonas para que se centren en otros puntos y te dejen v\u00eda libre. Explora todas las posibilidades para lograr tu objetivo. El inventario es algo que no termina de sentirse c\u00f3modo, bueno, normalmente si, pero cuando necesitamos cambiar r\u00e1pido de arma o objeto es cuando tenemos problemas. Tenemos el inventario principal y dos ruedas de elecci\u00f3n, una de objetos y otra de armas, el juego no se para cuando abrimos las ruedas pero no podemos movernos mientras est\u00e9n abiertas, de aqu\u00ed que cuando necesitamos velocidad, no la tenemos. Morir\u00e1s muchas, pero muchas veces, ya sea por los enemigos o por alguna de las innumerables trampas, pero cargar la partida se hace en el momento, no hay pantalla de carga, simplemente le damos a cargar y ya estamos jugando otro vez, cabe destacar tambi\u00e9n que no podemos tener varias partidas guardadas por sea caso, o cargas la que tienes o reinicias el nivel. LA BELLEZA DEL PIXEL El estilo pixelado le sienta de maravilla al t\u00edtulo, el ambiente opresivo se transmite perfectamente con un nivel art\u00edstico notable y que permite unas escenas muy gore, aunque a veces no se distingue bien alg\u00fan objeto en el escenario, pero este estilo ayuda a la ambientaci\u00f3n que de otra manera provocar\u00edan la ira de muchos que no saben lo que significa un +18. M\u00daSICA La banda sonora es uno de los puntos fuertes de 2Dark, ambienta a la perfecci\u00f3n tanto el momento del juego como los propios escenarios, adem\u00e1s de transmitir esa tristeza que debe de sentir un padre que perdi\u00f3 a su mujer y secuestraron a sus hijos. DEFINITIVAMENTE SI Por que juega muy bien con el con sus puntos fuertes que son el sigilo, la ambientaci\u00f3n gore&#8230; le falta pulir algunos aspectos como lo del inventario, algo tosco, pero definitivamente os lo recomiendo.<\/p>\n","protected":false},"author":7,"featured_media":10967,"parent":10960,"menu_order":0,"comment_status":"closed","ping_status":"closed","template":"review-template.php","meta":{"footnotes":""},"tags":[1071,1013,1078,133,109,374,132],"gp_hubs":[459,36,65,39,49],"fecha-lanzamiento":[],"genero":[],"recomendacion-edad":[],"compania":[],"publicado":[],"class_list":{"0":"post-10961","1":"page","2":"type-page","3":"status-publish","4":"has-post-thumbnail","6":"tag-2dark","7":"tag-badland-games","8":"tag-gloomywood","9":"tag-pc","10":"tag-ps4","11":"tag-steam","12":"tag-xbox-one","13":"gp_hubs-analisis","14":"gp_hubs-hub-pc","15":"gp_hubs-hub-plataformas","16":"gp_hubs-hub-ps4","17":"gp_hubs-hub-xbox-one"},"yoast_head":"<!-- This site is optimized with the Yoast SEO plugin v26.8 - https:\/\/yoast.com\/product\/yoast-seo-wordpress\/ -->\n<title>2DARK. An\u00e1lisis. Review.<\/title>\n<meta name=\"description\" content=\"Del creador de la saga Alone in the Dark, Fr\u00e9d\u00e9rick Raynal, llega 2Dark, un juego indie clasificado como terror y mucho gore hecho con su propio estudio.\" \/>\n<meta name=\"robots\" content=\"index, follow, max-snippet:-1, max-image-preview:large, max-video-preview:-1\" \/>\n<link rel=\"canonical\" href=\"https:\/\/limitgamers.com\/index.php\/2dark\/analisis\/\" \/>\n<meta property=\"og:locale\" content=\"es_ES\" \/>\n<meta property=\"og:type\" content=\"article\" \/>\n<meta property=\"og:title\" content=\"2DARK. An\u00e1lisis. Review.\" \/>\n<meta property=\"og:description\" content=\"Del creador de la saga Alone in the Dark, Fr\u00e9d\u00e9rick Raynal, llega 2Dark, un juego indie clasificado como terror y mucho gore hecho con su propio estudio.\" \/>\n<meta property=\"og:url\" content=\"https:\/\/limitgamers.com\/index.php\/2dark\/analisis\/\" \/>\n<meta property=\"og:site_name\" content=\"LIMIT GAMERS\" \/>\n<meta property=\"article:publisher\" content=\"https:\/\/www.facebook.com\/limitgamers\/\" \/>\n<meta property=\"article:modified_time\" content=\"2017-03-18T17:47:42+00:00\" \/>\n<meta property=\"og:image\" content=\"https:\/\/limitgamers.com\/wp-content\/uploads\/2017\/03\/2dark.jpg\" \/>\n\t<meta property=\"og:image:width\" content=\"1024\" \/>\n\t<meta property=\"og:image:height\" content=\"576\" \/>\n\t<meta property=\"og:image:type\" content=\"image\/jpeg\" \/>\n<meta name=\"twitter:card\" content=\"summary_large_image\" \/>\n<meta name=\"twitter:site\" content=\"@limit_gamers\" \/>\n<meta name=\"twitter:label1\" content=\"Tiempo de lectura\" \/>\n\t<meta name=\"twitter:data1\" content=\"4 minutos\" \/>\n<script type=\"application\/ld+json\" class=\"yoast-schema-graph\">{\"@context\":\"https:\/\/schema.org\",\"@graph\":[{\"@type\":\"WebPage\",\"@id\":\"https:\/\/limitgamers.com\/index.php\/2dark\/analisis\/\",\"url\":\"https:\/\/limitgamers.com\/index.php\/2dark\/analisis\/\",\"name\":\"2DARK. An\u00e1lisis. Review.\",\"isPartOf\":{\"@id\":\"https:\/\/limitgamers.com\/#website\"},\"primaryImageOfPage\":{\"@id\":\"https:\/\/limitgamers.com\/index.php\/2dark\/analisis\/#primaryimage\"},\"image\":{\"@id\":\"https:\/\/limitgamers.com\/index.php\/2dark\/analisis\/#primaryimage\"},\"thumbnailUrl\":\"https:\/\/limitgamers.com\/wp-content\/uploads\/2017\/03\/2dark.jpg\",\"datePublished\":\"2017-03-18T14:43:15+00:00\",\"dateModified\":\"2017-03-18T17:47:42+00:00\",\"description\":\"Del creador de la saga Alone in the Dark, Fr\u00e9d\u00e9rick Raynal, llega 2Dark, un juego indie clasificado como terror y mucho gore hecho con su propio estudio.\",\"breadcrumb\":{\"@id\":\"https:\/\/limitgamers.com\/index.php\/2dark\/analisis\/#breadcrumb\"},\"inLanguage\":\"es\",\"potentialAction\":[{\"@type\":\"ReadAction\",\"target\":[\"https:\/\/limitgamers.com\/index.php\/2dark\/analisis\/\"]}]},{\"@type\":\"ImageObject\",\"inLanguage\":\"es\",\"@id\":\"https:\/\/limitgamers.com\/index.php\/2dark\/analisis\/#primaryimage\",\"url\":\"https:\/\/limitgamers.com\/wp-content\/uploads\/2017\/03\/2dark.jpg\",\"contentUrl\":\"https:\/\/limitgamers.com\/wp-content\/uploads\/2017\/03\/2dark.jpg\",\"width\":1024,\"height\":576},{\"@type\":\"BreadcrumbList\",\"@id\":\"https:\/\/limitgamers.com\/index.php\/2dark\/analisis\/#breadcrumb\",\"itemListElement\":[{\"@type\":\"ListItem\",\"position\":1,\"name\":\"Portada\",\"item\":\"https:\/\/limitgamers.com\/\"},{\"@type\":\"ListItem\",\"position\":2,\"name\":\"2Dark\",\"item\":\"https:\/\/limitgamers.com\/index.php\/2dark\/\"},{\"@type\":\"ListItem\",\"position\":3,\"name\":\"An\u00e1lisis\"}]},{\"@type\":\"WebSite\",\"@id\":\"https:\/\/limitgamers.com\/#website\",\"url\":\"https:\/\/limitgamers.com\/\",\"name\":\"LIMIT GAMERS\",\"description\":\"Bienvenido Gamers!\",\"publisher\":{\"@id\":\"https:\/\/limitgamers.com\/#organization\"},\"potentialAction\":[{\"@type\":\"SearchAction\",\"target\":{\"@type\":\"EntryPoint\",\"urlTemplate\":\"https:\/\/limitgamers.com\/?s={search_term_string}\"},\"query-input\":{\"@type\":\"PropertyValueSpecification\",\"valueRequired\":true,\"valueName\":\"search_term_string\"}}],\"inLanguage\":\"es\"},{\"@type\":\"Organization\",\"@id\":\"https:\/\/limitgamers.com\/#organization\",\"name\":\"Limit Gamers\",\"url\":\"https:\/\/limitgamers.com\/\",\"logo\":{\"@type\":\"ImageObject\",\"inLanguage\":\"es\",\"@id\":\"https:\/\/limitgamers.com\/#\/schema\/logo\/image\/\",\"url\":\"https:\/\/limitgamers.com\/wp-content\/uploads\/2016\/02\/limitgamers.jpg\",\"contentUrl\":\"https:\/\/limitgamers.com\/wp-content\/uploads\/2016\/02\/limitgamers.jpg\",\"width\":1712,\"height\":145,\"caption\":\"Limit Gamers\"},\"image\":{\"@id\":\"https:\/\/limitgamers.com\/#\/schema\/logo\/image\/\"},\"sameAs\":[\"https:\/\/www.facebook.com\/limitgamers\/\",\"https:\/\/x.com\/limit_gamers\",\"https:\/\/www.instagram.com\/limit_gamers\/\",\"http:\/\/www.youtube.com\/c\/Limitgamers\"]}]}<\/script>\n<!-- \/ Yoast SEO plugin. -->","yoast_head_json":{"title":"2DARK. An\u00e1lisis. Review.","description":"Del creador de la saga Alone in the Dark, Fr\u00e9d\u00e9rick Raynal, llega 2Dark, un juego indie clasificado como terror y mucho gore hecho con su propio estudio.","robots":{"index":"index","follow":"follow","max-snippet":"max-snippet:-1","max-image-preview":"max-image-preview:large","max-video-preview":"max-video-preview:-1"},"canonical":"https:\/\/limitgamers.com\/index.php\/2dark\/analisis\/","og_locale":"es_ES","og_type":"article","og_title":"2DARK. An\u00e1lisis. Review.","og_description":"Del creador de la saga Alone in the Dark, Fr\u00e9d\u00e9rick Raynal, llega 2Dark, un juego indie clasificado como terror y mucho gore hecho con su propio estudio.","og_url":"https:\/\/limitgamers.com\/index.php\/2dark\/analisis\/","og_site_name":"LIMIT GAMERS","article_publisher":"https:\/\/www.facebook.com\/limitgamers\/","article_modified_time":"2017-03-18T17:47:42+00:00","og_image":[{"width":1024,"height":576,"url":"https:\/\/limitgamers.com\/wp-content\/uploads\/2017\/03\/2dark.jpg","type":"image\/jpeg"}],"twitter_card":"summary_large_image","twitter_site":"@limit_gamers","twitter_misc":{"Tiempo de lectura":"4 minutos"},"schema":{"@context":"https:\/\/schema.org","@graph":[{"@type":"WebPage","@id":"https:\/\/limitgamers.com\/index.php\/2dark\/analisis\/","url":"https:\/\/limitgamers.com\/index.php\/2dark\/analisis\/","name":"2DARK. An\u00e1lisis. Review.","isPartOf":{"@id":"https:\/\/limitgamers.com\/#website"},"primaryImageOfPage":{"@id":"https:\/\/limitgamers.com\/index.php\/2dark\/analisis\/#primaryimage"},"image":{"@id":"https:\/\/limitgamers.com\/index.php\/2dark\/analisis\/#primaryimage"},"thumbnailUrl":"https:\/\/limitgamers.com\/wp-content\/uploads\/2017\/03\/2dark.jpg","datePublished":"2017-03-18T14:43:15+00:00","dateModified":"2017-03-18T17:47:42+00:00","description":"Del creador de la saga Alone in the Dark, Fr\u00e9d\u00e9rick Raynal, llega 2Dark, un juego indie clasificado como terror y mucho gore hecho con su propio estudio.","breadcrumb":{"@id":"https:\/\/limitgamers.com\/index.php\/2dark\/analisis\/#breadcrumb"},"inLanguage":"es","potentialAction":[{"@type":"ReadAction","target":["https:\/\/limitgamers.com\/index.php\/2dark\/analisis\/"]}]},{"@type":"ImageObject","inLanguage":"es","@id":"https:\/\/limitgamers.com\/index.php\/2dark\/analisis\/#primaryimage","url":"https:\/\/limitgamers.com\/wp-content\/uploads\/2017\/03\/2dark.jpg","contentUrl":"https:\/\/limitgamers.com\/wp-content\/uploads\/2017\/03\/2dark.jpg","width":1024,"height":576},{"@type":"BreadcrumbList","@id":"https:\/\/limitgamers.com\/index.php\/2dark\/analisis\/#breadcrumb","itemListElement":[{"@type":"ListItem","position":1,"name":"Portada","item":"https:\/\/limitgamers.com\/"},{"@type":"ListItem","position":2,"name":"2Dark","item":"https:\/\/limitgamers.com\/index.php\/2dark\/"},{"@type":"ListItem","position":3,"name":"An\u00e1lisis"}]},{"@type":"WebSite","@id":"https:\/\/limitgamers.com\/#website","url":"https:\/\/limitgamers.com\/","name":"LIMIT GAMERS","description":"Bienvenido Gamers!","publisher":{"@id":"https:\/\/limitgamers.com\/#organization"},"potentialAction":[{"@type":"SearchAction","target":{"@type":"EntryPoint","urlTemplate":"https:\/\/limitgamers.com\/?s={search_term_string}"},"query-input":{"@type":"PropertyValueSpecification","valueRequired":true,"valueName":"search_term_string"}}],"inLanguage":"es"},{"@type":"Organization","@id":"https:\/\/limitgamers.com\/#organization","name":"Limit Gamers","url":"https:\/\/limitgamers.com\/","logo":{"@type":"ImageObject","inLanguage":"es","@id":"https:\/\/limitgamers.com\/#\/schema\/logo\/image\/","url":"https:\/\/limitgamers.com\/wp-content\/uploads\/2016\/02\/limitgamers.jpg","contentUrl":"https:\/\/limitgamers.com\/wp-content\/uploads\/2016\/02\/limitgamers.jpg","width":1712,"height":145,"caption":"Limit Gamers"},"image":{"@id":"https:\/\/limitgamers.com\/#\/schema\/logo\/image\/"},"sameAs":["https:\/\/www.facebook.com\/limitgamers\/","https:\/\/x.com\/limit_gamers","https:\/\/www.instagram.com\/limit_gamers\/","http:\/\/www.youtube.com\/c\/Limitgamers"]}]}},"_links":{"self":[{"href":"https:\/\/limitgamers.com\/index.php\/wp-json\/wp\/v2\/pages\/10961","targetHints":{"allow":["GET"]}}],"collection":[{"href":"https:\/\/limitgamers.com\/index.php\/wp-json\/wp\/v2\/pages"}],"about":[{"href":"https:\/\/limitgamers.com\/index.php\/wp-json\/wp\/v2\/types\/page"}],"author":[{"embeddable":true,"href":"https:\/\/limitgamers.com\/index.php\/wp-json\/wp\/v2\/users\/7"}],"replies":[{"embeddable":true,"href":"https:\/\/limitgamers.com\/index.php\/wp-json\/wp\/v2\/comments?post=10961"}],"version-history":[{"count":0,"href":"https:\/\/limitgamers.com\/index.php\/wp-json\/wp\/v2\/pages\/10961\/revisions"}],"up":[{"embeddable":true,"href":"https:\/\/limitgamers.com\/index.php\/wp-json\/wp\/v2\/pages\/10960"}],"wp:featuredmedia":[{"embeddable":true,"href":"https:\/\/limitgamers.com\/index.php\/wp-json\/wp\/v2\/media\/10967"}],"wp:attachment":[{"href":"https:\/\/limitgamers.com\/index.php\/wp-json\/wp\/v2\/media?parent=10961"}],"wp:term":[{"taxonomy":"post_tag","embeddable":true,"href":"https:\/\/limitgamers.com\/index.php\/wp-json\/wp\/v2\/tags?post=10961"},{"taxonomy":"gp_hubs","embeddable":true,"href":"https:\/\/limitgamers.com\/index.php\/wp-json\/wp\/v2\/gp_hubs?post=10961"},{"taxonomy":"fecha-lanzamiento","embeddable":true,"href":"https:\/\/limitgamers.com\/index.php\/wp-json\/wp\/v2\/fecha-lanzamiento?post=10961"},{"taxonomy":"genero","embeddable":true,"href":"https:\/\/limitgamers.com\/index.php\/wp-json\/wp\/v2\/genero?post=10961"},{"taxonomy":"recomendacion-edad","embeddable":true,"href":"https:\/\/limitgamers.com\/index.php\/wp-json\/wp\/v2\/recomendacion-edad?post=10961"},{"taxonomy":"compania","embeddable":true,"href":"https:\/\/limitgamers.com\/index.php\/wp-json\/wp\/v2\/compania?post=10961"},{"taxonomy":"publicado","embeddable":true,"href":"https:\/\/limitgamers.com\/index.php\/wp-json\/wp\/v2\/publicado?post=10961"}],"curies":[{"name":"wp","href":"https:\/\/api.w.org\/{rel}","templated":true}]}}