{"id":10629,"date":"2017-02-20T23:28:04","date_gmt":"2017-02-20T22:28:04","guid":{"rendered":"http:\/\/limitgamers.com\/index.php\/medievil\/"},"modified":"2017-02-21T01:05:21","modified_gmt":"2017-02-21T00:05:21","slug":"medievil","status":"publish","type":"page","link":"https:\/\/limitgamers.com\/index.php\/medievil\/","title":{"rendered":"Medievil 1 y 2"},"content":{"rendered":"<p>[vc_row css=\u00bb.vc_custom_1407855744612{margin-bottom: 0px !important;}\u00bb][vc_column width=\u00bb7\/12&#8243; css=\u00bb.vc_custom_1407855616904{margin-bottom: 0px !important;}\u00bb]\t\t\t\t\t\t\t\t\t\n\t\t<div id=\"gp_news_wrapper_1\" class=\"gp-blog-wrapper gp-vc-element gp-blog-standard gp-blog-standard-size \" data-type=\"news\" data-postid=\"10629\" data-hubid=\"\" data-cats=\"\" data-hubfieldslugs=\"\" data-postassociation=\"enabled\" data-posttypes=\"post\" data-format=\"blog-standard\" data-size=\"blog-standard-size\" data-orderby=\"newest\" data-dateposted=\"all\" data-datemodified=\"all\" data-perpage=\"4\" data-menuperpage=\"\" data-offset=\"\"  data-featuredimage=\"enabled\" data-imagewidth=\"140\" data-imageheight=\"140\" data-hardcrop=\"1\" data-imagealignment=\"image-align-left\" data-titleposition=\"title-next-to-thumbnail\" data-contentdisplay=\"excerpt\" data-excerptlength=\"100\" data-metaauthor=\"\" data-metadate=\"\" data-metacommentcount=\"\" data-metaviews=\"\" data-metafollowers=\"\" data-metacats=\"\" data-metatags=\"\" data-metahubcats=\"\" data-metahubfields=\"\" data-metahubaward=\"\" data-hubcatsselected=\"107,116,890,36,38,51,39,85,47,48,49\" data-displaysiterating=\"\" data-displayuserrating=\"\" data-readmorelink=\"enabled\"  data-pagenumbers=\"enabled\" data-authorid=\"\">\n\n\t\t\t\t\t\t\t<div class=\"gp-element-title\">\n\t\t\t\t\t<h3>Noticias<\/h3>\t\t\t\t\t\t\t\t\t\t\t<div class=\"gp-see-all-link\"><a href=\"https:\/\/limitgamers.com\/index.php\/medievil\/noticias\/\">See All News<\/a><\/div>\n\t\t\t\t\t\t\t\t\t\t<div class=\"gp-element-title-line\"><\/div>\n\t\t\t\t<\/div>\n\t\t\t\t\t\t\n\t\t\t\t\t\t\t\t\n\t\t\t\n\t\t\t\t<strong class=\"gp-no-items-found\">No items found.<\/strong>\n\n\t\t\t\t\t\t\n\t\t<\/div>\n\t\t\t\t\n\t\t[vc_empty_space height=\u00bb40px\u00bb][\/vc_column][vc_column width=\u00bb5\/12&#8243;][vc_row_inner][vc_column_inner]\n\t\t<div id=\"gp_images_wrapper_1\" class=\"gp-images-wrapper gp-vc-element \">\n\n\t\t\t\t\t\t\t<div class=\"gp-element-title\">\n\t\t\t\t\t<h3>Ultimas Imagenes<\/h3>\t\t\t\t\t\t\t\t\t\t\t<div class=\"gp-see-all-link\"><a href=\"\">See All Images<\/a><\/div>\n\t\t\t\t\t\t\t\t\t\t<div class=\"gp-element-title-line\"><\/div>\n\t\t\t\t<\/div>\n\t\t\t\t\t\n\t\t\t<div class=\"gp-inner-loop\">\n\t\t\t\n\t\t\t\t \n\t\t\t\t\t\n\t\t\t\t\t\t\t\t\t\t\t\n\t\t\t\t\t\t\t<div class=\"gp-image-loop\">\n\t\t\t\t\t\t\t\n\t\t\t\t\t\t\t\t\t\t\t\t\t\t\t\t\t\t\t\t\t\t\n\t\t\t\t\t\t\t\t<a href=\"https:\/\/limitgamers.com\/wp-content\/uploads\/2017\/02\/maxresdefault-4.jpg\" data-rel=\"prettyPhoto[group]\" class=\"prettyPhoto\" title=\"\">\n\t\t\t\t\t\t\t\t\t<img loading=\"lazy\" decoding=\"async\" src=\"https:\/\/limitgamers.com\/wp-content\/uploads\/2017\/02\/maxresdefault-4-157x132.jpg\" data-rel=\"https:\/\/limitgamers.com\/wp-content\/uploads\/2017\/02\/maxresdefault-4-314x264.jpg\" width=\"157\" height=\"132\" alt=\"Medievil 1 y 2\" class=\"gp-post-image\" \/>\n\t\t\t\t\t\t\t\t<\/a>\n\t\t\t\t\t\t\n\t\t\t\t\t\t\t<\/div>\n\t\t\t\t\t\t\t\t\t\t\t\t\t\t\t\t\t\t\t\t\t\n\t\t\t\t\t\t\t\t\t\t\t\n\t\t\t\t\t\t\t\t\t\t\t\n\t\t\t\t\t\t\t<div class=\"gp-image-loop\">\n\t\t\t\t\t\t\t\n\t\t\t\t\t\t\t\t\t\t\t\t\t\t\t\t\t\t\t\t\t\t\n\t\t\t\t\t\t\t\t<a href=\"https:\/\/limitgamers.com\/wp-content\/uploads\/2017\/02\/MediEvil-PlayStation-playstation-36884974-1453-1488.jpg\" data-rel=\"prettyPhoto[group]\" class=\"prettyPhoto\" title=\"\">\n\t\t\t\t\t\t\t\t\t<img loading=\"lazy\" decoding=\"async\" src=\"https:\/\/limitgamers.com\/wp-content\/uploads\/2017\/02\/MediEvil-PlayStation-playstation-36884974-1453-1488-157x132.jpg\" data-rel=\"https:\/\/limitgamers.com\/wp-content\/uploads\/2017\/02\/MediEvil-PlayStation-playstation-36884974-1453-1488-314x264.jpg\" width=\"157\" height=\"132\" alt=\"Medievil 1 y 2\" class=\"gp-post-image\" \/>\n\t\t\t\t\t\t\t\t<\/a>\n\t\t\t\t\t\t\n\t\t\t\t\t\t\t<\/div>\n\t\t\t\t\t\t\t\t\t\t\t\t\t\t\t\t\t\t\t\t\t\n\t\t\t\t\t\t\t\t\t\t\t\n\t\t\t\t\t\t\t\t\t\t\t\n\t\t\t\t\t\t\t<div class=\"gp-image-loop\">\n\t\t\t\t\t\t\t\n\t\t\t\t\t\t\t\t\t\t\t\t\t\t\t\t\t\t\t\t\t\t\n\t\t\t\t\t\t\t\t<a href=\"https:\/\/limitgamers.com\/wp-content\/uploads\/2017\/02\/maxresdefault-1-1.jpg\" data-rel=\"prettyPhoto[group]\" class=\"prettyPhoto\" title=\"\">\n\t\t\t\t\t\t\t\t\t<img loading=\"lazy\" decoding=\"async\" src=\"https:\/\/limitgamers.com\/wp-content\/uploads\/2017\/02\/maxresdefault-1-1-157x132.jpg\" data-rel=\"https:\/\/limitgamers.com\/wp-content\/uploads\/2017\/02\/maxresdefault-1-1-314x264.jpg\" width=\"157\" height=\"132\" alt=\"Medievil 1 y 2\" class=\"gp-post-image\" \/>\n\t\t\t\t\t\t\t\t<\/a>\n\t\t\t\t\t\t\n\t\t\t\t\t\t\t<\/div>\n\t\t\t\t\t\t\t\t\t\t\t\t\t\t\t\t\t\t\t\t\t\n\t\t\t\t\t\t\t\t\t\t\t\n\t\t\t\t\t\t\t\t\t\t\t\n\t\t\t\t\t\t\t<div class=\"gp-image-loop\">\n\t\t\t\t\t\t\t\n\t\t\t\t\t\t\t\t\t\t\t\t\t\t\t\t\t\t\t\t\t\t\n\t\t\t\t\t\t\t\t<a href=\"https:\/\/limitgamers.com\/wp-content\/uploads\/2017\/02\/SirDanME2_Render.png\" data-rel=\"prettyPhoto[group]\" class=\"prettyPhoto\" title=\"\">\n\t\t\t\t\t\t\t\t\t<img loading=\"lazy\" decoding=\"async\" src=\"https:\/\/limitgamers.com\/wp-content\/uploads\/2017\/02\/SirDanME2_Render-157x132.png\" data-rel=\"https:\/\/limitgamers.com\/wp-content\/uploads\/2017\/02\/SirDanME2_Render-314x264.png\" width=\"157\" height=\"132\" alt=\"Medievil 1 y 2\" class=\"gp-post-image\" \/>\n\t\t\t\t\t\t\t\t<\/a>\n\t\t\t\t\t\t\n\t\t\t\t\t\t\t<\/div>\n\t\t\t\t\t\t\t\t\t\t\t\t\t\t\t\t\t\t\t\t\t\n\t\t\t\t\t\t\t\t\t\t\t\n\t\t\t\t\t\t\t\t\t\t\t\n\t\t\t\t\t\t\t<div class=\"gp-image-loop\">\n\t\t\t\t\t\t\t\n\t\t\t\t\t\t\t\t\t\t\t\t\t\t\t\t\t\t\t\t\t\t\n\t\t\t\t\t\t\t\t<a href=\"https:\/\/limitgamers.com\/wp-content\/uploads\/2017\/02\/medievil-80lv-featured-16.jpg\" data-rel=\"prettyPhoto[group]\" class=\"prettyPhoto\" title=\"So\u00f1ar es gratis: Guillermo Moreno Alfaro, muestra unas recreaciones en Unreal de Medievil\">\n\t\t\t\t\t\t\t\t\t<img loading=\"lazy\" decoding=\"async\" src=\"https:\/\/limitgamers.com\/wp-content\/uploads\/2017\/02\/medievil-80lv-featured-16-157x132.jpg\" data-rel=\"https:\/\/limitgamers.com\/wp-content\/uploads\/2017\/02\/medievil-80lv-featured-16-314x264.jpg\" width=\"157\" height=\"132\" alt=\"Medievil 1 y 2\" class=\"gp-post-image\" \/>\n\t\t\t\t\t\t\t\t<\/a>\n\t\t\t\t\t\t\n\t\t\t\t\t\t\t<\/div>\n\t\t\t\t\t\t\t\t\t\t\t\t\t\t\t\t\t\t\t\t\t\n\t\t\t\t\t\t\t\t\t\t\t\n\t\t\t\t\t\t\t\t\t\t\t\n\t\t\t\t\t\t\t<div class=\"gp-image-loop\">\n\t\t\t\t\t\t\t\n\t\t\t\t\t\t\t\t\t\t\t\t\t\t\t\t\t\t\t\t\t\t\n\t\t\t\t\t\t\t\t<a href=\"https:\/\/limitgamers.com\/wp-content\/uploads\/2017\/02\/maxresdefault-2-1.jpg\" data-rel=\"prettyPhoto[group]\" class=\"prettyPhoto\" title=\"\">\n\t\t\t\t\t\t\t\t\t<img loading=\"lazy\" decoding=\"async\" src=\"https:\/\/limitgamers.com\/wp-content\/uploads\/2017\/02\/maxresdefault-2-1-157x132.jpg\" data-rel=\"https:\/\/limitgamers.com\/wp-content\/uploads\/2017\/02\/maxresdefault-2-1-314x264.jpg\" width=\"157\" height=\"132\" alt=\"Medievil 1 y 2\" class=\"gp-post-image\" \/>\n\t\t\t\t\t\t\t\t<\/a>\n\t\t\t\t\t\t\n\t\t\t\t\t\t\t<\/div>\n\t\t\t\t\t\t\t\t\t\t\t\t\t\t\t\t\t\t\t\t\t\n\t\t\t\t\t\t\t\t\t\t\t\n\t\t\t\t\t\t\t\t\t\t\t\n\t\t\t\t\t\t\t<div class=\"gp-image-loop\">\n\t\t\t\t\t\t\t\n\t\t\t\t\t\t\t\t\t\t\t\t\t\t\t\t\t\t\t\t\t\t\n\t\t\t\t\t\t\t\t<a href=\"https:\/\/limitgamers.com\/wp-content\/uploads\/2017\/02\/medievil-2.jpg\" data-rel=\"prettyPhoto[group]\" class=\"prettyPhoto\" title=\"Sir Daniel salvar\u00e1 el mundo por segunda vez\">\n\t\t\t\t\t\t\t\t\t<img loading=\"lazy\" decoding=\"async\" src=\"https:\/\/limitgamers.com\/wp-content\/uploads\/2017\/02\/medievil-2-157x132.jpg\" data-rel=\"https:\/\/limitgamers.com\/wp-content\/uploads\/2017\/02\/medievil-2-314x264.jpg\" width=\"157\" height=\"132\" alt=\"Medievil 1 y 2\" class=\"gp-post-image\" \/>\n\t\t\t\t\t\t\t\t<\/a>\n\t\t\t\t\t\t\n\t\t\t\t\t\t\t<\/div>\n\t\t\t\t\t\t\t\t\t\t\t\t\t\t\t\t\t\t\t\t\t\n\t\t\t\t\t\t\t\t\t\t\t\n\t\t\t\t\t\t\t\t\t\t\t\n\t\t\t\t\t\t\t<div class=\"gp-image-loop\">\n\t\t\t\t\t\t\t\n\t\t\t\t\t\t\t\t\t\t\t\t\t\t\t\t\t\t\t\t\t\t\n\t\t\t\t\t\t\t\t<a href=\"https:\/\/limitgamers.com\/wp-content\/uploads\/2017\/02\/Medievil_Resurrection_COVER.jpg\" data-rel=\"prettyPhoto[group]\" class=\"prettyPhoto\" title=\"\">\n\t\t\t\t\t\t\t\t\t<img loading=\"lazy\" decoding=\"async\" src=\"https:\/\/limitgamers.com\/wp-content\/uploads\/2017\/02\/Medievil_Resurrection_COVER-157x132.jpg\" data-rel=\"https:\/\/limitgamers.com\/wp-content\/uploads\/2017\/02\/Medievil_Resurrection_COVER-314x264.jpg\" width=\"157\" height=\"132\" alt=\"Medievil 1 y 2\" class=\"gp-post-image\" \/>\n\t\t\t\t\t\t\t\t<\/a>\n\t\t\t\t\t\t\n\t\t\t\t\t\t\t<\/div>\n\t\t\t\t\t\t\t\t\t\t\t\t\t\t\t\t\t\t\t\t\t\n\t\t\t\t\t\t\t\t\t\t\t\n\t\t\t\t\t\t\t\t\t\t\t\n\t\t\t\t\t\t\t\t\n\t\t\t<\/div>\t\n\t\t\t\t\t\t\n\t\t<\/div>\n\t\t\t \t\t\t\t\n\t\t[\/vc_column_inner][\/vc_row_inner][vc_empty_space height=\u00bb40px\u00bb][vc_row_inner css=\u00bb.vc_custom_1407855701457{margin-bottom: 0px !important;}\u00bb][vc_column_inner]\t\t\n\t\t<div id=\"gp_videos_wrapper_1\" class=\"gp-blog-wrapper gp-vc-element gp-blog-standard gp-blog-small-size \" data-type=\"videos\" data-postid=\"10629\" data-hubid=\"\" data-cats=\"\" data-hubfieldslugs=\"\" data-postassociation=\"enabled\" data-posttypes=\"post\" data-format=\"blog-standard\" data-size=\"blog-small-size\" data-orderby=\"newest\" data-dateposted=\"all\" data-datemodified=\"all\" data-perpage=\"5\" data-menuperpage=\"\" data-offset=\"\"  data-featuredimage=\"enabled\" data-imagewidth=\"75\" data-imageheight=\"75\" data-hardcrop=\"1\" data-imagealignment=\"image-align-left\" data-titleposition=\"title-next-to-thumbnail\" data-contentdisplay=\"excerpt\" data-excerptlength=\"0\" data-metaauthor=\"\" data-metadate=\"1\" data-metacommentcount=\"\" data-metaviews=\"\" data-metafollowers=\"\" data-metacats=\"\" data-metatags=\"\" data-metahubcats=\"\" data-metahubfields=\"\" data-metahubaward=\"\" data-hubcatsselected=\"107,116,890,36,38,51,39,85,47,48,49\" data-displaysiterating=\"\" data-displayuserrating=\"\" data-readmorelink=\"enabled\"  data-pagenumbers=\"disabled\" data-authorid=\"\">\n\t\t\n\t\t\t\t\t\t\t<div class=\"gp-element-title\">\n\t\t\t\t\t<h3>\u00daltimos Videos<\/h3>\t\t\t\t\t\t\t\t\t\t\t<div class=\"gp-see-all-link\"><a href=\"https:\/\/limitgamers.com\/index.php\/medievil\/videos\/\">See All Videos<\/a><\/div>\n\t\t\t\t\t\t\t\t\t\t<div class=\"gp-element-title-line\"><\/div>\n\t\t\t\t<\/div>\n\t\t\t\t\t\t\n\t\t\t\t\t\t\t\t\t\t\t\n\t\t\t\n\t\t\t\t<div class=\"gp-inner-loop ajax-loop\">\n\t\t\t\t\t\t\t\t\t\t\n\t\t\t\t\t\t\t\t\t\t\t\n\t\t\t\t\t\n\t\t\t\t\t\t\n<section class=\"gp-post-item post-14687 post type-post status-publish format-video has-post-thumbnail category-news category-ps4 category-retro tag-medievil tag-playstation-4 post_format-post-format-video gp_videos-video-games gp_videos-noticias\" itemscope itemtype=\"http:\/\/schema.org\/Blog\">\n\n\t\t\n\t\n\t\t<div class=\"gp-post-thumbnail gp-loop-featured\">\n\t\t\n\t\t\t<div class=\"gp-image-align-left\">\n\t\t\t\n\t\t\t\t\t\t\t\t\t\t\t\n\n\t\t\t\t\t\t\t\t\t\t\t\n\t\t\t\t<a href=\"https:\/\/limitgamers.com\/index.php\/medievil-remake-se-deja-ver-primer-trailer-en-movimiento\/\" title=\"Medievil Remake se deja ver, primer trailer en movimiento\">\n\t\t\t\n\t\t\t\t\t\t\t\t\t\t\t\t\n\t\t\t\t\t<img loading=\"lazy\" decoding=\"async\" src=\"https:\/\/limitgamers.com\/wp-content\/uploads\/2018\/11\/maxresdefault-4-75x75.jpg\" data-rel=\"https:\/\/limitgamers.com\/wp-content\/uploads\/2018\/11\/maxresdefault-4-150x150.jpg\" width=\"75\" height=\"75\" alt=\"medievil\" class=\"gp-post-image gp-large-image\" \/>\n\t\t\t\t\t\n\t\t\t\t\t<img loading=\"lazy\" decoding=\"async\" src=\"https:\/\/limitgamers.com\/wp-content\/uploads\/2018\/11\/maxresdefault-4-80x80.jpg\" data-rel=\"https:\/\/limitgamers.com\/wp-content\/uploads\/2018\/11\/maxresdefault-4-160x160.jpg\" width=\"80\" height=\"80\" alt=\"medievil\" class=\"gp-post-image gp-mobile-image\" \/>\n\t\t\t\n\t\t\t\t<\/a>\n\t\t\t\t\n\t\t\t<\/div>\t\n\t\t\t\t\t\t\t\t\n\t\t<\/div>\n\n\t\t\n\t\t\n\t\t<div class=\"gp-loop-content gp-image-align-left\">\n\n\t\t\t\t\t\t\t<h2 class=\"gp-loop-title\"><a href=\"https:\/\/limitgamers.com\/index.php\/medievil-remake-se-deja-ver-primer-trailer-en-movimiento\/\" title=\"Medievil Remake se deja ver, primer trailer en movimiento\">Medievil Remake se deja ver, primer trailer en movimiento<\/a><\/h2>\n\t\t\t\t\n\t\t\t\n\t\t\t\t\n\t\t\t\t\n\n\t\t\t\n\t<div class=\"gp-loop-meta\">\n\t\n\t\t\n\t\t<time class=\"gp-post-meta gp-meta-date\" datetime=\"2018-11-01T22:38:25+01:00\">1 noviembre, 2018<\/time>\n\t\t\t\n\t\t\n\t\t\t\t\n\t\t\t\t\n\t<\/div>\n\n\n\t\t\t\t\n\t\t<\/div>\n\t\n\t\t\t\t\n\t\t\n\t\t\t\t\n<\/section>\t\t\t\t\n\t\t\t\t\t\t\t\t\n\t\t\t\t<\/div>\n\n\t\t\t\t\n\t\t\t\n\t\t<\/div>\n\t\t\t\t\t\t\n\t\t[\/vc_column_inner][\/vc_row_inner][\/vc_column][\/vc_row]<\/p>\n","protected":false},"excerpt":{"rendered":"<p>[vc_row css=\u00bb.vc_custom_1407855744612{margin-bottom: 0px !important;}\u00bb][vc_column width=\u00bb7\/12&#8243; css=\u00bb.vc_custom_1407855616904{margin-bottom: 0px !important;}\u00bb][vc_empty_space height=\u00bb40px\u00bb][\/vc_column][vc_column width=\u00bb5\/12&#8243;][vc_row_inner][vc_column_inner][\/vc_column_inner][\/vc_row_inner][vc_empty_space height=\u00bb40px\u00bb][vc_row_inner css=\u00bb.vc_custom_1407855701457{margin-bottom: 0px !important;}\u00bb][vc_column_inner][\/vc_column_inner][\/vc_row_inner][\/vc_column][\/vc_row]<\/p>\n","protected":false},"author":1,"featured_media":10639,"parent":0,"menu_order":0,"comment_status":"closed","ping_status":"closed","template":"hub-template.php","meta":{"footnotes":""},"tags":[994,995,865,282],"gp_hubs":[65,85],"fecha-lanzamiento":[997,998,996],"genero":[112],"recomendacion-edad":[321],"compania":[999],"publicado":[409],"class_list":{"0":"post-10629","1":"page","2":"type-page","3":"status-publish","4":"has-post-thumbnail","6":"tag-medievil","7":"tag-psone","8":"tag-psp","9":"tag-psx","10":"gp_hubs-hub-plataformas","11":"gp_hubs-retro","12":"fecha-lanzamiento-medievil-2-2000","13":"fecha-lanzamiento-medievil-resurrection-psp-2005","14":"fecha-lanzamiento-medievil-1999","15":"genero-aventura","16":"recomendacion-edad-321","17":"compania-sonyguerrilla-cambridge-studios","18":"publicado-sony-interactive-entertainment"},"yoast_head":"<!-- This site is optimized with the Yoast SEO plugin v26.8 - https:\/\/yoast.com\/product\/yoast-seo-wordpress\/ -->\n<title>MEDIEVIL PARA PS ONE \/ PSX \/ PSP, AN\u00c1LISIS.<\/title>\n<meta name=\"description\" content=\"Corr\u00eda el a\u00f1o 1286 en las nobles tierras de Gallowmere cuando un enorme ej\u00e9rcito de no-muertos, demonios y otras criaturas de la noche amenazaba con asolar las campi\u00f1as y pueblos de este peque\u00f1o reino medieval\" \/>\n<meta name=\"robots\" content=\"index, follow, max-snippet:-1, max-image-preview:large, max-video-preview:-1\" \/>\n<link rel=\"canonical\" href=\"https:\/\/limitgamers.com\/index.php\/medievil\/\" \/>\n<meta property=\"og:locale\" content=\"es_ES\" \/>\n<meta property=\"og:type\" content=\"article\" \/>\n<meta property=\"og:title\" content=\"MEDIEVIL PARA PS ONE \/ PSX \/ PSP, AN\u00c1LISIS.\" \/>\n<meta property=\"og:description\" content=\"Corr\u00eda el a\u00f1o 1286 en las nobles tierras de Gallowmere cuando un enorme ej\u00e9rcito de no-muertos, demonios y otras criaturas de la noche amenazaba con asolar las campi\u00f1as y pueblos de este peque\u00f1o reino medieval\" \/>\n<meta property=\"og:url\" content=\"https:\/\/limitgamers.com\/index.php\/medievil\/\" \/>\n<meta property=\"og:site_name\" content=\"LIMIT GAMERS\" \/>\n<meta property=\"article:publisher\" content=\"https:\/\/www.facebook.com\/limitgamers\/\" \/>\n<meta property=\"article:modified_time\" content=\"2017-02-21T00:05:21+00:00\" \/>\n<meta property=\"og:image\" content=\"https:\/\/limitgamers.com\/wp-content\/uploads\/2017\/02\/maxresdefault-4.jpg\" \/>\n\t<meta property=\"og:image:width\" content=\"1916\" \/>\n\t<meta property=\"og:image:height\" content=\"1031\" \/>\n\t<meta property=\"og:image:type\" content=\"image\/jpeg\" \/>\n<meta name=\"twitter:card\" content=\"summary_large_image\" \/>\n<meta name=\"twitter:site\" content=\"@limit_gamers\" \/>\n<meta name=\"twitter:label1\" content=\"Tiempo de lectura\" \/>\n\t<meta name=\"twitter:data1\" content=\"1 minuto\" \/>\n<script type=\"application\/ld+json\" class=\"yoast-schema-graph\">{\"@context\":\"https:\/\/schema.org\",\"@graph\":[{\"@type\":\"WebPage\",\"@id\":\"https:\/\/limitgamers.com\/index.php\/medievil\/\",\"url\":\"https:\/\/limitgamers.com\/index.php\/medievil\/\",\"name\":\"MEDIEVIL PARA PS ONE \/ PSX \/ PSP, AN\u00c1LISIS.\",\"isPartOf\":{\"@id\":\"https:\/\/limitgamers.com\/#website\"},\"primaryImageOfPage\":{\"@id\":\"https:\/\/limitgamers.com\/index.php\/medievil\/#primaryimage\"},\"image\":{\"@id\":\"https:\/\/limitgamers.com\/index.php\/medievil\/#primaryimage\"},\"thumbnailUrl\":\"https:\/\/limitgamers.com\/wp-content\/uploads\/2017\/02\/maxresdefault-4.jpg\",\"datePublished\":\"2017-02-20T22:28:04+00:00\",\"dateModified\":\"2017-02-21T00:05:21+00:00\",\"description\":\"Corr\u00eda el a\u00f1o 1286 en las nobles tierras de Gallowmere cuando un enorme ej\u00e9rcito de no-muertos, demonios y otras criaturas de la noche amenazaba con asolar las campi\u00f1as y pueblos de este peque\u00f1o reino medieval\",\"breadcrumb\":{\"@id\":\"https:\/\/limitgamers.com\/index.php\/medievil\/#breadcrumb\"},\"inLanguage\":\"es\",\"potentialAction\":[{\"@type\":\"ReadAction\",\"target\":[\"https:\/\/limitgamers.com\/index.php\/medievil\/\"]}]},{\"@type\":\"ImageObject\",\"inLanguage\":\"es\",\"@id\":\"https:\/\/limitgamers.com\/index.php\/medievil\/#primaryimage\",\"url\":\"https:\/\/limitgamers.com\/wp-content\/uploads\/2017\/02\/maxresdefault-4.jpg\",\"contentUrl\":\"https:\/\/limitgamers.com\/wp-content\/uploads\/2017\/02\/maxresdefault-4.jpg\",\"width\":1916,\"height\":1031},{\"@type\":\"BreadcrumbList\",\"@id\":\"https:\/\/limitgamers.com\/index.php\/medievil\/#breadcrumb\",\"itemListElement\":[{\"@type\":\"ListItem\",\"position\":1,\"name\":\"Portada\",\"item\":\"https:\/\/limitgamers.com\/\"},{\"@type\":\"ListItem\",\"position\":2,\"name\":\"Medievil 1 y 2\"}]},{\"@type\":\"WebSite\",\"@id\":\"https:\/\/limitgamers.com\/#website\",\"url\":\"https:\/\/limitgamers.com\/\",\"name\":\"LIMIT GAMERS\",\"description\":\"Bienvenido Gamers!\",\"publisher\":{\"@id\":\"https:\/\/limitgamers.com\/#organization\"},\"potentialAction\":[{\"@type\":\"SearchAction\",\"target\":{\"@type\":\"EntryPoint\",\"urlTemplate\":\"https:\/\/limitgamers.com\/?s={search_term_string}\"},\"query-input\":{\"@type\":\"PropertyValueSpecification\",\"valueRequired\":true,\"valueName\":\"search_term_string\"}}],\"inLanguage\":\"es\"},{\"@type\":\"Organization\",\"@id\":\"https:\/\/limitgamers.com\/#organization\",\"name\":\"Limit Gamers\",\"url\":\"https:\/\/limitgamers.com\/\",\"logo\":{\"@type\":\"ImageObject\",\"inLanguage\":\"es\",\"@id\":\"https:\/\/limitgamers.com\/#\/schema\/logo\/image\/\",\"url\":\"https:\/\/limitgamers.com\/wp-content\/uploads\/2016\/02\/limitgamers.jpg\",\"contentUrl\":\"https:\/\/limitgamers.com\/wp-content\/uploads\/2016\/02\/limitgamers.jpg\",\"width\":1712,\"height\":145,\"caption\":\"Limit Gamers\"},\"image\":{\"@id\":\"https:\/\/limitgamers.com\/#\/schema\/logo\/image\/\"},\"sameAs\":[\"https:\/\/www.facebook.com\/limitgamers\/\",\"https:\/\/x.com\/limit_gamers\",\"https:\/\/www.instagram.com\/limit_gamers\/\",\"http:\/\/www.youtube.com\/c\/Limitgamers\"]}]}<\/script>\n<!-- \/ Yoast SEO plugin. -->","yoast_head_json":{"title":"MEDIEVIL PARA PS ONE \/ PSX \/ PSP, AN\u00c1LISIS.","description":"Corr\u00eda el a\u00f1o 1286 en las nobles tierras de Gallowmere cuando un enorme ej\u00e9rcito de no-muertos, demonios y otras criaturas de la noche amenazaba con asolar las campi\u00f1as y pueblos de este peque\u00f1o reino medieval","robots":{"index":"index","follow":"follow","max-snippet":"max-snippet:-1","max-image-preview":"max-image-preview:large","max-video-preview":"max-video-preview:-1"},"canonical":"https:\/\/limitgamers.com\/index.php\/medievil\/","og_locale":"es_ES","og_type":"article","og_title":"MEDIEVIL PARA PS ONE \/ PSX \/ PSP, AN\u00c1LISIS.","og_description":"Corr\u00eda el a\u00f1o 1286 en las nobles tierras de Gallowmere cuando un enorme ej\u00e9rcito de no-muertos, demonios y otras criaturas de la noche amenazaba con asolar las campi\u00f1as y pueblos de este peque\u00f1o reino medieval","og_url":"https:\/\/limitgamers.com\/index.php\/medievil\/","og_site_name":"LIMIT GAMERS","article_publisher":"https:\/\/www.facebook.com\/limitgamers\/","article_modified_time":"2017-02-21T00:05:21+00:00","og_image":[{"width":1916,"height":1031,"url":"https:\/\/limitgamers.com\/wp-content\/uploads\/2017\/02\/maxresdefault-4.jpg","type":"image\/jpeg"}],"twitter_card":"summary_large_image","twitter_site":"@limit_gamers","twitter_misc":{"Tiempo de lectura":"1 minuto"},"schema":{"@context":"https:\/\/schema.org","@graph":[{"@type":"WebPage","@id":"https:\/\/limitgamers.com\/index.php\/medievil\/","url":"https:\/\/limitgamers.com\/index.php\/medievil\/","name":"MEDIEVIL PARA PS ONE \/ PSX \/ PSP, AN\u00c1LISIS.","isPartOf":{"@id":"https:\/\/limitgamers.com\/#website"},"primaryImageOfPage":{"@id":"https:\/\/limitgamers.com\/index.php\/medievil\/#primaryimage"},"image":{"@id":"https:\/\/limitgamers.com\/index.php\/medievil\/#primaryimage"},"thumbnailUrl":"https:\/\/limitgamers.com\/wp-content\/uploads\/2017\/02\/maxresdefault-4.jpg","datePublished":"2017-02-20T22:28:04+00:00","dateModified":"2017-02-21T00:05:21+00:00","description":"Corr\u00eda el a\u00f1o 1286 en las nobles tierras de Gallowmere cuando un enorme ej\u00e9rcito de no-muertos, demonios y otras criaturas de la noche amenazaba con asolar las campi\u00f1as y pueblos de este peque\u00f1o reino medieval","breadcrumb":{"@id":"https:\/\/limitgamers.com\/index.php\/medievil\/#breadcrumb"},"inLanguage":"es","potentialAction":[{"@type":"ReadAction","target":["https:\/\/limitgamers.com\/index.php\/medievil\/"]}]},{"@type":"ImageObject","inLanguage":"es","@id":"https:\/\/limitgamers.com\/index.php\/medievil\/#primaryimage","url":"https:\/\/limitgamers.com\/wp-content\/uploads\/2017\/02\/maxresdefault-4.jpg","contentUrl":"https:\/\/limitgamers.com\/wp-content\/uploads\/2017\/02\/maxresdefault-4.jpg","width":1916,"height":1031},{"@type":"BreadcrumbList","@id":"https:\/\/limitgamers.com\/index.php\/medievil\/#breadcrumb","itemListElement":[{"@type":"ListItem","position":1,"name":"Portada","item":"https:\/\/limitgamers.com\/"},{"@type":"ListItem","position":2,"name":"Medievil 1 y 2"}]},{"@type":"WebSite","@id":"https:\/\/limitgamers.com\/#website","url":"https:\/\/limitgamers.com\/","name":"LIMIT GAMERS","description":"Bienvenido Gamers!","publisher":{"@id":"https:\/\/limitgamers.com\/#organization"},"potentialAction":[{"@type":"SearchAction","target":{"@type":"EntryPoint","urlTemplate":"https:\/\/limitgamers.com\/?s={search_term_string}"},"query-input":{"@type":"PropertyValueSpecification","valueRequired":true,"valueName":"search_term_string"}}],"inLanguage":"es"},{"@type":"Organization","@id":"https:\/\/limitgamers.com\/#organization","name":"Limit Gamers","url":"https:\/\/limitgamers.com\/","logo":{"@type":"ImageObject","inLanguage":"es","@id":"https:\/\/limitgamers.com\/#\/schema\/logo\/image\/","url":"https:\/\/limitgamers.com\/wp-content\/uploads\/2016\/02\/limitgamers.jpg","contentUrl":"https:\/\/limitgamers.com\/wp-content\/uploads\/2016\/02\/limitgamers.jpg","width":1712,"height":145,"caption":"Limit Gamers"},"image":{"@id":"https:\/\/limitgamers.com\/#\/schema\/logo\/image\/"},"sameAs":["https:\/\/www.facebook.com\/limitgamers\/","https:\/\/x.com\/limit_gamers","https:\/\/www.instagram.com\/limit_gamers\/","http:\/\/www.youtube.com\/c\/Limitgamers"]}]}},"_links":{"self":[{"href":"https:\/\/limitgamers.com\/index.php\/wp-json\/wp\/v2\/pages\/10629","targetHints":{"allow":["GET"]}}],"collection":[{"href":"https:\/\/limitgamers.com\/index.php\/wp-json\/wp\/v2\/pages"}],"about":[{"href":"https:\/\/limitgamers.com\/index.php\/wp-json\/wp\/v2\/types\/page"}],"author":[{"embeddable":true,"href":"https:\/\/limitgamers.com\/index.php\/wp-json\/wp\/v2\/users\/1"}],"replies":[{"embeddable":true,"href":"https:\/\/limitgamers.com\/index.php\/wp-json\/wp\/v2\/comments?post=10629"}],"version-history":[{"count":0,"href":"https:\/\/limitgamers.com\/index.php\/wp-json\/wp\/v2\/pages\/10629\/revisions"}],"wp:featuredmedia":[{"embeddable":true,"href":"https:\/\/limitgamers.com\/index.php\/wp-json\/wp\/v2\/media\/10639"}],"wp:attachment":[{"href":"https:\/\/limitgamers.com\/index.php\/wp-json\/wp\/v2\/media?parent=10629"}],"wp:term":[{"taxonomy":"post_tag","embeddable":true,"href":"https:\/\/limitgamers.com\/index.php\/wp-json\/wp\/v2\/tags?post=10629"},{"taxonomy":"gp_hubs","embeddable":true,"href":"https:\/\/limitgamers.com\/index.php\/wp-json\/wp\/v2\/gp_hubs?post=10629"},{"taxonomy":"fecha-lanzamiento","embeddable":true,"href":"https:\/\/limitgamers.com\/index.php\/wp-json\/wp\/v2\/fecha-lanzamiento?post=10629"},{"taxonomy":"genero","embeddable":true,"href":"https:\/\/limitgamers.com\/index.php\/wp-json\/wp\/v2\/genero?post=10629"},{"taxonomy":"recomendacion-edad","embeddable":true,"href":"https:\/\/limitgamers.com\/index.php\/wp-json\/wp\/v2\/recomendacion-edad?post=10629"},{"taxonomy":"compania","embeddable":true,"href":"https:\/\/limitgamers.com\/index.php\/wp-json\/wp\/v2\/compania?post=10629"},{"taxonomy":"publicado","embeddable":true,"href":"https:\/\/limitgamers.com\/index.php\/wp-json\/wp\/v2\/publicado?post=10629"}],"curies":[{"name":"wp","href":"https:\/\/api.w.org\/{rel}","templated":true}]}}