{"id":10343,"date":"2017-02-04T21:43:09","date_gmt":"2017-02-04T20:43:09","guid":{"rendered":"http:\/\/limitgamers.com\/?page_id=10343"},"modified":"2017-02-05T02:12:53","modified_gmt":"2017-02-05T01:12:53","slug":"avance","status":"publish","type":"page","link":"https:\/\/limitgamers.com\/index.php\/cricktogame\/avance\/","title":{"rendered":"El primer videojuego \u00abmade in Galicia\u00bb"},"content":{"rendered":"<p>Dos a\u00f1os de desarrollo, 20 profesionales, y una idea da como resultado el primer videojuego creado \u00edntegramente en <em><strong>Galicia<\/strong><\/em>, los chicos de <a href=\"http:\/\/www.polygonestudios.com\/home\"><strong><em>Polygone Studios<\/em><\/strong><\/a> lucir\u00e1n por siempre ese honor, una muestra de valent\u00eda y pasi\u00f3n por un sector dominado por grandes multinacionales, donde las peque\u00f1as desarrolladoras est\u00e1n haci\u00e9ndose notar con juegos sencillos pero adictivos y donde prima el reto, el arte o la originalidad por encima de lo dem\u00e1s. Su primer contacto con el mundo Gaming, ser\u00e1 mediante las plataformas m\u00f3viles, el cual goza de una excelente salud, <strong>CricktoGame<\/strong> ser\u00e1 la primera apuesta de este joven equipo donde la edad media de sus integrantes apenas sobrepasa los 26 a\u00f1os, una media que augura un futuro prometedor a esta formaci\u00f3n capitaneado por <strong><em>Miguel Are\u00e1n el CEO<\/em><\/strong>, que adem\u00e1s milita en la empresa madre Polygon-e, el cual ha colaborado, en varios desarrollos de inteligencias artificiales para otros videojuegos.<\/p>\n<div id=\"attachment_10353\" style=\"width: 1290px\" class=\"wp-caption aligncenter\"><a href=\"http:\/\/limitgamers.com\/wp-content\/uploads\/2017\/02\/015-ingame.png\" data-rel=\"prettyPhoto\"><img loading=\"lazy\" decoding=\"async\" aria-describedby=\"caption-attachment-10353\" class=\"wp-image-10353 size-full\" src=\"http:\/\/limitgamers.com\/wp-content\/uploads\/2017\/02\/015-ingame.png\" width=\"1280\" height=\"724\" srcset=\"https:\/\/limitgamers.com\/wp-content\/uploads\/2017\/02\/015-ingame.png 1280w, https:\/\/limitgamers.com\/wp-content\/uploads\/2017\/02\/015-ingame-30x17.png 30w\" sizes=\"auto, (max-width: 1280px) 100vw, 1280px\" \/><\/a><p id=\"caption-attachment-10353\" class=\"wp-caption-text\">Su planteamiento aunque sencillo, nos har\u00e1 estrujar la cabeza para resolverlo<\/p><\/div>\n<p>CricktoGame ser\u00e1 lanzado de manera simult\u00e1nea en plataformas m\u00f3viles <strong>Android, iOS y Windows Phone<\/strong> de manera totalmente gratuita. Su sistema de juego apuesta por un sistema de puzles con mec\u00e1nica similar a los puzles de nuestra infancia donde, con un hueco libre ten\u00edamos que desplazar las piezas por un tablero, donde solo se pod\u00eda realizar un movimiento, par que dicho hueco quedara libre y as\u00ed mover otro. <em><strong>Alberto Alfaro Mu\u00f1oz<\/strong><\/em>, la mente detr\u00e1s de este sistema ha combinado el sistema de puzle mencionado anteriormente con un sistema de colores, unidos a un original movimiento de las piezas, donde el jugador tendr\u00e1 que unir las piezas m\u00f3viles de un color con la casilla del mismo color.<\/p>\n<div id=\"attachment_10355\" style=\"width: 1290px\" class=\"wp-caption aligncenter\"><a href=\"http:\/\/limitgamers.com\/wp-content\/uploads\/2017\/02\/007-india.png\" data-rel=\"prettyPhoto\"><img loading=\"lazy\" decoding=\"async\" aria-describedby=\"caption-attachment-10355\" class=\"wp-image-10355 size-full\" src=\"http:\/\/limitgamers.com\/wp-content\/uploads\/2017\/02\/007-india.png\" width=\"1280\" height=\"724\" srcset=\"https:\/\/limitgamers.com\/wp-content\/uploads\/2017\/02\/007-india.png 1280w, https:\/\/limitgamers.com\/wp-content\/uploads\/2017\/02\/007-india-30x17.png 30w\" sizes=\"auto, (max-width: 1280px) 100vw, 1280px\" \/><\/a><p id=\"caption-attachment-10355\" class=\"wp-caption-text\">Viajaremos alrededor del mundo resolviendo los enigmas de los Eth<\/p><\/div>\n<p>Todo esto mientras avancemos por un modo historia, narrado mediante un comic, que nos recordara a grandes cl\u00e1sicos de las aventuras gr\u00e1ficas. Su argumento nos meter\u00e1 de lleno en el d\u00f3nde tendremos que ayudar a la joven profesora <strong>Talessa<\/strong> a encontrar el tesoro escondido por los Eth, una antigua civilizaci\u00f3n n\u00f3mada, que recorrieron el mundo entero para descubrir las diferentes civilizaciones y a los cuales les fueron entregado un tablero de un puzle y varias fichas, pero ninguno fue capaz de resolverlos, hasta ahora, gracias al hallazgo de un pergamino, que Talessa encontr\u00f3 en la biblioteca. Con esta introducci\u00f3n recorreremos much\u00edsimas localizaciones alrededor del globo, para descubrir el gran acertijo que nos dejaron nuestros antepasados los Eth, pero no ser\u00e1 un camino f\u00e1cil, unido a la dificultad creciente de los puzles, tendremos a <strong>Dsart<\/strong> pis\u00e1ndonos los talones, un empresario poderoso que ans\u00eda tener en su poder dicho tesoro.<\/p>\n<p>Adem\u00e1s del modo historia, Polygone Studios nos ofrece tres modos aparte para poder disfrutar a\u00fan mas de sus originales puzles, en un lado tendremos el modo arcade, donde podremos medirnos contra la CPU, el modo Versus, para poder jugar contra tus amigos o contra contrincantes del resto del mundo y los modos campeonatos, con puzles patrocinados donde podr\u00e1s medirte con los mejores jugadores del mundo y recibir recompensas por tus haza\u00f1as.<\/p>\n<div id=\"attachment_10354\" style=\"width: 1290px\" class=\"wp-caption aligncenter\"><a href=\"http:\/\/limitgamers.com\/wp-content\/uploads\/2017\/02\/013-arcade.png\" data-rel=\"prettyPhoto\"><img loading=\"lazy\" decoding=\"async\" aria-describedby=\"caption-attachment-10354\" class=\"wp-image-10354 size-full\" src=\"http:\/\/limitgamers.com\/wp-content\/uploads\/2017\/02\/013-arcade.png\" width=\"1280\" height=\"720\" srcset=\"https:\/\/limitgamers.com\/wp-content\/uploads\/2017\/02\/013-arcade.png 1280w, https:\/\/limitgamers.com\/wp-content\/uploads\/2017\/02\/013-arcade-30x17.png 30w\" sizes=\"auto, (max-width: 1280px) 100vw, 1280px\" \/><\/a><p id=\"caption-attachment-10354\" class=\"wp-caption-text\">Su modos multijugador ser\u00e1n muy competitivos<\/p><\/div>\n","protected":false},"excerpt":{"rendered":"<p>Dos a\u00f1os de desarrollo, 20 profesionales, y una idea da como resultado el primer videojuego creado \u00edntegramente en Galicia, los chicos de Polygone Studios lucir\u00e1n por siempre ese honor, una muestra de valent\u00eda y pasi\u00f3n por un sector dominado por grandes multinacionales, donde las peque\u00f1as desarrolladoras est\u00e1n haci\u00e9ndose notar con juegos sencillos pero adictivos y donde prima el reto, el arte o la originalidad por encima de lo dem\u00e1s. Su primer contacto con el mundo Gaming, ser\u00e1 mediante las plataformas m\u00f3viles, el cual goza de una excelente salud, CricktoGame ser\u00e1 la primera apuesta de este joven equipo donde la edad media de sus integrantes apenas sobrepasa los 26 a\u00f1os, una media que augura un futuro prometedor a esta formaci\u00f3n capitaneado por Miguel Are\u00e1n el CEO, que adem\u00e1s milita en la empresa madre Polygon-e, el cual ha colaborado, en varios desarrollos de inteligencias artificiales para otros videojuegos. CricktoGame ser\u00e1 lanzado de manera simult\u00e1nea en plataformas m\u00f3viles Android, iOS y Windows Phone de manera totalmente gratuita. Su sistema de juego apuesta por un sistema de puzles con mec\u00e1nica similar a los puzles de nuestra infancia donde, con un hueco libre ten\u00edamos que desplazar las piezas por un tablero, donde solo se pod\u00eda realizar un movimiento, par que dicho hueco quedara libre y as\u00ed mover otro. Alberto Alfaro Mu\u00f1oz, la mente detr\u00e1s de este sistema ha combinado el sistema de puzle mencionado anteriormente con un sistema de colores, unidos a un original movimiento de las piezas, donde el jugador tendr\u00e1 que unir las piezas m\u00f3viles de un color con la casilla del mismo color. Todo esto mientras avancemos por un modo historia, narrado mediante un comic, que nos recordara a grandes cl\u00e1sicos de las aventuras gr\u00e1ficas. Su argumento nos meter\u00e1 de lleno en el d\u00f3nde tendremos que ayudar a la joven profesora Talessa a encontrar el tesoro escondido por los Eth, una antigua civilizaci\u00f3n n\u00f3mada, que recorrieron el mundo entero para descubrir las diferentes civilizaciones y a los cuales les fueron entregado un tablero de un puzle y varias fichas, pero ninguno fue capaz de resolverlos, hasta ahora, gracias al hallazgo de un pergamino, que Talessa encontr\u00f3 en la biblioteca. Con esta introducci\u00f3n recorreremos much\u00edsimas localizaciones alrededor del globo, para descubrir el gran acertijo que nos dejaron nuestros antepasados los Eth, pero no ser\u00e1 un camino f\u00e1cil, unido a la dificultad creciente de los puzles, tendremos a Dsart pis\u00e1ndonos los talones, un empresario poderoso que ans\u00eda tener en su poder dicho tesoro. Adem\u00e1s del modo historia, Polygone Studios nos ofrece tres modos aparte para poder disfrutar a\u00fan mas de sus originales puzles, en un lado tendremos el modo arcade, donde podremos medirnos contra la CPU, el modo Versus, para poder jugar contra tus amigos o contra contrincantes del resto del mundo y los modos campeonatos, con puzles patrocinados donde podr\u00e1s medirte con los mejores jugadores del mundo y recibir recompensas por tus haza\u00f1as.<\/p>\n","protected":false},"author":1,"featured_media":10327,"parent":10311,"menu_order":0,"comment_status":"open","ping_status":"closed","template":"review-template.php","meta":{"footnotes":""},"tags":[283,930,284,939,932],"gp_hubs":[107,65,659],"fecha-lanzamiento":[],"genero":[],"recomendacion-edad":[],"compania":[],"publicado":[],"class_list":{"0":"post-10343","1":"page","2":"type-page","3":"status-publish","4":"has-post-thumbnail","6":"tag-android","7":"tag-cricktogame","8":"tag-ios","9":"tag-polygone-studios","10":"tag-windows-phone","11":"gp_hubs-moviles","12":"gp_hubs-hub-plataformas","13":"gp_hubs-visible"},"yoast_head":"<!-- This site is optimized with the Yoast SEO plugin v26.8 - https:\/\/yoast.com\/product\/yoast-seo-wordpress\/ -->\n<title>EL PRIMER VIDEOJUEGO MADE IN GALICIA CRICKTOGAME<\/title>\n<meta name=\"description\" content=\"CricktoGame es el primer videojuego hecho en Galicia, el Polygone Studios desarrolla este puzle para android, ios y windows phone, donde rompecabezas se unira a un detallado argumento\" \/>\n<meta name=\"robots\" content=\"index, follow, max-snippet:-1, max-image-preview:large, max-video-preview:-1\" \/>\n<link rel=\"canonical\" href=\"https:\/\/limitgamers.com\/index.php\/cricktogame\/avance\/\" \/>\n<meta property=\"og:locale\" content=\"es_ES\" \/>\n<meta property=\"og:type\" content=\"article\" \/>\n<meta property=\"og:title\" content=\"EL PRIMER VIDEOJUEGO MADE IN GALICIA CRICKTOGAME\" \/>\n<meta property=\"og:description\" content=\"CricktoGame es el primer videojuego hecho en Galicia, el Polygone Studios desarrolla este puzle para android, ios y windows phone, donde rompecabezas se unira a un detallado argumento\" \/>\n<meta property=\"og:url\" content=\"https:\/\/limitgamers.com\/index.php\/cricktogame\/avance\/\" \/>\n<meta property=\"og:site_name\" content=\"LIMIT GAMERS\" \/>\n<meta property=\"article:publisher\" content=\"https:\/\/www.facebook.com\/limitgamers\/\" \/>\n<meta property=\"article:modified_time\" content=\"2017-02-05T01:12:53+00:00\" \/>\n<meta property=\"og:image\" content=\"https:\/\/limitgamers.com\/wp-content\/uploads\/2017\/02\/004-arizona.jpg\" \/>\n\t<meta property=\"og:image:width\" content=\"1280\" \/>\n\t<meta property=\"og:image:height\" content=\"724\" \/>\n\t<meta property=\"og:image:type\" content=\"image\/jpeg\" \/>\n<meta name=\"twitter:card\" content=\"summary_large_image\" \/>\n<meta name=\"twitter:site\" content=\"@limit_gamers\" \/>\n<meta name=\"twitter:label1\" content=\"Tiempo de lectura\" \/>\n\t<meta name=\"twitter:data1\" content=\"3 minutos\" \/>\n<script type=\"application\/ld+json\" class=\"yoast-schema-graph\">{\"@context\":\"https:\/\/schema.org\",\"@graph\":[{\"@type\":\"WebPage\",\"@id\":\"https:\/\/limitgamers.com\/index.php\/cricktogame\/avance\/\",\"url\":\"https:\/\/limitgamers.com\/index.php\/cricktogame\/avance\/\",\"name\":\"EL PRIMER VIDEOJUEGO MADE IN GALICIA CRICKTOGAME\",\"isPartOf\":{\"@id\":\"https:\/\/limitgamers.com\/#website\"},\"primaryImageOfPage\":{\"@id\":\"https:\/\/limitgamers.com\/index.php\/cricktogame\/avance\/#primaryimage\"},\"image\":{\"@id\":\"https:\/\/limitgamers.com\/index.php\/cricktogame\/avance\/#primaryimage\"},\"thumbnailUrl\":\"https:\/\/limitgamers.com\/wp-content\/uploads\/2017\/02\/004-arizona.jpg\",\"datePublished\":\"2017-02-04T20:43:09+00:00\",\"dateModified\":\"2017-02-05T01:12:53+00:00\",\"description\":\"CricktoGame es el primer videojuego hecho en Galicia, el Polygone Studios desarrolla este puzle para android, ios y windows phone, donde rompecabezas se unira a un detallado argumento\",\"breadcrumb\":{\"@id\":\"https:\/\/limitgamers.com\/index.php\/cricktogame\/avance\/#breadcrumb\"},\"inLanguage\":\"es\",\"potentialAction\":[{\"@type\":\"ReadAction\",\"target\":[\"https:\/\/limitgamers.com\/index.php\/cricktogame\/avance\/\"]}]},{\"@type\":\"ImageObject\",\"inLanguage\":\"es\",\"@id\":\"https:\/\/limitgamers.com\/index.php\/cricktogame\/avance\/#primaryimage\",\"url\":\"https:\/\/limitgamers.com\/wp-content\/uploads\/2017\/02\/004-arizona.jpg\",\"contentUrl\":\"https:\/\/limitgamers.com\/wp-content\/uploads\/2017\/02\/004-arizona.jpg\",\"width\":1280,\"height\":724},{\"@type\":\"BreadcrumbList\",\"@id\":\"https:\/\/limitgamers.com\/index.php\/cricktogame\/avance\/#breadcrumb\",\"itemListElement\":[{\"@type\":\"ListItem\",\"position\":1,\"name\":\"Portada\",\"item\":\"https:\/\/limitgamers.com\/\"},{\"@type\":\"ListItem\",\"position\":2,\"name\":\"CricktoGame\",\"item\":\"https:\/\/limitgamers.com\/index.php\/cricktogame\/\"},{\"@type\":\"ListItem\",\"position\":3,\"name\":\"El primer videojuego \u00abmade in Galicia\u00bb\"}]},{\"@type\":\"WebSite\",\"@id\":\"https:\/\/limitgamers.com\/#website\",\"url\":\"https:\/\/limitgamers.com\/\",\"name\":\"LIMIT GAMERS\",\"description\":\"Bienvenido Gamers!\",\"publisher\":{\"@id\":\"https:\/\/limitgamers.com\/#organization\"},\"potentialAction\":[{\"@type\":\"SearchAction\",\"target\":{\"@type\":\"EntryPoint\",\"urlTemplate\":\"https:\/\/limitgamers.com\/?s={search_term_string}\"},\"query-input\":{\"@type\":\"PropertyValueSpecification\",\"valueRequired\":true,\"valueName\":\"search_term_string\"}}],\"inLanguage\":\"es\"},{\"@type\":\"Organization\",\"@id\":\"https:\/\/limitgamers.com\/#organization\",\"name\":\"Limit Gamers\",\"url\":\"https:\/\/limitgamers.com\/\",\"logo\":{\"@type\":\"ImageObject\",\"inLanguage\":\"es\",\"@id\":\"https:\/\/limitgamers.com\/#\/schema\/logo\/image\/\",\"url\":\"https:\/\/limitgamers.com\/wp-content\/uploads\/2016\/02\/limitgamers.jpg\",\"contentUrl\":\"https:\/\/limitgamers.com\/wp-content\/uploads\/2016\/02\/limitgamers.jpg\",\"width\":1712,\"height\":145,\"caption\":\"Limit Gamers\"},\"image\":{\"@id\":\"https:\/\/limitgamers.com\/#\/schema\/logo\/image\/\"},\"sameAs\":[\"https:\/\/www.facebook.com\/limitgamers\/\",\"https:\/\/x.com\/limit_gamers\",\"https:\/\/www.instagram.com\/limit_gamers\/\",\"http:\/\/www.youtube.com\/c\/Limitgamers\"]}]}<\/script>\n<!-- \/ Yoast SEO plugin. -->","yoast_head_json":{"title":"EL PRIMER VIDEOJUEGO MADE IN GALICIA CRICKTOGAME","description":"CricktoGame es el primer videojuego hecho en Galicia, el Polygone Studios desarrolla este puzle para android, ios y windows phone, donde rompecabezas se unira a un detallado argumento","robots":{"index":"index","follow":"follow","max-snippet":"max-snippet:-1","max-image-preview":"max-image-preview:large","max-video-preview":"max-video-preview:-1"},"canonical":"https:\/\/limitgamers.com\/index.php\/cricktogame\/avance\/","og_locale":"es_ES","og_type":"article","og_title":"EL PRIMER VIDEOJUEGO MADE IN GALICIA CRICKTOGAME","og_description":"CricktoGame es el primer videojuego hecho en Galicia, el Polygone Studios desarrolla este puzle para android, ios y windows phone, donde rompecabezas se unira a un detallado argumento","og_url":"https:\/\/limitgamers.com\/index.php\/cricktogame\/avance\/","og_site_name":"LIMIT GAMERS","article_publisher":"https:\/\/www.facebook.com\/limitgamers\/","article_modified_time":"2017-02-05T01:12:53+00:00","og_image":[{"width":1280,"height":724,"url":"https:\/\/limitgamers.com\/wp-content\/uploads\/2017\/02\/004-arizona.jpg","type":"image\/jpeg"}],"twitter_card":"summary_large_image","twitter_site":"@limit_gamers","twitter_misc":{"Tiempo de lectura":"3 minutos"},"schema":{"@context":"https:\/\/schema.org","@graph":[{"@type":"WebPage","@id":"https:\/\/limitgamers.com\/index.php\/cricktogame\/avance\/","url":"https:\/\/limitgamers.com\/index.php\/cricktogame\/avance\/","name":"EL PRIMER VIDEOJUEGO MADE IN GALICIA CRICKTOGAME","isPartOf":{"@id":"https:\/\/limitgamers.com\/#website"},"primaryImageOfPage":{"@id":"https:\/\/limitgamers.com\/index.php\/cricktogame\/avance\/#primaryimage"},"image":{"@id":"https:\/\/limitgamers.com\/index.php\/cricktogame\/avance\/#primaryimage"},"thumbnailUrl":"https:\/\/limitgamers.com\/wp-content\/uploads\/2017\/02\/004-arizona.jpg","datePublished":"2017-02-04T20:43:09+00:00","dateModified":"2017-02-05T01:12:53+00:00","description":"CricktoGame es el primer videojuego hecho en Galicia, el Polygone Studios desarrolla este puzle para android, ios y windows phone, donde rompecabezas se unira a un detallado argumento","breadcrumb":{"@id":"https:\/\/limitgamers.com\/index.php\/cricktogame\/avance\/#breadcrumb"},"inLanguage":"es","potentialAction":[{"@type":"ReadAction","target":["https:\/\/limitgamers.com\/index.php\/cricktogame\/avance\/"]}]},{"@type":"ImageObject","inLanguage":"es","@id":"https:\/\/limitgamers.com\/index.php\/cricktogame\/avance\/#primaryimage","url":"https:\/\/limitgamers.com\/wp-content\/uploads\/2017\/02\/004-arizona.jpg","contentUrl":"https:\/\/limitgamers.com\/wp-content\/uploads\/2017\/02\/004-arizona.jpg","width":1280,"height":724},{"@type":"BreadcrumbList","@id":"https:\/\/limitgamers.com\/index.php\/cricktogame\/avance\/#breadcrumb","itemListElement":[{"@type":"ListItem","position":1,"name":"Portada","item":"https:\/\/limitgamers.com\/"},{"@type":"ListItem","position":2,"name":"CricktoGame","item":"https:\/\/limitgamers.com\/index.php\/cricktogame\/"},{"@type":"ListItem","position":3,"name":"El primer videojuego \u00abmade in Galicia\u00bb"}]},{"@type":"WebSite","@id":"https:\/\/limitgamers.com\/#website","url":"https:\/\/limitgamers.com\/","name":"LIMIT GAMERS","description":"Bienvenido Gamers!","publisher":{"@id":"https:\/\/limitgamers.com\/#organization"},"potentialAction":[{"@type":"SearchAction","target":{"@type":"EntryPoint","urlTemplate":"https:\/\/limitgamers.com\/?s={search_term_string}"},"query-input":{"@type":"PropertyValueSpecification","valueRequired":true,"valueName":"search_term_string"}}],"inLanguage":"es"},{"@type":"Organization","@id":"https:\/\/limitgamers.com\/#organization","name":"Limit Gamers","url":"https:\/\/limitgamers.com\/","logo":{"@type":"ImageObject","inLanguage":"es","@id":"https:\/\/limitgamers.com\/#\/schema\/logo\/image\/","url":"https:\/\/limitgamers.com\/wp-content\/uploads\/2016\/02\/limitgamers.jpg","contentUrl":"https:\/\/limitgamers.com\/wp-content\/uploads\/2016\/02\/limitgamers.jpg","width":1712,"height":145,"caption":"Limit Gamers"},"image":{"@id":"https:\/\/limitgamers.com\/#\/schema\/logo\/image\/"},"sameAs":["https:\/\/www.facebook.com\/limitgamers\/","https:\/\/x.com\/limit_gamers","https:\/\/www.instagram.com\/limit_gamers\/","http:\/\/www.youtube.com\/c\/Limitgamers"]}]}},"_links":{"self":[{"href":"https:\/\/limitgamers.com\/index.php\/wp-json\/wp\/v2\/pages\/10343","targetHints":{"allow":["GET"]}}],"collection":[{"href":"https:\/\/limitgamers.com\/index.php\/wp-json\/wp\/v2\/pages"}],"about":[{"href":"https:\/\/limitgamers.com\/index.php\/wp-json\/wp\/v2\/types\/page"}],"author":[{"embeddable":true,"href":"https:\/\/limitgamers.com\/index.php\/wp-json\/wp\/v2\/users\/1"}],"replies":[{"embeddable":true,"href":"https:\/\/limitgamers.com\/index.php\/wp-json\/wp\/v2\/comments?post=10343"}],"version-history":[{"count":0,"href":"https:\/\/limitgamers.com\/index.php\/wp-json\/wp\/v2\/pages\/10343\/revisions"}],"up":[{"embeddable":true,"href":"https:\/\/limitgamers.com\/index.php\/wp-json\/wp\/v2\/pages\/10311"}],"wp:featuredmedia":[{"embeddable":true,"href":"https:\/\/limitgamers.com\/index.php\/wp-json\/wp\/v2\/media\/10327"}],"wp:attachment":[{"href":"https:\/\/limitgamers.com\/index.php\/wp-json\/wp\/v2\/media?parent=10343"}],"wp:term":[{"taxonomy":"post_tag","embeddable":true,"href":"https:\/\/limitgamers.com\/index.php\/wp-json\/wp\/v2\/tags?post=10343"},{"taxonomy":"gp_hubs","embeddable":true,"href":"https:\/\/limitgamers.com\/index.php\/wp-json\/wp\/v2\/gp_hubs?post=10343"},{"taxonomy":"fecha-lanzamiento","embeddable":true,"href":"https:\/\/limitgamers.com\/index.php\/wp-json\/wp\/v2\/fecha-lanzamiento?post=10343"},{"taxonomy":"genero","embeddable":true,"href":"https:\/\/limitgamers.com\/index.php\/wp-json\/wp\/v2\/genero?post=10343"},{"taxonomy":"recomendacion-edad","embeddable":true,"href":"https:\/\/limitgamers.com\/index.php\/wp-json\/wp\/v2\/recomendacion-edad?post=10343"},{"taxonomy":"compania","embeddable":true,"href":"https:\/\/limitgamers.com\/index.php\/wp-json\/wp\/v2\/compania?post=10343"},{"taxonomy":"publicado","embeddable":true,"href":"https:\/\/limitgamers.com\/index.php\/wp-json\/wp\/v2\/publicado?post=10343"}],"curies":[{"name":"wp","href":"https:\/\/api.w.org\/{rel}","templated":true}]}}