{"id":10062,"date":"2017-01-21T19:13:29","date_gmt":"2017-01-21T18:13:29","guid":{"rendered":"http:\/\/limitgamers.com\/?page_id=10062"},"modified":"2017-01-21T21:51:25","modified_gmt":"2017-01-21T20:51:25","slug":"requisitos","status":"publish","type":"page","link":"https:\/\/limitgamers.com\/index.php\/for-honor\/requisitos\/","title":{"rendered":"Requisitos"},"content":{"rendered":"<div class=\"s16 fftext c2 lh27 img100 a_n mar_rl2\">\n<p><b>Requisitos M\u00ednimos<\/b><\/p>\n<ul class=\"list_foro margen_art\">\n<li><b>OS: <\/b>Windows 7, Windows 8.1, Windows 10 (64-bit)<\/li>\n<li><b>CPU: <\/b>Intel Core i3-550 | AMD Phenom II X4 955 o equivalente<\/li>\n<li><b>Tarjeta Gr\u00e1fica: <\/b>Nvidia GeForce GTX 660\/GTX 750ti\/GTX 950\/GTX 1050 con 2 GB VRAM o superior | AMD Radeon HD 6970\/HD 7870\/R9 270\/R9 370\/RX 460 con 2 GB VRAM o superior<\/li>\n<li><b>RAM: <\/b>4 GB<\/li>\n<li><b>Resoluci\u00f3n: <\/b>720p @ 30 FPS<\/li>\n<li><b>Configuraci\u00f3n Visual: <\/b>Bajo<\/li>\n<li><b>VSync: <\/b>Off<\/li>\n<\/ul>\n<\/div>\n<p>&nbsp;<\/p>\n<div class=\"s16 fftext c2 lh27 img100 a_n mar_rl2\">\n<p><b>Requisitos Recomendados<\/b><\/p>\n<ul class=\"list_foro margen_art\">\n<li><b>OS: <\/b>Windows 7, Windows 8.1, Windows 10 (64-bit)<\/li>\n<li><b>CPU: <\/b>Intel Core i5-2500K | AMD FX-6350 o equivalente<\/li>\n<li><b>Tarjeta Gr\u00e1fica: <\/b>Nvidia GeForce GTX 680\/GTX 760\/GTX 970\/GTX 1060 con 2 GB VRAM o superior | AMD Radeon R9 280X\/R9 380\/RX 470 con 2 GB VRAM o superior<\/li>\n<li><b>RAM: <\/b>8 GB<\/li>\n<li><b>Resoluci\u00f3n: <\/b>1080p @ ~60 FPS<\/li>\n<li><b>Configuraci\u00f3n Visual<\/b>: Alto<\/li>\n<li><b>VSync<\/b>: Off<\/li>\n<\/ul>\n<\/div>\n<p>&nbsp;<\/p>\n<div class=\"s16 fftext c2 lh27 img100 a_n mar_rl2\">\n<p><b>Compatible con estas tarjetas NVIDIA en su lanzamiento: <\/b><\/p>\n<ul class=\"list_foro margen_art\">\n<li>GeForce GTX 600 series: (m\u00ednimo) GeForce GTX 660 o superior | (recomendado) GeForce GTX 680 o superior<\/li>\n<li>GeForce GTX 700 series: (m\u00ednimo) GeForce GTX 750ti o superior | (recomendado) GeForce GTX 760 o superior<\/li>\n<li>GeForce GTX 900 series: (m\u00ednimo) GeForce GTX 950 o superior | (recomendado) GeForce GTX 970 o superior<\/li>\n<li>GeForce GTX10-Series: (m\u00ednimo) cualquier tarjeta GeForce GTX10 | (recomendado) GeForce GTX 1060 o superior<\/li>\n<\/ul>\n<\/div>\n<p>&nbsp;<\/p>\n<div class=\"s16 fftext c2 lh27 img100 a_n mar_rl2\">\n<p><b>Compatible con estas tarjetas AMD en su lanzamiento: <\/b><\/p>\n<ul class=\"list_foro margen_art\">\n<li>Radeon HD 6000 series: (m\u00ednimo) Radeon HD 6970 o superior | (recomendado) Ninguna<\/li>\n<li>Radeon HD 7000 series: (m\u00ednimo) Radeon HD 7870 o superior | (recomendado) Ninguna<\/li>\n<li>Radeon 200 series: (m\u00ednimo) Radeon R9 270 o superior | (recomendado) Radeon R9 280X o superior<\/li>\n<li>Radeon 300\/Fury X series: (m\u00ednimo) Radeon R9 370 o superior | (recomendado) Radeon R9 380 o superior<\/li>\n<li>Radeon 400 series: (m\u00ednimo) Radeon RX460 o superior | (recomendado) Radeon RX470 o superior<\/li>\n<\/ul>\n<\/div>\n<p>&nbsp;<\/p>\n<div class=\"s16 fftext c2 lh27 img100 a_n mar_rl2\">\n<p><b>Gamepad y perif\u00e9ricos compatibles:<\/b><\/p>\n<ul class=\"list_foro margen_art\">\n<li>Teclado y rat\u00f3n<\/li>\n<li>Microsoft Xbox 360<\/li>\n<li>Microsoft Xbox One<\/li>\n<li>Microsoft Xbox One Elite<\/li>\n<li>PlayStation 4 (Original\/Pro)<\/li>\n<\/ul>\n<\/div>\n<p>&nbsp;<\/p>\n<div class=\"s16 fftext c2 lh27 img100 a_n mar_rl2\">\n<p><b>Gamepad y perif\u00e9ricos a los que da soporte parcialmente:<\/b> (podr\u00edan requerir drivers adicionales)<\/p>\n<ul class=\"list_foro margen_art\">\n<li>Cualquier controlador third-party compatible con Xbox<\/li>\n<li>Logitech Chillstream<\/li>\n<li>Ouya controller<\/li>\n<li>Steam controller<\/li>\n<li>PlayStation 3 controller<\/li>\n<\/ul>\n<\/div>\n","protected":false},"excerpt":{"rendered":"<p>Requisitos M\u00ednimos OS: Windows 7, Windows 8.1, Windows 10 (64-bit) CPU: Intel Core i3-550 | AMD Phenom II X4 955 o equivalente Tarjeta Gr\u00e1fica: Nvidia GeForce GTX 660\/GTX 750ti\/GTX 950\/GTX 1050 con 2 GB VRAM o superior | AMD Radeon HD 6970\/HD 7870\/R9 270\/R9 370\/RX 460 con 2 GB VRAM o superior RAM: 4 GB Resoluci\u00f3n: 720p @ 30 FPS Configuraci\u00f3n Visual: Bajo VSync: Off &nbsp; Requisitos Recomendados OS: Windows 7, Windows 8.1, Windows 10 (64-bit) CPU: Intel Core i5-2500K | AMD FX-6350 o equivalente Tarjeta Gr\u00e1fica: Nvidia GeForce GTX 680\/GTX 760\/GTX 970\/GTX 1060 con 2 GB VRAM o superior | AMD Radeon R9 280X\/R9 380\/RX 470 con 2 GB VRAM o superior RAM: 8 GB Resoluci\u00f3n: 1080p @ ~60 FPS Configuraci\u00f3n Visual: Alto VSync: Off &nbsp; Compatible con estas tarjetas NVIDIA en su lanzamiento: GeForce GTX 600 series: (m\u00ednimo) GeForce GTX 660 o superior | (recomendado) GeForce GTX 680 o superior GeForce GTX 700 series: (m\u00ednimo) GeForce GTX 750ti o superior | (recomendado) GeForce GTX 760 o superior GeForce GTX 900 series: (m\u00ednimo) GeForce GTX 950 o superior | (recomendado) GeForce GTX 970 o superior GeForce GTX10-Series: (m\u00ednimo) cualquier tarjeta GeForce GTX10 | (recomendado) GeForce GTX 1060 o superior &nbsp; Compatible con estas tarjetas AMD en su lanzamiento: Radeon HD 6000 series: (m\u00ednimo) Radeon HD 6970 o superior | (recomendado) Ninguna Radeon HD 7000 series: (m\u00ednimo) Radeon HD 7870 o superior | (recomendado) Ninguna Radeon 200 series: (m\u00ednimo) Radeon R9 270 o superior | (recomendado) Radeon R9 280X o superior Radeon 300\/Fury X series: (m\u00ednimo) Radeon R9 370 o superior | (recomendado) Radeon R9 380 o superior Radeon 400 series: (m\u00ednimo) Radeon RX460 o superior | (recomendado) Radeon RX470 o superior &nbsp; Gamepad y perif\u00e9ricos compatibles: Teclado y rat\u00f3n Microsoft Xbox 360 Microsoft Xbox One Microsoft Xbox One Elite PlayStation 4 (Original\/Pro) &nbsp; Gamepad y perif\u00e9ricos a los que da soporte parcialmente: (podr\u00edan requerir drivers adicionales) Cualquier controlador third-party compatible con Xbox Logitech Chillstream Ouya controller Steam controller PlayStation 3 controller<\/p>\n","protected":false},"author":1,"featured_media":9816,"parent":9810,"menu_order":-4,"comment_status":"open","ping_status":"closed","template":"","meta":{"footnotes":""},"tags":[508,133,710,374,360,766],"gp_hubs":[36,65],"fecha-lanzamiento":[],"genero":[],"recomendacion-edad":[],"compania":[],"publicado":[],"class_list":{"0":"post-10062","1":"page","2":"type-page","3":"status-publish","4":"has-post-thumbnail","6":"tag-for-honor","7":"tag-pc","8":"tag-requisitos","9":"tag-steam","10":"tag-ubisoft","11":"tag-uplay","12":"gp_hubs-hub-pc","13":"gp_hubs-hub-plataformas"},"yoast_head":"<!-- This site is optimized with the Yoast SEO plugin v26.8 - https:\/\/yoast.com\/product\/yoast-seo-wordpress\/ -->\n<title>REQUISITOS DEL SISTEMA PARA FOR HONOR EN PC<\/title>\n<meta name=\"description\" content=\"Te mostramos los requisitos minimos, recomendados y los que hemos usado nosotros para mover el juego en todo su esplendor. Todos los mandos compatibles, perifer\" \/>\n<meta name=\"robots\" content=\"index, follow, max-snippet:-1, max-image-preview:large, max-video-preview:-1\" \/>\n<link rel=\"canonical\" href=\"https:\/\/limitgamers.com\/index.php\/for-honor\/requisitos\/\" \/>\n<meta property=\"og:locale\" content=\"es_ES\" \/>\n<meta property=\"og:type\" content=\"article\" \/>\n<meta property=\"og:title\" content=\"REQUISITOS DEL SISTEMA PARA FOR HONOR EN PC\" \/>\n<meta property=\"og:description\" content=\"Te mostramos los requisitos minimos, recomendados y los que hemos usado nosotros para mover el juego en todo su esplendor. Todos los mandos compatibles, perifer\" \/>\n<meta property=\"og:url\" content=\"https:\/\/limitgamers.com\/index.php\/for-honor\/requisitos\/\" \/>\n<meta property=\"og:site_name\" content=\"LIMIT GAMERS\" \/>\n<meta property=\"article:publisher\" content=\"https:\/\/www.facebook.com\/limitgamers\/\" \/>\n<meta property=\"article:modified_time\" content=\"2017-01-21T20:51:25+00:00\" \/>\n<meta property=\"og:image\" content=\"https:\/\/limitgamers.com\/wp-content\/uploads\/2017\/01\/ForHonor_og_1200x630.jpg\" \/>\n\t<meta property=\"og:image:width\" content=\"1200\" \/>\n\t<meta property=\"og:image:height\" content=\"630\" \/>\n\t<meta property=\"og:image:type\" content=\"image\/jpeg\" \/>\n<meta name=\"twitter:card\" content=\"summary_large_image\" \/>\n<meta name=\"twitter:site\" content=\"@limit_gamers\" \/>\n<meta name=\"twitter:label1\" content=\"Tiempo de lectura\" \/>\n\t<meta name=\"twitter:data1\" content=\"2 minutos\" \/>\n<script type=\"application\/ld+json\" class=\"yoast-schema-graph\">{\"@context\":\"https:\/\/schema.org\",\"@graph\":[{\"@type\":\"WebPage\",\"@id\":\"https:\/\/limitgamers.com\/index.php\/for-honor\/requisitos\/\",\"url\":\"https:\/\/limitgamers.com\/index.php\/for-honor\/requisitos\/\",\"name\":\"REQUISITOS DEL SISTEMA PARA FOR HONOR EN PC\",\"isPartOf\":{\"@id\":\"https:\/\/limitgamers.com\/#website\"},\"primaryImageOfPage\":{\"@id\":\"https:\/\/limitgamers.com\/index.php\/for-honor\/requisitos\/#primaryimage\"},\"image\":{\"@id\":\"https:\/\/limitgamers.com\/index.php\/for-honor\/requisitos\/#primaryimage\"},\"thumbnailUrl\":\"https:\/\/limitgamers.com\/wp-content\/uploads\/2017\/01\/ForHonor_og_1200x630.jpg\",\"datePublished\":\"2017-01-21T18:13:29+00:00\",\"dateModified\":\"2017-01-21T20:51:25+00:00\",\"description\":\"Te mostramos los requisitos minimos, recomendados y los que hemos usado nosotros para mover el juego en todo su esplendor. Todos los mandos compatibles, perifer\",\"breadcrumb\":{\"@id\":\"https:\/\/limitgamers.com\/index.php\/for-honor\/requisitos\/#breadcrumb\"},\"inLanguage\":\"es\",\"potentialAction\":[{\"@type\":\"ReadAction\",\"target\":[\"https:\/\/limitgamers.com\/index.php\/for-honor\/requisitos\/\"]}]},{\"@type\":\"ImageObject\",\"inLanguage\":\"es\",\"@id\":\"https:\/\/limitgamers.com\/index.php\/for-honor\/requisitos\/#primaryimage\",\"url\":\"https:\/\/limitgamers.com\/wp-content\/uploads\/2017\/01\/ForHonor_og_1200x630.jpg\",\"contentUrl\":\"https:\/\/limitgamers.com\/wp-content\/uploads\/2017\/01\/ForHonor_og_1200x630.jpg\",\"width\":1200,\"height\":630},{\"@type\":\"BreadcrumbList\",\"@id\":\"https:\/\/limitgamers.com\/index.php\/for-honor\/requisitos\/#breadcrumb\",\"itemListElement\":[{\"@type\":\"ListItem\",\"position\":1,\"name\":\"Portada\",\"item\":\"https:\/\/limitgamers.com\/\"},{\"@type\":\"ListItem\",\"position\":2,\"name\":\"For Honor\",\"item\":\"https:\/\/limitgamers.com\/index.php\/for-honor\/\"},{\"@type\":\"ListItem\",\"position\":3,\"name\":\"Requisitos\"}]},{\"@type\":\"WebSite\",\"@id\":\"https:\/\/limitgamers.com\/#website\",\"url\":\"https:\/\/limitgamers.com\/\",\"name\":\"LIMIT GAMERS\",\"description\":\"Bienvenido Gamers!\",\"publisher\":{\"@id\":\"https:\/\/limitgamers.com\/#organization\"},\"potentialAction\":[{\"@type\":\"SearchAction\",\"target\":{\"@type\":\"EntryPoint\",\"urlTemplate\":\"https:\/\/limitgamers.com\/?s={search_term_string}\"},\"query-input\":{\"@type\":\"PropertyValueSpecification\",\"valueRequired\":true,\"valueName\":\"search_term_string\"}}],\"inLanguage\":\"es\"},{\"@type\":\"Organization\",\"@id\":\"https:\/\/limitgamers.com\/#organization\",\"name\":\"Limit Gamers\",\"url\":\"https:\/\/limitgamers.com\/\",\"logo\":{\"@type\":\"ImageObject\",\"inLanguage\":\"es\",\"@id\":\"https:\/\/limitgamers.com\/#\/schema\/logo\/image\/\",\"url\":\"https:\/\/limitgamers.com\/wp-content\/uploads\/2016\/02\/limitgamers.jpg\",\"contentUrl\":\"https:\/\/limitgamers.com\/wp-content\/uploads\/2016\/02\/limitgamers.jpg\",\"width\":1712,\"height\":145,\"caption\":\"Limit Gamers\"},\"image\":{\"@id\":\"https:\/\/limitgamers.com\/#\/schema\/logo\/image\/\"},\"sameAs\":[\"https:\/\/www.facebook.com\/limitgamers\/\",\"https:\/\/x.com\/limit_gamers\",\"https:\/\/www.instagram.com\/limit_gamers\/\",\"http:\/\/www.youtube.com\/c\/Limitgamers\"]}]}<\/script>\n<!-- \/ Yoast SEO plugin. -->","yoast_head_json":{"title":"REQUISITOS DEL SISTEMA PARA FOR HONOR EN PC","description":"Te mostramos los requisitos minimos, recomendados y los que hemos usado nosotros para mover el juego en todo su esplendor. Todos los mandos compatibles, perifer","robots":{"index":"index","follow":"follow","max-snippet":"max-snippet:-1","max-image-preview":"max-image-preview:large","max-video-preview":"max-video-preview:-1"},"canonical":"https:\/\/limitgamers.com\/index.php\/for-honor\/requisitos\/","og_locale":"es_ES","og_type":"article","og_title":"REQUISITOS DEL SISTEMA PARA FOR HONOR EN PC","og_description":"Te mostramos los requisitos minimos, recomendados y los que hemos usado nosotros para mover el juego en todo su esplendor. Todos los mandos compatibles, perifer","og_url":"https:\/\/limitgamers.com\/index.php\/for-honor\/requisitos\/","og_site_name":"LIMIT GAMERS","article_publisher":"https:\/\/www.facebook.com\/limitgamers\/","article_modified_time":"2017-01-21T20:51:25+00:00","og_image":[{"width":1200,"height":630,"url":"https:\/\/limitgamers.com\/wp-content\/uploads\/2017\/01\/ForHonor_og_1200x630.jpg","type":"image\/jpeg"}],"twitter_card":"summary_large_image","twitter_site":"@limit_gamers","twitter_misc":{"Tiempo de lectura":"2 minutos"},"schema":{"@context":"https:\/\/schema.org","@graph":[{"@type":"WebPage","@id":"https:\/\/limitgamers.com\/index.php\/for-honor\/requisitos\/","url":"https:\/\/limitgamers.com\/index.php\/for-honor\/requisitos\/","name":"REQUISITOS DEL SISTEMA PARA FOR HONOR EN PC","isPartOf":{"@id":"https:\/\/limitgamers.com\/#website"},"primaryImageOfPage":{"@id":"https:\/\/limitgamers.com\/index.php\/for-honor\/requisitos\/#primaryimage"},"image":{"@id":"https:\/\/limitgamers.com\/index.php\/for-honor\/requisitos\/#primaryimage"},"thumbnailUrl":"https:\/\/limitgamers.com\/wp-content\/uploads\/2017\/01\/ForHonor_og_1200x630.jpg","datePublished":"2017-01-21T18:13:29+00:00","dateModified":"2017-01-21T20:51:25+00:00","description":"Te mostramos los requisitos minimos, recomendados y los que hemos usado nosotros para mover el juego en todo su esplendor. Todos los mandos compatibles, perifer","breadcrumb":{"@id":"https:\/\/limitgamers.com\/index.php\/for-honor\/requisitos\/#breadcrumb"},"inLanguage":"es","potentialAction":[{"@type":"ReadAction","target":["https:\/\/limitgamers.com\/index.php\/for-honor\/requisitos\/"]}]},{"@type":"ImageObject","inLanguage":"es","@id":"https:\/\/limitgamers.com\/index.php\/for-honor\/requisitos\/#primaryimage","url":"https:\/\/limitgamers.com\/wp-content\/uploads\/2017\/01\/ForHonor_og_1200x630.jpg","contentUrl":"https:\/\/limitgamers.com\/wp-content\/uploads\/2017\/01\/ForHonor_og_1200x630.jpg","width":1200,"height":630},{"@type":"BreadcrumbList","@id":"https:\/\/limitgamers.com\/index.php\/for-honor\/requisitos\/#breadcrumb","itemListElement":[{"@type":"ListItem","position":1,"name":"Portada","item":"https:\/\/limitgamers.com\/"},{"@type":"ListItem","position":2,"name":"For Honor","item":"https:\/\/limitgamers.com\/index.php\/for-honor\/"},{"@type":"ListItem","position":3,"name":"Requisitos"}]},{"@type":"WebSite","@id":"https:\/\/limitgamers.com\/#website","url":"https:\/\/limitgamers.com\/","name":"LIMIT GAMERS","description":"Bienvenido Gamers!","publisher":{"@id":"https:\/\/limitgamers.com\/#organization"},"potentialAction":[{"@type":"SearchAction","target":{"@type":"EntryPoint","urlTemplate":"https:\/\/limitgamers.com\/?s={search_term_string}"},"query-input":{"@type":"PropertyValueSpecification","valueRequired":true,"valueName":"search_term_string"}}],"inLanguage":"es"},{"@type":"Organization","@id":"https:\/\/limitgamers.com\/#organization","name":"Limit Gamers","url":"https:\/\/limitgamers.com\/","logo":{"@type":"ImageObject","inLanguage":"es","@id":"https:\/\/limitgamers.com\/#\/schema\/logo\/image\/","url":"https:\/\/limitgamers.com\/wp-content\/uploads\/2016\/02\/limitgamers.jpg","contentUrl":"https:\/\/limitgamers.com\/wp-content\/uploads\/2016\/02\/limitgamers.jpg","width":1712,"height":145,"caption":"Limit Gamers"},"image":{"@id":"https:\/\/limitgamers.com\/#\/schema\/logo\/image\/"},"sameAs":["https:\/\/www.facebook.com\/limitgamers\/","https:\/\/x.com\/limit_gamers","https:\/\/www.instagram.com\/limit_gamers\/","http:\/\/www.youtube.com\/c\/Limitgamers"]}]}},"_links":{"self":[{"href":"https:\/\/limitgamers.com\/index.php\/wp-json\/wp\/v2\/pages\/10062","targetHints":{"allow":["GET"]}}],"collection":[{"href":"https:\/\/limitgamers.com\/index.php\/wp-json\/wp\/v2\/pages"}],"about":[{"href":"https:\/\/limitgamers.com\/index.php\/wp-json\/wp\/v2\/types\/page"}],"author":[{"embeddable":true,"href":"https:\/\/limitgamers.com\/index.php\/wp-json\/wp\/v2\/users\/1"}],"replies":[{"embeddable":true,"href":"https:\/\/limitgamers.com\/index.php\/wp-json\/wp\/v2\/comments?post=10062"}],"version-history":[{"count":0,"href":"https:\/\/limitgamers.com\/index.php\/wp-json\/wp\/v2\/pages\/10062\/revisions"}],"up":[{"embeddable":true,"href":"https:\/\/limitgamers.com\/index.php\/wp-json\/wp\/v2\/pages\/9810"}],"wp:featuredmedia":[{"embeddable":true,"href":"https:\/\/limitgamers.com\/index.php\/wp-json\/wp\/v2\/media\/9816"}],"wp:attachment":[{"href":"https:\/\/limitgamers.com\/index.php\/wp-json\/wp\/v2\/media?parent=10062"}],"wp:term":[{"taxonomy":"post_tag","embeddable":true,"href":"https:\/\/limitgamers.com\/index.php\/wp-json\/wp\/v2\/tags?post=10062"},{"taxonomy":"gp_hubs","embeddable":true,"href":"https:\/\/limitgamers.com\/index.php\/wp-json\/wp\/v2\/gp_hubs?post=10062"},{"taxonomy":"fecha-lanzamiento","embeddable":true,"href":"https:\/\/limitgamers.com\/index.php\/wp-json\/wp\/v2\/fecha-lanzamiento?post=10062"},{"taxonomy":"genero","embeddable":true,"href":"https:\/\/limitgamers.com\/index.php\/wp-json\/wp\/v2\/genero?post=10062"},{"taxonomy":"recomendacion-edad","embeddable":true,"href":"https:\/\/limitgamers.com\/index.php\/wp-json\/wp\/v2\/recomendacion-edad?post=10062"},{"taxonomy":"compania","embeddable":true,"href":"https:\/\/limitgamers.com\/index.php\/wp-json\/wp\/v2\/compania?post=10062"},{"taxonomy":"publicado","embeddable":true,"href":"https:\/\/limitgamers.com\/index.php\/wp-json\/wp\/v2\/publicado?post=10062"}],"curies":[{"name":"wp","href":"https:\/\/api.w.org\/{rel}","templated":true}]}}